{"id":6230,"date":"2025-12-20T18:14:23","date_gmt":"2025-12-20T15:14:23","guid":{"rendered":"https:\/\/wristbandfactory.eu\/?post_type=product&#038;p=6230"},"modified":"2026-04-01T21:52:34","modified_gmt":"2026-04-01T18:52:34","slug":"custom-printed-door-hangers-do-not-disturb-signs-pvc-pp-cardboard","status":"publish","type":"product","link":"https:\/\/displayproducts.eu\/lv\/p\/custom-printed-door-hangers-do-not-disturb-signs-pvc-pp-cardboard\/","title":{"rendered":"Durvju z\u012bmes ar logo"},"content":{"rendered":"<p data-path-to-node=\"10\">Optimiz\u0113jiet komunik\u0101ciju un uzlabojiet z\u012bmolu ar m\u016bsu <b data-path-to-node=\"10\" data-index-in-node=\"80\">Piel\u0101goti druk\u0101ti durvju pakaramie<\/b>. Neatkar\u012bgi no t\u0101, vai jums ir nepiecie\u0161amas funkcion\u0101las \u201cNetrauc\u0113t\u201d z\u012bmes viesn\u012bcu \u0137\u0113dei vai uzman\u012bbu piesaisto\u0161i m\u0101rketinga r\u012bki partiz\u0101nu rekl\u0101mas kampa\u0146ai, m\u016bsu durvju pakaramie ir izstr\u0101d\u0101ti, lai j\u016bsu v\u0113st\u012bjumu nodotu skaidri un profesion\u0101li.<\/p>\n<p data-path-to-node=\"11\">M\u0113s pied\u0101v\u0101jam pla\u0161u materi\u0101lu kl\u0101stu, kas atbilst j\u016bsu \u012bpa\u0161aj\u0101m iztur\u012bbas vajadz\u012bb\u0101m. M\u016bsu <b data-path-to-node=\"11\" data-index-in-node=\"74\">PVC un polipropil\u0113ns (PP)<\/b> Iesp\u0113jas ir pl\u012bstiztur\u012bgas un \u016bdensnecaurlaid\u012bgas, padarot t\u0101s ide\u0101li piem\u0113rotas ikdienas atk\u0101rtotai lieto\u0161anai viesm\u012bl\u012bbas vid\u0113. \u012astermi\u0146a akcij\u0101m vai tie\u0161\u0101 pasta kampa\u0146\u0101m m\u016bsu augstas kvalit\u0101tes <b data-path-to-node=\"11\" data-index-in-node=\"283\">Kartons<\/b> iesp\u0113jas pied\u0101v\u0101 augst\u0101k\u0101s klases izskatu par izdev\u012bgu cenu.<\/p>\n<h2 data-path-to-node=\"12\">Galven\u0101s iez\u012bmes<\/h2>\n<ul data-path-to-node=\"13\">\n<li>\n<p data-path-to-node=\"13,0,0\"><b data-path-to-node=\"13,0,0\" data-index-in-node=\"0\">Materi\u0101la elast\u012bba:<\/b><\/p>\n<ul data-path-to-node=\"13,0,1\">\n<li>\n<p data-path-to-node=\"13,0,1,0,0\"><b data-path-to-node=\"13,0,1,0,0\" data-index-in-node=\"0\">PVC\/PP:<\/b> \u016adensiztur\u012bgs, stingrs un viegli t\u012br\u0101ms. Lieliski piem\u0113rots ilgsto\u0161ai lieto\u0161anai iek\u0161telp\u0101s\/\u0101r\u0101.<\/p>\n<\/li>\n<li>\n<p data-path-to-node=\"13,0,1,1,0\"><b data-path-to-node=\"13,0,1,1,0\" data-index-in-node=\"0\">Kartons:<\/b> Ilgtsp\u0113j\u012bgs un viegls. Ide\u0101li piem\u0113rots vienreiz\u0113jiem pas\u0101kumiem vai masveida izplat\u012b\u0161anai.<\/p>\n<\/li>\n<\/ul>\n<\/li>\n<li>\n<p data-path-to-node=\"13,1,0\"><b data-path-to-node=\"13,1,0\" data-index-in-node=\"0\">Vizu\u0101l\u0101 izcil\u012bba:<\/b> M\u0113s izmantojam augstas iz\u0161\u0137irtsp\u0113jas <b data-path-to-node=\"13,1,0\" data-index-in-node=\"42\">Nob\u012bde<\/b> vai <b data-path-to-node=\"13,1,0\" data-index-in-node=\"52\">Sietspiede<\/b> lai nodro\u0161in\u0101tu, ka j\u016bsu logotips un teksts ir asi, kr\u0101saini un neizbal\u0113jo\u0161i.<\/p>\n<\/li>\n<li>\n<p data-path-to-node=\"13,2,0\"><b data-path-to-node=\"13,2,0\" data-index-in-node=\"0\">Piel\u0101gotas formas:<\/b> Lai gan m\u0113s pied\u0101v\u0101jam standarta taisnst\u016bra formas pakaramos ar \u0101\u0137i, m\u0113s varam ar\u012b izgriezt pakaramos piel\u0101got\u0101s form\u0101s, lai tie atbilstu j\u016bsu z\u012bmolam.<\/p>\n<\/li>\n<li>\n<p data-path-to-node=\"13,3,0\"><b data-path-to-node=\"13,3,0\" data-index-in-node=\"0\">Divk\u0101r\u0161a zi\u0146ojumapmai\u0146a:<\/b> Izmantojiet abas birkas puses, lai sniegtu vair\u0101k inform\u0101cijas vai nodro\u0161in\u0101tu div\u0113j\u0101du funkcionalit\u0101ti.<\/p>\n<\/li>\n<\/ul>\n<h2 data-path-to-node=\"14\">Specifik\u0101cijas<\/h2>\n<ul data-path-to-node=\"15\">\n<li>\n<p data-path-to-node=\"15,0,0\"><b data-path-to-node=\"15,0,0\" data-index-in-node=\"0\">Materi\u0101li:<\/b> Ciets PVC, elast\u012bgs PP (polipropil\u0113ns) vai p\u0101rkl\u0101ts kartons.<\/p>\n<\/li>\n<li>\n<p data-path-to-node=\"15,1,0\"><b data-path-to-node=\"15,1,0\" data-index-in-node=\"0\">Druk\u0101\u0161anas tehnika:<\/b> Pilnkr\u0101su ofseta druka (CMYK) vai sietspiede (\u012bpa\u0161\u0101s kr\u0101sas).<\/p>\n<\/li>\n<li>\n<p data-path-to-node=\"15,2,0\"><b data-path-to-node=\"15,2,0\" data-index-in-node=\"0\">Drukas p\u0101rkl\u0101jums:<\/b> Vienpus\u0113js vai divpus\u0113js.<\/p>\n<\/li>\n<li>\n<p data-path-to-node=\"15,3,0\"><b data-path-to-node=\"15,3,0\" data-index-in-node=\"0\">Biezums:<\/b> Piel\u0101gojams atkar\u012bb\u0101 no materi\u0101la izv\u0113les (piem\u0113ram, 300 g kartons, 500 mikronu PVC).<\/p>\n<\/li>\n<li>\n<p data-path-to-node=\"15,4,0\"><b data-path-to-node=\"15,4,0\" data-index-in-node=\"0\">Pielikums:<\/b> Standarta izgriezts \u0101\u0137is durvju rokturiem.<\/p>\n<\/li>\n<\/ul>\n<h2 data-path-to-node=\"16\">Lieto\u0161anas gad\u012bjumi<\/h2>\n<ul data-path-to-node=\"17\">\n<li>\n<p data-path-to-node=\"17,0,0\"><b data-path-to-node=\"17,0,0\" data-index-in-node=\"0\">Viesm\u012bl\u012bbas nozare:<\/b> B\u016btiski viesn\u012bc\u0101m, k\u016brortiem un kru\u012bza ku\u0123iem (\u201cNetrauc\u0113t\u201d, \u201cBrokastu \u0113dienkarte\u201d, \u201cApkalpo\u0161ana numur\u0101\u201d).<\/p>\n<\/li>\n<li>\n<p data-path-to-node=\"17,1,0\"><b data-path-to-node=\"17,1,0\" data-index-in-node=\"0\">Korporat\u012bvie biroji:<\/b> Noder\u012bgi san\u0101ksmju telp\u0101m (\u201cNotiek san\u0101ksme\u201d) vai t\u012br\u012b\u0161anas grafikiem.<\/p>\n<\/li>\n<li>\n<p data-path-to-node=\"17,2,0\"><b data-path-to-node=\"17,2,0\" data-index-in-node=\"0\">Nekustamais \u012bpa\u0161ums un m\u0101rketings:<\/b> \u201cUz apkaimes durvju rokturiem atst\u0101ti pazi\u0146ojumi \u201dTikko p\u0101rdots\u201c vai \u201dAtv\u0113rto durvju diena\u201d.<\/p>\n<\/li>\n<\/ul>\n<p data-path-to-node=\"18\">","protected":false},"excerpt":{"rendered":"<ul>\n<li>\n<p data-path-to-node=\"9,0,0\"><b data-path-to-node=\"9,0,0\" data-index-in-node=\"0\">Daudzpus\u012bga materi\u0101lu izv\u0113le:<\/b> Izv\u0113lieties iztur\u012bgu PVC vai polipropil\u0113nu (PP) ilgsto\u0161ai atk\u0101rtotai izmanto\u0161anai viesn\u012bc\u0101s vai rentablu kartonu m\u0101rketinga kampa\u0146\u0101m.<\/p>\n<\/li>\n<li>\n<p data-path-to-node=\"9,1,0\"><b data-path-to-node=\"9,1,0\" data-index-in-node=\"0\">Augstas ietekmes druka:<\/b> Pieejams ar spilgtu pilnkr\u0101su ofseta vai sietspiedi, lai nodro\u0161in\u0101tu, ka j\u016bsu v\u0113st\u012bjums ir redzams no att\u0101luma.<\/p>\n<\/li>\n<li>\n<p data-path-to-node=\"9,2,0\"><b data-path-to-node=\"9,2,0\" data-index-in-node=\"0\">Divpus\u0113ja komunik\u0101cija:<\/b> Palieliniet lietder\u012bbu, katr\u0101 pus\u0113 druk\u0101jot at\u0161\u0137ir\u012bgus zi\u0146ojumus (piem\u0113ram, \u201cNetrauc\u0113t\u201d \/ \u201cL\u016bdzu, uzkopt istabu\u201d).<\/p>\n<\/li>\n<li>\n<p data-path-to-node=\"9,3,0\"><b data-path-to-node=\"9,3,0\" data-index-in-node=\"0\">Univers\u0101ls piegulums:<\/b> Izstr\u0101d\u0101ts, lai atbilstu standarta durvju rokturiem viesn\u012bc\u0101s, konferen\u010du centros un korporat\u012bvajos birojos.<\/p>\n<\/li>\n<\/ul>","protected":false},"featured_media":6280,"comment_status":"closed","ping_status":"closed","template":"","meta":[],"product_brand":[],"product_cat":[132],"product_tag":[],"class_list":{"0":"post-6230","1":"product","2":"type-product","3":"status-publish","4":"has-post-thumbnail","6":"product_cat-hotel-spa-amenities","8":"first","9":"instock","10":"shipping-taxable","11":"product-type-simple"},"_links":{"self":[{"href":"https:\/\/displayproducts.eu\/lv\/wp-json\/wp\/v2\/product\/6230","targetHints":{"allow":["GET"]}}],"collection":[{"href":"https:\/\/displayproducts.eu\/lv\/wp-json\/wp\/v2\/product"}],"about":[{"href":"https:\/\/displayproducts.eu\/lv\/wp-json\/wp\/v2\/types\/product"}],"replies":[{"embeddable":true,"href":"https:\/\/displayproducts.eu\/lv\/wp-json\/wp\/v2\/comments?post=6230"}],"wp:featuredmedia":[{"embeddable":true,"href":"https:\/\/displayproducts.eu\/lv\/wp-json\/wp\/v2\/media\/6280"}],"wp:attachment":[{"href":"https:\/\/displayproducts.eu\/lv\/wp-json\/wp\/v2\/media?parent=6230"}],"wp:term":[{"taxonomy":"product_brand","embeddable":true,"href":"https:\/\/displayproducts.eu\/lv\/wp-json\/wp\/v2\/product_brand?post=6230"},{"taxonomy":"product_cat","embeddable":true,"href":"https:\/\/displayproducts.eu\/lv\/wp-json\/wp\/v2\/product_cat?post=6230"},{"taxonomy":"product_tag","embeddable":true,"href":"https:\/\/displayproducts.eu\/lv\/wp-json\/wp\/v2\/product_tag?post=6230"}],"curies":[{"name":"wp","href":"https:\/\/api.w.org\/{rel}","templated":true}]}}