{"id":6228,"date":"2025-12-20T18:09:00","date_gmt":"2025-12-20T15:09:00","guid":{"rendered":"https:\/\/wristbandfactory.eu\/?post_type=product&#038;p=6228"},"modified":"2026-04-01T21:52:34","modified_gmt":"2026-04-01T18:52:34","slug":"custom-printed-rulers-3d-lenticular-rulers-pvc-pp-pet","status":"publish","type":"product","link":"https:\/\/displayproducts.eu\/lv\/p\/custom-printed-rulers-3d-lenticular-rulers-pvc-pp-pet\/","title":{"rendered":"Line\u0101li ar logo (PVC un 3D)"},"content":{"rendered":"<p data-path-to-node=\"10\">Nodro\u0161iniet past\u0101v\u012bgu vietu uz klienta galda ar m\u016bsu pal\u012bdz\u012bbu <b data-path-to-node=\"10\" data-index-in-node=\"80\">Piel\u0101goti druk\u0101ti line\u0101li<\/b>. At\u0161\u0137ir\u012bb\u0101 no vienreizlietojam\u0101m skrejlap\u0101m, firmas line\u0101ls ir praktisks instruments, kas pied\u0101v\u0101 ilgtermi\u0146a v\u0113rt\u012bbu un ikdienas redzam\u012bbu birojos, skol\u0101s un r\u016bpniecisk\u0101 vid\u0113.<\/p>\n<p data-path-to-node=\"11\">M\u0113s pied\u0101v\u0101jam pla\u0161u materi\u0101lu kl\u0101stu, lai atbilstu j\u016bsu kampa\u0146as m\u0113r\u0137iem. Izv\u0113lieties m\u016bsu <b data-path-to-node=\"11\" data-index-in-node=\"75\">Standarta PVC<\/b> klasiskam izskatam, <b data-path-to-node=\"11\" data-index-in-node=\"108\">Videi draudz\u012bgs polipropil\u0113ns (PP)<\/b> ilgtsp\u0113j\u012bgam z\u012bmolam vai m\u016bsu progres\u012bvaj\u0101m <b data-path-to-node=\"11\" data-index-in-node=\"186\">3D l\u0113cveida line\u0101li<\/b> maksim\u0101lai ietekmei. L\u0113cveida tehnolo\u0123ija rada saisto\u0161us vizu\u0101los efektus, piem\u0113ram, anim\u0101ciju, dzi\u013cumu vai att\u0113lu main\u012b\u0161anu, padarot to ide\u0101li piem\u0113rotu farm\u0101cijas un p\u0101rtikas r\u016bpniec\u012bbas kampa\u0146\u0101m.<\/p>\n<h2 data-path-to-node=\"12\">Galven\u0101s iez\u012bmes<\/h2>\n<ul data-path-to-node=\"13\">\n<li>\n<p data-path-to-node=\"13,0,0\"><b data-path-to-node=\"13,0,0\" data-index-in-node=\"0\">Augstas iz\u0161\u0137irtsp\u0113jas z\u012bmola veido\u0161ana:<\/b> Neatkar\u012bgi no t\u0101, vai izv\u0113laties digit\u0101lo druku sare\u017e\u0123\u012btiem att\u0113liem vai sietspiedi vienkr\u0101sainiem att\u0113liem, m\u0113s nodro\u0161in\u0101m asus un spilgtus rezult\u0101tus.<\/p>\n<\/li>\n<li>\n<p data-path-to-node=\"13,1,0\"><b data-path-to-node=\"13,1,0\" data-index-in-node=\"0\">Piel\u0101goti izm\u0113ri:<\/b> M\u0113s nepied\u0101v\u0101jam tikai standarta izm\u0113rus; m\u0113s varam ra\u017eot line\u0101lus, s\u0101kot no kompakt\u0101m 15 cm versij\u0101m l\u012bdz pat lieliem 68 cm form\u0101tiem.<\/p>\n<\/li>\n<li>\n<p data-path-to-node=\"13,2,0\"><b data-path-to-node=\"13,2,0\" data-index-in-node=\"0\">Videi draudz\u012bgas iesp\u0113jas:<\/b> Za\u013caj\u0101m kampa\u0146\u0101m m\u0113s pied\u0101v\u0101jam biolo\u0123iski no\u0101rd\u0101mus un p\u0101rstr\u0101d\u0101jamus polipropil\u0113na (PP) materi\u0101lus.<\/p>\n<\/li>\n<li>\n<p data-path-to-node=\"13,3,0\"><b data-path-to-node=\"13,3,0\" data-index-in-node=\"0\">Uzlaboti 3D efekti:<\/b> L\u0113cveida druka \u013cauj izmantot \u201capgrie\u0161anas\u201d (att\u0113lu mai\u0146as), \u201ckust\u012bbas\u201d (video l\u012bdz\u012bgas kust\u012bbas) vai \u201c3D dzi\u013cuma\u201d efektus, p\u0101rv\u0113r\u0161ot vienk\u0101r\u0161u line\u0101lu interakt\u012bv\u0101 pieredz\u0113.<\/p>\n<\/li>\n<\/ul>\n<h2 data-path-to-node=\"14\">Specifik\u0101cijas<\/h2>\n<table data-path-to-node=\"15\">\n<thead>\n<tr>\n<td><strong>Funkcija<\/strong><\/td>\n<td><strong>PVC line\u0101li<\/strong><\/td>\n<td><strong>PP (polipropil\u0113na) line\u0101li<\/strong><\/td>\n<td><strong>3D l\u0113cveida line\u0101li<\/strong><\/td>\n<\/tr>\n<\/thead>\n<tbody>\n<tr>\n<td><span data-path-to-node=\"15,1,0,0\"><b data-path-to-node=\"15,1,0,0\" data-index-in-node=\"0\">Materi\u0101ls<\/b><\/span><\/td>\n<td><span data-path-to-node=\"15,1,1,0\">Puscietais baltais PVC<\/span><\/td>\n<td><span data-path-to-node=\"15,1,2,0\">Elast\u012bgs videi draudz\u012bgs PP<\/span><\/td>\n<td><span data-path-to-node=\"15,1,3,0\">L\u0113cveida PET<\/span><\/td>\n<\/tr>\n<tr>\n<td><span data-path-to-node=\"15,2,0,0\"><b data-path-to-node=\"15,2,0,0\" data-index-in-node=\"0\">Biezums<\/b><\/span><\/td>\n<td><span data-path-to-node=\"15,2,1,0\">300, 500 vai 700 mikroni<\/span><\/td>\n<td><span data-path-to-node=\"15,2,2,0\">500 vai 800 mikroni<\/span><\/td>\n<td><span data-path-to-node=\"15,2,3,0\">500 mikroni<\/span><\/td>\n<\/tr>\n<tr>\n<td><span data-path-to-node=\"15,3,0,0\"><b data-path-to-node=\"15,3,0,0\" data-index-in-node=\"0\">Drukas metode<\/b><\/span><\/td>\n<td><span data-path-to-node=\"15,3,1,0\">Digit\u0101l\u0101 druka vai sietspiede<\/span><\/td>\n<td><span data-path-to-node=\"15,3,2,0\">Digit\u0101l\u0101 druka vai sietspiede<\/span><\/td>\n<td><span data-path-to-node=\"15,3,3,0\">Nob\u012bde\/Ekr\u0101ns (3D efekti)<\/span><\/td>\n<\/tr>\n<tr>\n<td><span data-path-to-node=\"15,4,0,0\"><b data-path-to-node=\"15,4,0,0\" data-index-in-node=\"0\">S\u0101ni<\/b><\/span><\/td>\n<td><span data-path-to-node=\"15,4,1,0\">1 vai 2 puses<\/span><\/td>\n<td><span data-path-to-node=\"15,4,2,0\">1 vai 2 puses<\/span><\/td>\n<td><span data-path-to-node=\"15,4,3,0\">Priek\u0161puse (3D) + Aizmugure (Statiska)<\/span><\/td>\n<\/tr>\n<tr>\n<td><span data-path-to-node=\"15,5,0,0\"><b data-path-to-node=\"15,5,0,0\" data-index-in-node=\"0\">Garuma diapazons<\/b><\/span><\/td>\n<td><span data-path-to-node=\"15,5,1,0\">15 cm\u201368 cm<\/span><\/td>\n<td><span data-path-to-node=\"15,5,2,0\">15 cm\u201368 cm<\/span><\/td>\n<td><span data-path-to-node=\"15,5,3,0\">Standarta izm\u0113ri<\/span><\/td>\n<\/tr>\n<\/tbody>\n<\/table>\n<h2 data-path-to-node=\"16\">Lieto\u0161anas gad\u012bjumi<\/h2>\n<ul data-path-to-node=\"17\">\n<li>\n<p data-path-to-node=\"17,0,0\"><b data-path-to-node=\"17,0,0\" data-index-in-node=\"0\">Izgl\u012btojo\u0161\u0101s kampa\u0146as:<\/b> Nepiecie\u0161ami izdales materi\u0101li skol\u0101m, universit\u0101t\u0113m un m\u0101c\u012bbu centriem.<\/p>\n<\/li>\n<li>\n<p data-path-to-node=\"17,1,0\"><b data-path-to-node=\"17,1,0\" data-index-in-node=\"0\">Farm\u0101cijas m\u0101rketings:<\/b> Izmantojiet 3D l\u0113cveida efektus, lai par\u0101d\u012btu rezult\u0101tus \u201cpirms un p\u0113c\u201d vai darb\u012bbas meh\u0101nisma anim\u0101cijas.<\/p>\n<\/li>\n<li>\n<p data-path-to-node=\"17,2,0\"><b data-path-to-node=\"17,2,0\" data-index-in-node=\"0\">B\u016bvniec\u012bba un in\u017eenierija:<\/b> Nepiecie\u0161ams r\u012bks arhitektiem un in\u017eenieriem, kas kalpo ar\u012b k\u0101 augst\u0101k\u0101s klases viz\u012btkarte.<\/p>\n<\/li>\n<\/ul>","protected":false},"excerpt":{"rendered":"<ul>\n<li>\n<p data-path-to-node=\"9,0,0\"><b data-path-to-node=\"9,0,0\" data-index-in-node=\"0\">Daudzpus\u012bgas materi\u0101lu iesp\u0113jas:<\/b> Izv\u0113lieties no da\u013c\u0113ji stingra PVC, videi draudz\u012bga polipropil\u0113na (PP) vai specializ\u0113ta l\u0113cveida PET.<\/p>\n<\/li>\n<li>\n<p data-path-to-node=\"9,1,0\"><b data-path-to-node=\"9,1,0\" data-index-in-node=\"0\">3D vizu\u0101lie efekti:<\/b> M\u016bsu l\u0113cveida PET line\u0101li pied\u0101v\u0101 satrieco\u0161us kust\u012bbas, t\u0101lummai\u0146as un morf\u0113\u0161anas efektus, lai piesaist\u012btu uzman\u012bbu.<\/p>\n<\/li>\n<li>\n<p data-path-to-node=\"9,2,0\"><b data-path-to-node=\"9,2,0\" data-index-in-node=\"0\">Piln\u012bga piel\u0101go\u0161ana:<\/b> Pieejams ar augstas iz\u0161\u0137irtsp\u0113jas digit\u0101lo vai sietspiedi uz visas virsmas (1 vai 2 puses).<\/p>\n<\/li>\n<li>\n<p data-path-to-node=\"9,3,0\"><b data-path-to-node=\"9,3,0\" data-index-in-node=\"0\">Praktiska z\u012bmola redzam\u012bba:<\/b> Funkcion\u0101ls rakst\u0101mgalda r\u012bks, kas nodro\u0161ina, ka j\u016bsu z\u012bmols katru dienu ir klienta redzeslok\u0101.<\/p>\n<\/li>\n<\/ul>","protected":false},"featured_media":6229,"comment_status":"closed","ping_status":"closed","template":"","meta":[],"product_brand":[],"product_cat":[122],"product_tag":[],"class_list":{"0":"post-6228","1":"product","2":"type-product","3":"status-publish","4":"has-post-thumbnail","6":"product_cat-promotional-accessories","8":"first","9":"instock","10":"shipping-taxable","11":"product-type-simple"},"_links":{"self":[{"href":"https:\/\/displayproducts.eu\/lv\/wp-json\/wp\/v2\/product\/6228","targetHints":{"allow":["GET"]}}],"collection":[{"href":"https:\/\/displayproducts.eu\/lv\/wp-json\/wp\/v2\/product"}],"about":[{"href":"https:\/\/displayproducts.eu\/lv\/wp-json\/wp\/v2\/types\/product"}],"replies":[{"embeddable":true,"href":"https:\/\/displayproducts.eu\/lv\/wp-json\/wp\/v2\/comments?post=6228"}],"wp:featuredmedia":[{"embeddable":true,"href":"https:\/\/displayproducts.eu\/lv\/wp-json\/wp\/v2\/media\/6229"}],"wp:attachment":[{"href":"https:\/\/displayproducts.eu\/lv\/wp-json\/wp\/v2\/media?parent=6228"}],"wp:term":[{"taxonomy":"product_brand","embeddable":true,"href":"https:\/\/displayproducts.eu\/lv\/wp-json\/wp\/v2\/product_brand?post=6228"},{"taxonomy":"product_cat","embeddable":true,"href":"https:\/\/displayproducts.eu\/lv\/wp-json\/wp\/v2\/product_cat?post=6228"},{"taxonomy":"product_tag","embeddable":true,"href":"https:\/\/displayproducts.eu\/lv\/wp-json\/wp\/v2\/product_tag?post=6228"}],"curies":[{"name":"wp","href":"https:\/\/api.w.org\/{rel}","templated":true}]}}