{"id":6226,"date":"2025-12-20T18:04:19","date_gmt":"2025-12-20T15:04:19","guid":{"rendered":"https:\/\/wristbandfactory.eu\/?post_type=product&#038;p=6226"},"modified":"2026-04-01T21:52:03","modified_gmt":"2026-04-01T18:52:03","slug":"custom-fsc-certified-pencils-with-eraser-360-full-color-print","status":"publish","type":"product","link":"https:\/\/displayproducts.eu\/lv\/p\/custom-fsc-certified-pencils-with-eraser-360-full-color-print\/","title":{"rendered":"Z\u012bmu\u013ci ar logo (FSC\u00ae sertific\u0113ti)"},"content":{"rendered":"<p data-path-to-node=\"10\">Par\u0101diet savu ap\u0146em\u0161anos r\u016bp\u0113ties par vidi, nepiek\u0101pjoties dizainam, ar m\u016bsu pal\u012bdz\u012bbu <b data-path-to-node=\"10\" data-index-in-node=\"109\">Piel\u0101goti FSC\u00ae sertific\u0113ti z\u012bmu\u013ci<\/b>. Tie nav tikai rakst\u0101mpiederumi; tie ir ilgtsp\u0113j\u012bga z\u012bmola v\u0113rt\u012bbu apliecin\u0101jums. Izv\u0113loties FSC\u00ae sertific\u0113tu koksni, j\u016bs atbalst\u0101t atbild\u012bgu me\u017eu apsaimnieko\u0161anu vis\u0101 pasaul\u0113.<\/p>\n<p data-path-to-node=\"11\">Tas, kas at\u0161\u0137ir \u0161o z\u012bmuli no citiem, ir <b data-path-to-node=\"11\" data-index-in-node=\"35\">360\u00b0 pilnkr\u0101su piel\u0101go\u0161ana<\/b>. M\u0113s ne tikai uzdruk\u0101jam nelielu logotipu s\u0101nos; m\u0113s visu z\u012bmu\u013ca korpusu iet\u0113rpjam j\u016bsu unik\u0101laj\u0101 dizain\u0101. Neatkar\u012bgi no t\u0101, vai tas ir sare\u017e\u0123\u012bts raksts, fotoatt\u0113ls vai j\u016bsu korporat\u012bv\u0101s kr\u0101sas, rezult\u0101ts ir neman\u0101ms un uzman\u012bbu piesaisto\u0161s rekl\u0101mas r\u012bks.<\/p>\n<h2 data-path-to-node=\"12\">Galven\u0101s iez\u012bmes<\/h2>\n<ul data-path-to-node=\"13\">\n<li>\n<p data-path-to-node=\"13,0,0\"><b data-path-to-node=\"13,0,0\" data-index-in-node=\"0\">Videi draudz\u012bga izv\u0113le:<\/b> Ra\u017eots no dab\u012bga koka no sertific\u0113tiem ilgtsp\u0113j\u012bgiem avotiem, padarot to par rekl\u0101mas priek\u0161metu bez sirdsapzi\u0146as p\u0101rmetumiem.<\/p>\n<\/li>\n<li>\n<p data-path-to-node=\"13,1,0\"><b data-path-to-node=\"13,1,0\" data-index-in-node=\"0\">Neierobe\u017eots dizains:<\/b> 360\u00b0 drukas tehnika \u013cauj veidot z\u012bmola apdruku CMYK kr\u0101s\u0101s no malas l\u012bdz malai, kas ir ide\u0101li piem\u0113rots sare\u017e\u0123\u012btai grafikai un trekniem v\u0113st\u012bjumiem.<\/p>\n<\/li>\n<li>\n<p data-path-to-node=\"13,2,0\"><b data-path-to-node=\"13,2,0\" data-index-in-node=\"0\">Funkcion\u0101ls un stil\u012bgs:<\/b> Apr\u012bkots ar praktisku dz\u0113\u0161gumiju, ko notur elegants rokturis <b data-path-to-node=\"13,2,0\" data-index-in-node=\"80\">met\u0101la uzgalis<\/b>, apvienojot lietder\u012bbu ar elegantu izskatu.<\/p>\n<\/li>\n<li>\n<p data-path-to-node=\"13,3,0\"><b data-path-to-node=\"13,3,0\" data-index-in-node=\"0\">Augsta lietder\u012bba:<\/b> Z\u012bmu\u013ci ir viens no visvair\u0101k saglab\u0101tajiem rekl\u0101mas priek\u0161metiem, kas nodro\u0161ina, ka j\u016bsu z\u012bmols m\u0113ne\u0161iem ilgi paliek klienta rok\u0101s.<\/p>\n<\/li>\n<\/ul>\n<h2 data-path-to-node=\"14\">Specifik\u0101cijas<\/h2>\n<ul data-path-to-node=\"15\">\n<li>\n<p data-path-to-node=\"15,0,0\"><b data-path-to-node=\"15,0,0\" data-index-in-node=\"0\">Materi\u0101ls:<\/b> Dab\u012bgs koks (FSC\u00ae sertific\u0113ts).<\/p>\n<\/li>\n<li>\n<p data-path-to-node=\"15,1,0\"><b data-path-to-node=\"15,1,0\" data-index-in-node=\"0\">Druk\u0101\u0161anas metode:<\/b> 360\u00b0 pilnkr\u0101su digit\u0101lais ietvars.<\/p>\n<\/li>\n<li>\n<p data-path-to-node=\"15,2,0\"><b data-path-to-node=\"15,2,0\" data-index-in-node=\"0\">Sast\u0101vda\u013cas:<\/b> Graf\u012bta svins, dz\u0113\u0161gumija, met\u0101la uzgalis.<\/p>\n<\/li>\n<li>\n<p data-path-to-node=\"15,3,0\"><b data-path-to-node=\"15,3,0\" data-index-in-node=\"0\">Forma:<\/b> Standarta apa\u013ca vai se\u0161st\u016braina (atkar\u012bb\u0101 no kr\u0101jumiem).<\/p>\n<\/li>\n<li>\n<p data-path-to-node=\"15,4,0\"><b data-path-to-node=\"15,4,0\" data-index-in-node=\"0\">Sertifik\u0101ti:<\/b> FSC\u00ae (Me\u017eu p\u0101rvald\u012bbas padome).<\/p>\n<\/li>\n<\/ul>\n<h2 data-path-to-node=\"16\">Lieto\u0161anas gad\u012bjumi<\/h2>\n<ul data-path-to-node=\"17\">\n<li>\n<p data-path-to-node=\"17,0,0\"><b data-path-to-node=\"17,0,0\" data-index-in-node=\"0\">Izgl\u012btojo\u0161i pas\u0101kumi:<\/b> Lieliski piem\u0113rots skol\u0101m, universit\u0101t\u0113m un apm\u0101c\u012bbu centriem.<\/p>\n<\/li>\n<li>\n<p data-path-to-node=\"17,1,0\"><b data-path-to-node=\"17,1,0\" data-index-in-node=\"0\">Tirdzniec\u012bbas izst\u0101des:<\/b> Viegla, videi draudz\u012bga d\u0101vana, ko dal\u012bbnieki patie\u0161\u0101m izmanto.<\/p>\n<\/li>\n<li>\n<p data-path-to-node=\"17,2,0\"><b data-path-to-node=\"17,2,0\" data-index-in-node=\"0\">Biroja piederumi:<\/b> Izveidojiet savu biroja pre\u010du z\u012bmju z\u012bmolu, lai stiprin\u0101tu korporat\u012bvo identit\u0101ti gan iek\u0161\u0113ji, gan klientu tik\u0161an\u0101s reiz\u0113s.<\/p>\n<\/li>\n<\/ul>","protected":false},"excerpt":{"rendered":"<ul>\n<li>\n<p data-path-to-node=\"9,0,0\"><b data-path-to-node=\"9,0,0\" data-index-in-node=\"0\">Sertific\u0113ts ilgtsp\u0113j\u012bgs:<\/b> Izgatavots no dab\u012bgas koksnes 100%, kas ieg\u016bta no atbild\u012bgi apsaimniekotiem me\u017eiem (FSC\u00ae sertific\u0113ts).<\/p>\n<\/li>\n<li>\n<p data-path-to-node=\"9,1,0\"><b data-path-to-node=\"9,1,0\" data-index-in-node=\"0\">360\u00b0 pilns z\u012bmola veido\u0161anas process:<\/b> At\u0161\u0137ir\u012bb\u0101 no standarta tampondrukas, j\u016bsu dizains nosedz visu mucu spilgt\u0101 pilnkr\u0101su digit\u0101laj\u0101 druk\u0101.<\/p>\n<\/li>\n<li>\n<p data-path-to-node=\"9,2,0\"><b data-path-to-node=\"9,2,0\" data-index-in-node=\"0\">Augst\u0101k\u0101s kvalit\u0101tes apdare:<\/b> Apr\u012bkots ar augstas kvalit\u0101tes dz\u0113\u0161gumiju, kas nostiprin\u0101ta ar iztur\u012bgu met\u0101la uzgali (deta\u013ca).<\/p>\n<\/li>\n<li>\n<p data-path-to-node=\"9,3,0\"><b data-path-to-node=\"9,3,0\" data-index-in-node=\"0\">Daudzpus\u012bga veicin\u0101\u0161ana:<\/b> Ide\u0101la, l\u0113ta un labi redzama d\u0101vana tirdzniec\u012bbas izst\u0101d\u0113m, skol\u0101m un birojiem.<\/p>\n<\/li>\n<\/ul>","protected":false},"featured_media":6227,"comment_status":"closed","ping_status":"closed","template":"","meta":[],"product_brand":[],"product_cat":[122],"product_tag":[],"class_list":{"0":"post-6226","1":"product","2":"type-product","3":"status-publish","4":"has-post-thumbnail","6":"product_cat-promotional-accessories","8":"first","9":"instock","10":"shipping-taxable","11":"product-type-simple"},"_links":{"self":[{"href":"https:\/\/displayproducts.eu\/lv\/wp-json\/wp\/v2\/product\/6226","targetHints":{"allow":["GET"]}}],"collection":[{"href":"https:\/\/displayproducts.eu\/lv\/wp-json\/wp\/v2\/product"}],"about":[{"href":"https:\/\/displayproducts.eu\/lv\/wp-json\/wp\/v2\/types\/product"}],"replies":[{"embeddable":true,"href":"https:\/\/displayproducts.eu\/lv\/wp-json\/wp\/v2\/comments?post=6226"}],"wp:featuredmedia":[{"embeddable":true,"href":"https:\/\/displayproducts.eu\/lv\/wp-json\/wp\/v2\/media\/6227"}],"wp:attachment":[{"href":"https:\/\/displayproducts.eu\/lv\/wp-json\/wp\/v2\/media?parent=6226"}],"wp:term":[{"taxonomy":"product_brand","embeddable":true,"href":"https:\/\/displayproducts.eu\/lv\/wp-json\/wp\/v2\/product_brand?post=6226"},{"taxonomy":"product_cat","embeddable":true,"href":"https:\/\/displayproducts.eu\/lv\/wp-json\/wp\/v2\/product_cat?post=6226"},{"taxonomy":"product_tag","embeddable":true,"href":"https:\/\/displayproducts.eu\/lv\/wp-json\/wp\/v2\/product_tag?post=6226"}],"curies":[{"name":"wp","href":"https:\/\/api.w.org\/{rel}","templated":true}]}}