{"id":6222,"date":"2025-12-20T17:56:31","date_gmt":"2025-12-20T14:56:31","guid":{"rendered":"https:\/\/wristbandfactory.eu\/?post_type=product&#038;p=6222"},"modified":"2026-04-01T21:52:03","modified_gmt":"2026-04-01T18:52:03","slug":"custom-3d-snow-globes-with-bespoke-interior-logo","status":"publish","type":"product","link":"https:\/\/displayproducts.eu\/lv\/p\/custom-3d-snow-globes-with-bespoke-interior-logo\/","title":{"rendered":"Sniega bumbas ar logo (3D forma)"},"content":{"rendered":"<p data-path-to-node=\"10\">Iem\u016b\u017einiet sv\u0113tku burv\u012bbu vai iesald\u0113jiet mirkli ar m\u016bsu <b data-path-to-node=\"10\" data-index-in-node=\"95\">Piel\u0101goti 3D sniega globusi<\/b>. At\u0161\u0137ir\u012bb\u0101 no standarta rekl\u0101mas priek\u0161metiem, \u0161ajos globusos iek\u0161pus\u0113 ir piln\u012bb\u0101 piel\u0101gota 3D skulpt\u016bra \u2014 vai t\u0101 b\u016btu j\u016bsu produkta miniat\u016bra kopija, j\u016bsu uz\u0146\u0113muma talismans vai konkr\u0113ta arhitekt\u016bras aina.<\/p>\n<p data-path-to-node=\"11\">\u0160ie globusi ir izgatavoti no iztur\u012bgas, \u0161\u0137\u012bdin\u0101t\u0101ju nesaturo\u0161as poliestera sve\u0137u masas un ir augstas kvalit\u0101tes kolekcion\u0113jami priek\u0161meti. Peldo\u0161ie mirdzumi pie\u0161\u0137ir valdzino\u0161u efektu, kas piesaista uzman\u012bbu j\u016bsu z\u012bmolam. Ar iesp\u0113j\u0101m veidot gan iek\u0161\u0113jo skulpt\u016bru, gan \u0101r\u0113jo pamatnes z\u012bmolu, \u0161\u012b ir vislab\u0101k\u0101 augst\u0101k\u0101s kvalit\u0101tes d\u0101vana korporat\u012bvajiem partneriem un sezonas kampa\u0146\u0101m.<\/p>\n<h2 data-path-to-node=\"12\">Galven\u0101s iez\u012bmes<\/h2>\n<ul data-path-to-node=\"13\">\n<li>\n<p data-path-to-node=\"13,0,0\"><b data-path-to-node=\"13,0,0\" data-index-in-node=\"0\">Piln\u012bb\u0101 piel\u0101gota 3D model\u0113\u0161ana:<\/b> Interjers nav plakans ieliktnis, bet gan lieta sve\u0137u fig\u016bra, kas \u012bpa\u0161i izveidota j\u016bsu projektam.<\/p>\n<\/li>\n<li>\n<p data-path-to-node=\"13,1,0\"><b data-path-to-node=\"13,1,0\" data-index-in-node=\"0\">M\u0101ksliniecisk\u0101 apdare:<\/b> 3D elementus var atst\u0101t eleganti vienkr\u0101sainos baltos to\u0146os vai r\u016bp\u012bgi ar roku apgleznot, lai tie atbilstu j\u016bsu z\u012bmola kr\u0101s\u0101m.<\/p>\n<\/li>\n<li>\n<p data-path-to-node=\"13,2,0\"><b data-path-to-node=\"13,2,0\" data-index-in-node=\"0\">Firmas b\u0101ze:<\/b> Pamatnes (pieejama balt\u0101 vai meln\u0101 kr\u0101s\u0101) funkcijas <b data-path-to-node=\"13,2,0\" data-index-in-node=\"62\">reljefdruka<\/b>, pievienojot 3D tekst\u016bru savam logotipam vai tekstam \u0101rpus\u0113.<\/p>\n<\/li>\n<li>\n<p data-path-to-node=\"13,3,0\"><b data-path-to-node=\"13,3,0\" data-index-in-node=\"0\">Mazumtirdzniec\u012bbai gatavs iepakojums:<\/b> Nav nepiecie\u0161ams papildu iesai\u0146ojums. Katra globusa ir iepakota pilnkr\u0101su apdruk\u0101t\u0101 kartona kast\u012bt\u0113 ar dro\u0161u polster\u0113jumu, gatava izplat\u012b\u0161anai.<\/p>\n<\/li>\n<\/ul>\n<h2 data-path-to-node=\"14\">Specifik\u0101cijas<\/h2>\n<ul data-path-to-node=\"15\">\n<li>\n<p data-path-to-node=\"15,0,0\"><b data-path-to-node=\"15,0,0\" data-index-in-node=\"0\">Globusa materi\u0101ls:<\/b> Stikla\/caursp\u012bd\u012bgas plastmasas fig\u016bri\u0146as ar poliestera sve\u0137iem (bez \u0161\u0137\u012bdin\u0101t\u0101jiem).<\/p>\n<\/li>\n<li>\n<p data-path-to-node=\"15,1,0\"><b data-path-to-node=\"15,1,0\" data-index-in-node=\"0\">Pamatmateri\u0101ls:<\/b> Iztur\u012bgs kompoz\u012bts.<\/p>\n<\/li>\n<li>\n<p data-path-to-node=\"15,2,0\"><b data-path-to-node=\"15,2,0\" data-index-in-node=\"0\">Pild\u012bjums:<\/b> \u0160\u0137idrums ar dzirksto\u0161iem sp\u012bdumiem\/sp\u012bdek\u013ciem.<\/p>\n<\/li>\n<li>\n<p data-path-to-node=\"15,3,0\"><b data-path-to-node=\"15,3,0\" data-index-in-node=\"0\">Pieejamie izm\u0113ri:<\/b><\/p>\n<ul data-path-to-node=\"15,3,1\">\n<li>\n<p data-path-to-node=\"15,3,1,0,0\"><b data-path-to-node=\"15,3,1,0,0\" data-index-in-node=\"0\">\u00d8 8 cm globuss:<\/b> Pamatne 7,5 \u00d7 7,5 \u00d7 2,5 cm | Kaste 11 \u00d7 13 \u00d7 11 cm.<\/p>\n<\/li>\n<li>\n<p data-path-to-node=\"15,3,1,1,0\"><b data-path-to-node=\"15,3,1,1,0\" data-index-in-node=\"0\">\u00d8 10 cm globuss:<\/b> Pamatne 9 \u00d7 9 \u00d7 3 cm | Kaste 13,7 \u00d7 15,7 \u00d7 13,7 cm.<\/p>\n<\/li>\n<\/ul>\n<\/li>\n<li>\n<p data-path-to-node=\"15,4,0\"><b data-path-to-node=\"15,4,0\" data-index-in-node=\"0\">Piel\u0101go\u0161ana:<\/b> 3D form\u0113ts interjers + pamata reljefa apdruka + piel\u0101gota kaste.<\/p>\n<\/li>\n<\/ul>\n<h2 data-path-to-node=\"16\">Lieto\u0161anas gad\u012bjumi<\/h2>\n<ul data-path-to-node=\"17\">\n<li>\n<p data-path-to-node=\"17,0,0\"><b data-path-to-node=\"17,0,0\" data-index-in-node=\"0\">Ziemassv\u0113tku d\u0101vanas:<\/b> Tipiska sv\u0113tku d\u0101vana klientiem un darbiniekiem.<\/p>\n<\/li>\n<li>\n<p data-path-to-node=\"17,1,0\"><b data-path-to-node=\"17,1,0\" data-index-in-node=\"0\">T\u016brisms un suven\u012bri:<\/b> Piel\u0101gotas orientieru ainas muzejiem, viesn\u012bc\u0101m un pils\u0113tu dom\u0113m.<\/p>\n<\/li>\n<li>\n<p data-path-to-node=\"17,2,0\"><b data-path-to-node=\"17,2,0\" data-index-in-node=\"0\">Produktu lai\u0161ana klaj\u0101:<\/b> Izveidojiet jaunas automa\u0161\u012bnas, \u0113kas vai produkta miniat\u016bru versiju, kas peld \u201csnieg\u0101\u201d.\u201d<\/p>\n<\/li>\n<\/ul>","protected":false},"excerpt":{"rendered":"<ul>\n<li>\n<p data-path-to-node=\"9,0,0\"><b data-path-to-node=\"9,0,0\" data-index-in-node=\"0\">Individu\u0101ls 3D interjers:<\/b> M\u0113s model\u0113jam j\u016bsu logotipu, produktu vai talismanu detaliz\u0113t\u0101 3D skulpt\u016br\u0101 globusa iek\u0161pus\u0113.<\/p>\n<\/li>\n<li>\n<p data-path-to-node=\"9,1,0\"><b data-path-to-node=\"9,1,0\" data-index-in-node=\"0\">Ar rok\u0101m kr\u0101sots vai vienkr\u0101sains:<\/b> Izv\u0113lieties starp klasisku piln\u012bgi baltu skulpt\u016bru vai spilgt\u0101m, ar rok\u0101m apgleznot\u0101m deta\u013c\u0101m.<\/p>\n<\/li>\n<li>\n<p data-path-to-node=\"9,2,0\"><b data-path-to-node=\"9,2,0\" data-index-in-node=\"0\">Premium b\u0101ze:<\/b> Iztur\u012bga pamatne pieejama meln\u0101 vai balt\u0101 kr\u0101s\u0101, piel\u0101gojama ar taust\u0101mu reljefa apdruku.<\/p>\n<\/li>\n<li>\n<p data-path-to-node=\"9,3,0\"><b data-path-to-node=\"9,3,0\" data-index-in-node=\"0\">Piln\u012bgs d\u0101vanu risin\u0101jums:<\/b> Pieg\u0101d\u0101ts p\u0113c pas\u016bt\u012bjuma apdruk\u0101t\u0101 pilnkr\u0101su kast\u012bt\u0113 ar aizsarg\u0101jo\u0161iem polistirola ielikt\u0146iem.<\/p>\n<\/li>\n<\/ul>","protected":false},"featured_media":6223,"comment_status":"closed","ping_status":"closed","template":"","meta":[],"product_brand":[],"product_cat":[121],"product_tag":[],"class_list":{"0":"post-6222","1":"product","2":"type-product","3":"status-publish","4":"has-post-thumbnail","6":"product_cat-promotional-merchandise","8":"first","9":"instock","10":"shipping-taxable","11":"product-type-simple"},"_links":{"self":[{"href":"https:\/\/displayproducts.eu\/lv\/wp-json\/wp\/v2\/product\/6222","targetHints":{"allow":["GET"]}}],"collection":[{"href":"https:\/\/displayproducts.eu\/lv\/wp-json\/wp\/v2\/product"}],"about":[{"href":"https:\/\/displayproducts.eu\/lv\/wp-json\/wp\/v2\/types\/product"}],"replies":[{"embeddable":true,"href":"https:\/\/displayproducts.eu\/lv\/wp-json\/wp\/v2\/comments?post=6222"}],"wp:featuredmedia":[{"embeddable":true,"href":"https:\/\/displayproducts.eu\/lv\/wp-json\/wp\/v2\/media\/6223"}],"wp:attachment":[{"href":"https:\/\/displayproducts.eu\/lv\/wp-json\/wp\/v2\/media?parent=6222"}],"wp:term":[{"taxonomy":"product_brand","embeddable":true,"href":"https:\/\/displayproducts.eu\/lv\/wp-json\/wp\/v2\/product_brand?post=6222"},{"taxonomy":"product_cat","embeddable":true,"href":"https:\/\/displayproducts.eu\/lv\/wp-json\/wp\/v2\/product_cat?post=6222"},{"taxonomy":"product_tag","embeddable":true,"href":"https:\/\/displayproducts.eu\/lv\/wp-json\/wp\/v2\/product_tag?post=6222"}],"curies":[{"name":"wp","href":"https:\/\/api.w.org\/{rel}","templated":true}]}}