{"id":6217,"date":"2025-12-20T17:51:24","date_gmt":"2025-12-20T14:51:24","guid":{"rendered":"https:\/\/wristbandfactory.eu\/?post_type=product&#038;p=6217"},"modified":"2026-04-01T21:52:03","modified_gmt":"2026-04-01T18:52:03","slug":"custom-printed-bottle-openers-with-3d-domed-logo","status":"publish","type":"product","link":"https:\/\/displayproducts.eu\/lv\/p\/custom-printed-bottle-openers-with-3d-domed-logo\/","title":{"rendered":"Pude\u013cu attais\u0101mie ar 3D uzl\u012bmi"},"content":{"rendered":"<p data-path-to-node=\"10\">Nodro\u0161iniet, lai j\u016bsu z\u012bmols b\u016btu da\u013ca no svin\u012bb\u0101m ar m\u016bsu pal\u012bdz\u012bbu <b data-path-to-node=\"10\" data-index-in-node=\"79\">Piel\u0101goti druk\u0101ti pude\u013cu attais\u0101mie<\/b>. Praktiski, iztur\u012bgi un uzman\u012bbu piesaisto\u0161i, \u0161ie attais\u0101mie ir paredz\u0113ti atk\u0101rtotai lieto\u0161anai, nodro\u0161inot j\u016bsu logotipa ilgtermi\u0146a redzam\u012bbu. At\u0161\u0137ir\u012bb\u0101 no standarta plakan\u0101m apdruk\u0101m, m\u016bsu attais\u0101majiem ir <b data-path-to-node=\"10\" data-index-in-node=\"288\">3D kupolveida uzl\u012bme (epoks\u012bdsve\u0137i)<\/b>, kas pie\u0161\u0137ir j\u016bsu dizainam augsta sp\u012bduma, palielino\u0161u efektu, vienlaikus pasarg\u0101jot to no skr\u0101p\u0113jumiem un izbal\u0113\u0161anas.<\/p>\n<p data-path-to-node=\"11\">M\u0113s pied\u0101v\u0101jam tr\u012bs specifiskus mode\u013cus, kas piem\u0113roti da\u017e\u0101d\u0101m rekl\u0101mas vajadz\u012bb\u0101m, s\u0101kot no kabatas izm\u0113ra atsl\u0113gu piekari\u0146iem l\u012bdz profesion\u0101liem b\u0101ra r\u012bkiem.<\/p>\n<h2 data-path-to-node=\"12\">Galven\u0101s iez\u012bmes<\/h2>\n<ul data-path-to-node=\"13\">\n<li>\n<p data-path-to-node=\"13,0,0\"><b data-path-to-node=\"13,0,0\" data-index-in-node=\"0\">Spilgta piel\u0101go\u0161ana:<\/b> M\u0113s izmantojam digit\u0101lo CMYK druku, lai atveidotu j\u016bsu logotipu, fotoatt\u0113lus vai gradientus ar perfektu precizit\u0101ti, pirms tos aizz\u012bmogot zem aizsarg\u0101jo\u0161a sve\u0137u kupola.<\/p>\n<\/li>\n<li>\n<p data-path-to-node=\"13,1,0\"><b data-path-to-node=\"13,1,0\" data-index-in-node=\"0\">Augst\u0101k\u0101s kvalit\u0101tes apdare:<\/b> Epoks\u012bda p\u0101rkl\u0101jums pie\u0161\u0137ir produktam \u201cd\u0101rgakme\u0146iem l\u012bdz\u012bgu\u201d kvalit\u0101ti, kas ir gluda piesk\u0101rienam un paaugstina uztveramo v\u0113rt\u012bbu.<\/p>\n<\/li>\n<li>\n<p data-path-to-node=\"13,2,0\"><b data-path-to-node=\"13,2,0\" data-index-in-node=\"0\">Iztur\u012bgi materi\u0101li:<\/b> Izgatavots no ni\u0137el\u0113ta t\u0113rauda un iztur\u012bgiem met\u0101la sakaus\u0113jumiem, lai nodro\u0161in\u0101tu, ka pudeles atveras bez piep\u016bles, t\u0101s neliecoties.<\/p>\n<\/li>\n<li>\n<p data-path-to-node=\"13,3,0\"><b data-path-to-node=\"13,3,0\" data-index-in-node=\"0\">Daudzpus\u012bga lietder\u012bba:<\/b> Lieliski piem\u0113rots alus dar\u012btavas prec\u0113m, festiv\u0101lu d\u0101van\u0101m vai k\u0101 \u0113rts r\u012bks, kas piestiprin\u0101ts pie atsl\u0113gu sai\u0161\u0137a.<\/p>\n<\/li>\n<\/ul>\n<h2 data-path-to-node=\"14\">Specifik\u0101cijas<\/h2>\n<table data-path-to-node=\"15\">\n<thead>\n<tr>\n<td><strong>Mode\u013ca tips<\/strong><\/td>\n<td><strong>Izm\u0113ri<\/strong><\/td>\n<td><strong>Materi\u0101ls<\/strong><\/td>\n<td><strong>Z\u012bmola zona<\/strong><\/td>\n<\/tr>\n<\/thead>\n<tbody>\n<tr>\n<td><span data-path-to-node=\"15,1,0,0\"><b data-path-to-node=\"15,1,0,0\" data-index-in-node=\"0\">Id kartes attais\u0101mais<\/b><\/span><\/td>\n<td><span data-path-to-node=\"15,1,1,0\">\u00d8 56 mm<\/span><\/td>\n<td><span data-path-to-node=\"15,1,2,0\">Met\u0101la + plastmasas pamatne<\/span><\/td>\n<td><span data-path-to-node=\"15,1,3,0\">Pilna seja (apa\u013ca)<\/span><\/td>\n<\/tr>\n<tr>\n<td><span data-path-to-node=\"15,2,0,0\"><b data-path-to-node=\"15,2,0,0\" data-index-in-node=\"0\">Pudeles forma<\/b><\/span><\/td>\n<td><span data-path-to-node=\"15,2,1,0\">35 \u00d7 137 mm<\/span><\/td>\n<td><span data-path-to-node=\"15,2,2,0\">Ni\u0137el\u0113ts t\u0113rauds<\/span><\/td>\n<td><span data-path-to-node=\"15,2,3,0\">Piel\u0101gotas formas kupols<\/span><\/td>\n<\/tr>\n<tr>\n<td><span data-path-to-node=\"15,3,0,0\"><b data-path-to-node=\"15,3,0,0\" data-index-in-node=\"0\">Bumbieru atsl\u0113gu piekari\u0146\u0161<\/b><\/span><\/td>\n<td><span data-path-to-node=\"15,3,1,0\">Standarta atsl\u0113gu piekari\u0146a izm\u0113rs<\/span><\/td>\n<td><span data-path-to-node=\"15,3,2,0\">Met\u0101ls (ni\u0137e\u013ca apdare)<\/span><\/td>\n<td><span data-path-to-node=\"15,3,3,0\">\u00d8 20 mm kupols<\/span><\/td>\n<\/tr>\n<\/tbody>\n<\/table>\n<h2 data-path-to-node=\"16\">Lieto\u0161anas gad\u012bjumi<\/h2>\n<ul data-path-to-node=\"17\">\n<li>\n<p data-path-to-node=\"17,0,0\"><b data-path-to-node=\"17,0,0\" data-index-in-node=\"0\">Dz\u0113rienu r\u016bpniec\u012bba:<\/b> Nepiecie\u0161amas preces amatniec\u012bbas alus dar\u012btav\u0101m, sidra ra\u017eotn\u0113m un dz\u0113rienu izplat\u012bt\u0101jiem.<\/p>\n<\/li>\n<li>\n<p data-path-to-node=\"17,1,0\"><b data-path-to-node=\"17,1,0\" data-index-in-node=\"0\">Festiv\u0101li un pas\u0101kumi:<\/b> Popul\u0101rs suven\u012brs m\u016bzikas festiv\u0101liem un p\u0101rtikas gadatirgiem, ko apmekl\u0113t\u0101ji patur\u0113s.<\/p>\n<\/li>\n<li>\n<p data-path-to-node=\"17,2,0\"><b data-path-to-node=\"17,2,0\" data-index-in-node=\"0\">Viesm\u012bl\u012bba:<\/b> Z\u012bmolu r\u012bki b\u0101rme\u0146iem un viesm\u012b\u013ciem krogos, klubos un restor\u0101nos.<\/p>\n<\/li>\n<\/ul>","protected":false},"excerpt":{"rendered":"<ul>\n<li>\n<p data-path-to-node=\"9,0,0\"><b data-path-to-node=\"9,0,0\" data-index-in-node=\"0\">Tr\u012bs at\u0161\u0137ir\u012bgi stili:<\/b> Izv\u0113lieties klasisko pogas formas atsl\u0113gu piekari\u0146u, iztur\u012bgo pudeles formas atsl\u0113gu piekari\u0146u vai p\u0101rn\u0113s\u0101jamo bumbierveida atsl\u0113gu piekari\u0146u.<\/p>\n<\/li>\n<li>\n<p data-path-to-node=\"9,1,0\"><b data-path-to-node=\"9,1,0\" data-index-in-node=\"0\">3D sve\u0137u apdare:<\/b> J\u016bsu logotips tiek druk\u0101ts pilnkr\u0101su CMYK kr\u0101s\u0101s un aizsarg\u0101ts ar krist\u0101ldzidru epoks\u012bda kupolu, lai ieg\u016btu izcilu, sp\u012bd\u012bgu izskatu.<\/p>\n<\/li>\n<li>\n<p data-path-to-node=\"9,2,0\"><b data-path-to-node=\"9,2,0\" data-index-in-node=\"0\">Iztur\u012bga konstrukcija:<\/b> Izgatavots no ni\u0137el\u0113ta t\u0113rauda vai cieta met\u0101la ilgsto\u0161ai darb\u012bbai.<\/p>\n<\/li>\n<li>\n<p data-path-to-node=\"9,3,0\"><b data-path-to-node=\"9,3,0\" data-index-in-node=\"0\">Praktiskais m\u0101rketings:<\/b> Augstas kvalit\u0101tes prece, kas nodro\u0161ina j\u016bsu z\u012bmola kl\u0101tb\u016btni ball\u012bt\u0113s, pas\u0101kumos un m\u0101j\u0101s.<\/p>\n<\/li>\n<\/ul>","protected":false},"featured_media":6218,"comment_status":"closed","ping_status":"closed","template":"","meta":[],"product_brand":[],"product_cat":[119,121],"product_tag":[],"class_list":{"0":"post-6217","1":"product","2":"type-product","3":"status-publish","4":"has-post-thumbnail","6":"product_cat-drinkware-accessories","7":"product_cat-promotional-merchandise","9":"first","10":"instock","11":"shipping-taxable","12":"product-type-simple"},"_links":{"self":[{"href":"https:\/\/displayproducts.eu\/lv\/wp-json\/wp\/v2\/product\/6217","targetHints":{"allow":["GET"]}}],"collection":[{"href":"https:\/\/displayproducts.eu\/lv\/wp-json\/wp\/v2\/product"}],"about":[{"href":"https:\/\/displayproducts.eu\/lv\/wp-json\/wp\/v2\/types\/product"}],"replies":[{"embeddable":true,"href":"https:\/\/displayproducts.eu\/lv\/wp-json\/wp\/v2\/comments?post=6217"}],"wp:featuredmedia":[{"embeddable":true,"href":"https:\/\/displayproducts.eu\/lv\/wp-json\/wp\/v2\/media\/6218"}],"wp:attachment":[{"href":"https:\/\/displayproducts.eu\/lv\/wp-json\/wp\/v2\/media?parent=6217"}],"wp:term":[{"taxonomy":"product_brand","embeddable":true,"href":"https:\/\/displayproducts.eu\/lv\/wp-json\/wp\/v2\/product_brand?post=6217"},{"taxonomy":"product_cat","embeddable":true,"href":"https:\/\/displayproducts.eu\/lv\/wp-json\/wp\/v2\/product_cat?post=6217"},{"taxonomy":"product_tag","embeddable":true,"href":"https:\/\/displayproducts.eu\/lv\/wp-json\/wp\/v2\/product_tag?post=6217"}],"curies":[{"name":"wp","href":"https:\/\/api.w.org\/{rel}","templated":true}]}}