{"id":6212,"date":"2025-12-20T17:41:19","date_gmt":"2025-12-20T14:41:19","guid":{"rendered":"https:\/\/wristbandfactory.eu\/?post_type=product&#038;p=6212"},"modified":"2026-04-01T21:52:03","modified_gmt":"2026-04-01T18:52:03","slug":"custom-metal-lapel-pins-with-3d-domed-logo-epoxy","status":"publish","type":"product","link":"https:\/\/displayproducts.eu\/lv\/p\/custom-metal-lapel-pins-with-3d-domed-logo-epoxy\/","title":{"rendered":"Met\u0101la noz\u012bm\u012btes ar 3D uzl\u012bmi"},"content":{"rendered":"<p data-path-to-node=\"10\">Radiet palieko\u0161u iespaidu ar m\u016bsu <b data-path-to-node=\"10\" data-index-in-node=\"62\">Piel\u0101gotas met\u0101la atloku piespraudes ar 3D kupolveida uzl\u012bm\u0113m<\/b>. \u0160\u012bs piespraudes pied\u0101v\u0101 perfektu l\u012bdzsvaru starp met\u0101la pamatnes \u012bpa\u0161o svaru un digit\u0101l\u0101s drukas moderno daudzpus\u012bbu. T\u0101s ir ide\u0101ls risin\u0101jums z\u012bmoliem ar sare\u017e\u0123\u012btiem logotipiem, gradientiem vai foto elementiem, ko standarta emaljas piespraudes nevar atveidot.<\/p>\n<p data-path-to-node=\"11\">Katra piespraude sast\u0101v no piel\u0101gotas formas met\u0101la pamatnes, kuras virspus\u0113 ir augstas iz\u0161\u0137irtsp\u0113jas l\u012bm\u0113jo\u0161a druka. P\u0113c tam t\u0101 ir iekapsul\u0113ta caursp\u012bd\u012bg\u0101, iztur\u012bg\u0101 poliuret\u0101na sve\u0137os (kupolveida form\u0101), radot izsmalcin\u0101tu 3D l\u0113cas efektu, kas izce\u013c kr\u0101sas un aizsarg\u0101 dizainu no nodiluma un izbal\u0113\u0161anas.<\/p>\n<h2 data-path-to-node=\"12\">Galven\u0101s iez\u012bmes<\/h2>\n<ul data-path-to-node=\"13\">\n<li>\n<p data-path-to-node=\"13,0,0\"><b data-path-to-node=\"13,0,0\" data-index-in-node=\"0\">Neierobe\u017eotas dizaina iesp\u0113jas:<\/b> At\u0161\u0137ir\u012bb\u0101 no \u0161tanc\u0113\u0161anas tehnik\u0101 veidotaj\u0101m piespraud\u0113m, m\u016bsu kupolveida drukas process atbalsta pilnkr\u0101su CMYK druku, kas noz\u012bm\u0113, ka nav ierobe\u017eojumu attiec\u012bb\u0101 uz gradientiem vai s\u012bk\u0101m deta\u013c\u0101m.<\/p>\n<\/li>\n<li>\n<p data-path-to-node=\"13,1,0\"><b data-path-to-node=\"13,1,0\" data-index-in-node=\"0\">Aizsarg\u0101jo\u0161a apdare:<\/b> Sve\u0137u kupols padara tapu iztur\u012bgu pret skr\u0101p\u0113jumiem, UV starojumu un pietiekami iztur\u012bgu ikdienas valk\u0101\u0161anai.<\/p>\n<\/li>\n<li>\n<p data-path-to-node=\"13,2,0\"><b data-path-to-node=\"13,2,0\" data-index-in-node=\"0\">Profesion\u0101la prezent\u0101cija:<\/b> Pul\u0113ta met\u0101la un sp\u012bd\u012bgas sve\u0137u kombin\u0101cija rada augstu uztveramo v\u0113rt\u012bbu, kas ir piem\u0113rota korporat\u012bvam ap\u0123\u0113rbam.<\/p>\n<\/li>\n<li>\n<p data-path-to-node=\"13,3,0\"><b data-path-to-node=\"13,3,0\" data-index-in-node=\"0\">Dro\u0161a stiprin\u0101\u0161ana:<\/b> Standarta apr\u012bkojum\u0101 ir lietot\u0101jam draudz\u012bgs tauri\u0146veida saj\u016bgs, lai nov\u0113rstu rot\u0101ciju un nejau\u0161u pazaud\u0113\u0161anu.<\/p>\n<\/li>\n<\/ul>\n<h2 data-path-to-node=\"14\">Specifik\u0101cijas<\/h2>\n<ul data-path-to-node=\"15\">\n<li>\n<p data-path-to-node=\"15,0,0\"><b data-path-to-node=\"15,0,0\" data-index-in-node=\"0\">Materi\u0101ls:<\/b> Met\u0101la sakaus\u0113juma pamatne + poliuret\u0101na sve\u0137u kupols.<\/p>\n<\/li>\n<li>\n<p data-path-to-node=\"15,1,0\"><b data-path-to-node=\"15,1,0\" data-index-in-node=\"0\">Druk\u0101\u0161ana:<\/b> Digit\u0101l\u0101 pilnkr\u0101su (CMYK).<\/p>\n<\/li>\n<li>\n<p data-path-to-node=\"15,2,0\"><b data-path-to-node=\"15,2,0\" data-index-in-node=\"0\">Forma:<\/b> Piln\u012bb\u0101 piel\u0101gojams (piegrie\u017eams p\u0113c formas).<\/p>\n<\/li>\n<li>\n<p data-path-to-node=\"15,3,0\"><b data-path-to-node=\"15,3,0\" data-index-in-node=\"0\">Standarta pielikums:<\/b> Tauri\u0146a saj\u016bgs (tauri\u0146a piespraude).<\/p>\n<\/li>\n<li>\n<p data-path-to-node=\"15,4,0\"><b data-path-to-node=\"15,4,0\" data-index-in-node=\"0\">Papildus pielikums:<\/b> Neod\u012bma magn\u0113ts (dro\u0161s ap\u0123\u0113rbam, nedur caurdur\u0161anas nol\u016bkos).<\/p>\n<\/li>\n<li>\n<p data-path-to-node=\"15,5,0\"><b data-path-to-node=\"15,5,0\" data-index-in-node=\"0\">Iepakojuma iesp\u0113jas:<\/b><\/p>\n<ul data-path-to-node=\"15,5,1\">\n<li>\n<p data-path-to-node=\"15,5,1,0,0\">Lielapjoma (standarta).<\/p>\n<\/li>\n<li>\n<p data-path-to-node=\"15,5,1,1,0\">Individu\u0101ls polietil\u0113na maisi\u0146\u0161 ar apdruk\u0101tu pamatkarti.<\/p>\n<\/li>\n<li>\n<p data-path-to-node=\"15,5,1,2,0\">Premium rotaslietu kast\u012bte (apbalvojumiem\/d\u0101van\u0101m).<\/p>\n<\/li>\n<\/ul>\n<\/li>\n<\/ul>\n<h2 data-path-to-node=\"16\">Lieto\u0161anas gad\u012bjumi<\/h2>\n<ul data-path-to-node=\"17\">\n<li>\n<p data-path-to-node=\"17,0,0\"><b data-path-to-node=\"17,0,0\" data-index-in-node=\"0\">Korporat\u012bv\u0101 identit\u0101te:<\/b> Da\u013ca no banku kasieru, viesn\u012bcu darbinieku un aviokomp\u0101niju apkalpes ikdienas formas t\u0113rpa.<\/p>\n<\/li>\n<li>\n<p data-path-to-node=\"17,1,0\"><b data-path-to-node=\"17,1,0\" data-index-in-node=\"0\">Rekl\u0101mas kampa\u0146as:<\/b> Augstas kvalit\u0101tes d\u0101vanas produktu prezent\u0101cij\u0101m un tirdzniec\u012bbas izst\u0101d\u0113m.<\/p>\n<\/li>\n<li>\n<p data-path-to-node=\"17,2,0\"><b data-path-to-node=\"17,2,0\" data-index-in-node=\"0\">Atzin\u012bba un apbalvojumi:<\/b> Darba gadu piespraudes vai sasniegumu noz\u012bm\u012btes darbiniekiem un br\u012bvpr\u0101t\u012bgajiem.<\/p>\n<\/li>\n<\/ul>","protected":false},"excerpt":{"rendered":"<ul>\n<li>\n<p data-path-to-node=\"9,0,0\"><b data-path-to-node=\"9,0,0\" data-index-in-node=\"0\">Piel\u0101gota forma:<\/b> Met\u0101la pamatne ir izgatavota t\u0101, lai t\u0101 atbilstu j\u016bsu logotipa vai dizaina \u012bpa\u0161ajai kont\u016brai.<\/p>\n<\/li>\n<li>\n<p data-path-to-node=\"9,1,0\"><b data-path-to-node=\"9,1,0\" data-index-in-node=\"0\">Fotoatt\u0113la kvalit\u0101tes izdruka:<\/b> CMYK digit\u0101l\u0101 druka \u013cauj ieg\u016bt gradientus, fotoatt\u0113lus un sare\u017e\u0123\u012btas deta\u013cas, kas nav iesp\u0113jamas ar emaljas piespraud\u0113m.<\/p>\n<\/li>\n<li>\n<p data-path-to-node=\"9,2,0\"><b data-path-to-node=\"9,2,0\" data-index-in-node=\"0\">3D sve\u0137u kupols:<\/b> Krist\u0101ldzidrs epoks\u012bda p\u0101rkl\u0101jums pie\u0161\u0137ir izcilu \u201cburbu\u013ca\u201d efektu un aizsarg\u0101 pret skr\u0101p\u0113jumiem.<\/p>\n<\/li>\n<li>\n<p data-path-to-node=\"9,3,0\"><b data-path-to-node=\"9,3,0\" data-index-in-node=\"0\">Daudzpus\u012bgi stiprin\u0101jumi:<\/b> Pieejams ar standarta tauri\u0146a saj\u016bgu vai ap\u0123\u0113rbam draudz\u012bgu magn\u0113tisko pamatni.<\/p>\n<\/li>\n<\/ul>","protected":false},"featured_media":6216,"comment_status":"closed","ping_status":"closed","template":"","meta":[],"product_brand":[],"product_cat":[121],"product_tag":[],"class_list":{"0":"post-6212","1":"product","2":"type-product","3":"status-publish","4":"has-post-thumbnail","6":"product_cat-promotional-merchandise","8":"first","9":"instock","10":"shipping-taxable","11":"product-type-simple"},"_links":{"self":[{"href":"https:\/\/displayproducts.eu\/lv\/wp-json\/wp\/v2\/product\/6212","targetHints":{"allow":["GET"]}}],"collection":[{"href":"https:\/\/displayproducts.eu\/lv\/wp-json\/wp\/v2\/product"}],"about":[{"href":"https:\/\/displayproducts.eu\/lv\/wp-json\/wp\/v2\/types\/product"}],"replies":[{"embeddable":true,"href":"https:\/\/displayproducts.eu\/lv\/wp-json\/wp\/v2\/comments?post=6212"}],"wp:featuredmedia":[{"embeddable":true,"href":"https:\/\/displayproducts.eu\/lv\/wp-json\/wp\/v2\/media\/6216"}],"wp:attachment":[{"href":"https:\/\/displayproducts.eu\/lv\/wp-json\/wp\/v2\/media?parent=6212"}],"wp:term":[{"taxonomy":"product_brand","embeddable":true,"href":"https:\/\/displayproducts.eu\/lv\/wp-json\/wp\/v2\/product_brand?post=6212"},{"taxonomy":"product_cat","embeddable":true,"href":"https:\/\/displayproducts.eu\/lv\/wp-json\/wp\/v2\/product_cat?post=6212"},{"taxonomy":"product_tag","embeddable":true,"href":"https:\/\/displayproducts.eu\/lv\/wp-json\/wp\/v2\/product_tag?post=6212"}],"curies":[{"name":"wp","href":"https:\/\/api.w.org\/{rel}","templated":true}]}}