{"id":6207,"date":"2025-12-20T17:34:30","date_gmt":"2025-12-20T14:34:30","guid":{"rendered":"https:\/\/wristbandfactory.eu\/?post_type=product&#038;p=6207"},"modified":"2026-04-01T21:52:03","modified_gmt":"2026-04-01T18:52:03","slug":"custom-faux-leather-keychains-with-3d-domed-logo","status":"publish","type":"product","link":"https:\/\/displayproducts.eu\/lv\/p\/custom-faux-leather-keychains-with-3d-domed-logo\/","title":{"rendered":"M\u0101ksl\u012bg\u0101s \u0101das atsl\u0113gu piekari\u0146i ar 3D uzl\u012bmi"},"content":{"rendered":"<p data-path-to-node=\"10\">Paaugstiniet savu z\u012bmolu ar m\u016bsu <b data-path-to-node=\"10\" data-index-in-node=\"53\">Piel\u0101gotas m\u0101ksl\u012bg\u0101s \u0101das atsl\u0113gu piekari\u0146i<\/b>, ar augst\u0101k\u0101s kvalit\u0101tes 3D kupolveida apdari. \u0160ie atsl\u0113gu piekari\u0146i pied\u0101v\u0101 elegantu \u0101das izskatu apvienojum\u0101 ar modernu digit\u0101l\u0101s drukas tehnolo\u0123iju, padarot tos par ide\u0101lu izv\u0113li uz\u0146\u0113mumiem, kas mekl\u0113 izsmalcin\u0101tu rekl\u0101mas d\u0101vanu bez d\u0101rg\u0101m \u012bstas \u0101das grav\u0113\u0161anas izmaks\u0101m.<\/p>\n<p data-path-to-node=\"11\">\u0160\u012b atsl\u0113gu piekari\u0146a centr\u0101lais elements ir <b data-path-to-node=\"11\" data-index-in-node=\"40\">3D kupolveida uzl\u012bme<\/b> (paz\u012bstama ar\u012b k\u0101 sve\u0137u eti\u0137ete). M\u0113s druk\u0101jam j\u016bsu logotipu ko\u0161\u0101s CMYK kr\u0101s\u0101s un p\u0101rkl\u0101jam to ar krist\u0101ldzidru poliuret\u0101na sve\u0137u sl\u0101ni. Tas ne tikai pie\u0161\u0137ir j\u016bsu dizainam palielino\u0161u \u201c3D\u201d efektu, bet ar\u012b nodro\u0161ina iztur\u012bgu aizsardz\u012bbu pret skr\u0101p\u0113jumiem un UV starojuma izbal\u0113\u0161anu.<\/p>\n<h2 data-path-to-node=\"12\">Galven\u0101s iez\u012bmes<\/h2>\n<ul data-path-to-node=\"13\">\n<li>\n<p data-path-to-node=\"13,0,0\"><b data-path-to-node=\"13,0,0\" data-index-in-node=\"0\">Vienpus\u0113js vai divpus\u0113js:<\/b> Izv\u0113lieties m\u016bsu vienpus\u0113j\u0101s drukas variantu, lai ieg\u016btu elegantu un vienk\u0101r\u0161u izskatu, vai ar\u012b palieliniet ekspoz\u012bciju ar abpus\u0113jo modeli, kuram logotips ir gan priek\u0161pus\u0113, gan aizmugur\u0113.<\/p>\n<\/li>\n<li>\n<p data-path-to-node=\"13,1,0\"><b data-path-to-node=\"13,1,0\" data-index-in-node=\"0\">Pilnkr\u0101su precizit\u0101te:<\/b> At\u0161\u0137ir\u012bb\u0101 no reljefspiedes, m\u016bsu digit\u0101l\u0101s drukas process perfekti uztver gradientus un sare\u017e\u0123\u012btas logotipu kr\u0101sas.<\/p>\n<\/li>\n<li>\n<p data-path-to-node=\"13,2,0\"><b data-path-to-node=\"13,2,0\" data-index-in-node=\"0\">Taktil\u0101 pieredze:<\/b> M\u012bkstas m\u0101ksl\u012bg\u0101s \u0101das un glud\u0101, pacelt\u0101 sve\u0137u kupola kombin\u0101cija rada augstas kvalit\u0101tes saj\u016btu rok\u0101.<\/p>\n<\/li>\n<li>\n<p data-path-to-node=\"13,3,0\"><b data-path-to-node=\"13,3,0\" data-index-in-node=\"0\">Ilgsto\u0161s:<\/b> Sve\u0137u p\u0101rkl\u0101jums nodro\u0161ina, ka j\u016bsu z\u012bmola v\u0113st\u012bjums paliek skaidrs un neskarts pat ikdien\u0101 lietojot to uz atsl\u0113gu piekari\u0146a.<\/p>\n<\/li>\n<\/ul>\n<h2 data-path-to-node=\"14\">Specifik\u0101cijas<\/h2>\n<ul data-path-to-node=\"15\">\n<li>\n<p data-path-to-node=\"15,0,0\"><b data-path-to-node=\"15,0,0\" data-index-in-node=\"0\">Materi\u0101ls:<\/b> M\u0101ksl\u012bg\u0101s \u0101das (PU) korpuss ar poliuret\u0101na sve\u0137u eti\u0137eti<\/p>\n<\/li>\n<li>\n<p data-path-to-node=\"15,1,0\"><b data-path-to-node=\"15,1,0\" data-index-in-node=\"0\">Druk\u0101\u0161anas metode:<\/b> CMYK digit\u0101l\u0101 druka zem sve\u0137u kupola<\/p>\n<\/li>\n<li>\n<p data-path-to-node=\"15,2,0\"><b data-path-to-node=\"15,2,0\" data-index-in-node=\"0\">Divpus\u0113j\u0101 mode\u013ca izm\u0113ri:<\/b><\/p>\n<ul data-path-to-node=\"15,2,1\">\n<li>\n<p data-path-to-node=\"15,2,1,0,0\">Uzl\u012bmes izm\u0113rs: 19 \u00d7 21 mm<\/p>\n<\/li>\n<\/ul>\n<\/li>\n<li>\n<p data-path-to-node=\"15,3,0\"><b data-path-to-node=\"15,3,0\" data-index-in-node=\"0\">Vienpus\u0113j\u0101 mode\u013ca standarta formas:<\/b><\/p>\n<ul data-path-to-node=\"15,3,1\">\n<li>\n<p data-path-to-node=\"15,3,1,0,0\">Apa\u013ca (diametrs): 20 mm, 27 mm<\/p>\n<\/li>\n<li>\n<p data-path-to-node=\"15,3,1,1,0\">Kvadr\u0101tveida\/taisnst\u016brveida: 27 \u00d7 27 mm, 16 \u00d7 45 mm<\/p>\n<\/li>\n<\/ul>\n<\/li>\n<\/ul>\n<h2 data-path-to-node=\"16\">Lieto\u0161anas gad\u012bjumi<\/h2>\n<ul data-path-to-node=\"17\">\n<li>\n<p data-path-to-node=\"17,0,0\"><b data-path-to-node=\"17,0,0\" data-index-in-node=\"0\">Automobi\u013cu r\u016bpniec\u012bba:<\/b> Ide\u0101las d\u0101vanas automa\u0161\u012bnu d\u012bleriem, automazg\u0101tav\u0101m un nomas a\u0123ent\u016br\u0101m.<\/p>\n<\/li>\n<li>\n<p data-path-to-node=\"17,1,0\"><b data-path-to-node=\"17,1,0\" data-index-in-node=\"0\">Nekustamais \u012bpa\u0161ums:<\/b> Klasiska, iztur\u012bga d\u0101vana jaunajiem m\u0101ju \u012bpa\u0161niekiem, nododot atsl\u0113gas.<\/p>\n<\/li>\n<li>\n<p data-path-to-node=\"17,2,0\"><b data-path-to-node=\"17,2,0\" data-index-in-node=\"0\">Korporat\u012bv\u0101 z\u012bmola veido\u0161ana:<\/b> Profesion\u0101las preces apdro\u0161in\u0101\u0161anas komp\u0101nij\u0101m, bank\u0101m un biroja pre\u010du uz\u0146\u0113mumiem.<\/p>\n<\/li>\n<\/ul>\n<p data-path-to-node=\"18\">","protected":false},"excerpt":{"rendered":"<ul data-path-to-node=\"9\">\n<li>\n<p data-path-to-node=\"9,0,0\"><b data-path-to-node=\"9,0,0\" data-index-in-node=\"0\">Augst\u0101k\u0101s kvalit\u0101tes izskats:<\/b> Augstas kvalit\u0101tes m\u0101ksl\u012bg\u0101 \u0101da apvienojum\u0101 ar sp\u012bd\u012bgu 3D sve\u0137u eti\u0137eti rada izsmalcin\u0101tu izskatu.<\/p>\n<\/li>\n<li>\n<p data-path-to-node=\"9,1,0\"><b data-path-to-node=\"9,1,0\" data-index-in-node=\"0\">Spilgts z\u012bmols:<\/b> Digit\u0101l\u0101 CMYK druka \u013cauj izveidot pilnkr\u0101su logotipus, ko aizsarg\u0101 skr\u0101p\u0113jumiztur\u012bgs sve\u0137u kupols.<\/p>\n<\/li>\n<li>\n<p data-path-to-node=\"9,2,0\"><b data-path-to-node=\"9,2,0\" data-index-in-node=\"0\">Daudzpus\u012bgas iesp\u0113jas:<\/b> Izv\u0113lieties vienpus\u0113ju vai divpus\u0113ju personaliz\u0101ciju atbilsto\u0161i sav\u0101m m\u0101rketinga vajadz\u012bb\u0101m.<\/p>\n<\/li>\n<li>\n<p data-path-to-node=\"9,3,0\"><b data-path-to-node=\"9,3,0\" data-index-in-node=\"0\">Iztur\u012bga apdare:<\/b> Epoks\u012bda sve\u0137u sl\u0101nis aizsarg\u0101 logotipu no nodiluma, izbal\u0113\u0161anas un \u016bdens boj\u0101jumiem.<\/p>\n<\/li>\n<\/ul>","protected":false},"featured_media":6209,"comment_status":"closed","ping_status":"closed","template":"","meta":[],"product_brand":[],"product_cat":[94],"product_tag":[],"class_list":{"0":"post-6207","1":"product","2":"type-product","3":"status-publish","4":"has-post-thumbnail","6":"product_cat-keychains","8":"first","9":"instock","10":"shipping-taxable","11":"product-type-simple"},"_links":{"self":[{"href":"https:\/\/displayproducts.eu\/lv\/wp-json\/wp\/v2\/product\/6207","targetHints":{"allow":["GET"]}}],"collection":[{"href":"https:\/\/displayproducts.eu\/lv\/wp-json\/wp\/v2\/product"}],"about":[{"href":"https:\/\/displayproducts.eu\/lv\/wp-json\/wp\/v2\/types\/product"}],"replies":[{"embeddable":true,"href":"https:\/\/displayproducts.eu\/lv\/wp-json\/wp\/v2\/comments?post=6207"}],"wp:featuredmedia":[{"embeddable":true,"href":"https:\/\/displayproducts.eu\/lv\/wp-json\/wp\/v2\/media\/6209"}],"wp:attachment":[{"href":"https:\/\/displayproducts.eu\/lv\/wp-json\/wp\/v2\/media?parent=6207"}],"wp:term":[{"taxonomy":"product_brand","embeddable":true,"href":"https:\/\/displayproducts.eu\/lv\/wp-json\/wp\/v2\/product_brand?post=6207"},{"taxonomy":"product_cat","embeddable":true,"href":"https:\/\/displayproducts.eu\/lv\/wp-json\/wp\/v2\/product_cat?post=6207"},{"taxonomy":"product_tag","embeddable":true,"href":"https:\/\/displayproducts.eu\/lv\/wp-json\/wp\/v2\/product_tag?post=6207"}],"curies":[{"name":"wp","href":"https:\/\/api.w.org\/{rel}","templated":true}]}}