{"id":6204,"date":"2025-12-20T17:26:54","date_gmt":"2025-12-20T14:26:54","guid":{"rendered":"https:\/\/wristbandfactory.eu\/?post_type=product&#038;p=6204"},"modified":"2026-04-01T21:52:34","modified_gmt":"2026-04-01T18:52:34","slug":"custom-printed-decorative-pillows-microfiber","status":"publish","type":"product","link":"https:\/\/displayproducts.eu\/lv\/p\/custom-printed-decorative-pillows-microfiber\/","title":{"rendered":"Dekorat\u012bvie spilveni ar logo"},"content":{"rendered":"<p data-path-to-node=\"10\">P\u0101rveidojiet jebkuru telpu par z\u012bmola veido\u0161anas iesp\u0113ju ar m\u016bsu pal\u012bdz\u012bbu <b data-path-to-node=\"10\" data-index-in-node=\"82\">P\u0113c pas\u016bt\u012bjuma apdruk\u0101ti dekorat\u012bvie spilveni<\/b>. Neatkar\u012bgi no t\u0101, vai tie ir paredz\u0113ti ce\u013cojumu entuziastiem, komforta uzlabo\u0161anai br\u012bvdabas pas\u0101kumos vai z\u012bmola piesk\u0101riena pie\u0161\u0137ir\u0161anai viesn\u012bcu vestibiliem un restor\u0101niem, \u0161ie spilveni nodro\u0161ina, ka j\u016bsu v\u0113st\u012bjums ir redzams un j\u016btams.<\/p>\n<p data-path-to-node=\"11\">Izgatavoti no augstas kvalit\u0101tes m\u012bkstas mikro\u0161\u0137iedras, \u0161ie spilveni rada greznu saj\u016btu, ko klienti nov\u0113rt\u0113. Gluda virsma ir ide\u0101li piem\u0113rota <b data-path-to-node=\"11\" data-index-in-node=\"142\">fotore\u0101listiska sublim\u0101cijas druka<\/b>, \u013caujot veidot sare\u017e\u0123\u012btus dizainus, produktu fotoatt\u0113lus un spilgtus logotipus, kas aptver visu spilvenu.<\/p>\n<h2 data-path-to-node=\"12\">Galven\u0101s iez\u012bmes<\/h2>\n<ul data-path-to-node=\"13\">\n<li>\n<p data-path-to-node=\"13,0,0\"><b data-path-to-node=\"13,0,0\" data-index-in-node=\"0\">Maksim\u0101la z\u012bmola redzam\u012bba:<\/b> At\u0161\u0137ir\u012bb\u0101 no maziem priek\u0161metiem, spilveni pied\u0101v\u0101 lielu audeklu. Izmantojot abas puses, var \u012bstenot rado\u0161u m\u0101rketingu \u2014 piem\u0113ram, dz\u012bvesstila att\u0113lu priek\u0161pus\u0113 un j\u016bsu uz\u0146\u0113muma logotipu aizmugur\u0113.<\/p>\n<\/li>\n<li>\n<p data-path-to-node=\"13,1,0\"><b data-path-to-node=\"13,1,0\" data-index-in-node=\"0\">Augst\u0101ks komforts:<\/b> 200 g\/m\u00b2 mikro\u0161\u0137iedras audums ir m\u012bksts piesk\u0101rienam, padarot to par funkcion\u0101lu priek\u0161metu, ko sa\u0146\u0113m\u0113ji patie\u0161\u0101m v\u0113las izmantot sav\u0101s m\u0101j\u0101s vai biroj\u0101.<\/p>\n<\/li>\n<li>\n<p data-path-to-node=\"13,2,0\"><b data-path-to-node=\"13,2,0\" data-index-in-node=\"0\">Iztur\u012bgs un spilgts:<\/b> 100% poliestera konstrukcija nodro\u0161ina, ka spilvens saglab\u0101 savu formu un apdruka saglab\u0101jas spilgta pat p\u0113c lieto\u0161anas.<\/p>\n<\/li>\n<li>\n<p data-path-to-node=\"13,3,0\"><b data-path-to-node=\"13,3,0\" data-index-in-node=\"0\">Gatavs pas\u0101kumam:<\/b> Lielisks veids, k\u0101 veidot z\u012bmolu atp\u016btas zon\u0101m tirdzniec\u012bbas izst\u0101d\u0113s, festiv\u0101los vai VIP st\u016br\u012b\u0161os b\u0101ros un klubos.<\/p>\n<\/li>\n<\/ul>\n<h2 data-path-to-node=\"14\">Specifik\u0101cijas<\/h2>\n<ul data-path-to-node=\"15\">\n<li>\n<p data-path-to-node=\"15,0,0\"><b data-path-to-node=\"15,0,0\" data-index-in-node=\"0\">Materi\u0101ls:<\/b> 100% poliestera mikro\u0161\u0137iedra<\/p>\n<\/li>\n<li>\n<p data-path-to-node=\"15,1,0\"><b data-path-to-node=\"15,1,0\" data-index-in-node=\"0\">Auduma svars:<\/b> 200 g\/m\u00b2<\/p>\n<\/li>\n<li>\n<p data-path-to-node=\"15,2,0\"><b data-path-to-node=\"15,2,0\" data-index-in-node=\"0\">Druk\u0101\u0161anas tehnika:<\/b> Pilnkr\u0101su sublim\u0101cija (fotore\u0101listiska)<\/p>\n<\/li>\n<li>\n<p data-path-to-node=\"15,3,0\"><b data-path-to-node=\"15,3,0\" data-index-in-node=\"0\">Pieejamie izm\u0113ri:<\/b><\/p>\n<ul data-path-to-node=\"15,3,1\">\n<li>\n<p data-path-to-node=\"15,3,1,0,0\"><b data-path-to-node=\"15,3,1,0,0\" data-index-in-node=\"0\">30 \u00d7 30 cm<\/b><\/p>\n<\/li>\n<li>\n<p data-path-to-node=\"15,3,1,1,0\"><b data-path-to-node=\"15,3,1,1,0\" data-index-in-node=\"0\">40 \u00d7 40 cm<\/b><\/p>\n<\/li>\n<\/ul>\n<\/li>\n<\/ul>\n<h2 data-path-to-node=\"16\">Lieto\u0161anas gad\u012bjumi<\/h2>\n<ul>\n<li>\n<p data-path-to-node=\"6,0,0\"><b data-path-to-node=\"6,0,0\" data-index-in-node=\"0\">Pas\u0101kumi un akcijas:<\/b> Lieliski piem\u0113rots \u0101ra s\u0113dvietu zonu, VIP atp\u016btas telpu festiv\u0101los un tirdzniec\u012bbas izst\u0101\u017eu atp\u016btas zonu z\u012bmola veido\u0161anai.<\/p>\n<\/li>\n<li>\n<p data-path-to-node=\"6,1,0\"><b data-path-to-node=\"6,1,0\" data-index-in-node=\"0\">Viesm\u012bl\u012bba un dekors:<\/b> Pie\u0161\u0137ir personaliz\u0113tu piesk\u0101rienu viesn\u012bcu vestibiliem, spa uzgaid\u0101maj\u0101m telp\u0101m, restor\u0101niem un b\u0101riem.<\/p>\n<\/li>\n<li>\n<p data-path-to-node=\"6,2,0\"><b data-path-to-node=\"6,2,0\" data-index-in-node=\"0\">Korporat\u012bv\u0101s d\u0101vanas:<\/b> Augst\u0101k\u0101s kvalit\u0101tes, m\u012bksta d\u0101vana partneriem un darbiniekiem, kas lieliski iederas m\u0101jas biroja vid\u0113.<\/p>\n<\/li>\n<\/ul>","protected":false},"excerpt":{"rendered":"<ul>\n<li>\n<p data-path-to-node=\"9,0,0\"><b data-path-to-node=\"9,0,0\" data-index-in-node=\"0\">Fotore\u0101listisks z\u012bmola veido\u0161ana:<\/b> Augstas iz\u0161\u0137irtsp\u0113jas pilnas virsmas apdruka asiem logotipiem un ko\u0161iem att\u0113liem.<\/p>\n<\/li>\n<li>\n<p data-path-to-node=\"9,1,0\"><b data-path-to-node=\"9,1,0\" data-index-in-node=\"0\">Augst\u0101k\u0101s kvalit\u0101tes materi\u0101ls:<\/b> Izgatavots no 100% poliestera mikro\u0161\u0137iedras (200 g\/m\u00b2) ar greznu, m\u012bkstu tekst\u016bru.<\/p>\n<\/li>\n<li>\n<p data-path-to-node=\"9,2,0\"><b data-path-to-node=\"9,2,0\" data-index-in-node=\"0\">Divpus\u0113js dizains:<\/b> Lai pan\u0101ktu maksim\u0101lu iespaidu, vien\u0101 pus\u0113 izdruk\u0101jiet produkta att\u0113lu, bet otr\u0101 pus\u0113 \u2014 savu logotipu.<\/p>\n<\/li>\n<li>\n<p data-path-to-node=\"9,3,0\"><b data-path-to-node=\"9,3,0\" data-index-in-node=\"0\">Daudzpus\u012bga lieto\u0161ana:<\/b> Ide\u0101li piem\u0113rots ce\u013cojumu kampa\u0146\u0101m, viesn\u012bc\u0101m, restor\u0101niem un \u0101ra pas\u0101kumu s\u0113dviet\u0101m.<\/p>\n<\/li>\n<\/ul>","protected":false},"featured_media":6206,"comment_status":"closed","ping_status":"closed","template":"","meta":[],"product_brand":[],"product_cat":[129,68],"product_tag":[],"class_list":{"0":"post-6204","1":"product","2":"type-product","3":"status-publish","4":"has-post-thumbnail","6":"product_cat-leisure-lifestyle","7":"product_cat-event-supplies","9":"first","10":"instock","11":"shipping-taxable","12":"product-type-simple"},"_links":{"self":[{"href":"https:\/\/displayproducts.eu\/lv\/wp-json\/wp\/v2\/product\/6204","targetHints":{"allow":["GET"]}}],"collection":[{"href":"https:\/\/displayproducts.eu\/lv\/wp-json\/wp\/v2\/product"}],"about":[{"href":"https:\/\/displayproducts.eu\/lv\/wp-json\/wp\/v2\/types\/product"}],"replies":[{"embeddable":true,"href":"https:\/\/displayproducts.eu\/lv\/wp-json\/wp\/v2\/comments?post=6204"}],"wp:featuredmedia":[{"embeddable":true,"href":"https:\/\/displayproducts.eu\/lv\/wp-json\/wp\/v2\/media\/6206"}],"wp:attachment":[{"href":"https:\/\/displayproducts.eu\/lv\/wp-json\/wp\/v2\/media?parent=6204"}],"wp:term":[{"taxonomy":"product_brand","embeddable":true,"href":"https:\/\/displayproducts.eu\/lv\/wp-json\/wp\/v2\/product_brand?post=6204"},{"taxonomy":"product_cat","embeddable":true,"href":"https:\/\/displayproducts.eu\/lv\/wp-json\/wp\/v2\/product_cat?post=6204"},{"taxonomy":"product_tag","embeddable":true,"href":"https:\/\/displayproducts.eu\/lv\/wp-json\/wp\/v2\/product_tag?post=6204"}],"curies":[{"name":"wp","href":"https:\/\/api.w.org\/{rel}","templated":true}]}}