{"id":6201,"date":"2025-12-20T17:18:10","date_gmt":"2025-12-20T14:18:10","guid":{"rendered":"https:\/\/wristbandfactory.eu\/?post_type=product&#038;p=6201"},"modified":"2026-04-01T21:52:03","modified_gmt":"2026-04-01T18:52:03","slug":"custom-fan-scarves-sports-supporters-scarves-knitted-or-printed","status":"publish","type":"product","link":"https:\/\/displayproducts.eu\/lv\/p\/custom-fan-scarves-sports-supporters-scarves-knitted-or-printed\/","title":{"rendered":"Fanu \u0161alles ar logo"},"content":{"rendered":"<p data-path-to-node=\"10\">Stipriniet komandas vienot\u012bbu un palieliniet z\u012bmola atpaz\u012bstam\u012bbu ar m\u016bsu <b data-path-to-node=\"10\" data-index-in-node=\"86\">Piel\u0101gotas ventilatoru \u0161alles<\/b>. Neatkar\u012bgi no t\u0101, vai t\u0101s ir paredz\u0113tas profesion\u0101lam futbola klubam, viet\u0113jai sporta komandai vai korporat\u012bvam rekl\u0101mas pas\u0101kumam, \u0161\u012bs \u0161alles ir lab\u0101kais uzmundrin\u0101\u0161anas aksesu\u0101rs. M\u0113s pied\u0101v\u0101jam daudzpus\u012bgas ra\u017eo\u0161anas iesp\u0113jas, lai atbilstu j\u016bsu \u012bpa\u0161aj\u0101m dizaina vajadz\u012bb\u0101m, s\u0101kot no tradicion\u0101la siltuma l\u012bdz augstas iz\u0161\u0137irtsp\u0113jas grafikai.<\/p>\n<p data-path-to-node=\"11\">M\u016bsu kl\u0101st\u0101 ir tr\u012bs specializ\u0113ti mode\u013ci, lai nodro\u0161in\u0101tu, ka j\u016bsu logotips izskat\u0101s vislab\u0101k, neatkar\u012bgi no t\u0101, vai tas ir ieausts tie\u0161i audum\u0101 vai iespiests ar fotore\u0101listisku precizit\u0101ti.<\/p>\n<h2 data-path-to-node=\"12\">Galven\u0101s iez\u012bmes<\/h2>\n<ul data-path-to-node=\"13\">\n<li>\n<p data-path-to-node=\"13,0,0\"><b data-path-to-node=\"13,0,0\" data-index-in-node=\"0\">Klasiska ad\u012bta \u0161alle:<\/b> Tradicion\u0101la izv\u0113le. Divpus\u0113js dizains, kas \u013cauj katr\u0101 pus\u0113 izvietot da\u017e\u0101dus logotipus. Izgatavots no m\u012bksta 100% akrila siltumam un iztur\u012bbai.<\/p>\n<\/li>\n<li>\n<p data-path-to-node=\"13,1,0\"><b data-path-to-node=\"13,1,0\" data-index-in-node=\"0\">Unik\u0101la att\u0113la \u0161alle (apdruk\u0101ta):<\/b> Paredz\u0113ts sare\u017e\u0123\u012btai grafikai. Izmanto spogu\u013catt\u0113la efektu vien\u0101 pus\u0113, lai ieg\u016btu asas, detaliz\u0113tas izdrukas, kur\u0101m ad\u012b\u0161ana nesp\u0113j l\u012bdzin\u0101ties.<\/p>\n<\/li>\n<li>\n<p data-path-to-node=\"13,2,0\"><b data-path-to-node=\"13,2,0\" data-index-in-node=\"0\">Ad\u012bta \u0161alle ar embl\u0113mu:<\/b> Ekskluz\u012bva, augst\u0101k\u0101s klases iesp\u0113ja. Apvieno klasisko trikot\u0101\u017eas pamatni ar detaliz\u0113tu piestiprin\u0101tu embl\u0113mu, radot augstas klases izskatu.<\/p>\n<\/li>\n<\/ul>\n<h2 data-path-to-node=\"14\">Specifik\u0101cijas<\/h2>\n<table data-path-to-node=\"15\">\n<thead>\n<tr>\n<td><strong>Mode\u013ca tips<\/strong><\/td>\n<td><strong>Izm\u0113ri<\/strong><\/td>\n<td><strong>Materi\u0101la sast\u0101vs<\/strong><\/td>\n<td><strong>Galven\u0101 \u012bpa\u0161\u012bba<\/strong><\/td>\n<\/tr>\n<\/thead>\n<tbody>\n<tr>\n<td><span data-path-to-node=\"15,1,0,0\"><b data-path-to-node=\"15,1,0,0\" data-index-in-node=\"0\">Ad\u012bta \u0161alle<\/b><\/span><\/td>\n<td><span data-path-to-node=\"15,1,1,0\">18 \u00d7 140 cm<\/span><\/td>\n<td><span data-path-to-node=\"15,1,2,0\">100% akrils<\/span><\/td>\n<td><span data-path-to-node=\"15,1,3,0\">Divpus\u0113js, klasisks siltums<\/span><\/td>\n<\/tr>\n<tr>\n<td><span data-path-to-node=\"15,2,0,0\"><b data-path-to-node=\"15,2,0,0\" data-index-in-node=\"0\">Att\u0113lu \u0161alle<\/b><\/span><\/td>\n<td><span data-path-to-node=\"15,2,1,0\">20 \u00d7 130 cm<\/span><\/td>\n<td><span data-path-to-node=\"15,2,2,0\">80% akrils, 20% poliesters<\/span><\/td>\n<td><span data-path-to-node=\"15,2,3,0\">Augstas deta\u013cas druka, spogu\u013ca efekts<\/span><\/td>\n<\/tr>\n<tr>\n<td><span data-path-to-node=\"15,3,0,0\"><b data-path-to-node=\"15,3,0,0\" data-index-in-node=\"0\">Embl\u0113mas \u0161alle<\/b><\/span><\/td>\n<td><span data-path-to-node=\"15,3,1,0\">19 \u00d7 130 cm<\/span><\/td>\n<td><span data-path-to-node=\"15,3,2,0\">100% akrils<\/span><\/td>\n<td><span data-path-to-node=\"15,3,3,0\">Augst\u0101k\u0101s kvalit\u0101tes iz\u0161\u016bts iel\u0101ps<\/span><\/td>\n<\/tr>\n<\/tbody>\n<\/table>\n<h2 data-path-to-node=\"16\">Lieto\u0161anas gad\u012bjumi<\/h2>\n<ul data-path-to-node=\"17\">\n<li>\n<p data-path-to-node=\"17,0,0\"><b data-path-to-node=\"17,0,0\" data-index-in-node=\"0\">Sporta pre\u010du tirdzniec\u012bba:<\/b> B\u016btisks ie\u0146\u0113mumu avots futbola, hokeja un basketbola klubu fanu veikaliem.<\/p>\n<\/li>\n<li>\n<p data-path-to-node=\"17,1,0\"><b data-path-to-node=\"17,1,0\" data-index-in-node=\"0\">Pas\u0101kuma sponsor\u0113\u0161ana:<\/b> Augstas redzam\u012bbas z\u012bmols stadionu p\u016bliem un liela m\u0113roga sporta pas\u0101kumiem.<\/p>\n<\/li>\n<li>\n<p data-path-to-node=\"17,2,0\"><b data-path-to-node=\"17,2,0\" data-index-in-node=\"0\">Korporat\u012bv\u0101s d\u0101vanas:<\/b> Siltas un praktiskas d\u0101vanas ziemas pas\u0101kumiem vai komandas salied\u0113\u0161anas aktivit\u0101t\u0113m br\u012bv\u0101 dab\u0101.<\/p>\n<\/li>\n<\/ul>","protected":false},"excerpt":{"rendered":"<ul>\n<li>\n<p data-path-to-node=\"9,0,0\"><b data-path-to-node=\"9,0,0\" data-index-in-node=\"0\">Tr\u012bs at\u0161\u0137ir\u012bgi stili:<\/b> Izv\u0113lieties klasisko ad\u012bto (\u017eakarda), HD att\u0113la apdrukas vai ekskluz\u012bv\u0101s embl\u0113mas modeli.<\/p>\n<\/li>\n<li>\n<p data-path-to-node=\"9,1,0\"><b data-path-to-node=\"9,1,0\" data-index-in-node=\"0\">Augstas kvalit\u0101tes materi\u0101li:<\/b> Izgatavots no silta 100% akrila vai detaliz\u0113ta poliakrila mais\u012bjuma as\u0101k\u0101m izdruk\u0101m.<\/p>\n<\/li>\n<li>\n<p data-path-to-node=\"9,2,0\"><b data-path-to-node=\"9,2,0\" data-index-in-node=\"0\">Divpus\u0113js z\u012bmola att\u0113lojums:<\/b> Trikot\u0101\u017eas mode\u013ci \u013cauj veidot da\u017e\u0101dus piel\u0101gotus dizainus priek\u0161pus\u0113 un aizmugur\u0113.<\/p>\n<\/li>\n<li>\n<p data-path-to-node=\"9,3,0\"><b data-path-to-node=\"9,3,0\" data-index-in-node=\"0\">Galven\u0101s fanu preces:<\/b> Standarta aksesu\u0101rs futbola klubiem, sporta komand\u0101m un rekl\u0101mas pas\u0101kumiem.<\/p>\n<\/li>\n<\/ul>","protected":false},"featured_media":6202,"comment_status":"closed","ping_status":"closed","template":"","meta":[],"product_brand":[],"product_cat":[123],"product_tag":[],"class_list":{"0":"post-6201","1":"product","2":"type-product","3":"status-publish","4":"has-post-thumbnail","6":"product_cat-fan-cheering-items","8":"first","9":"instock","10":"shipping-taxable","11":"product-type-simple"},"_links":{"self":[{"href":"https:\/\/displayproducts.eu\/lv\/wp-json\/wp\/v2\/product\/6201","targetHints":{"allow":["GET"]}}],"collection":[{"href":"https:\/\/displayproducts.eu\/lv\/wp-json\/wp\/v2\/product"}],"about":[{"href":"https:\/\/displayproducts.eu\/lv\/wp-json\/wp\/v2\/types\/product"}],"replies":[{"embeddable":true,"href":"https:\/\/displayproducts.eu\/lv\/wp-json\/wp\/v2\/comments?post=6201"}],"wp:featuredmedia":[{"embeddable":true,"href":"https:\/\/displayproducts.eu\/lv\/wp-json\/wp\/v2\/media\/6202"}],"wp:attachment":[{"href":"https:\/\/displayproducts.eu\/lv\/wp-json\/wp\/v2\/media?parent=6201"}],"wp:term":[{"taxonomy":"product_brand","embeddable":true,"href":"https:\/\/displayproducts.eu\/lv\/wp-json\/wp\/v2\/product_brand?post=6201"},{"taxonomy":"product_cat","embeddable":true,"href":"https:\/\/displayproducts.eu\/lv\/wp-json\/wp\/v2\/product_cat?post=6201"},{"taxonomy":"product_tag","embeddable":true,"href":"https:\/\/displayproducts.eu\/lv\/wp-json\/wp\/v2\/product_tag?post=6201"}],"curies":[{"name":"wp","href":"https:\/\/api.w.org\/{rel}","templated":true}]}}