{"id":6196,"date":"2025-12-20T17:11:39","date_gmt":"2025-12-20T14:11:39","guid":{"rendered":"https:\/\/wristbandfactory.eu\/?post_type=product&#038;p=6196"},"modified":"2026-04-01T21:52:03","modified_gmt":"2026-04-01T18:52:03","slug":"custom-printed-beeswax-food-wraps-bags-gots-certified-cotton","status":"publish","type":"product","link":"https:\/\/displayproducts.eu\/lv\/p\/custom-printed-beeswax-food-wraps-bags-gots-certified-cotton\/","title":{"rendered":"Bi\u0161u vaska dr\u0101ni\u0146as ar logo"},"content":{"rendered":"<p data-path-to-node=\"12\">Paaugstiniet savu korporat\u012bvo soci\u0101lo atbild\u012bbu ar m\u016bsu pal\u012bdz\u012bbu <b data-path-to-node=\"12\" data-index-in-node=\"79\">P\u0113c pas\u016bt\u012bjuma druk\u0101tas bi\u0161u vaska p\u0101rtikas iesai\u0146ojumi<\/b>. K\u0101 ilgtsp\u0113j\u012bga alternat\u012bva vienreizlietojam\u0101m plastmas\u0101m, \u0161ie iesai\u0146ojumi pied\u0101v\u0101 inovat\u012bvu un videi draudz\u012bgu veidu, k\u0101 saglab\u0101t p\u0101rtiku svaigu. \u0160ie iesai\u0146ojumi ir lieliski piem\u0113roti videi draudz\u012bgiem z\u012bmoliem, jo tie ikdienas virtuves piederumus p\u0101rv\u0113r\u0161 sp\u0113c\u012bgos rekl\u0101mas v\u0113st\u012bjumos.<\/p>\n<p data-path-to-node=\"13\">M\u016bsu t\u0113jmaiz\u012btes ir izgatavotas no augstas kvalit\u0101tes dab\u012bgiem 100% materi\u0101liem, un t\u0101s izmanto j\u016bsu roku siltumu, lai veidotos ap aug\u013ciem, d\u0101rze\u0146iem, sviestmaiz\u0113m vai b\u013cod\u0101m, radot elpojo\u0161u bl\u012bv\u0113jumu, kas ilg\u0101k saglab\u0101 p\u0101rtiku svaigu.<\/p>\n<h2 data-path-to-node=\"14\">Galven\u0101s iez\u012bmes<\/h2>\n<ul data-path-to-node=\"15\">\n<li>\n<p data-path-to-node=\"15,0,0\"><b data-path-to-node=\"15,0,0\" data-index-in-node=\"0\">Nulles atkritumu risin\u0101jums:<\/b> Piln\u012bb\u0101 biolo\u0123iski no\u0101rd\u0101ms un kompost\u0113jams, aizst\u0101jot vienreiz\u0113j\u0101s lieto\u0161anas plastmasas iesai\u0146ojumu un foliju.<\/p>\n<\/li>\n<li>\n<p data-path-to-node=\"15,1,0\"><b data-path-to-node=\"15,1,0\" data-index-in-node=\"0\">Sertific\u0113ta kvalit\u0101te:<\/b> M\u0113s izmantojam tikai GOTS sertific\u0113tu apdruk\u0101jamu kokvilnu, nodro\u0161inot, ka audums ir biolo\u0123isks un \u0113tiski ieg\u016bts.<\/p>\n<\/li>\n<li>\n<p data-path-to-node=\"15,2,0\"><b data-path-to-node=\"15,2,0\" data-index-in-node=\"0\">Dabisk\u0101 aizsardz\u012bba:<\/b> Unik\u0101lais bi\u0161u vaska, jojobas e\u013c\u013cas un prie\u017eu sve\u0137u mais\u012bjums nodro\u0161ina dabiskas antibakteri\u0101las \u012bpa\u0161\u012bbas.<\/p>\n<\/li>\n<li>\n<p data-path-to-node=\"15,3,0\"><b data-path-to-node=\"15,3,0\" data-index-in-node=\"0\">Daudzpus\u012bgs z\u012bmols:<\/b> J\u016bsu logotipu vai piel\u0101gotu rakstu var uzdruk\u0101t tie\u0161i uz auduma, nodro\u0161inot ikdienas z\u012bmola redzam\u012bbu m\u0101j\u0101s un birojos.<\/p>\n<\/li>\n<li>\n<p data-path-to-node=\"15,4,0\"><b data-path-to-node=\"15,4,0\" data-index-in-node=\"0\">Ilgsto\u0161s:<\/b> Ar vienk\u0101r\u0161u kop\u0161anu (mazg\u0101\u0161anu remden\u0101 \u016bden\u012b) \u0161\u012bs salvetes ir paredz\u0113tas atk\u0101rtotai lieto\u0161anai, nodro\u0161inot augstu ieguld\u012bjumu atdevi rekl\u0101mas bud\u017eetiem.<\/p>\n<\/li>\n<\/ul>\n<h2 data-path-to-node=\"16\">Specifik\u0101cijas<\/h2>\n<ul data-path-to-node=\"17\">\n<li>\n<p data-path-to-node=\"17,0,0\"><b data-path-to-node=\"17,0,0\" data-index-in-node=\"0\">Materi\u0101la sast\u0101vs:<\/b> GOTS kokvilna, bi\u0161u vasks (p\u0101rtikas kvalit\u0101tes), jojobas e\u013c\u013ca, prie\u017eu sve\u0137i.<\/p>\n<\/li>\n<li>\n<p data-path-to-node=\"17,1,0\"><b data-path-to-node=\"17,1,0\" data-index-in-node=\"0\">Standarta loksnes izm\u0113ri:<\/b><\/p>\n<ul data-path-to-node=\"17,1,1\">\n<li>\n<p data-path-to-node=\"17,1,1,0,0\"><b data-path-to-node=\"17,1,1,0,0\" data-index-in-node=\"0\">Mazs (18 \u00d7 18 cm):<\/b> Uzkod\u0101m sagrieziet aug\u013cus vai p\u0101rkl\u0101jiet mazas burci\u0146as.<\/p>\n<\/li>\n<li>\n<p data-path-to-node=\"17,1,1,1,0\"><b data-path-to-node=\"17,1,1,1,0\" data-index-in-node=\"0\">Vid\u0113js (25 \u00d7 25 cm):<\/b> Ide\u0101li piem\u0113rots sieram, sviestmaiz\u0113m vai vid\u0113ja lieluma b\u013codi\u0146\u0101m.<\/p>\n<\/li>\n<li>\n<p data-path-to-node=\"17,1,1,2,0\"><b data-path-to-node=\"17,1,1,2,0\" data-index-in-node=\"0\">Liels (36 \u00d7 36 cm):<\/b> Nosedz lielas b\u013codas, maizi vai melones.<\/p>\n<\/li>\n<\/ul>\n<\/li>\n<li>\n<p data-path-to-node=\"17,2,0\"><b data-path-to-node=\"17,2,0\" data-index-in-node=\"0\">Somas izm\u0113ri:<\/b><\/p>\n<ul data-path-to-node=\"17,2,1\">\n<li>\n<p data-path-to-node=\"17,2,1,0,0\"><b data-path-to-node=\"17,2,1,0,0\" data-index-in-node=\"0\">Vid\u0113ja izm\u0113ra soma (16 \u00d7 23 cm):<\/b> Lieliski piem\u0113rots uzkodu batoni\u0146iem un sviestmaiz\u0113m, ko \u0146emt l\u012bdzi.<\/p>\n<\/li>\n<li>\n<p data-path-to-node=\"17,2,1,1,0\"><b data-path-to-node=\"17,2,1,1,0\" data-index-in-node=\"0\">Liela soma (23 \u00d7 32 cm):<\/b> Piem\u0113rots konditorejas izstr\u0101d\u0101jumiem, svaigiem za\u013cumiem vai liel\u0101kiem produktiem.<\/p>\n<\/li>\n<\/ul>\n<\/li>\n<li>\n<p data-path-to-node=\"17,3,0\"><b data-path-to-node=\"17,3,0\" data-index-in-node=\"0\">Piel\u0101go\u0161ana:<\/b> Pieejama pilnas virsmas apdruka vai logotipa izvieto\u0161ana.<\/p>\n<\/li>\n<\/ul>\n<h2 data-path-to-node=\"18\">Lieto\u0161anas gad\u012bjumi<\/h2>\n<ul data-path-to-node=\"19\">\n<li>\n<p data-path-to-node=\"19,0,0\"><b data-path-to-node=\"19,0,0\" data-index-in-node=\"0\">Korporat\u012bv\u0101s d\u0101vanas:<\/b> P\u0101rdom\u0101ta, ilgtsp\u0113j\u012bga d\u0101vana darbiniekiem un klientiem, kas atbilst za\u013caj\u0101m iniciat\u012bv\u0101m.<\/p>\n<\/li>\n<li>\n<p data-path-to-node=\"19,1,0\"><b data-path-to-node=\"19,1,0\" data-index-in-node=\"0\">Pas\u0101kuma preces:<\/b> Augstas v\u0113rt\u012bbas d\u0101vanas p\u0101rtikas festiv\u0101liem, ilgtsp\u0113j\u012bbas konferenc\u0113m un tirdzniec\u012bbas izst\u0101d\u0113m.<\/p>\n<\/li>\n<li>\n<p data-path-to-node=\"19,2,0\"><b data-path-to-node=\"19,2,0\" data-index-in-node=\"0\">Mazumtirdzniec\u012bba un t\u0101l\u0101kp\u0101rdo\u0161ana:<\/b> Lieliski piem\u0113rots biolo\u0123isk\u0101s p\u0101rtikas veikaliem, bezatkritumu veikaliem un muzeju suven\u012bru veikaliem.<\/p>\n<\/li>\n<\/ul>","protected":false},"excerpt":{"rendered":"<ul>\n<li>\n<p data-path-to-node=\"11,0,0\"><b data-path-to-node=\"11,0,0\" data-index-in-node=\"0\">100% Dab\u012bgie materi\u0101li:<\/b> Izgatavots no GOTS sertific\u0113tas kokvilnas, t\u012bra bi\u0161u vaska, jojobas e\u013c\u013cas un prie\u017eu sve\u0137iem.<\/p>\n<\/li>\n<li>\n<p data-path-to-node=\"11,1,0\"><b data-path-to-node=\"11,1,0\" data-index-in-node=\"0\">Videi draudz\u012bgs z\u012bmols:<\/b> Ilgtsp\u0113j\u012bga, biolo\u0123iski no\u0101rd\u0101ma alternat\u012bva plastmasas p\u0101rtikas pl\u0113vei un alum\u012bnija folijai.<\/p>\n<\/li>\n<li>\n<p data-path-to-node=\"11,2,0\"><b data-path-to-node=\"11,2,0\" data-index-in-node=\"0\">Piel\u0101gojams:<\/b> Pieejams da\u017e\u0101dos lok\u0161\u0146u izm\u0113ros un maisi\u0146u form\u0101tos ar pilnkr\u0101su logotipa drukas iesp\u0113j\u0101m.<\/p>\n<\/li>\n<li>\n<p data-path-to-node=\"11,3,0\"><b data-path-to-node=\"11,3,0\" data-index-in-node=\"0\">Atk\u0101rtoti lietojams un mazg\u0101jams:<\/b> Iztur\u012bgs dizains, kas veido formu ar rokas siltumu un kalpo atk\u0101rtotai lieto\u0161anai.<\/p>\n<\/li>\n<\/ul>","protected":false},"featured_media":6198,"comment_status":"closed","ping_status":"closed","template":"","meta":[],"product_brand":[],"product_cat":[121],"product_tag":[],"class_list":{"0":"post-6196","1":"product","2":"type-product","3":"status-publish","4":"has-post-thumbnail","6":"product_cat-promotional-merchandise","8":"first","9":"instock","10":"shipping-taxable","11":"purchasable","12":"product-type-simple"},"_links":{"self":[{"href":"https:\/\/displayproducts.eu\/lv\/wp-json\/wp\/v2\/product\/6196","targetHints":{"allow":["GET"]}}],"collection":[{"href":"https:\/\/displayproducts.eu\/lv\/wp-json\/wp\/v2\/product"}],"about":[{"href":"https:\/\/displayproducts.eu\/lv\/wp-json\/wp\/v2\/types\/product"}],"replies":[{"embeddable":true,"href":"https:\/\/displayproducts.eu\/lv\/wp-json\/wp\/v2\/comments?post=6196"}],"wp:featuredmedia":[{"embeddable":true,"href":"https:\/\/displayproducts.eu\/lv\/wp-json\/wp\/v2\/media\/6198"}],"wp:attachment":[{"href":"https:\/\/displayproducts.eu\/lv\/wp-json\/wp\/v2\/media?parent=6196"}],"wp:term":[{"taxonomy":"product_brand","embeddable":true,"href":"https:\/\/displayproducts.eu\/lv\/wp-json\/wp\/v2\/product_brand?post=6196"},{"taxonomy":"product_cat","embeddable":true,"href":"https:\/\/displayproducts.eu\/lv\/wp-json\/wp\/v2\/product_cat?post=6196"},{"taxonomy":"product_tag","embeddable":true,"href":"https:\/\/displayproducts.eu\/lv\/wp-json\/wp\/v2\/product_tag?post=6196"}],"curies":[{"name":"wp","href":"https:\/\/api.w.org\/{rel}","templated":true}]}}