{"id":6193,"date":"2025-12-20T16:56:00","date_gmt":"2025-12-20T13:56:00","guid":{"rendered":"https:\/\/wristbandfactory.eu\/?post_type=product&#038;p=6193"},"modified":"2026-04-01T21:52:34","modified_gmt":"2026-04-01T18:52:34","slug":"plantable-id-cards-with-linden-seeds-personalized","status":"publish","type":"product","link":"https:\/\/displayproducts.eu\/lv\/p\/plantable-id-cards-with-linden-seeds-personalized\/","title":{"rendered":"St\u0101d\u0101m\u0101s v\u0101rda kartes"},"content":{"rendered":"<p data-path-to-node=\"12\">P\u0101rveidojiet sava pas\u0101kuma akredit\u0101ciju par za\u013co pazi\u0146ojumu ar m\u016bsu pal\u012bdz\u012bbu <b data-path-to-node=\"12\" data-index-in-node=\"92\">St\u0101d\u0101mas personas apliec\u012bbas ar liepu s\u0113kl\u0101m<\/b>. At\u0161\u0137ir\u012bb\u0101 no standarta plastmasas vai pap\u012bra noz\u012bm\u012bt\u0113m, \u0161\u012bm inovat\u012bvaj\u0101m kart\u012bt\u0113m ir unik\u0101ls ekolo\u0123isks elements: priek\u0161pus\u0113 ir piestiprin\u0101ts neliels, biolo\u0123iski no\u0101rd\u0101ms MDF konteiners, kur\u0101 atrodas \u012bsta liepa (<i data-path-to-node=\"12\" data-index-in-node=\"310\">Tilija<\/i>) s\u0113klas.<\/p>\n<p data-path-to-node=\"13\">\u0160\u012bs kart\u012btes, kas izgatavotas no augstas kvalit\u0101tes impregn\u0113ta pap\u012bra, ir paredz\u0113tas, lai iztur\u0113tu vair\u0101ku dienu konferen\u010du vai festiv\u0101lu rad\u012bto nodilumu, vienlaikus saglab\u0101jot piln\u012bgu biolo\u0123isko no\u0101rd\u012b\u0161anos. P\u0113c pas\u0101kuma dal\u012bbnieki var visu kart\u012bti iest\u0101d\u012bt d\u0101rz\u0101 vai park\u0101, kur s\u0113klas d\u012bgs un izaugs par kokiem, atst\u0101jot palieko\u0161u, pozit\u012bvu ekolo\u0123isku mantojumu v\u0113l ilgi p\u0113c pas\u0101kuma beig\u0101m.<\/p>\n<h2 data-path-to-node=\"14\">Galven\u0101s iez\u012bmes<\/h2>\n<ul data-path-to-node=\"15\">\n<li>\n<p data-path-to-node=\"15,0,0\"><b data-path-to-node=\"15,0,0\" data-index-in-node=\"0\">Main\u012bgo datu druk\u0101\u0161ana (VDP):<\/b> M\u0113s varam uzdruk\u0101t individu\u0101lus dal\u012bbnieku v\u0101rdus, QR kodus vai s\u0113dvietu numurus tie\u0161i uz katras kartes, padarot katru noz\u012bm\u012bti unik\u0101lu un gatavu izplat\u012b\u0161anai.<\/p>\n<\/li>\n<li>\n<p data-path-to-node=\"15,1,0\"><b data-path-to-node=\"15,1,0\" data-index-in-node=\"0\">Inovat\u012bvs s\u0113klu konteiners:<\/b> S\u0113klas ir ievietotas dekorat\u012bv\u0101 MDF kapsul\u0101 kart\u012btes priek\u0161pus\u0113, radot t\u016bl\u012bt\u0113ju vizu\u0101lu pavedienu par ilgtsp\u0113j\u012bbu.<\/p>\n<\/li>\n<li>\n<p data-path-to-node=\"15,2,0\"><b data-path-to-node=\"15,2,0\" data-index-in-node=\"0\">Pilnkr\u0101su z\u012bmols:<\/b> Augstas iz\u0161\u0137irtsp\u0113jas CMYK druka ir pieejama gan priek\u0161pus\u0113 (4+0), gan aizmugur\u0113 (4+4), lai spilgti par\u0101d\u012btu j\u016bsu pas\u0101kuma z\u012bmolu.<\/p>\n<\/li>\n<li>\n<p data-path-to-node=\"15,3,0\"><b data-path-to-node=\"15,3,0\" data-index-in-node=\"0\">Izgl\u012btojo\u0161\u0101 v\u0113rt\u012bba:<\/b> Skaidras st\u0101d\u012b\u0161anas instrukcijas ir iespiestas otr\u0101 pus\u0113, kas pal\u012bdz lietot\u0101jam p\u0101rv\u0113rst savu ID karti par koku.<\/p>\n<\/li>\n<\/ul>\n<h2 data-path-to-node=\"16\">Specifik\u0101cijas<\/h2>\n<ul data-path-to-node=\"17\">\n<li>\n<p data-path-to-node=\"17,0,0\"><b data-path-to-node=\"17,0,0\" data-index-in-node=\"0\">Izm\u0113ri:<\/b> 60 mm x 90 mm.<\/p>\n<\/li>\n<li>\n<p data-path-to-node=\"17,1,0\"><b data-path-to-node=\"17,1,0\" data-index-in-node=\"0\">Materi\u0101ls:<\/b> Impregn\u0113ts pap\u012brs (biolo\u0123iski no\u0101rd\u0101ms) + MDF s\u0113klu konteiners.<\/p>\n<\/li>\n<li>\n<p data-path-to-node=\"17,2,0\"><b data-path-to-node=\"17,2,0\" data-index-in-node=\"0\">S\u0113klu veids:<\/b> Liepa (<i data-path-to-node=\"17,2,0\" data-index-in-node=\"24\">Tilija<\/i>).<\/p>\n<\/li>\n<li>\n<p data-path-to-node=\"17,3,0\"><b data-path-to-node=\"17,3,0\" data-index-in-node=\"0\">Orient\u0101cija:<\/b> Pieejamas vertik\u0101las vai horizont\u0101las opcijas.<\/p>\n<\/li>\n<li>\n<p data-path-to-node=\"17,4,0\"><b data-path-to-node=\"17,4,0\" data-index-in-node=\"0\">Druk\u0101\u0161ana:<\/b> Digit\u0101ls CMYK (main\u012bgu datu atbalsts).<\/p>\n<\/li>\n<li>\n<p data-path-to-node=\"17,5,0\"><b data-path-to-node=\"17,5,0\" data-index-in-node=\"0\">Ra\u017eo\u0161anas laiks:<\/b> Aptuveni 2 ned\u0113\u013cas p\u0113c apstiprin\u0101\u0161anas.<\/p>\n<\/li>\n<li>\n<p data-path-to-node=\"17,6,0\"><b data-path-to-node=\"17,6,0\" data-index-in-node=\"0\">Minim\u0101lais pas\u016bt\u012bjuma daudzums:<\/b> 100 vien\u012bbas.<\/p>\n<\/li>\n<\/ul>\n<h2 data-path-to-node=\"18\">Lieto\u0161anas gad\u012bjumi<\/h2>\n<ul data-path-to-node=\"19\">\n<li>\n<p data-path-to-node=\"19,0,0\"><b data-path-to-node=\"19,0,0\" data-index-in-node=\"0\">Ilgtsp\u0113j\u012bgas konferences:<\/b> Galven\u0101 \u201cza\u013c\u0101\u201d noz\u012bm\u012bte vides samitiem un klimata forumiem.<\/p>\n<\/li>\n<li>\n<p data-path-to-node=\"19,1,0\"><b data-path-to-node=\"19,1,0\" data-index-in-node=\"0\">Korporat\u012bvie KSA pas\u0101kumi:<\/b> Aplieciniet sava uz\u0146\u0113muma ap\u0146em\u0161anos r\u016bp\u0113ties par vidi ar noz\u012bm\u012bt\u0113m, kas atdodas dabai.<\/p>\n<\/li>\n<li>\n<p data-path-to-node=\"19,2,0\"><b data-path-to-node=\"19,2,0\" data-index-in-node=\"0\">Dabas festiv\u0101li:<\/b> Lieliski piem\u0113rots pas\u0101kumiem br\u012bv\u0101 dab\u0101, kur plastmasas atkritumu daudzums tiek stingri samazin\u0101ts l\u012bdz minimumam.<\/p>\n<\/li>\n<li>\n<p data-path-to-node=\"19,3,0\"><b data-path-to-node=\"19,3,0\" data-index-in-node=\"0\">VIP iel\u016bgumi:<\/b> Var izmantot ar\u012b k\u0101 augstas klases, st\u0101d\u0101mus iel\u016bgumus ekskluz\u012bv\u0101m svin\u012bb\u0101m.<\/p>\n<\/li>\n<\/ul>","protected":false},"excerpt":{"rendered":"<ul data-path-to-node=\"11\">\n<li>\n<p data-path-to-node=\"11,0,0\"><b data-path-to-node=\"11,0,0\" data-index-in-node=\"0\">Ekolo\u0123iska funkcija:<\/b> Impregn\u0113ts pap\u012bra kartons ar redzamu MDF konteineru, kur\u0101 atrodas \u012bstas liepas s\u0113klas.<\/p>\n<\/li>\n<li>\n<p data-path-to-node=\"11,1,0\"><b data-path-to-node=\"11,1,0\" data-index-in-node=\"0\">Personaliz\u0101cija:<\/b> Atbalsta main\u012bgo datu druk\u0101\u0161anu (VDP) \u2014 uz katras kartes izdruk\u0101jiet atsevi\u0161\u0137u dal\u012bbnieku v\u0101rdus, kodus vai amatus.<\/p>\n<\/li>\n<li>\n<p data-path-to-node=\"11,2,0\"><b data-path-to-node=\"11,2,0\" data-index-in-node=\"0\">Dizains:<\/b> Pilnkr\u0101su CMYK druka (vienpus\u0113ja vai divpus\u0113ja) ar st\u0101d\u012b\u0161anas instrukcij\u0101m aizmugur\u0113.<\/p>\n<\/li>\n<li>\n<p data-path-to-node=\"11,3,0\"><b data-path-to-node=\"11,3,0\" data-index-in-node=\"0\">Form\u0101ts:<\/b> Standarta izm\u0113rs 60 x 90 mm, pieejams vertik\u0101l\u0101 vai horizont\u0101l\u0101 orient\u0101cij\u0101.<\/p>\n<\/li>\n<\/ul>","protected":false},"featured_media":6293,"comment_status":"closed","ping_status":"closed","template":"","meta":[],"product_brand":[],"product_cat":[90,91],"product_tag":[],"class_list":{"0":"post-6193","1":"product","2":"type-product","3":"status-publish","4":"has-post-thumbnail","6":"product_cat-laminated-cards","7":"product_cat-badge-holders","9":"first","10":"instock","11":"shipping-taxable","12":"purchasable","13":"product-type-simple"},"_links":{"self":[{"href":"https:\/\/displayproducts.eu\/lv\/wp-json\/wp\/v2\/product\/6193","targetHints":{"allow":["GET"]}}],"collection":[{"href":"https:\/\/displayproducts.eu\/lv\/wp-json\/wp\/v2\/product"}],"about":[{"href":"https:\/\/displayproducts.eu\/lv\/wp-json\/wp\/v2\/types\/product"}],"replies":[{"embeddable":true,"href":"https:\/\/displayproducts.eu\/lv\/wp-json\/wp\/v2\/comments?post=6193"}],"wp:featuredmedia":[{"embeddable":true,"href":"https:\/\/displayproducts.eu\/lv\/wp-json\/wp\/v2\/media\/6293"}],"wp:attachment":[{"href":"https:\/\/displayproducts.eu\/lv\/wp-json\/wp\/v2\/media?parent=6193"}],"wp:term":[{"taxonomy":"product_brand","embeddable":true,"href":"https:\/\/displayproducts.eu\/lv\/wp-json\/wp\/v2\/product_brand?post=6193"},{"taxonomy":"product_cat","embeddable":true,"href":"https:\/\/displayproducts.eu\/lv\/wp-json\/wp\/v2\/product_cat?post=6193"},{"taxonomy":"product_tag","embeddable":true,"href":"https:\/\/displayproducts.eu\/lv\/wp-json\/wp\/v2\/product_tag?post=6193"}],"curies":[{"name":"wp","href":"https:\/\/api.w.org\/{rel}","templated":true}]}}