{"id":6191,"date":"2025-12-20T16:49:13","date_gmt":"2025-12-20T13:49:13","guid":{"rendered":"https:\/\/wristbandfactory.eu\/?post_type=product&#038;p=6191"},"modified":"2026-04-01T21:52:34","modified_gmt":"2026-04-01T18:52:34","slug":"custom-wooden-id-cards-event-badges-eco-plywood","status":"publish","type":"product","link":"https:\/\/displayproducts.eu\/lv\/p\/custom-wooden-id-cards-event-badges-eco-plywood\/","title":{"rendered":"Koka ID kartes"},"content":{"rendered":"<p data-path-to-node=\"12\">Izcelieties ar m\u016bsu <b data-path-to-node=\"12\" data-index-in-node=\"44\">Piel\u0101gotas koka personas apliec\u012bbas<\/b>, izsmalcin\u0101ta un ilgtsp\u0113j\u012bga alternat\u012bva tradicion\u0101laj\u0101m plastmasas PVC noz\u012bm\u012bt\u0113m. Izgatavotas no augstas kvalit\u0101tes 3 mm sapl\u0101k\u0161\u0146a, \u0161\u012bs kart\u012btes pied\u0101v\u0101 dabisku, profesion\u0101lu est\u0113tiku, kas lieliski atbilst videi draudz\u012bg\u0101m z\u012bmola v\u0113rt\u012bb\u0101m.<\/p>\n<p data-path-to-node=\"13\">Ide\u0101li piem\u0113rotas konferenc\u0113m, VIP pas\u0101kumiem un korporat\u012bvai identifik\u0101cijai, katrai kartei ir at\u0161\u0137ir\u012bga koka tekst\u016bra, kas padara katru gabalu unik\u0101lu. Kart\u012btes ir vieglas, tom\u0113r pietiekami iztur\u012bgas vair\u0101ku dienu pas\u0101kumiem.<\/p>\n<p data-path-to-node=\"14\"><b data-path-to-node=\"14\" data-index-in-node=\"0\">Druk\u0101\u0161ana un apdare:<\/b> M\u0113s pied\u0101v\u0101jam spilgtas pilnkr\u0101su drukas iesp\u0113jas j\u016bsu logotipa, dal\u012bbnieku v\u0101rdu vai QR kodu att\u0113lo\u0161anai.<\/p>\n<ul data-path-to-node=\"15\">\n<li>\n<p data-path-to-node=\"15,0,0\"><b data-path-to-node=\"15,0,0\" data-index-in-node=\"0\">Standarta apdare:<\/b> Kartes standarta komplekt\u0101cij\u0101 ir lakotas vien\u0101 pus\u0113, lai aizsarg\u0101tu virsmu un apdruku.<\/p>\n<\/li>\n<li>\n<p data-path-to-node=\"15,1,0\"><b data-path-to-node=\"15,1,0\" data-index-in-node=\"0\">Divpus\u0113j\u0101 opcija:<\/b> Divpus\u0113jai druk\u0101\u0161anai m\u0113s stingri iesak\u0101m otrajai pusei uzkl\u0101t laku, lai nov\u0113rstu kr\u0101sas izbal\u0113\u0161anu un nodilumu (pieejama k\u0101 papildin\u0101jums).<\/p>\n<\/li>\n<\/ul>\n<h2 data-path-to-node=\"16\">Galven\u0101s iez\u012bmes<\/h2>\n<ul data-path-to-node=\"17\">\n<li>\n<p data-path-to-node=\"17,0,0\"><b data-path-to-node=\"17,0,0\" data-index-in-node=\"0\">Dabisk\u0101 est\u0113tika:<\/b> Silt\u0101 koka tekst\u016bra nodro\u0161ina augst\u0101k\u0101s kvalit\u0101tes izskatu un saj\u016btu, ko plastmasa nevar p\u0101rsp\u0113t.<\/p>\n<\/li>\n<li>\n<p data-path-to-node=\"17,1,0\"><b data-path-to-node=\"17,1,0\" data-index-in-node=\"0\">Piln\u012bga piel\u0101go\u0161ana:<\/b> Atbalsta pilnkr\u0101su digit\u0101lo druku vien\u0101 vai ab\u0101s pus\u0113s.<\/p>\n<\/li>\n<li>\n<p data-path-to-node=\"17,2,0\"><b data-path-to-node=\"17,2,0\" data-index-in-node=\"0\">Iztur\u012bba:<\/b> Apstr\u0101d\u0101ts ar aizsarglaku, lai iztur\u0113tu pret mitrumu un ikdienas nodilumu.<\/p>\n<\/li>\n<li>\n<p data-path-to-node=\"17,3,0\"><b data-path-to-node=\"17,3,0\" data-index-in-node=\"0\">Univers\u0101ls piegulums:<\/b> Iek\u013cauts iepriek\u0161 urbts caurums (standarta izm\u0113rs), lai to var\u0113tu viegli piestiprin\u0101t pie jebkuras aukli\u0146as vai klip\u0161a.<\/p>\n<\/li>\n<li>\n<p data-path-to-node=\"17,4,0\"><b data-path-to-node=\"17,4,0\" data-index-in-node=\"0\">Ilgtsp\u0113j\u012bga izv\u0113le:<\/b> Izgatavots no atjaunojamiem koksnes avotiem, samazinot j\u016bsu pas\u0101kuma plastmasas p\u0113das nospiedumu.<\/p>\n<\/li>\n<\/ul>\n<h2 data-path-to-node=\"18\">Specifik\u0101cijas<\/h2>\n<ul data-path-to-node=\"19\">\n<li>\n<p data-path-to-node=\"19,0,0\"><b data-path-to-node=\"19,0,0\" data-index-in-node=\"0\">Izm\u0113ri:<\/b> 100 mm x 50 mm x 3 mm.<\/p>\n<\/li>\n<li>\n<p data-path-to-node=\"19,1,0\"><b data-path-to-node=\"19,1,0\" data-index-in-node=\"0\">Materi\u0101ls:<\/b> Dab\u012bgais sapl\u0101ksnis.<\/p>\n<\/li>\n<li>\n<p data-path-to-node=\"19,2,0\"><b data-path-to-node=\"19,2,0\" data-index-in-node=\"0\">Svars:<\/b> Ultraviegls \u0113rtai valk\u0101\u0161anai.<\/p>\n<\/li>\n<li>\n<p data-path-to-node=\"19,3,0\"><b data-path-to-node=\"19,3,0\" data-index-in-node=\"0\">Caurumu perforators:<\/b> Centr\u0113ts aug\u0161\u0113jais caurums (parasti standarta variants ir apa\u013c\u0161 vai iegarens).<\/p>\n<\/li>\n<li>\n<p data-path-to-node=\"19,4,0\"><b data-path-to-node=\"19,4,0\" data-index-in-node=\"0\">Minim\u0101lais pas\u016bt\u012bjuma daudzums:<\/b> 100 vien\u012bbas.<\/p>\n<\/li>\n<\/ul>\n<h2 data-path-to-node=\"20\">Lieto\u0161anas gad\u012bjumi<\/h2>\n<ul data-path-to-node=\"21\">\n<li>\n<p data-path-to-node=\"21,0,0\"><b data-path-to-node=\"21,0,0\" data-index-in-node=\"0\">Za\u013c\u0101s konferences:<\/b> Vislab\u0101kais aksesu\u0101rs ilgtsp\u0113j\u012bbai velt\u012bt\u0101m samitiem.<\/p>\n<\/li>\n<li>\n<p data-path-to-node=\"21,1,0\"><b data-path-to-node=\"21,1,0\" data-index-in-node=\"0\">VIP caurlaides:<\/b> Ekskluz\u012bvas aizkuli\u0161u vai \u012bpa\u0161o viesu ieejas bi\u013cetes ar augstas v\u0113rt\u012bbas saj\u016btu.<\/p>\n<\/li>\n<li>\n<p data-path-to-node=\"21,2,0\"><b data-path-to-node=\"21,2,0\" data-index-in-node=\"0\">Darbinieka ID:<\/b> Iztur\u012bga un stil\u012bga ikdienas identifik\u0101cija videi draudz\u012bgiem uz\u0146\u0113mumiem.<\/p>\n<\/li>\n<li>\n<p data-path-to-node=\"21,3,0\"><b data-path-to-node=\"21,3,0\" data-index-in-node=\"0\">Korporat\u012bv\u0101s d\u0101vanas:<\/b> Var izmantot k\u0101 bag\u0101\u017eas birkas vai piemi\u0146as id kartess.<\/p>\n<\/li>\n<\/ul>","protected":false},"excerpt":{"rendered":"<ul>\n<li>\n<p data-path-to-node=\"11,0,0\"><b data-path-to-node=\"11,0,0\" data-index-in-node=\"0\">Materi\u0101ls:<\/b> 3 mm augstas kvalit\u0101tes sapl\u0101ksnis (dab\u012bga apdare).<\/p>\n<\/li>\n<li>\n<p data-path-to-node=\"11,1,0\"><b data-path-to-node=\"11,1,0\" data-index-in-node=\"0\">Izm\u0113ri:<\/b> 10 cm x 5 cm (viegls un iztur\u012bgs).<\/p>\n<\/li>\n<li>\n<p data-path-to-node=\"11,2,0\"><b data-path-to-node=\"11,2,0\" data-index-in-node=\"0\">Aizsardz\u012bba:<\/b> Standarta lako\u0161ana vien\u0101 pus\u0113 iztur\u012bbai (divpus\u0113ja lako\u0161ana p\u0113c izv\u0113les).<\/p>\n<\/li>\n<li>\n<p data-path-to-node=\"11,3,0\"><b data-path-to-node=\"11,3,0\" data-index-in-node=\"0\">Pielikums:<\/b> Iepriek\u0161 urbts caurums, kas ir sader\u012bgs ar vis\u0101m standarta aukli\u0146\u0101m.<\/p>\n<\/li>\n<li>\n<p data-path-to-node=\"11,4,0\"><b data-path-to-node=\"11,4,0\" data-index-in-node=\"0\">Videi draudz\u012bgs:<\/b> Biolo\u0123iski no\u0101rd\u0101ma, plastmasas nesaturo\u0161a alternat\u012bva za\u013cajiem pas\u0101kumiem.<\/p>\n<\/li>\n<\/ul>","protected":false},"featured_media":6192,"comment_status":"closed","ping_status":"closed","template":"","meta":[],"product_brand":[],"product_cat":[91],"product_tag":[],"class_list":{"0":"post-6191","1":"product","2":"type-product","3":"status-publish","4":"has-post-thumbnail","6":"product_cat-badge-holders","8":"first","9":"instock","10":"shipping-taxable","11":"purchasable","12":"product-type-simple"},"_links":{"self":[{"href":"https:\/\/displayproducts.eu\/lv\/wp-json\/wp\/v2\/product\/6191","targetHints":{"allow":["GET"]}}],"collection":[{"href":"https:\/\/displayproducts.eu\/lv\/wp-json\/wp\/v2\/product"}],"about":[{"href":"https:\/\/displayproducts.eu\/lv\/wp-json\/wp\/v2\/types\/product"}],"replies":[{"embeddable":true,"href":"https:\/\/displayproducts.eu\/lv\/wp-json\/wp\/v2\/comments?post=6191"}],"wp:featuredmedia":[{"embeddable":true,"href":"https:\/\/displayproducts.eu\/lv\/wp-json\/wp\/v2\/media\/6192"}],"wp:attachment":[{"href":"https:\/\/displayproducts.eu\/lv\/wp-json\/wp\/v2\/media?parent=6191"}],"wp:term":[{"taxonomy":"product_brand","embeddable":true,"href":"https:\/\/displayproducts.eu\/lv\/wp-json\/wp\/v2\/product_brand?post=6191"},{"taxonomy":"product_cat","embeddable":true,"href":"https:\/\/displayproducts.eu\/lv\/wp-json\/wp\/v2\/product_cat?post=6191"},{"taxonomy":"product_tag","embeddable":true,"href":"https:\/\/displayproducts.eu\/lv\/wp-json\/wp\/v2\/product_tag?post=6191"}],"curies":[{"name":"wp","href":"https:\/\/api.w.org\/{rel}","templated":true}]}}