{"id":6189,"date":"2025-12-20T16:39:31","date_gmt":"2025-12-20T13:39:31","guid":{"rendered":"https:\/\/wristbandfactory.eu\/?post_type=product&#038;p=6189"},"modified":"2026-04-01T21:52:03","modified_gmt":"2026-04-01T18:52:03","slug":"custom-antibacterial-hand-surface-spray-20ml","status":"publish","type":"product","link":"https:\/\/displayproducts.eu\/lv\/p\/custom-antibacterial-hand-surface-spray-20ml\/","title":{"rendered":"Antibakteri\u0101ls roku un virsmu aerosols"},"content":{"rendered":"<p data-path-to-node=\"12\">Saglab\u0101jiet savas komandas un klientu dro\u0161\u012bbu ar m\u016bsu premium klases pakalpojumiem <b data-path-to-node=\"12\" data-index-in-node=\"66\">Piel\u0101gots antibakteri\u0101ls roku un virsmu aerosols<\/b>. At\u0161\u0137ir\u012bb\u0101 no sp\u0113c\u012bgiem dezinfekcijas l\u012bdzek\u013ciem, kas satur tikai spirtu, \u0161\u012b uzlabot\u0101 uz \u016bdens b\u0101zes veidot\u0101 formula ir izstr\u0101d\u0101ta, lai aizsarg\u0101tu \u0101du, to neiz\u017e\u0101v\u0113jot. Tai ir divi m\u0113r\u0137i: efekt\u012bva roku dezinfekcija un dro\u0161a t\u012br\u012b\u0161ana bie\u017ei pieskartiem person\u012bgajiem priek\u0161metiem, piem\u0113ram, viedt\u0101lru\u0146iem, tastat\u016br\u0101m un plan\u0161etdatoriem.<\/p>\n<p data-path-to-node=\"13\">Kompaktais 20 ml dizains padara to par perfektu ikdienas n\u0113s\u0101\u0161anas rekl\u0101mas priek\u0161metu. Neatkar\u012bgi no t\u0101, vai tas tiek glab\u0101ts kabat\u0101, somi\u0146\u0101 vai uz galda, tas nodro\u0161ina ilgsto\u0161u aizsardz\u012bbu ar l\u012bdz pat 225 izsmidzin\u0101\u0161anas reiz\u0113m uz vienu vien\u012bbu. \u0160\u012b svar\u012bg\u0101 higi\u0113nas r\u012bka z\u012bmola veido\u0161ana saist\u0101s ar j\u016bsu uz\u0146\u0113mumu ar r\u016bp\u0113m, labsaj\u016btu un praktiskumu.<\/p>\n<h2 data-path-to-node=\"14\">Galven\u0101s iez\u012bmes<\/h2>\n<ul data-path-to-node=\"15\">\n<li>\n<p data-path-to-node=\"15,0,0\"><b data-path-to-node=\"15,0,0\" data-index-in-node=\"0\">\u0100dai draudz\u012bga aizsardz\u012bba:<\/b> Bag\u0101tin\u0101ts ar <b data-path-to-node=\"15,0,0\" data-index-in-node=\"40\">Alveja<\/b> un <b data-path-to-node=\"15,0,0\" data-index-in-node=\"54\">B5 vitam\u012bns<\/b>, saglab\u0101jot rokas m\u012bkstas un mitrin\u0101tas pat bie\u017ei lietojot.<\/p>\n<\/li>\n<li>\n<p data-path-to-node=\"15,1,0\"><b data-path-to-node=\"15,1,0\" data-index-in-node=\"0\">Tehnolo\u0123iski dro\u0161a t\u012br\u012b\u0161ana:<\/b> Antistatisk\u0101 formula ir dro\u0161a elektronikai, efekt\u012bvi no\u0146emot pirkstu nospiedumus un bakt\u0113rijas no ekr\u0101niem, tos neboj\u0101jot.<\/p>\n<\/li>\n<li>\n<p data-path-to-node=\"15,2,0\"><b data-path-to-node=\"15,2,0\" data-index-in-node=\"0\">Augsta efektivit\u0101te:<\/b> Izn\u012bcina 99,99% bakt\u0113riju, pateicoties t\u0101d\u0101m akt\u012bvaj\u0101m sast\u0101vda\u013c\u0101m k\u0101 piensk\u0101be un DDAC (didecildimetilamonija hlor\u012bds).<\/p>\n<\/li>\n<li>\n<p data-path-to-node=\"15,3,0\"><b data-path-to-node=\"15,3,0\" data-index-in-node=\"0\">Nelip\u012bga saj\u016bta:<\/b> \u0100tri ies\u016bcas un neatst\u0101j lip\u012bgas paliekas, at\u0161\u0137ir\u012bb\u0101 no uz g\u0113la b\u0101zes veidotaj\u0101m alternat\u012bv\u0101m.<\/p>\n<\/li>\n<li>\n<p data-path-to-node=\"15,4,0\"><b data-path-to-node=\"15,4,0\" data-index-in-node=\"0\">Ekolo\u0123iski apzin\u012bgs:<\/b> Uz \u016bdens b\u0101zes veidot\u0101 formula ar biopolim\u0113riem samazina gaisto\u0161o \u0137\u012bmisko vielu emisijas, sal\u012bdzinot ar aerosoliem ar augstu spirta saturu.<\/p>\n<\/li>\n<\/ul>\n<h2 data-path-to-node=\"16\">Specifik\u0101cijas<\/h2>\n<ul data-path-to-node=\"17\">\n<li>\n<p data-path-to-node=\"17,0,0\"><b data-path-to-node=\"17,0,0\" data-index-in-node=\"0\">Apjoms:<\/b> 20 ml (aptuveni 225 izsmidzin\u0101\u0161anas reizes).<\/p>\n<\/li>\n<li>\n<p data-path-to-node=\"17,1,0\"><b data-path-to-node=\"17,1,0\" data-index-in-node=\"0\">Akt\u012bv\u0101s sast\u0101vda\u013cas:<\/b> Piensk\u0101be, didecildimetilamonija hlor\u012bds (DDAC).<\/p>\n<\/li>\n<li>\n<p data-path-to-node=\"17,2,0\"><b data-path-to-node=\"17,2,0\" data-index-in-node=\"0\">Kop\u0161anas piedevas:<\/b> Alveja, B5 vitam\u012bns, biopolim\u0113ri.<\/p>\n<\/li>\n<li>\n<p data-path-to-node=\"17,3,0\"><b data-path-to-node=\"17,3,0\" data-index-in-node=\"0\">B\u0101ze:<\/b> Att\u012br\u012bts \u016bdens (uz \u016bdens b\u0101zes).<\/p>\n<\/li>\n<li>\n<p data-path-to-node=\"17,4,0\"><b data-path-to-node=\"17,4,0\" data-index-in-node=\"0\">Pielietojums:<\/b> Rokas, cietas virsmas, elektronika (ekr\u0101ni).<\/p>\n<\/li>\n<li>\n<p data-path-to-node=\"17,5,0\"><b data-path-to-node=\"17,5,0\" data-index-in-node=\"0\">Piel\u0101go\u0161ana:<\/b> Pilnkr\u0101su digit\u0101l\u0101 eti\u0137ete vai tampondruka uz korpusa.<\/p>\n<\/li>\n<li>\n<p data-path-to-node=\"17,6,0\"><b data-path-to-node=\"17,6,0\" data-index-in-node=\"0\">Minim\u0101lais pas\u016bt\u012bjuma daudzums:<\/b> 100 vien\u012bbas.<\/p>\n<\/li>\n<\/ul>\n<h2 data-path-to-node=\"18\">Lieto\u0161anas gad\u012bjumi<\/h2>\n<ul data-path-to-node=\"19\">\n<li>\n<p data-path-to-node=\"19,0,0\"><b data-path-to-node=\"19,0,0\" data-index-in-node=\"0\">Korporat\u012bvie sagaid\u012b\u0161anas komplekti:<\/b> P\u0101rdom\u0101ts papildin\u0101jums darbinieku adapt\u0101cijas pakotn\u0113m biroja higi\u0113nai.<\/p>\n<\/li>\n<li>\n<p data-path-to-node=\"19,1,0\"><b data-path-to-node=\"19,1,0\" data-index-in-node=\"0\">Tehnolo\u0123iju konferences:<\/b> Lieliska d\u0101vana IT pas\u0101kumiem, izce\u013cot \u201cekr\u0101na t\u012br\u012bt\u0101ja\u201d funkciju.<\/p>\n<\/li>\n<li>\n<p data-path-to-node=\"19,2,0\"><b data-path-to-node=\"19,2,0\" data-index-in-node=\"0\">Ce\u013cojumi un viesm\u012bl\u012bba:<\/b> Noder\u012bga \u0113rt\u012bba ce\u013cojumu a\u0123ent\u016br\u0101m vai viesn\u012bc\u0101m, ko d\u0101vin\u0101t viesiem.<\/p>\n<\/li>\n<li>\n<p data-path-to-node=\"19,3,0\"><b data-path-to-node=\"19,3,0\" data-index-in-node=\"0\">Labsaj\u016btas kampa\u0146as:<\/b> Veicina vesel\u012bbu un dro\u0161\u012bbu gripas sezonu laik\u0101.<\/p>\n<\/li>\n<\/ul>","protected":false},"excerpt":{"rendered":"<ul>\n<li>\n<p data-path-to-node=\"11,0,0\"><b data-path-to-node=\"11,0,0\" data-index-in-node=\"0\">Formula:<\/b> Uz \u016bdens b\u0101zes, bag\u0101tin\u0101ts ar B5 vitam\u012bnu, alveju un biopolim\u0113riem.<\/p>\n<\/li>\n<li>\n<p data-path-to-node=\"11,1,0\"><b data-path-to-node=\"11,1,0\" data-index-in-node=\"0\">Divk\u0101r\u0161a darb\u012bba:<\/b> Izn\u012bcina 99,99% bakt\u0113riju uz rok\u0101m un not\u012bra virsmas (t\u0101lru\u0146us, ekr\u0101nus).<\/p>\n<\/li>\n<li>\n<p data-path-to-node=\"11,2,0\"><b data-path-to-node=\"11,2,0\" data-index-in-node=\"0\">Elektronikas seifs:<\/b> Antistatisk\u0101s \u012bpa\u0161\u012bbas padara to ide\u0101li piem\u0113rotu sk\u0101rienekr\u0101nu t\u012br\u012b\u0161anai.<\/p>\n<\/li>\n<li>\n<p data-path-to-node=\"11,3,0\"><b data-path-to-node=\"11,3,0\" data-index-in-node=\"0\">Efektivit\u0101te:<\/b> Kabatas izm\u0113ra 20 ml pudel\u012bte nodro\u0161ina aptuveni 225 izsmidzin\u0101\u0161anas reizes.<\/p>\n<\/li>\n<\/ul>","protected":false},"featured_media":6190,"comment_status":"closed","ping_status":"closed","template":"","meta":[],"product_brand":[],"product_cat":[68,121],"product_tag":[],"class_list":{"0":"post-6189","1":"product","2":"type-product","3":"status-publish","4":"has-post-thumbnail","6":"product_cat-event-supplies","7":"product_cat-promotional-merchandise","9":"first","10":"instock","11":"shipping-taxable","12":"purchasable","13":"product-type-simple"},"_links":{"self":[{"href":"https:\/\/displayproducts.eu\/lv\/wp-json\/wp\/v2\/product\/6189","targetHints":{"allow":["GET"]}}],"collection":[{"href":"https:\/\/displayproducts.eu\/lv\/wp-json\/wp\/v2\/product"}],"about":[{"href":"https:\/\/displayproducts.eu\/lv\/wp-json\/wp\/v2\/types\/product"}],"replies":[{"embeddable":true,"href":"https:\/\/displayproducts.eu\/lv\/wp-json\/wp\/v2\/comments?post=6189"}],"wp:featuredmedia":[{"embeddable":true,"href":"https:\/\/displayproducts.eu\/lv\/wp-json\/wp\/v2\/media\/6190"}],"wp:attachment":[{"href":"https:\/\/displayproducts.eu\/lv\/wp-json\/wp\/v2\/media?parent=6189"}],"wp:term":[{"taxonomy":"product_brand","embeddable":true,"href":"https:\/\/displayproducts.eu\/lv\/wp-json\/wp\/v2\/product_brand?post=6189"},{"taxonomy":"product_cat","embeddable":true,"href":"https:\/\/displayproducts.eu\/lv\/wp-json\/wp\/v2\/product_cat?post=6189"},{"taxonomy":"product_tag","embeddable":true,"href":"https:\/\/displayproducts.eu\/lv\/wp-json\/wp\/v2\/product_tag?post=6189"}],"curies":[{"name":"wp","href":"https:\/\/api.w.org\/{rel}","templated":true}]}}