{"id":6179,"date":"2025-12-20T16:26:50","date_gmt":"2025-12-20T13:26:50","guid":{"rendered":"https:\/\/wristbandfactory.eu\/?post_type=product&#038;p=6179"},"modified":"2026-04-01T21:52:03","modified_gmt":"2026-04-01T18:52:03","slug":"custom-branded-plant-growing-kits-green-gifts","status":"publish","type":"product","link":"https:\/\/displayproducts.eu\/lv\/p\/custom-branded-plant-growing-kits-green-gifts\/","title":{"rendered":"Augu audz\u0113\u0161anas komplekti ar logo"},"content":{"rendered":"<p data-path-to-node=\"12\">Ienesiet dabu biroj\u0101 vai m\u0101j\u0101s ar m\u016bsu daudzpus\u012bgo kl\u0101stu <b data-path-to-node=\"12\" data-index-in-node=\"90\">Piel\u0101goti z\u012bmolu augu audz\u0113\u0161anas komplekti<\/b>. \u0160\u012bs \u201cza\u013c\u0101s d\u0101vanas\u201d ir lieliski piem\u0113rotas rekl\u0101mas preces uz\u0146\u0113mumiem, kas v\u0113las uzsv\u0113rt ilgtsp\u0113j\u012bbu, labsaj\u016btu un izaugsmi. Neatkar\u012bgi no t\u0101, vai t\u0101s ir Zemes dienas kampa\u0146as, darbinieku atzin\u012bbas d\u0101vanas vai videi draudz\u012bgu pas\u0101kumu d\u0101vanas, dz\u012bvs augs atst\u0101j palieko\u0161u iespaidu.<\/p>\n<p data-path-to-node=\"13\">M\u0113s pied\u0101v\u0101jam pla\u0161u form\u0101tu kl\u0101stu, lai atbilstu jebkuram bud\u017eetam vai stilam. S\u0101kot ar augst\u0101k\u0101s kvalit\u0101tes keramikas komplektiem, kas lieliski izskat\u0101s uz palodzes, l\u012bdz kompaktiem Bio-PET komplektiem masveida izplat\u012b\u0161anai, katrs komplekts ir gatavs audz\u0113\u0161anai, ieskaitot augsni un s\u0113klas.<\/p>\n<h2 data-path-to-node=\"14\">Pieejam\u0101s konfigur\u0101cijas<\/h2>\n<p data-path-to-node=\"15\">J\u016bs varat kombin\u0113t vai izv\u0113l\u0113ties konkr\u0113tus stilus no m\u016bsu kolekcijas:<\/p>\n<ul data-path-to-node=\"16\">\n<li>\n<p data-path-to-node=\"16,0,0\"><b data-path-to-node=\"16,0,0\" data-index-in-node=\"0\">Keramikas podu komplekti:<\/b> Pieejams standarta \u201c3 gabalu komplekt\u0101\u201d vai iespaid\u012bg\u0101 \u201cXXL komplekt\u0101\u201d. Augst\u0101k\u0101s kvalit\u0101tes izskats, ide\u0101li piem\u0113rots d\u0101van\u0101m vad\u012bt\u0101jiem.<\/p>\n<\/li>\n<li>\n<p data-path-to-node=\"16,1,0\"><b data-path-to-node=\"16,1,0\" data-index-in-node=\"0\">EcoCup un Bio-PET komplekti:<\/b> Viegli, ilgtsp\u0113j\u012bgi konteineri, kas izgatavoti no p\u0101rstr\u0101d\u0101tiem materi\u0101liem vai bioplastmasas. Lieliski piem\u0113roti pasta s\u016bt\u012bjumiem un pas\u0101kumiem.<\/p>\n<\/li>\n<li>\n<p data-path-to-node=\"16,2,0\"><b data-path-to-node=\"16,2,0\" data-index-in-node=\"0\">Pretsmoga s\u0113klu mais\u012bjums:<\/b> \u012apa\u0161i s\u0113klu mais\u012bjumi, kas paredz\u0113ti gaisa att\u012br\u012b\u0161anai, iepakoti videi draudz\u012bgos traukos.<\/p>\n<\/li>\n<li>\n<p data-path-to-node=\"16,3,0\"><b data-path-to-node=\"16,3,0\" data-index-in-node=\"0\">Flakonu pu\u0161\u0137i:<\/b> Unik\u0101la \u201cZieds flakon\u0101\u201d koncepcija (viena vai tr\u012bs iepakojumi) \u2013 minim\u0101listiska, moderna pieeja ziedu d\u0101van\u0101m.<\/p>\n<\/li>\n<li>\n<p data-path-to-node=\"16,4,0\"><b data-path-to-node=\"16,4,0\" data-index-in-node=\"0\">Mini un dubultie komplekti:<\/b> Kompakti atsevi\u0161\u0137i komplekti vai \u201cdivi vien\u0101\u201d kastes da\u017e\u0101d\u012bbai.<\/p>\n<\/li>\n<\/ul>\n<h2 data-path-to-node=\"17\">Galven\u0101s iez\u012bmes<\/h2>\n<ul data-path-to-node=\"18\">\n<li>\n<p data-path-to-node=\"18,0,0\"><b data-path-to-node=\"18,0,0\" data-index-in-node=\"0\">Gatavs audz\u0113\u0161anai:<\/b> Visos komplektos ir iek\u013cautas sapres\u0113tas augsnes tabletes un augstas kvalit\u0101tes s\u0113klas (gar\u0161augi, ziedi vai koki).<\/p>\n<\/li>\n<li>\n<p data-path-to-node=\"18,1,0\"><b data-path-to-node=\"18,1,0\" data-index-in-node=\"0\">Z\u012bmola joma:<\/b> Liela virsma uz podiem, kr\u016bz\u0113m vai iepakojuma j\u016bsu logotipam un zi\u0146ojumam.<\/p>\n<\/li>\n<li>\n<p data-path-to-node=\"18,2,0\"><b data-path-to-node=\"18,2,0\" data-index-in-node=\"0\">Ilgtsp\u0113j\u012bgs v\u0113st\u012bjums:<\/b> Saista j\u016bsu z\u012bmolu ar r\u016bp\u0113m par vidi un pozit\u012bvu izaugsmi.<\/p>\n<\/li>\n<li>\n<p data-path-to-node=\"18,3,0\"><b data-path-to-node=\"18,3,0\" data-index-in-node=\"0\">Ilgsto\u0161a iedarb\u012bba:<\/b> At\u0161\u0137ir\u012bb\u0101 no skrejlapas, augs m\u0113ne\u0161iem vai pat gadiem ilgi st\u0101v uz galda, saglab\u0101jot j\u016bsu z\u012bmola redzam\u012bbu.<\/p>\n<\/li>\n<\/ul>\n<h2 data-path-to-node=\"19\">Specifik\u0101cijas<\/h2>\n<ul data-path-to-node=\"20\">\n<li>\n<p data-path-to-node=\"20,0,0\"><b data-path-to-node=\"20,0,0\" data-index-in-node=\"0\">Materi\u0101lu opcijas:<\/b> Keramika, Bio-PET plastmasa, P\u0101rstr\u0101d\u0101ts pap\u012brs\/kartons, Stikls (flakoni).<\/p>\n<\/li>\n<li>\n<p data-path-to-node=\"20,1,0\"><b data-path-to-node=\"20,1,0\" data-index-in-node=\"0\">S\u0113klu opcijas:<\/b> Baziliks, piparm\u0113tra, p\u0113ters\u012b\u013ci, saulespu\u0137es, neaizmirstul\u012bte, pretsmoga mais\u012bjums un citi.<\/p>\n<\/li>\n<li>\n<p data-path-to-node=\"20,2,0\"><b data-path-to-node=\"20,2,0\" data-index-in-node=\"0\">Druk\u0101\u0161ana:<\/b> Tampondruka (uz ciet\u0101m virsm\u0101m) vai digit\u0101l\u0101 eti\u0137ete\/apvalks (uz iepakojuma).<\/p>\n<\/li>\n<li>\n<p data-path-to-node=\"20,3,0\"><b data-path-to-node=\"20,3,0\" data-index-in-node=\"0\">Minim\u0101lais pas\u016bt\u012bjuma daudzums:<\/b> 50 vien\u012bbas (at\u0161\u0137iras atkar\u012bb\u0101 no mode\u013ca).<\/p>\n<\/li>\n<\/ul>","protected":false},"excerpt":{"rendered":"<ul data-path-to-node=\"11\">\n<li>\n<p data-path-to-node=\"11,0,0\"><b data-path-to-node=\"11,0,0\" data-index-in-node=\"0\">\u0160\u0137irne:<\/b> Pieejams keramikas (3 gab. komplekts\/XXL), Bio-PET, EcoCup vai stikla flakonu form\u0101tos.<\/p>\n<\/li>\n<li>\n<p data-path-to-node=\"11,1,0\"><b data-path-to-node=\"11,1,0\" data-index-in-node=\"0\">Pilns komplekts:<\/b> Komplekt\u0101 ietilpst viss nepiecie\u0161amais audz\u0113\u0161anai: pods\/konteiners, augsnes granulas un s\u0113klas.<\/p>\n<\/li>\n<li>\n<p data-path-to-node=\"11,2,0\"><b data-path-to-node=\"11,2,0\" data-index-in-node=\"0\">Videi draudz\u012bgs:<\/b> Ilgtsp\u0113j\u012bgi materi\u0101li, piem\u0113ram, p\u0101rstr\u0101d\u0101ta plastmasa, keramika un pretsmoga augu mais\u012bjumi.<\/p>\n<\/li>\n<li>\n<p data-path-to-node=\"11,3,0\"><b data-path-to-node=\"11,3,0\" data-index-in-node=\"0\">Piel\u0101go\u0161ana:<\/b> Tampondruka vai pilnkr\u0101su mar\u0137\u0113jums uz konteinera vai iepakojuma.<\/p>\n<\/li>\n<\/ul>","protected":false},"featured_media":6295,"comment_status":"closed","ping_status":"closed","template":"","meta":[],"product_brand":[],"product_cat":[121],"product_tag":[],"class_list":{"0":"post-6179","1":"product","2":"type-product","3":"status-publish","4":"has-post-thumbnail","6":"product_cat-promotional-merchandise","8":"first","9":"instock","10":"shipping-taxable","11":"purchasable","12":"product-type-simple"},"_links":{"self":[{"href":"https:\/\/displayproducts.eu\/lv\/wp-json\/wp\/v2\/product\/6179","targetHints":{"allow":["GET"]}}],"collection":[{"href":"https:\/\/displayproducts.eu\/lv\/wp-json\/wp\/v2\/product"}],"about":[{"href":"https:\/\/displayproducts.eu\/lv\/wp-json\/wp\/v2\/types\/product"}],"replies":[{"embeddable":true,"href":"https:\/\/displayproducts.eu\/lv\/wp-json\/wp\/v2\/comments?post=6179"}],"wp:featuredmedia":[{"embeddable":true,"href":"https:\/\/displayproducts.eu\/lv\/wp-json\/wp\/v2\/media\/6295"}],"wp:attachment":[{"href":"https:\/\/displayproducts.eu\/lv\/wp-json\/wp\/v2\/media?parent=6179"}],"wp:term":[{"taxonomy":"product_brand","embeddable":true,"href":"https:\/\/displayproducts.eu\/lv\/wp-json\/wp\/v2\/product_brand?post=6179"},{"taxonomy":"product_cat","embeddable":true,"href":"https:\/\/displayproducts.eu\/lv\/wp-json\/wp\/v2\/product_cat?post=6179"},{"taxonomy":"product_tag","embeddable":true,"href":"https:\/\/displayproducts.eu\/lv\/wp-json\/wp\/v2\/product_tag?post=6179"}],"curies":[{"name":"wp","href":"https:\/\/api.w.org\/{rel}","templated":true}]}}