{"id":6171,"date":"2025-12-19T22:38:05","date_gmt":"2025-12-19T19:38:05","guid":{"rendered":"https:\/\/wristbandfactory.eu\/?post_type=product&#038;p=6171"},"modified":"2026-04-01T21:52:34","modified_gmt":"2026-04-01T18:52:34","slug":"custom-handheld-led-mini-fans-battery-operated","status":"publish","type":"product","link":"https:\/\/displayproducts.eu\/lv\/p\/custom-handheld-led-mini-fans-battery-operated\/","title":{"rendered":"Rokas LED ventilatori"},"content":{"rendered":"<div style=\"width: 480px;\" class=\"wp-video\"><video class=\"wp-video-shortcode\" id=\"video-6171-1\" width=\"480\" height=\"834\" preload=\"metadata\" controls=\"controls\"><source type=\"video\/mp4\" src=\"https:\/\/displayproducts.eu\/wp-content\/uploads\/2025\/12\/wedding-fan.mp4?_=1\" \/><a href=\"https:\/\/displayproducts.eu\/wp-content\/uploads\/2025\/12\/wedding-fan.mp4\">https:\/\/displayproducts.eu\/wp-content\/uploads\/2025\/12\/wedding-fan.mp4<\/a><\/video><\/div>\n<p data-path-to-node=\"10\">P\u0101rveidojiet jebkuru deju gr\u012bdu vai nakts pas\u0101kumu par mirdzo\u0161u izr\u0101di ar m\u016bsu piel\u0101gotajiem rokas LED ventilatoriem. Tie nav tikai dzes\u0113\u0161anas aksesu\u0101ri; tie ir iespaid\u012bgi vizu\u0101li aksesu\u0101ri, ko viesi labpr\u0101t izmanto fotogr\u0101fij\u0101m un soci\u0101lajiem medijiem. \u012apa\u0161i popul\u0101ri k\u0101zu &quot;p\u0113cball\u012bt\u0113s&quot; un m\u016bzikas festiv\u0101los, \u0161ie ventilatori apvieno salok\u0101m\u0101 ventilatora tradicion\u0101lo eleganci ar modernu LED tehnolo\u0123iju.<\/p>\n<p data-path-to-node=\"11\">Pieejami da\u017e\u0101d\u0101s auduma kr\u0101s\u0101s (tostarp klasiski balt\u0101 k\u0101z\u0101m) un LED kr\u0101s\u0101s, tos var z\u012bmola veid\u0101 piel\u0101got j\u016bsu pas\u0101kuma t\u0113mai. Neatkar\u012bgi no t\u0101, vai tie tiek izmantoti v\u0113rien\u012bg\u0101 ball\u012bt\u0113 vai int\u012bm\u0101 k\u0101zu pie\u0146em\u0161an\u0101, \u0161ie v\u0113dek\u013ci nodro\u0161in\u0101s, ka j\u016bsu z\u012bmols vai v\u0113st\u012bjums spilgti sp\u012bd\u0113s tums\u0101.<\/p>\n<h2 data-path-to-node=\"12\">Galven\u0101s iez\u012bmes<\/h2>\n<ul data-path-to-node=\"13\">\n<li>\n<p data-path-to-node=\"13,0,0\"><b data-path-to-node=\"13,0,0\" data-index-in-node=\"0\">Atmosf\u0113ras rad\u012bt\u0101js:<\/b> Rada t\u016bl\u012bt\u0113ju \u201cwow\u201d efektu, kad gaismas nodziest.<\/p>\n<\/li>\n<li>\n<p data-path-to-node=\"13,1,0\"><b data-path-to-node=\"13,1,0\" data-index-in-node=\"0\">Liela z\u012bmola veido\u0161anas zona:<\/b> Auduma virsma pied\u0101v\u0101 pietiekami daudz vietas logotipu, mirk\u013cbirku vai k\u0101zu datumu druk\u0101\u0161anai.<\/p>\n<\/li>\n<li>\n<p data-path-to-node=\"13,2,0\"><b data-path-to-node=\"13,2,0\" data-index-in-node=\"0\">Lietot\u0101jam draudz\u012bgs:<\/b> Vienk\u0101r\u0161a vienas pogas darb\u012bba, lai p\u0101rsl\u0113gtos starp mirgo\u0161anas re\u017e\u012bmiem.<\/p>\n<\/li>\n<li>\n<p data-path-to-node=\"13,3,0\"><b data-path-to-node=\"13,3,0\" data-index-in-node=\"0\">Iztur\u012bga konstrukcija:<\/b> Izgatavots no iztur\u012bg\u0101m plastmasas rib\u0101m un gaismu izklied\u0113jo\u0161a auduma, lai iztur\u0113tu intens\u012bvu lieto\u0161anu.<\/p>\n<\/li>\n<\/ul>\n<h2 data-path-to-node=\"14\">Specifik\u0101cijas<\/h2>\n<ul data-path-to-node=\"15\">\n<li>\n<p data-path-to-node=\"15,0,0\"><b data-path-to-node=\"15,0,0\" data-index-in-node=\"0\">Materi\u0101ls:<\/b> Plastmasas ribas + gaismu izklied\u0113jo\u0161s neilona\/poliestera audums.<\/p>\n<\/li>\n<li>\n<p data-path-to-node=\"15,1,0\"><b data-path-to-node=\"15,1,0\" data-index-in-node=\"0\">Izm\u0113rs:<\/b> Aptuveni 27 cm (saloc\u012bt\u0101 veid\u0101) \/ 48\u201350 cm (atv\u0113rt\u0101 veid\u0101).<\/p>\n<\/li>\n<li>\n<p data-path-to-node=\"15,2,0\"><b data-path-to-node=\"15,2,0\" data-index-in-node=\"0\">LED kr\u0101sas:<\/b> Balta, zila, sarkana, za\u013ca, roz\u0101, RGB (daudzkr\u0101saina).<\/p>\n<\/li>\n<li>\n<p data-path-to-node=\"15,3,0\"><b data-path-to-node=\"15,3,0\" data-index-in-node=\"0\">Baterijas:<\/b> Iek\u013cauts un nomain\u0101ms (parasti CR2032 vai l\u012bdz\u012bgs).<\/p>\n<\/li>\n<li>\n<p data-path-to-node=\"15,4,0\"><b data-path-to-node=\"15,4,0\" data-index-in-node=\"0\">Druk\u0101\u0161anas metode:<\/b> Sietspiede uz auduma vai roktura.<\/p>\n<\/li>\n<\/ul>\n<h2 data-path-to-node=\"16\">Lieto\u0161anas gad\u012bjumi<\/h2>\n<ul data-path-to-node=\"17\">\n<li>\n<p data-path-to-node=\"17,0,0\"><b data-path-to-node=\"17,0,0\" data-index-in-node=\"0\">K\u0101zas:<\/b> Vislab\u0101k\u0101 ball\u012b\u0161u d\u0101vana v\u0113lu vakara deju gr\u012bdai (\u012bpa\u0161i baltajiem faniem).<\/p>\n<\/li>\n<li>\n<p data-path-to-node=\"17,1,0\"><b data-path-to-node=\"17,1,0\" data-index-in-node=\"0\">M\u016bzikas festiv\u0101li un reivi:<\/b> Apmekl\u0113t\u0101jiem \u013coti piepras\u012btas preces.<\/p>\n<\/li>\n<li>\n<p data-path-to-node=\"17,2,0\"><b data-path-to-node=\"17,2,0\" data-index-in-node=\"0\">Naktsklubi:<\/b> Firmas aksesu\u0101ri VIP galdi\u0146iem vai tematiskiem vakariem.<\/p>\n<\/li>\n<li>\n<p data-path-to-node=\"17,3,0\"><b data-path-to-node=\"17,3,0\" data-index-in-node=\"0\">Korporat\u012bv\u0101s ball\u012btes:<\/b> Jautras, iepriecino\u0161as d\u0101vanas, kas iepriecina norises vietu.<\/p>\n<\/li>\n<\/ul>","protected":false},"excerpt":{"rendered":"<ul>\n<li>\n<p data-path-to-node=\"9,0,0\"><b data-path-to-node=\"9,0,0\" data-index-in-node=\"0\">Divk\u0101r\u0161a funkcija:<\/b> Uztur viesus v\u0113sum\u0101, vienlaikus radot satrieco\u0161u gaismas \u0161ovu.<\/p>\n<\/li>\n<li>\n<p data-path-to-node=\"9,1,0\"><b data-path-to-node=\"9,1,0\" data-index-in-node=\"0\">Piel\u0101gojams:<\/b> Uz auduma vai roktura uzdruk\u0101jiet savu logotipu vai pas\u0101kuma datumu.<\/p>\n<\/li>\n<li>\n<p data-path-to-node=\"9,2,0\"><b data-path-to-node=\"9,2,0\" data-index-in-node=\"0\">Apgaismojuma re\u017e\u012bmi:<\/b> Vair\u0101ki iestat\u012bjumi (\u0101tra mirgo\u0161ana, l\u0113na mirgo\u0161ana, nep\u0101rtraukta iesl\u0113g\u0161ana).<\/p>\n<\/li>\n<li>\n<p data-path-to-node=\"9,3,0\"><b data-path-to-node=\"9,3,0\" data-index-in-node=\"0\">Darbojas ar baterij\u0101m:<\/b> Iek\u013cautas ilgsto\u0161as un nomain\u0101mas baterijas.<\/p>\n<\/li>\n<\/ul>","protected":false},"featured_media":6172,"comment_status":"closed","ping_status":"closed","template":"","meta":[],"product_brand":[],"product_cat":[76,123],"product_tag":[],"class_list":{"0":"post-6171","1":"product","2":"type-product","3":"status-publish","4":"has-post-thumbnail","6":"product_cat-glow-led-products","7":"product_cat-fan-cheering-items","9":"first","10":"instock","11":"shipping-taxable","12":"purchasable","13":"product-type-simple"},"_links":{"self":[{"href":"https:\/\/displayproducts.eu\/lv\/wp-json\/wp\/v2\/product\/6171","targetHints":{"allow":["GET"]}}],"collection":[{"href":"https:\/\/displayproducts.eu\/lv\/wp-json\/wp\/v2\/product"}],"about":[{"href":"https:\/\/displayproducts.eu\/lv\/wp-json\/wp\/v2\/types\/product"}],"replies":[{"embeddable":true,"href":"https:\/\/displayproducts.eu\/lv\/wp-json\/wp\/v2\/comments?post=6171"}],"wp:featuredmedia":[{"embeddable":true,"href":"https:\/\/displayproducts.eu\/lv\/wp-json\/wp\/v2\/media\/6172"}],"wp:attachment":[{"href":"https:\/\/displayproducts.eu\/lv\/wp-json\/wp\/v2\/media?parent=6171"}],"wp:term":[{"taxonomy":"product_brand","embeddable":true,"href":"https:\/\/displayproducts.eu\/lv\/wp-json\/wp\/v2\/product_brand?post=6171"},{"taxonomy":"product_cat","embeddable":true,"href":"https:\/\/displayproducts.eu\/lv\/wp-json\/wp\/v2\/product_cat?post=6171"},{"taxonomy":"product_tag","embeddable":true,"href":"https:\/\/displayproducts.eu\/lv\/wp-json\/wp\/v2\/product_tag?post=6171"}],"curies":[{"name":"wp","href":"https:\/\/api.w.org\/{rel}","templated":true}]}}