{"id":6165,"date":"2025-12-19T22:29:34","date_gmt":"2025-12-19T19:29:34","guid":{"rendered":"https:\/\/wristbandfactory.eu\/?post_type=product&#038;p=6165"},"modified":"2026-04-01T21:52:34","modified_gmt":"2026-04-01T18:52:34","slug":"custom-luggage-tags-bamboo-waterproof-paper-shaped","status":"publish","type":"product","link":"https:\/\/displayproducts.eu\/lv\/p\/custom-luggage-tags-bamboo-waterproof-paper-shaped\/","title":{"rendered":"\u010cemod\u0101nu birkas ar apdruku"},"content":{"rendered":"<p data-path-to-node=\"9\">Ce\u013co\u0161ana rada iespaidu, un m\u016bsu piel\u0101goto bag\u0101\u017eas birku kl\u0101sts nodro\u0161ina, ka j\u016bsu z\u012bmols non\u0101k tur, kurp dodas j\u016bsu klienti. \u0160\u012b produktu l\u012bnija, kas rad\u012bta iztur\u012bbai un redzam\u012bbai, pied\u0101v\u0101 elast\u012bbu, lai atbilstu j\u016bsu m\u0101rketinga bud\u017eetam un stilam \u2014 neatkar\u012bgi no t\u0101, vai jums nepiecie\u0161ama izmaksu zi\u0146\u0101 efekt\u012bva masveida d\u0101vana vai augst\u0101k\u0101s kvalit\u0101tes videi draudz\u012bga d\u0101vana.<\/p>\n<p data-path-to-node=\"10\"><b data-path-to-node=\"10\" data-index-in-node=\"0\">Izv\u0113lies savu stilu:<\/b><\/p>\n<ol start=\"1\" data-path-to-node=\"11\">\n<li>\n<p data-path-to-node=\"11,0,0\"><b data-path-to-node=\"11,0,0\" data-index-in-node=\"0\">Sint\u0113tisk\u0101s pap\u012bra birkas (\u016bdensnecaurlaid\u012bgas un pl\u012bstiztur\u012bgas):<\/b> Ne\u013caujiet v\u0101rdam \u201cpap\u012brs\u201d j\u016bs apm\u0101n\u012bt. \u0160is uzlabotais sint\u0113tiskais materi\u0101ls ir piln\u012bgi \u016bdensiztur\u012bgs un iztur\u012bgs pret pl\u012bsumiem, padarot to ide\u0101li piem\u0113rotu ce\u013cojumiem.<\/p>\n<ul data-path-to-node=\"11,0,1\">\n<li>\n<p data-path-to-node=\"11,0,1,0,0\"><b data-path-to-node=\"11,0,1,0,0\" data-index-in-node=\"0\">Standarta forma:<\/b> Maksim\u0101la z\u012bmola plat\u012bba logotipiem un kontaktinform\u0101cijai.<\/p>\n<\/li>\n<li>\n<p data-path-to-node=\"11,0,1,1,0\"><b data-path-to-node=\"11,0,1,1,0\" data-index-in-node=\"0\">Lidma\u0161\u012bnas forma:<\/b> Jautrs, izgriezts avi\u0101cijas dizains, kas ir ide\u0101li piem\u0113rots t\u016brisma d\u0113l\u0113m un aviokomp\u0101nij\u0101m.<\/p>\n<\/li>\n<li>\n<p data-path-to-node=\"11,0,1,2,0\"><i data-path-to-node=\"11,0,1,2,0\" data-index-in-node=\"0\">Iek\u013cauta pilnkr\u0101su apdruka priek\u0161pus\u0113.<\/i><\/p>\n<\/li>\n<\/ul>\n<\/li>\n<li>\n<p data-path-to-node=\"11,1,0\"><b data-path-to-node=\"11,1,0\" data-index-in-node=\"0\">Bambusa birkas (Eco-Premium):<\/b> Lai ieg\u016btu ilgtsp\u0113j\u012bgu un elegantu izskatu, izv\u0113lieties m\u016bsu dab\u012bg\u0101 bambusa birkas. Stingras un at\u0161\u0137ir\u012bgas, t\u0101s izce\u013cas uz rot\u0101jumu ru\u013c\u013ca.<\/p>\n<ul data-path-to-node=\"11,1,1\">\n<li>\n<p data-path-to-node=\"11,1,1,0,0\"><i data-path-to-node=\"11,1,1,0,0\" data-index-in-node=\"0\">Komplekt\u0101 ietilpst plastmasas siksni\u0146a un spr\u0101dze dro\u0161ai piestiprin\u0101\u0161anai.<\/i><\/p>\n<\/li>\n<\/ul>\n<\/li>\n<\/ol>\n<h2 data-path-to-node=\"12\">Galven\u0101s iez\u012bmes<\/h2>\n<ul data-path-to-node=\"13\">\n<li>\n<p data-path-to-node=\"13,0,0\"><b data-path-to-node=\"13,0,0\" data-index-in-node=\"0\">Daudzpus\u012bba:<\/b> Viens produktu saraksts, vair\u0101ki risin\u0101jumi. Kombin\u0113jiet un piel\u0101gojiet da\u017e\u0101diem klientu segmentiem (piem\u0113ram, pap\u012brs ekonomisk\u0101s klases pasa\u017eieriem, bambuss VIP person\u0101m).<\/p>\n<\/li>\n<li>\n<p data-path-to-node=\"13,1,0\"><b data-path-to-node=\"13,1,0\" data-index-in-node=\"0\">\u012apa\u0161a iztur\u012bba:<\/b> Sint\u0113tiskais pap\u012brs iztur lietu, mitrumu un rupju bag\u0101\u017eas apstr\u0101di, nepl\u012bstot.<\/p>\n<\/li>\n<li>\n<p data-path-to-node=\"13,2,0\"><b data-path-to-node=\"13,2,0\" data-index-in-node=\"0\">Ekolo\u0123iski apzin\u012bgs:<\/b> Bambuss pied\u0101v\u0101 atjaunojama materi\u0101la iesp\u0113ju za\u013c\u0101 m\u0101rketinga kampa\u0146\u0101m.<\/p>\n<\/li>\n<li>\n<p data-path-to-node=\"13,3,0\"><b data-path-to-node=\"13,3,0\" data-index-in-node=\"0\">Augsta redzam\u012bba:<\/b> Lieli drukas laukumi nodro\u0161ina, ka j\u016bsu logotips ir redzams lidost\u0101s vis\u0101 pasaul\u0113.<\/p>\n<\/li>\n<\/ul>\n<h2 data-path-to-node=\"14\">Specifik\u0101cijas<\/h2>\n<ul data-path-to-node=\"15\">\n<li>\n<p data-path-to-node=\"15,0,0\"><b data-path-to-node=\"15,0,0\" data-index-in-node=\"0\">Materi\u0101li:<\/b> Sint\u0113tiskais pap\u012brs (polipropil\u0113na mais\u012bjums) VAI dab\u012bgais bambuss.<\/p>\n<\/li>\n<li>\n<p data-path-to-node=\"15,1,0\"><b data-path-to-node=\"15,1,0\" data-index-in-node=\"0\">Pap\u012bra eti\u0137e\u0161u \u012bpa\u0161\u012bbas:<\/b> \u016adensiztur\u012bgs, pl\u012bsumiztur\u012bgs, elast\u012bgs.<\/p>\n<\/li>\n<li>\n<p data-path-to-node=\"15,2,0\"><b data-path-to-node=\"15,2,0\" data-index-in-node=\"0\">Bambusa birkas \u012bpa\u0161\u012bbas:<\/b> Stingra, dab\u012bga tekst\u016bra.<\/p>\n<\/li>\n<li>\n<p data-path-to-node=\"15,3,0\"><b data-path-to-node=\"15,3,0\" data-index-in-node=\"0\">Formas:<\/b> Taisnst\u016brveida (aptuveni 85 x 54 mm) vai lidma\u0161\u012bnas formas izgriezums.<\/p>\n<\/li>\n<li>\n<p data-path-to-node=\"15,4,0\"><b data-path-to-node=\"15,4,0\" data-index-in-node=\"0\">Pielikums:<\/b> Plastmasas lentas ar spr\u0101dzi (bambusa) vai cilpas meh\u0101nismu.<\/p>\n<\/li>\n<li>\n<p data-path-to-node=\"15,5,0\"><b data-path-to-node=\"15,5,0\" data-index-in-node=\"0\">Minim\u0101lais pas\u016bt\u012bjuma daudzums:<\/b> 250 gab. (pap\u012bra mode\u013ciem).<\/p>\n<\/li>\n<\/ul>\n<h2 data-path-to-node=\"16\">Lieto\u0161anas gad\u012bjumi<\/h2>\n<ul data-path-to-node=\"17\">\n<li>\n<p data-path-to-node=\"17,0,0\"><b data-path-to-node=\"17,0,0\" data-index-in-node=\"0\">T\u016broperatori:<\/b> Ce\u013cojuma dokumentu maci\u0146iem pievienojiet firmas birku.<\/p>\n<\/li>\n<li>\n<p data-path-to-node=\"17,1,0\"><b data-path-to-node=\"17,1,0\" data-index-in-node=\"0\">Korporat\u012bv\u0101s atp\u016btas:<\/b> Viegli identific\u0113jiet komandas bag\u0101\u017eu grupas ce\u013cojuma laik\u0101.<\/p>\n<\/li>\n<li>\n<p data-path-to-node=\"17,2,0\"><b data-path-to-node=\"17,2,0\" data-index-in-node=\"0\">Viesn\u012bcas:<\/b> Neaizmirstama d\u0101vana viesiem pirms izrakst\u012b\u0161an\u0101s.<\/p>\n<\/li>\n<li>\n<p data-path-to-node=\"17,3,0\"><b data-path-to-node=\"17,3,0\" data-index-in-node=\"0\">Lo\u0123istika:<\/b> Iztur\u012bga kravu un nestandarta kravu mar\u0137\u0113\u0161ana.<\/p>\n<\/li>\n<\/ul>","protected":false},"excerpt":{"rendered":"<ul>\n<li>\n<p data-path-to-node=\"8,0,0\"><b data-path-to-node=\"8,0,0\" data-index-in-node=\"0\">Materi\u0101la izv\u0113le:<\/b> Izv\u0113lieties starp stingru bambusa vai elast\u012bgu, pl\u012bsto\u0161u pap\u012bru.<\/p>\n<\/li>\n<li>\n<p data-path-to-node=\"8,1,0\"><b data-path-to-node=\"8,1,0\" data-index-in-node=\"0\">Formas:<\/b> Pieejams standarta taisnst\u016bra vai tematisk\u0101s lidma\u0161\u012bnas form\u0101s.<\/p>\n<\/li>\n<li>\n<p data-path-to-node=\"8,2,0\"><b data-path-to-node=\"8,2,0\" data-index-in-node=\"0\">Iztur\u012bba:<\/b> \u016adensiztur\u012bgs un rad\u012bts, lai iztur\u0113tu ce\u013cojumus vis\u0101 pasaul\u0113.<\/p>\n<\/li>\n<li>\n<p data-path-to-node=\"8,3,0\"><b data-path-to-node=\"8,3,0\" data-index-in-node=\"0\">Z\u012bmola veido\u0161ana:<\/b> Pilnkr\u0101su druka (pap\u012brs) vai l\u0101zergrav\u0113\u0161ana\/druka (bambuss).<\/p>\n<\/li>\n<\/ul>","protected":false},"featured_media":6304,"comment_status":"closed","ping_status":"closed","template":"","meta":[],"product_brand":[],"product_cat":[129,122],"product_tag":[],"class_list":{"0":"post-6165","1":"product","2":"type-product","3":"status-publish","4":"has-post-thumbnail","6":"product_cat-leisure-lifestyle","7":"product_cat-promotional-accessories","9":"first","10":"instock","11":"shipping-taxable","12":"purchasable","13":"product-type-simple"},"_links":{"self":[{"href":"https:\/\/displayproducts.eu\/lv\/wp-json\/wp\/v2\/product\/6165","targetHints":{"allow":["GET"]}}],"collection":[{"href":"https:\/\/displayproducts.eu\/lv\/wp-json\/wp\/v2\/product"}],"about":[{"href":"https:\/\/displayproducts.eu\/lv\/wp-json\/wp\/v2\/types\/product"}],"replies":[{"embeddable":true,"href":"https:\/\/displayproducts.eu\/lv\/wp-json\/wp\/v2\/comments?post=6165"}],"wp:featuredmedia":[{"embeddable":true,"href":"https:\/\/displayproducts.eu\/lv\/wp-json\/wp\/v2\/media\/6304"}],"wp:attachment":[{"href":"https:\/\/displayproducts.eu\/lv\/wp-json\/wp\/v2\/media?parent=6165"}],"wp:term":[{"taxonomy":"product_brand","embeddable":true,"href":"https:\/\/displayproducts.eu\/lv\/wp-json\/wp\/v2\/product_brand?post=6165"},{"taxonomy":"product_cat","embeddable":true,"href":"https:\/\/displayproducts.eu\/lv\/wp-json\/wp\/v2\/product_cat?post=6165"},{"taxonomy":"product_tag","embeddable":true,"href":"https:\/\/displayproducts.eu\/lv\/wp-json\/wp\/v2\/product_tag?post=6165"}],"curies":[{"name":"wp","href":"https:\/\/api.w.org\/{rel}","templated":true}]}}