{"id":6162,"date":"2025-12-19T22:20:32","date_gmt":"2025-12-19T19:20:32","guid":{"rendered":"https:\/\/wristbandfactory.eu\/?post_type=product&#038;p=6162"},"modified":"2026-04-01T21:52:34","modified_gmt":"2026-04-01T18:52:34","slug":"colored-eva-earplugs-in-transparent-case-with-carrying-chain","status":"publish","type":"product","link":"https:\/\/displayproducts.eu\/lv\/p\/colored-eva-earplugs-in-transparent-case-with-carrying-chain\/","title":{"rendered":"Kr\u0101saini EVA ausu aizb\u0101\u017e\u0146i futr\u0101l\u012b ar \u0137\u0113d\u012bti"},"content":{"rendered":"<p data-path-to-node=\"10\">Aizsarg\u0101jiet savu apmekl\u0113t\u0101ju dzirdi stil\u012bgi, izmantojot m\u016bsu spilgt\u0101s kr\u0101sas EVA ausu aizb\u0101\u017e\u0146us. \u0160ie ausu aizb\u0101\u017e\u0146i, kas paredz\u0113ti ilgsto\u0161ai valk\u0101\u0161anai, ir izgatavoti no m\u012bksta etil\u0113nvinilacet\u0101ta (EVA), kas \u0113rti piegu\u013c auss kan\u0101lam. Katrs p\u0101ris ir ievietots iztur\u012bg\u0101, caursp\u012bd\u012bg\u0101 individu\u0101l\u0101 maci\u0146\u0101, kas apr\u012bkots ar praktisku p\u0101rn\u0113s\u0101\u0161anas \u0137\u0113d\u012bti, padarot tos viegli piestiprin\u0101mus pie atsl\u0113gu piekari\u0146iem, kakla siksni\u0146\u0101m vai r\u0101v\u0113jsl\u0113dz\u0113jiem. Neaizst\u0101jams priek\u0161mets festiv\u0101los, b\u016bvlaukumos un ce\u013cojumos.<\/p>\n<h2 data-path-to-node=\"11\">Galven\u0101s iez\u012bmes<\/h2>\n<ul data-path-to-node=\"12\">\n<li>\n<p data-path-to-node=\"12,0,0\"><b data-path-to-node=\"12,0,0\" data-index-in-node=\"0\">P\u0101rn\u0113s\u0101jams dizains:<\/b> Iek\u013caut\u0101 \u0137\u0113d\u012bte nodro\u0161ina, ka ausu aizb\u0101\u017e\u0146i vienm\u0113r ir sasniedzami un pasarg\u0101ti no net\u012brumiem, kad tie netiek lietoti.<\/p>\n<\/li>\n<li>\n<p data-path-to-node=\"12,1,0\"><b data-path-to-node=\"12,1,0\" data-index-in-node=\"0\">\u0112rta piegul\u0113\u0161ana:<\/b> M\u012bkstais EVA putu materi\u0101ls maigi izple\u0161as, nodro\u0161inot dro\u0161u piegul\u0161anu, neradot spiedienu.<\/p>\n<\/li>\n<li>\n<p data-path-to-node=\"12,2,0\"><b data-path-to-node=\"12,2,0\" data-index-in-node=\"0\">Augsta redzam\u012bba:<\/b> Pieejams ko\u0161\u0101s, ko\u0161\u0101s kr\u0101s\u0101s, kas izce\u013cas.<\/p>\n<\/li>\n<li>\n<p data-path-to-node=\"12,3,0\"><b data-path-to-node=\"12,3,0\" data-index-in-node=\"0\">Iztur\u012bgs korpuss:<\/b> Caursp\u012bd\u012bg\u0101 plastmasas kaste pied\u0101v\u0101 lielisku z\u012bmola veido\u0161anas potenci\u0101lu un aizsardz\u012bbu.<\/p>\n<\/li>\n<\/ul>\n<h2 data-path-to-node=\"13\">Specifik\u0101cijas<\/h2>\n<ul data-path-to-node=\"14\">\n<li>\n<p data-path-to-node=\"14,0,0\"><b data-path-to-node=\"14,0,0\" data-index-in-node=\"0\">Materi\u0101ls:<\/b> M\u012bkstas EVA (etil\u0113nvinilacet\u0101ta) putas.<\/p>\n<\/li>\n<li>\n<p data-path-to-node=\"14,1,0\"><b data-path-to-node=\"14,1,0\" data-index-in-node=\"0\">Korpusa materi\u0101ls:<\/b> Caursp\u012bd\u012bga plastmasa.<\/p>\n<\/li>\n<li>\n<p data-path-to-node=\"14,2,0\"><b data-path-to-node=\"14,2,0\" data-index-in-node=\"0\">Pielikums:<\/b> Met\u0101la p\u0113rl\u012b\u0161u \u0137\u0113d\u012bte \/ p\u0101rn\u0113s\u0101\u0161anas \u0137\u0113d\u012bte.<\/p>\n<\/li>\n<li>\n<p data-path-to-node=\"14,3,0\"><b data-path-to-node=\"14,3,0\" data-index-in-node=\"0\">Kr\u0101sas:<\/b> Da\u017e\u0101das spilgtas kr\u0101sas.<\/p>\n<\/li>\n<li>\n<p data-path-to-node=\"14,4,0\"><b data-path-to-node=\"14,4,0\" data-index-in-node=\"0\">Atk\u0101rtota izmanto\u0161ana:<\/b> Atk\u0101rtoti lietojams un mazg\u0101jams.<\/p>\n<\/li>\n<\/ul>\n<h2 data-path-to-node=\"15\">Lieto\u0161anas gad\u012bjumi<\/h2>\n<ul data-path-to-node=\"16\">\n<li>\n<p data-path-to-node=\"16,0,0\"><b data-path-to-node=\"16,0,0\" data-index-in-node=\"0\">M\u016bzikas festiv\u0101li un koncerti:<\/b> Nepiecie\u0161ama dzirdes aizsardz\u012bba ska\u013cai videi.<\/p>\n<\/li>\n<li>\n<p data-path-to-node=\"16,1,0\"><b data-path-to-node=\"16,1,0\" data-index-in-node=\"0\">Ce\u013co\u0161ana un avi\u0101cija:<\/b> Samazina troksni salon\u0101 mier\u012bgam braucienam.<\/p>\n<\/li>\n<li>\n<p data-path-to-node=\"16,2,0\"><b data-path-to-node=\"16,2,0\" data-index-in-node=\"0\">B\u016bvniec\u012bba un r\u016bpniec\u012bba:<\/b> Pamata dro\u0161\u012bbas apr\u012bkojums apmekl\u0113t\u0101jiem vai vieglas slodzes zon\u0101m.<\/p>\n<\/li>\n<li>\n<p data-path-to-node=\"16,3,0\"><b data-path-to-node=\"16,3,0\" data-index-in-node=\"0\">Rekl\u0101mas kampa\u0146as:<\/b> Lieliska z\u012bmola d\u0101vana vesel\u012bbas un dro\u0161\u012bbas pas\u0101kumiem.<\/p>\n<\/li>\n<\/ul>","protected":false},"excerpt":{"rendered":"<ul>\n<li>\n<p data-path-to-node=\"9,0,0\">Izgatavots no m\u012bksta, \u0113rta EVA materi\u0101la.<\/p>\n<\/li>\n<li>\n<p data-path-to-node=\"9,1,0\">Komplekt\u0101 ietilpst caursp\u012bd\u012bgs maci\u0146\u0161 ar p\u0101rn\u0113s\u0101\u0161anas \u0137\u0113d\u012bti.<\/p>\n<\/li>\n<li>\n<p data-path-to-node=\"9,2,0\">Spilgtas, labi redzamas kr\u0101sas.<\/p>\n<\/li>\n<li>\n<p data-path-to-node=\"9,3,0\">Atk\u0101rtoti lietojams un viegli t\u012br\u0101ms.<\/p>\n<\/li>\n<\/ul>","protected":false},"featured_media":6163,"comment_status":"closed","ping_status":"closed","template":"","meta":[],"product_brand":[],"product_cat":[68,121],"product_tag":[],"class_list":{"0":"post-6162","1":"product","2":"type-product","3":"status-publish","4":"has-post-thumbnail","6":"product_cat-event-supplies","7":"product_cat-promotional-merchandise","9":"first","10":"instock","11":"shipping-taxable","12":"purchasable","13":"product-type-simple"},"_links":{"self":[{"href":"https:\/\/displayproducts.eu\/lv\/wp-json\/wp\/v2\/product\/6162","targetHints":{"allow":["GET"]}}],"collection":[{"href":"https:\/\/displayproducts.eu\/lv\/wp-json\/wp\/v2\/product"}],"about":[{"href":"https:\/\/displayproducts.eu\/lv\/wp-json\/wp\/v2\/types\/product"}],"replies":[{"embeddable":true,"href":"https:\/\/displayproducts.eu\/lv\/wp-json\/wp\/v2\/comments?post=6162"}],"wp:featuredmedia":[{"embeddable":true,"href":"https:\/\/displayproducts.eu\/lv\/wp-json\/wp\/v2\/media\/6163"}],"wp:attachment":[{"href":"https:\/\/displayproducts.eu\/lv\/wp-json\/wp\/v2\/media?parent=6162"}],"wp:term":[{"taxonomy":"product_brand","embeddable":true,"href":"https:\/\/displayproducts.eu\/lv\/wp-json\/wp\/v2\/product_brand?post=6162"},{"taxonomy":"product_cat","embeddable":true,"href":"https:\/\/displayproducts.eu\/lv\/wp-json\/wp\/v2\/product_cat?post=6162"},{"taxonomy":"product_tag","embeddable":true,"href":"https:\/\/displayproducts.eu\/lv\/wp-json\/wp\/v2\/product_tag?post=6162"}],"curies":[{"name":"wp","href":"https:\/\/api.w.org\/{rel}","templated":true}]}}