{"id":6159,"date":"2025-12-19T16:35:18","date_gmt":"2025-12-19T13:35:18","guid":{"rendered":"https:\/\/wristbandfactory.eu\/?post_type=product&#038;p=6159"},"modified":"2026-04-01T21:52:34","modified_gmt":"2026-04-01T18:52:34","slug":"custom-printed-seamless-arm-sleeves-uv-protection","status":"publish","type":"product","link":"https:\/\/displayproducts.eu\/lv\/p\/custom-printed-seamless-arm-sleeves-uv-protection\/","title":{"rendered":"Sporta piedurknes ar apdruku"},"content":{"rendered":"<p data-path-to-node=\"11\">Maksim\u0101li palieliniet sava z\u012bmola atpaz\u012bstam\u012bbu \u0101ra pas\u0101kumos un sporta sacens\u012bb\u0101s ar m\u016bsu piel\u0101gotaj\u0101m, apdruk\u0101taj\u0101m, bez\u0161uvju piedurkn\u0113m. \u0160ie daudzpus\u012bgie aksesu\u0101ri ir nepiecie\u0161ami skr\u0113j\u0113jiem, rite\u0146brauc\u0113jiem un \u0101ra person\u0101lam, pied\u0101v\u0101jot lielu, kust\u012bgu audeklu j\u016bsu logotipam vai m\u0101kslas darbam.<\/p>\n<p data-path-to-node=\"12\">At\u0161\u0137ir\u012bb\u0101 no standarta sietspiedes piedurkn\u0113m, m\u016bsu piedurk\u0146u izgatavo\u0161anai tiek izmantota sublim\u0101cijas tehnolo\u0123ija. Tas noz\u012bm\u0113, ka dizains tiek iestr\u0101d\u0101ts auduma \u0161\u0137iedr\u0101s, nodro\u0161inot, ka apdruka nekad neplais\u0101, nelob\u0101s un neizbal\u0113, vienlaikus saglab\u0101jot auduma elpojam\u012bbu un elast\u012bbu.<\/p>\n<h2 data-path-to-node=\"13\">Galven\u0101s iez\u012bmes<\/h2>\n<ul data-path-to-node=\"14\">\n<li>\n<p data-path-to-node=\"14,0,0\"><b data-path-to-node=\"14,0,0\" data-index-in-node=\"0\">Bez\u0161uvju konstrukcija:<\/b> Cauru\u013cveida ad\u012bjuma dizains nov\u0113r\u0161 s\u0101nu v\u012bles, nov\u0113r\u0161ot berzi un kairin\u0101jumu ilgsto\u0161as valk\u0101\u0161anas laik\u0101.<\/p>\n<\/li>\n<li>\n<p data-path-to-node=\"14,1,0\"><b data-path-to-node=\"14,1,0\" data-index-in-node=\"0\"><span class=\"citation-32\">Saules un \u0101das aizsardz\u012bba:<\/span><\/b><span class=\"citation-32 citation-end-32\"> Nodro\u0161ina efekt\u012bvu barjeru pret kait\u012bgiem UV stariem un aizsarg\u0101 \u0101du no apdegumiem vai skr\u0101p\u0113jumiem.<\/span><\/p>\n<div class=\"source-inline-chip-container ng-star-inserted\"><\/div>\n<\/li>\n<li>\n<p data-path-to-node=\"14,2,0\"><b data-path-to-node=\"14,2,0\" data-index-in-node=\"0\">Elast\u012bga piegriezne:<\/b> Poliestera un elast\u0101na mais\u012bjums nodro\u0161ina, ka piedurknes dro\u0161i turas viet\u0101, neierobe\u017eojot kust\u012bbas.<\/p>\n<\/li>\n<li>\n<p data-path-to-node=\"14,3,0\"><b data-path-to-node=\"14,3,0\" data-index-in-node=\"0\">Spilgta piel\u0101go\u0161ana:<\/b> Piln\u012bgas virsmas apdruka \u013cauj perfekti atveidot sare\u017e\u0123\u012btus gradientus, fotoatt\u0113lus un z\u012bmolu kr\u0101sas.<\/p>\n<\/li>\n<\/ul>\n<h2 data-path-to-node=\"15\">Specifik\u0101cijas<\/h2>\n<ul data-path-to-node=\"16\">\n<li>\n<p data-path-to-node=\"16,0,0\"><b data-path-to-node=\"16,0,0\" data-index-in-node=\"0\">Materi\u0101ls:<\/b> 160 g\/m\u00b2 tehniskais audums (95% poliesters \/ 5% elast\u0101ns).<\/p>\n<\/li>\n<li>\n<p data-path-to-node=\"16,1,0\"><b data-path-to-node=\"16,1,0\" data-index-in-node=\"0\">Drukas tehnika:<\/b> Pilnkr\u0101su kr\u0101su sublim\u0101cija.<\/p>\n<\/li>\n<li>\n<p data-path-to-node=\"16,2,0\"><b data-path-to-node=\"16,2,0\" data-index-in-node=\"0\">Iepakojums:<\/b> P\u0101rdod p\u0101r\u012b (1 gabals = 2 piedurknes).<\/p>\n<\/li>\n<li>\n<p data-path-to-node=\"16,3,0\"><b data-path-to-node=\"16,3,0\" data-index-in-node=\"0\">Izm\u0113ri (vid\u0113js):<\/b> 7 cm (plaukstas loc\u012btava) x 8 cm (aug\u0161delms) x 37 cm (garums).<\/p>\n<\/li>\n<li>\n<p data-path-to-node=\"16,4,0\"><b data-path-to-node=\"16,4,0\" data-index-in-node=\"0\">Izm\u0113ri (liels):<\/b> 9 cm (plaukstas loc\u012btava) x 11 cm (aug\u0161delms) x 44 cm (garums).<\/p>\n<\/li>\n<\/ul>\n<h2 data-path-to-node=\"17\">Lieto\u0161anas gad\u012bjumi<\/h2>\n<ul data-path-to-node=\"18\">\n<li>\n<p data-path-to-node=\"18,0,0\"><b data-path-to-node=\"18,0,0\" data-index-in-node=\"0\">Maratoni un rite\u0146brauk\u0161anas pas\u0101kumi:<\/b> Dal\u012bbniekiem nepiecie\u0161amais apr\u012bkojums d\u0101vanu maisi\u0146os.<\/p>\n<\/li>\n<li>\n<p data-path-to-node=\"18,1,0\"><b data-path-to-node=\"18,1,0\" data-index-in-node=\"0\">Komandas formas t\u0113rpi:<\/b> Vienots basketbola, volejbola vai e-sporta komandu izskats.<\/p>\n<\/li>\n<li>\n<p data-path-to-node=\"18,2,0\"><b data-path-to-node=\"18,2,0\" data-index-in-node=\"0\">\u0100ra darbasp\u0113ks:<\/b> Aizsardz\u012bba darbiniekiem, kas str\u0101d\u0101 tie\u0161os saules staros (ainavu veido\u0161ana, pas\u0101kumu apsardze).<\/p>\n<\/li>\n<li>\n<p data-path-to-node=\"18,3,0\"><b data-path-to-node=\"18,3,0\" data-index-in-node=\"0\">Pre\u010du p\u0101rdo\u0161ana:<\/b> Augstas pe\u013c\u0146as prece sporta z\u0101les vai kluba veikaliem.<\/p>\n<\/li>\n<\/ul>","protected":false},"excerpt":{"rendered":"<ul>\n<li>\n<p data-path-to-node=\"10,0,0\"><b data-path-to-node=\"10,0,0\" data-index-in-node=\"0\">Nevainojams komforts:<\/b> Nav kairino\u0161u v\u012b\u013cu, kas nodro\u0161ina maksim\u0101lu komfortu fizisko aktivit\u0101\u0161u laik\u0101.<\/p>\n<\/li>\n<li>\n<p data-path-to-node=\"10,1,0\"><b data-path-to-node=\"10,1,0\" data-index-in-node=\"0\">Pilnkr\u0101su z\u012bmols:<\/b> Sublim\u0101cijas druka no malas l\u012bdz malai paver neierobe\u017eotas dizaina iesp\u0113jas.<\/p>\n<\/li>\n<li>\n<p data-path-to-node=\"10,2,0\"><b data-path-to-node=\"10,2,0\" data-index-in-node=\"0\"><span class=\"citation-33\">UV un skr\u0101p\u0113jumu aizsardz\u012bba:<\/span><\/b><span class=\"citation-33 citation-end-33\"> Aizsarg\u0101 rokas no saules iedarb\u012bbas un nelieliem nobr\u0101zumiem.<\/span><\/p>\n<\/li>\n<li>\n<p data-path-to-node=\"10,3,0\"><b data-path-to-node=\"10,3,0\" data-index-in-node=\"0\">P\u0101rdod p\u0101r\u012b:<\/b> Vien\u0101 vien\u012bb\u0101 ietilpst gan kreis\u0101, gan lab\u0101 piedurkne.<\/p>\n<\/li>\n<\/ul>","protected":false},"featured_media":6160,"comment_status":"closed","ping_status":"closed","template":"","meta":[],"product_brand":[],"product_cat":[118],"product_tag":[],"class_list":{"0":"post-6159","1":"product","2":"type-product","3":"status-publish","4":"has-post-thumbnail","6":"product_cat-sports-fitness","8":"first","9":"instock","10":"shipping-taxable","11":"purchasable","12":"product-type-simple"},"_links":{"self":[{"href":"https:\/\/displayproducts.eu\/lv\/wp-json\/wp\/v2\/product\/6159","targetHints":{"allow":["GET"]}}],"collection":[{"href":"https:\/\/displayproducts.eu\/lv\/wp-json\/wp\/v2\/product"}],"about":[{"href":"https:\/\/displayproducts.eu\/lv\/wp-json\/wp\/v2\/types\/product"}],"replies":[{"embeddable":true,"href":"https:\/\/displayproducts.eu\/lv\/wp-json\/wp\/v2\/comments?post=6159"}],"wp:featuredmedia":[{"embeddable":true,"href":"https:\/\/displayproducts.eu\/lv\/wp-json\/wp\/v2\/media\/6160"}],"wp:attachment":[{"href":"https:\/\/displayproducts.eu\/lv\/wp-json\/wp\/v2\/media?parent=6159"}],"wp:term":[{"taxonomy":"product_brand","embeddable":true,"href":"https:\/\/displayproducts.eu\/lv\/wp-json\/wp\/v2\/product_brand?post=6159"},{"taxonomy":"product_cat","embeddable":true,"href":"https:\/\/displayproducts.eu\/lv\/wp-json\/wp\/v2\/product_cat?post=6159"},{"taxonomy":"product_tag","embeddable":true,"href":"https:\/\/displayproducts.eu\/lv\/wp-json\/wp\/v2\/product_tag?post=6159"}],"curies":[{"name":"wp","href":"https:\/\/api.w.org\/{rel}","templated":true}]}}