{"id":6155,"date":"2025-12-19T16:20:46","date_gmt":"2025-12-19T13:20:46","guid":{"rendered":"https:\/\/wristbandfactory.eu\/?post_type=product&#038;p=6155"},"modified":"2026-04-01T21:52:03","modified_gmt":"2026-04-01T18:52:03","slug":"custom-beach-slippers-with-logo-sand-imprint-sole","status":"publish","type":"product","link":"https:\/\/displayproducts.eu\/lv\/p\/custom-beach-slippers-with-logo-sand-imprint-sole\/","title":{"rendered":"Pludmales \u010d\u012bbas ar logo un smil\u0161u nospiedumu"},"content":{"rendered":"<p data-path-to-node=\"12\">Paaugstiniet savas vasaras m\u0101rketinga kampa\u0146as vai viesn\u012bcas \u0113rt\u012bbas ar m\u016bsu piln\u012bb\u0101 piel\u0101gojam\u0101m pludmales \u010d\u012bb\u0101m. \u0160\u012bs ie\u0161\u013c\u016bcenes, kas rad\u012btas maksim\u0101lai z\u012bmola atpaz\u012bstam\u012bbai, pied\u0101v\u0101 unik\u0101lu staig\u0101jo\u0161a rekl\u0101mas stenda efektu. Neatkar\u012bgi no t\u0101, vai t\u0101s ir paredz\u0113tas korporat\u012bvam pas\u0101kumam, spa d\u0101vanai vai vasaras festiv\u0101la balvai, m\u0113s pied\u0101v\u0101jam piln\u012bgu kr\u0101su saska\u0146o\u0161anu, lai t\u0101s prec\u012bzi atbilstu j\u016bsu z\u012bmola identit\u0101tei.<\/p>\n<p data-path-to-node=\"13\">At\u0161\u0137ir\u012bb\u0101 no standarta rekl\u0101mas apaviem, m\u016bsu \u010d\u012bbas pied\u0101v\u0101 inovat\u012bvas z\u012bmola veido\u0161anas metodes uz zoles, kas katru soli p\u0101rv\u0113r\u0161 par iespaidu.<\/p>\n<h2 data-path-to-node=\"14\">Galven\u0101s iez\u012bmes<\/h2>\n<ul data-path-to-node=\"15\">\n<li>\n<p data-path-to-node=\"15,0,0\"><b data-path-to-node=\"15,0,0\" data-index-in-node=\"0\">Pantone kr\u0101su saska\u0146o\u0161ana:<\/b> M\u0113s varam piel\u0101got zoles un lentas kr\u0101sas j\u016bsu konkr\u0113tajam z\u012bmola PMS kodiem bez papildu iestat\u012b\u0161anas maksas.<\/p>\n<\/li>\n<li>\n<p data-path-to-node=\"15,1,0\"><b data-path-to-node=\"15,1,0\" data-index-in-node=\"0\">Izgriezta \u201csmil\u0161u apdruka\u201d:<\/b> Zole ir aptuveni 5 mm dzi\u013ca. Staig\u0101jot pa m\u012bkst\u0101m smilt\u012bm, \u010d\u012bbas atst\u0101j izteiktu j\u016bsu logotipa vai zi\u0146ojuma nospiedumu.<\/p>\n<\/li>\n<li>\n<p data-path-to-node=\"15,2,0\"><b data-path-to-node=\"15,2,0\" data-index-in-node=\"0\">Apak\u0161\u0113j\u0101s zoles reljefs:<\/b> Lai ieg\u016btu s\u012bk\u0101ku inform\u0101ciju, m\u0113s varam iespiest j\u016bsu logotipu aptuveni 2 mm dzi\u013cum\u0101 apak\u0161\u0113j\u0101 zol\u0113 (lieliski piem\u0113rots sare\u017e\u0123\u012btiem dizainiem).<\/p>\n<\/li>\n<li>\n<p data-path-to-node=\"15,3,0\"><b data-path-to-node=\"15,3,0\" data-index-in-node=\"0\">Pilna virsmas z\u012bmola att\u0113lojums:<\/b> Gan uz zoles pap\u0113\u017ea, gan uz siksn\u0101m ir pieejama tradicion\u0101l\u0101 sietspiede, lai nodro\u0161in\u0101tu labi redzamu logotipa izvietojumu.<\/p>\n<\/li>\n<\/ul>\n<h2 data-path-to-node=\"16\">Specifik\u0101cijas<\/h2>\n<ul data-path-to-node=\"17\">\n<li>\n<p data-path-to-node=\"17,0,0\"><b data-path-to-node=\"17,0,0\" data-index-in-node=\"0\">Materi\u0101ls:<\/b> Iztur\u012bgs un \u0113rts PE\/PVC gumijas mais\u012bjums (p\u0113c piepras\u012bjuma pieejami individu\u0101li materi\u0101li).<\/p>\n<\/li>\n<li>\n<p data-path-to-node=\"17,1,0\"><b data-path-to-node=\"17,1,0\" data-index-in-node=\"0\">Zoles biezums:<\/b> Standarta biezums, kas optimiz\u0113ts komfortam un efekt\u012bvai grie\u0161anai.<\/p>\n<\/li>\n<li>\n<p data-path-to-node=\"17,2,0\"><b data-path-to-node=\"17,2,0\" data-index-in-node=\"0\">Izm\u0113ri:<\/b> Pieejams da\u017e\u0101dos ES standarta izm\u0113ros (unisex, v\u012brie\u0161u, sievie\u0161u, b\u0113rnu).<\/p>\n<\/li>\n<li>\n<p data-path-to-node=\"17,3,0\"><b data-path-to-node=\"17,3,0\" data-index-in-node=\"0\">Piel\u0101go\u0161anas metodes:<\/b> Sietspiede, reljefs (apak\u0161\u0101), izgriezts (apak\u0161\u0101).<\/p>\n<\/li>\n<li>\n<p data-path-to-node=\"17,4,0\"><b data-path-to-node=\"17,4,0\" data-index-in-node=\"0\">Minim\u0101lais pas\u016bt\u012bjums:<\/b> L\u016bdzu, p\u0101rbaudiet pa\u0161reiz\u0113jo MOQ ar m\u016bsu p\u0101rdo\u0161anas komandu.<\/p>\n<\/li>\n<\/ul>\n<h2 data-path-to-node=\"18\">Lieto\u0161anas gad\u012bjumi<\/h2>\n<ul data-path-to-node=\"19\">\n<li>\n<p data-path-to-node=\"19,0,0\"><b data-path-to-node=\"19,0,0\" data-index-in-node=\"0\">Vasaras festiv\u0101li un pas\u0101kumi:<\/b> Augstas v\u0113rt\u012bbas preces, ko dal\u012bbnieki izmantos visu sezonu.<\/p>\n<\/li>\n<li>\n<p data-path-to-node=\"19,1,0\"><b data-path-to-node=\"19,1,0\" data-index-in-node=\"0\">Viesn\u012bcas un SPA:<\/b> Augst\u0101k\u0101s kvalit\u0101tes z\u012bmolu viesu \u0113rt\u012bbas baseiniem un labsaj\u016btas centriem.<\/p>\n<\/li>\n<li>\n<p data-path-to-node=\"19,2,0\"><b data-path-to-node=\"19,2,0\" data-index-in-node=\"0\">Korporat\u012bv\u0101s d\u0101vanas:<\/b> Lieliski piem\u0113rots komandas salied\u0113\u0161anas retr\u012btiem vai \u201cvasaras s\u0101kuma\u201d komplektiem.<\/p>\n<\/li>\n<li>\n<p data-path-to-node=\"19,3,0\"><b data-path-to-node=\"19,3,0\" data-index-in-node=\"0\">Ce\u013cojumu a\u0123ent\u016bras:<\/b> Lieliska rekl\u0101mas balva pludmales br\u012bvdienu paket\u0113m.<\/p>\n<\/li>\n<\/ul>","protected":false},"excerpt":{"rendered":"<ul>\n<li>\n<p data-path-to-node=\"11,0,0\"><b data-path-to-node=\"11,0,0\" data-index-in-node=\"0\">Pantone atbilst\u012bba:<\/b> Piel\u0101gotas kr\u0101sas gan zolei, gan siksni\u0146ai bez papildu izmaks\u0101m.<\/p>\n<\/li>\n<li>\n<p data-path-to-node=\"11,1,0\"><b data-path-to-node=\"11,1,0\" data-index-in-node=\"0\">Vair\u0101kas z\u012bmola vietas:<\/b> Apdruka uz lentas, aug\u0161\u0113j\u0101s vai apak\u0161\u0113j\u0101s zoles.<\/p>\n<\/li>\n<li>\n<p data-path-to-node=\"11,2,0\"><b data-path-to-node=\"11,2,0\" data-index-in-node=\"0\">Smil\u0161u nospieduma efekts:<\/b> Papildus pieejama, \u0161tanc\u0113ta zole atst\u0101j j\u016bsu logotipa nospiedumu smilt\u012bs.<\/p>\n<\/li>\n<li>\n<p data-path-to-node=\"11,3,0\"><b data-path-to-node=\"11,3,0\" data-index-in-node=\"0\">Premium l\u012bme\u0146a piel\u0101go\u0161ana:<\/b> Izv\u0113lieties starp detaliz\u0113tu reljefu vai triecieniztur\u012bg\u0101m, izgriezt\u0101m zol\u0113m.<\/p>\n<\/li>\n<\/ul>","protected":false},"featured_media":6158,"comment_status":"closed","ping_status":"closed","template":"","meta":[],"product_brand":[],"product_cat":[129],"product_tag":[],"class_list":{"0":"post-6155","1":"product","2":"type-product","3":"status-publish","4":"has-post-thumbnail","6":"product_cat-leisure-lifestyle","8":"first","9":"instock","10":"shipping-taxable","11":"purchasable","12":"product-type-simple"},"_links":{"self":[{"href":"https:\/\/displayproducts.eu\/lv\/wp-json\/wp\/v2\/product\/6155","targetHints":{"allow":["GET"]}}],"collection":[{"href":"https:\/\/displayproducts.eu\/lv\/wp-json\/wp\/v2\/product"}],"about":[{"href":"https:\/\/displayproducts.eu\/lv\/wp-json\/wp\/v2\/types\/product"}],"replies":[{"embeddable":true,"href":"https:\/\/displayproducts.eu\/lv\/wp-json\/wp\/v2\/comments?post=6155"}],"wp:featuredmedia":[{"embeddable":true,"href":"https:\/\/displayproducts.eu\/lv\/wp-json\/wp\/v2\/media\/6158"}],"wp:attachment":[{"href":"https:\/\/displayproducts.eu\/lv\/wp-json\/wp\/v2\/media?parent=6155"}],"wp:term":[{"taxonomy":"product_brand","embeddable":true,"href":"https:\/\/displayproducts.eu\/lv\/wp-json\/wp\/v2\/product_brand?post=6155"},{"taxonomy":"product_cat","embeddable":true,"href":"https:\/\/displayproducts.eu\/lv\/wp-json\/wp\/v2\/product_cat?post=6155"},{"taxonomy":"product_tag","embeddable":true,"href":"https:\/\/displayproducts.eu\/lv\/wp-json\/wp\/v2\/product_tag?post=6155"}],"curies":[{"name":"wp","href":"https:\/\/api.w.org\/{rel}","templated":true}]}}