{"id":6150,"date":"2025-12-19T16:10:08","date_gmt":"2025-12-19T13:10:08","guid":{"rendered":"https:\/\/wristbandfactory.eu\/?post_type=product&#038;p=6150"},"modified":"2026-04-01T21:52:34","modified_gmt":"2026-04-01T18:52:34","slug":"custom-printed-hand-fans-bamboo-wood-plastic","status":"publish","type":"product","link":"https:\/\/displayproducts.eu\/lv\/p\/custom-printed-hand-fans-bamboo-wood-plastic\/","title":{"rendered":"Rokas v\u0113dek\u013ci ar apdruku (Bambuss, Koks un Plastmasa)"},"content":{"rendered":"<p data-path-to-node=\"10\">P\u0101rsp\u0113j karstumu un par\u0101di savu z\u012bmolu ar m\u016bsu daudzpus\u012bgo kl\u0101stu <b data-path-to-node=\"10\" data-index-in-node=\"90\">Piel\u0101goti druk\u0101ti rokas v\u0113dek\u013ci<\/b>. \u201cV\u0113sa v\u0113sma\u201d ir lab\u0101k\u0101 d\u0101vana, ko varat pasniegt savai m\u0113r\u0137auditorijai vasaras festiv\u0101los, \u0101ra konferenc\u0113s vai k\u0101z\u0101s. At\u0161\u0137ir\u012bb\u0101 no izmesta bukleta, v\u0113dek\u013cveida rull\u012btis ir funkcion\u0101ls aksesu\u0101rs, ko apmekl\u0113t\u0101ji tur\u0113s un izmantos atk\u0101rtoti, turot j\u016bsu logotipu tie\u0161i acu l\u012bmen\u012b.<\/p>\n<p data-path-to-node=\"11\">M\u0113s pied\u0101v\u0101jam \u010detrus at\u0161\u0137ir\u012bgus stilus, kas atbilst j\u016bsu z\u012bmola est\u0113tikai \u2014 s\u0101kot no videi draudz\u012bgiem bambusa un koka variantiem, kas pie\u0161\u0137ir augst\u0101k\u0101s kvalit\u0101tes dabisku izskatu, l\u012bdz pat kr\u0101sainiem plastmasas variantiem liela apjoma rekl\u0101m\u0101m.<\/p>\n<h3 data-path-to-node=\"12\">Pieejamie mode\u013ci<\/h3>\n<p><strong>1. Klasika (plastmasa un audums)<\/strong><\/p>\n<p>Iztur\u012bgs un kr\u0101sains.<\/p>\n<ul data-path-to-node=\"14\">\n<li>\n<p data-path-to-node=\"14,0,0\"><b data-path-to-node=\"14,0,0\" data-index-in-node=\"0\">Ribas:<\/b> Plastmasa (12 ribas + 2 gala gabali). Gala gabali pieejami vair\u0101k\u0101s kr\u0101s\u0101s un tos var apdruk\u0101t.<\/p>\n<\/li>\n<li>\n<p data-path-to-node=\"14,1,0\"><b data-path-to-node=\"14,1,0\" data-index-in-node=\"0\">Lapa:<\/b> Balts 210T poliestera audums.<\/p>\n<\/li>\n<li>\n<p data-path-to-node=\"14,2,0\"><b data-path-to-node=\"14,2,0\" data-index-in-node=\"0\">Druk\u0101t:<\/b> Pilnkr\u0101su vien\u0101 pus\u0113.<\/p>\n<\/li>\n<\/ul>\n<p><strong>2. Dabisk\u0101 augst\u0101k\u0101 kvalit\u0101te (koks un audums)<\/strong><\/p>\n<p>Elegants un iztur\u012bgs.<\/p>\n<ul data-path-to-node=\"16\">\n<li>\n<p data-path-to-node=\"16,0,0\"><b data-path-to-node=\"16,0,0\" data-index-in-node=\"0\">Ribas:<\/b> Dab\u012bgais koks (14 ribas + 2 gala gabali). Gala gabalus var apdruk\u0101t ar j\u016bsu logotipu.<\/p>\n<\/li>\n<li>\n<p data-path-to-node=\"16,1,0\"><b data-path-to-node=\"16,1,0\" data-index-in-node=\"0\">Lapa:<\/b> Balts 210T poliestera audums.<\/p>\n<\/li>\n<li>\n<p data-path-to-node=\"16,2,0\"><b data-path-to-node=\"16,2,0\" data-index-in-node=\"0\">Druk\u0101t:<\/b> Pilnkr\u0101su vien\u0101 pus\u0113.<\/p>\n<\/li>\n<\/ul>\n<p><strong>3. Ekolo\u0123iskais tradicion\u0101lais (bambuss un pap\u012brs)<\/strong><\/p>\n<p>Viegls ar klasisku pap\u012bra saj\u016btu.<\/p>\n<ul data-path-to-node=\"18\">\n<li>\n<p data-path-to-node=\"18,0,0\"><b data-path-to-node=\"18,0,0\" data-index-in-node=\"0\">Ribas:<\/b> Bambuss (18 ribas + 2 gala gabali). Gala gabalus var apdruk\u0101t.<\/p>\n<\/li>\n<li>\n<p data-path-to-node=\"18,1,0\"><b data-path-to-node=\"18,1,0\" data-index-in-node=\"0\">Lapa:<\/b> Balts 80 g\/m\u00b2 pap\u012brs.<\/p>\n<\/li>\n<li>\n<p data-path-to-node=\"18,2,0\"><b data-path-to-node=\"18,2,0\" data-index-in-node=\"0\">Druk\u0101t:<\/b> Pilnkr\u0101su vien\u0101 vai ab\u0101s pus\u0113s.<\/p>\n<\/li>\n<\/ul>\n<p><strong>4. Rekl\u0101mas bud\u017eets (plastmasa un pap\u012brs)<\/strong><\/p>\n<p>Izmaksu zi\u0146\u0101 efekt\u012bvs lieliem p\u016b\u013ciem.<\/p>\n<ul data-path-to-node=\"20\">\n<li>\n<p data-path-to-node=\"20,0,0\"><b data-path-to-node=\"20,0,0\" data-index-in-node=\"0\">Ribas:<\/b> Balta plastmasa. (Gala da\u013cas nevar apdruk\u0101t; piel\u0101gota kr\u0101su saska\u0146o\u0161ana pieejama, ja pas\u016bt\u012bjuma daudzums ir augsts).<\/p>\n<\/li>\n<li>\n<p data-path-to-node=\"20,1,0\"><b data-path-to-node=\"20,1,0\" data-index-in-node=\"0\">Lapa:<\/b> Balts 80 g\/m\u00b2 pap\u012brs.<\/p>\n<\/li>\n<li>\n<p data-path-to-node=\"20,2,0\"><b data-path-to-node=\"20,2,0\" data-index-in-node=\"0\">Druk\u0101t:<\/b> Pilnkr\u0101su vien\u0101 pus\u0113.<\/p>\n<\/li>\n<\/ul>\n<h2 data-path-to-node=\"21\">Galven\u0101s iez\u012bmes<\/h2>\n<ul data-path-to-node=\"22\">\n<li>\n<p data-path-to-node=\"22,0,0\"><b data-path-to-node=\"22,0,0\" data-index-in-node=\"0\">Liela z\u012bmola virsma:<\/b> V\u0113dek\u013cveida loksne nodro\u0161ina platu, izliektu audeklu j\u016bsu m\u0101kslas darbam, sauklim vai kampa\u0146as vizu\u0101lajiem materi\u0101liem.<\/p>\n<\/li>\n<li>\n<p data-path-to-node=\"22,1,0\"><b data-path-to-node=\"22,1,0\" data-index-in-node=\"0\">Piel\u0101gojamas ribi\u0146as:<\/b> Atkar\u012bb\u0101 no mode\u013ca pievienojiet papildu logotipus stingrajiem gala elementiem (ribas), lai ieg\u016btu neuzkr\u012bto\u0161u, detaliz\u0113tu z\u012bmola t\u0113lu.<\/p>\n<\/li>\n<li>\n<p data-path-to-node=\"22,2,0\"><b data-path-to-node=\"22,2,0\" data-index-in-node=\"0\">Kompakts un p\u0101rn\u0113s\u0101jams:<\/b> \u0100tri salok\u0101s, lai ietilptu somi\u0146\u0101s vai kabat\u0101s.<\/p>\n<\/li>\n<\/ul>\n<h2 data-path-to-node=\"23\">Specifik\u0101cijas<\/h2>\n<table data-path-to-node=\"24\">\n<thead>\n<tr>\n<td><strong>Funkcija<\/strong><\/td>\n<td><strong>Plastmasa + audums<\/strong><\/td>\n<td><strong>Koks + audums<\/strong><\/td>\n<td><strong>Bambuss + pap\u012brs<\/strong><\/td>\n<td><strong>Plastmasa + pap\u012brs<\/strong><\/td>\n<\/tr>\n<\/thead>\n<tbody>\n<tr>\n<td><span data-path-to-node=\"24,1,0,0\"><b data-path-to-node=\"24,1,0,0\" data-index-in-node=\"0\">Ribu materi\u0101ls<\/b><\/span><\/td>\n<td><span data-path-to-node=\"24,1,1,0\">Plastmasa<\/span><\/td>\n<td><span data-path-to-node=\"24,1,2,0\">Koks<\/span><\/td>\n<td><span data-path-to-node=\"24,1,3,0\">Bambuss<\/span><\/td>\n<td><span data-path-to-node=\"24,1,4,0\">Plastmasa (balta)<\/span><\/td>\n<\/tr>\n<tr>\n<td><span data-path-to-node=\"24,2,0,0\"><b data-path-to-node=\"24,2,0,0\" data-index-in-node=\"0\">Lok\u0161\u0146u materi\u0101ls<\/b><\/span><\/td>\n<td><span data-path-to-node=\"24,2,1,0\">210T poliesters<\/span><\/td>\n<td><span data-path-to-node=\"24,2,2,0\">210T poliesters<\/span><\/td>\n<td><span data-path-to-node=\"24,2,3,0\">80 g\/m\u00b2 pap\u012brs<\/span><\/td>\n<td><span data-path-to-node=\"24,2,4,0\">80 g\/m\u00b2 pap\u012brs<\/span><\/td>\n<\/tr>\n<tr>\n<td><span data-path-to-node=\"24,3,0,0\"><b data-path-to-node=\"24,3,0,0\" data-index-in-node=\"0\">Ribu skaits<\/b><\/span><\/td>\n<td><span data-path-to-node=\"24,3,1,0\">12 + 2 gala gabali<\/span><\/td>\n<td><span data-path-to-node=\"24,3,2,0\">14 + 2 gala gabali<\/span><\/td>\n<td><span data-path-to-node=\"24,3,3,0\">18 + 2 gala gabali<\/span><\/td>\n<td><span data-path-to-node=\"24,3,4,0\">Standarta<\/span><\/td>\n<\/tr>\n<tr>\n<td><span data-path-to-node=\"24,4,0,0\"><b data-path-to-node=\"24,4,0,0\" data-index-in-node=\"0\">Izm\u0113ri (atv\u0113rt)<\/b><\/span><\/td>\n<td><span data-path-to-node=\"24,4,1,0\">23 x 42 cm<\/span><\/td>\n<td><span data-path-to-node=\"24,4,2,0\">23 x 42 cm<\/span><\/td>\n<td><span data-path-to-node=\"24,4,3,0\">21 x 38 cm<\/span><\/td>\n<td><span data-path-to-node=\"24,4,4,0\">23 x 42 cm<\/span><\/td>\n<\/tr>\n<tr>\n<td><span data-path-to-node=\"24,5,0,0\"><b data-path-to-node=\"24,5,0,0\" data-index-in-node=\"0\">Drukas laukums<\/b><\/span><\/td>\n<td><span data-path-to-node=\"24,5,1,0\">1 puse<\/span><\/td>\n<td><span data-path-to-node=\"24,5,2,0\">1 puse<\/span><\/td>\n<td><span data-path-to-node=\"24,5,3,0\">1 vai 2 puses<\/span><\/td>\n<td><span data-path-to-node=\"24,5,4,0\">1 puse<\/span><\/td>\n<\/tr>\n<tr>\n<td><span data-path-to-node=\"24,6,0,0\"><b data-path-to-node=\"24,6,0,0\" data-index-in-node=\"0\">Gala gabala apdruka<\/b><\/span><\/td>\n<td><span data-path-to-node=\"24,6,1,0\">J\u0101<\/span><\/td>\n<td><span data-path-to-node=\"24,6,2,0\">J\u0101<\/span><\/td>\n<td><span data-path-to-node=\"24,6,3,0\">J\u0101<\/span><\/td>\n<td><span data-path-to-node=\"24,6,4,0\">N\u0113<\/span><\/td>\n<\/tr>\n<\/tbody>\n<\/table>\n<h2 data-path-to-node=\"25\">Lieto\u0161anas gad\u012bjumi<\/h2>\n<ul data-path-to-node=\"26\">\n<li>\n<p data-path-to-node=\"26,0,0\"><b data-path-to-node=\"26,0,0\" data-index-in-node=\"0\">Vasaras k\u0101zas:<\/b> Skaista d\u0101vana viesiem br\u012bvdabas ceremoniju laik\u0101.<\/p>\n<\/li>\n<li>\n<p data-path-to-node=\"26,1,0\"><b data-path-to-node=\"26,1,0\" data-index-in-node=\"0\">M\u016bzikas festiv\u0101li:<\/b> Nepiecie\u0161ams izdz\u012bvo\u0161anas apr\u012bkojums dejojo\u0161iem p\u016b\u013ciem karstum\u0101.<\/p>\n<\/li>\n<li>\n<p data-path-to-node=\"26,2,0\"><b data-path-to-node=\"26,2,0\" data-index-in-node=\"0\">Politisk\u0101s kampa\u0146as:<\/b> Augstas redzam\u012bbas priek\u0161meti, kurus atbalst\u012bt\u0101ji vicina gais\u0101.<\/p>\n<\/li>\n<li>\n<p data-path-to-node=\"26,3,0\"><b data-path-to-node=\"26,3,0\" data-index-in-node=\"0\">T\u016brisms un k\u016brorti:<\/b> Lieliskas sagaid\u012b\u0161anas d\u0101vanas viesn\u012bc\u0101m silt\u0101 klimat\u0101.<\/p>\n<\/li>\n<\/ul>","protected":false},"excerpt":{"rendered":"<ul>\n<li>\n<p data-path-to-node=\"9,0,0\"><b data-path-to-node=\"9,0,0\" data-index-in-node=\"0\">4 materi\u0101lu kombin\u0101cijas:<\/b> Izv\u0113lieties no plastmasas\/auduma, koka\/auduma, bambusa\/pap\u012bra vai plastmasas\/pap\u012bra.<\/p>\n<\/li>\n<li>\n<p data-path-to-node=\"9,1,0\"><b data-path-to-node=\"9,1,0\" data-index-in-node=\"0\">Pilns z\u012bmola t\u0113ls:<\/b> Augstas kvalit\u0101tes pilnkr\u0101su druka uz v\u0113dek\u013cveida loksnes (pap\u012bra vai poliestera).<\/p>\n<\/li>\n<li>\n<p data-path-to-node=\"9,2,0\"><b data-path-to-node=\"9,2,0\" data-index-in-node=\"0\">Ribu opcijas:<\/b> Iztur\u012bgu ribu skaits ir no 12 l\u012bdz 18 atkar\u012bb\u0101 no mode\u013ca.<\/p>\n<\/li>\n<li>\n<p data-path-to-node=\"9,3,0\"><b data-path-to-node=\"9,3,0\" data-index-in-node=\"0\">Vasaras pamatvajadz\u012bbas:<\/b> Lieliska d\u0101vana k\u0101z\u0101m, festiv\u0101liem un sporta pas\u0101kumiem br\u012bv\u0101 dab\u0101.<\/p>\n<\/li>\n<\/ul>","protected":false},"featured_media":6311,"comment_status":"closed","ping_status":"closed","template":"","meta":[],"product_brand":[],"product_cat":[45],"product_tag":[],"class_list":{"0":"post-6150","1":"product","2":"type-product","3":"status-publish","4":"has-post-thumbnail","6":"product_cat-other","8":"first","9":"instock","10":"shipping-taxable","11":"purchasable","12":"product-type-simple"},"_links":{"self":[{"href":"https:\/\/displayproducts.eu\/lv\/wp-json\/wp\/v2\/product\/6150","targetHints":{"allow":["GET"]}}],"collection":[{"href":"https:\/\/displayproducts.eu\/lv\/wp-json\/wp\/v2\/product"}],"about":[{"href":"https:\/\/displayproducts.eu\/lv\/wp-json\/wp\/v2\/types\/product"}],"replies":[{"embeddable":true,"href":"https:\/\/displayproducts.eu\/lv\/wp-json\/wp\/v2\/comments?post=6150"}],"wp:featuredmedia":[{"embeddable":true,"href":"https:\/\/displayproducts.eu\/lv\/wp-json\/wp\/v2\/media\/6311"}],"wp:attachment":[{"href":"https:\/\/displayproducts.eu\/lv\/wp-json\/wp\/v2\/media?parent=6150"}],"wp:term":[{"taxonomy":"product_brand","embeddable":true,"href":"https:\/\/displayproducts.eu\/lv\/wp-json\/wp\/v2\/product_brand?post=6150"},{"taxonomy":"product_cat","embeddable":true,"href":"https:\/\/displayproducts.eu\/lv\/wp-json\/wp\/v2\/product_cat?post=6150"},{"taxonomy":"product_tag","embeddable":true,"href":"https:\/\/displayproducts.eu\/lv\/wp-json\/wp\/v2\/product_tag?post=6150"}],"curies":[{"name":"wp","href":"https:\/\/api.w.org\/{rel}","templated":true}]}}