{"id":6144,"date":"2025-12-19T16:02:37","date_gmt":"2025-12-19T13:02:37","guid":{"rendered":"https:\/\/wristbandfactory.eu\/?post_type=product&#038;p=6144"},"modified":"2026-04-01T21:52:34","modified_gmt":"2026-04-01T18:52:34","slug":"custom-printed-picnic-blankets-fleece-waterproof-models","status":"publish","type":"product","link":"https:\/\/displayproducts.eu\/lv\/p\/custom-printed-picnic-blankets-fleece-waterproof-models\/","title":{"rendered":"Piknika segas ar apdruku"},"content":{"rendered":"<p data-path-to-node=\"10\">P\u0101rv\u0113rtiet jebkuru pas\u0101kumu br\u012bv\u0101 dab\u0101 par z\u012bmola veido\u0161anas iesp\u0113ju ar m\u016bsu pal\u012bdz\u012bbu <b data-path-to-node=\"10\" data-index-in-node=\"89\">P\u0113c pas\u016bt\u012bjuma apdruk\u0101tas piknika segas<\/b>. Neatkar\u012bgi no t\u0101, vai jums nepiecie\u0161ama m\u0101j\u012bga d\u0101vana vasaras koncertam vai augstas klases korporat\u012bv\u0101 d\u0101vana darbiniekiem, m\u0113s pied\u0101v\u0101jam divas at\u0161\u0137ir\u012bgas materi\u0101lu konstrukcijas, kas atbilst j\u016bsu bud\u017eetam un funkcion\u0101laj\u0101m vajadz\u012bb\u0101m.<\/p>\n<p data-path-to-node=\"11\">Abiem mode\u013ciem ir digit\u0101l\u0101 druka no malas l\u012bdz malai, kas \u013cauj uz visas virsmas ieg\u016bt ko\u0161as fotogr\u0101fijas, sare\u017e\u0123\u012btus rakstus vai drosm\u012bgus logotipus.<\/p>\n<h3 data-path-to-node=\"12\">Izv\u0113lieties savu modeli<\/h3>\n<p>1. M\u012bkst\u0101 fl\u012bsa sega (standarta)<\/p>\n<p>Klasiska izv\u0113le, ja v\u0113laties siltumu un komfortu.<\/p>\n<ul data-path-to-node=\"14\">\n<li>\n<p data-path-to-node=\"14,0,0\"><b data-path-to-node=\"14,0,0\" data-index-in-node=\"0\">Aug\u0161pus\u0113:<\/b> M\u012bksts 100% poliestera fl\u012bss (220 g\/m\u00b2) m\u0101j\u012bgai saj\u016btai.<\/p>\n<\/li>\n<li>\n<p data-path-to-node=\"14,1,0\"><b data-path-to-node=\"14,1,0\" data-index-in-node=\"0\">Apak\u0161\u0101:<\/b> Melns 80 g neausta auduma pamatne.<\/p>\n<\/li>\n<li>\n<p data-path-to-node=\"14,2,0\"><b data-path-to-node=\"14,2,0\" data-index-in-node=\"0\">Iepakojums:<\/b> Atsevi\u0161\u0137i iepakots polietil\u0113na maisi\u0146\u0101 (p\u0113c piepras\u012bjuma pieejams piel\u0101gots pap\u012bra apvalks).<\/p>\n<\/li>\n<\/ul>\n<p>2. Augst\u0101k\u0101s kvalit\u0101tes \u016bdensnecaurlaid\u012bga sega (polster\u0113ta)<\/p>\n<p>Paredz\u0113ts iztur\u012bbai un mitriem zemes apst\u0101k\u013ciem.<\/p>\n<ul data-path-to-node=\"16\">\n<li>\n<p data-path-to-node=\"16,0,0\"><b data-path-to-node=\"16,0,0\" data-index-in-node=\"0\">B\u016bvniec\u012bba:<\/b> Tr\u012bssl\u0101\u0146u sviestmai\u017eu dizains \u2013 300D poliestera aug\u0161da\u013ca, 2 mm putu serde s\u0113d\u0113\u0161anas komfortam un 210D poliestera apak\u0161da\u013ca.<\/p>\n<\/li>\n<li>\n<p data-path-to-node=\"16,1,0\"><b data-path-to-node=\"16,1,0\" data-index-in-node=\"0\">\u016adensiztur\u012bgs:<\/b> Apr\u012bkots ar PU aizmuguri, lai pasarg\u0101tu no mitruma.<\/p>\n<\/li>\n<li>\n<p data-path-to-node=\"16,2,0\"><b data-path-to-node=\"16,2,0\" data-index-in-node=\"0\">P\u0101rnesam\u012bba:<\/b> Iek\u013cauts ie\u0161\u016bts PP lentass rokturis (aptuveni 2,5 x 50 cm) ar \u0101\u0137a un cilpas aizdari \u0113rtai ripin\u0101\u0161anai un p\u0101rn\u0113s\u0101\u0161anai.<\/p>\n<\/li>\n<\/ul>\n<h2 data-path-to-node=\"17\">Galven\u0101s iez\u012bmes<\/h2>\n<ul data-path-to-node=\"18\">\n<li>\n<p data-path-to-node=\"18,0,0\"><b data-path-to-node=\"18,0,0\" data-index-in-node=\"0\">Spilgta digit\u0101l\u0101 druka:<\/b> M\u0113s druk\u0101jam j\u016bsu dizainu digit\u0101li. <i data-path-to-node=\"18,0,0\" data-index-in-node=\"55\">Piez\u012bme: Auduma tekst\u016bras d\u0113\u013c gal\u012bg\u0101s drukas kr\u0101sas var at\u0161\u0137irties l\u012bdz pat 15% ton\u012b, sal\u012bdzinot ar ori\u0123in\u0101lo m\u0101kslas darbu.<\/i><\/p>\n<\/li>\n<li>\n<p data-path-to-node=\"18,1,0\"><b data-path-to-node=\"18,1,0\" data-index-in-node=\"0\">Praktiska z\u012bmola veido\u0161ana:<\/b> Liela virsmas plat\u012bba nodro\u0161ina, ka j\u016bsu z\u012bmols ir redzams no att\u0101luma pludmal\u0113s, parkos un festiv\u0101los.<\/p>\n<\/li>\n<li>\n<p data-path-to-node=\"18,2,0\"><b data-path-to-node=\"18,2,0\" data-index-in-node=\"0\">Ra\u017eo\u0161anas tolerance:<\/b> Saska\u0146\u0101 ar nozares standartiem m\u0113s paturam ties\u012bbas pieg\u0101d\u0101t un izrakst\u012bt r\u0113\u0137inu par aptuveni 101% no pas\u016bt\u012bt\u0101 daudzuma.<\/p>\n<\/li>\n<\/ul>\n<h2 data-path-to-node=\"19\">Specifik\u0101cijas<\/h2>\n<table data-path-to-node=\"20\">\n<thead>\n<tr>\n<td><strong>Funkcija<\/strong><\/td>\n<td><strong>Fl\u012bsa modelis<\/strong><\/td>\n<td><strong>\u016adensiztur\u012bgs polster\u0113ts modelis<\/strong><\/td>\n<\/tr>\n<\/thead>\n<tbody>\n<tr>\n<td><span data-path-to-node=\"20,1,0,0\"><b data-path-to-node=\"20,1,0,0\" data-index-in-node=\"0\">Aug\u0161\u0113jais materi\u0101ls<\/b><\/span><\/td>\n<td><span data-path-to-node=\"20,1,1,0\">220 g\/m\u00b2 poliestera fl\u012bss<\/span><\/td>\n<td><span data-path-to-node=\"20,1,2,0\">300D poliesters<\/span><\/td>\n<\/tr>\n<tr>\n<td><span data-path-to-node=\"20,2,0,0\"><b data-path-to-node=\"20,2,0,0\" data-index-in-node=\"0\">Atbalsts<\/b><\/span><\/td>\n<td><span data-path-to-node=\"20,2,1,0\">Melns 80gr neausts audums<\/span><\/td>\n<td><span data-path-to-node=\"20,2,2,0\">\u016adensiztur\u012bgs PU + 210D poli<\/span><\/td>\n<\/tr>\n<tr>\n<td><span data-path-to-node=\"20,3,0,0\"><b data-path-to-node=\"20,3,0,0\" data-index-in-node=\"0\">Polster\u0113jums<\/b><\/span><\/td>\n<td><span data-path-to-node=\"20,3,1,0\">Neviens<\/span><\/td>\n<td><span data-path-to-node=\"20,3,2,0\">2 mm putas<\/span><\/td>\n<\/tr>\n<tr>\n<td><span data-path-to-node=\"20,4,0,0\"><b data-path-to-node=\"20,4,0,0\" data-index-in-node=\"0\">Izm\u0113ri<\/b><\/span><\/td>\n<td><span data-path-to-node=\"20,4,1,0\">120 x 150 cm VAI 130 x 170 cm<\/span><\/td>\n<td><span data-path-to-node=\"20,4,2,0\">120x150 cm<\/span><\/td>\n<\/tr>\n<tr>\n<td><span data-path-to-node=\"20,5,0,0\"><b data-path-to-node=\"20,5,0,0\" data-index-in-node=\"0\">P\u0101rn\u0113s\u0101\u0161anas sist\u0113ma<\/b><\/span><\/td>\n<td><span data-path-to-node=\"20,5,1,0\">Polietil\u0113na maisi\u0146\u0161 (uzmava nav oblig\u0101ta)<\/span><\/td>\n<td><span data-path-to-node=\"20,5,2,0\">Integr\u0113ts PP lentass rokturis<\/span><\/td>\n<\/tr>\n<tr>\n<td><span data-path-to-node=\"20,6,0,0\"><b data-path-to-node=\"20,6,0,0\" data-index-in-node=\"0\">Drukas tehnika<\/b><\/span><\/td>\n<td><span data-path-to-node=\"20,6,1,0\">Pilnkr\u0101su digit\u0101lais<\/span><\/td>\n<td><span data-path-to-node=\"20,6,2,0\">Pilnkr\u0101su digit\u0101lais<\/span><\/td>\n<\/tr>\n<\/tbody>\n<\/table>\n<p>&nbsp;<\/p>\n<h2 data-path-to-node=\"21\">Lieto\u0161anas gad\u012bjumi<\/h2>\n<ul data-path-to-node=\"22\">\n<li>\n<p data-path-to-node=\"22,0,0\"><b data-path-to-node=\"22,0,0\" data-index-in-node=\"0\">Vasaras festiv\u0101li:<\/b> Firmas s\u0113dvietas m\u016bzikas pas\u0101kumiem.<\/p>\n<\/li>\n<li>\n<p data-path-to-node=\"22,1,0\"><b data-path-to-node=\"22,1,0\" data-index-in-node=\"0\">Korporat\u012bvie pikniki:<\/b> Praktiska d\u0101vana, ko darbinieki izmantos atk\u0101rtoti.<\/p>\n<\/li>\n<li>\n<p data-path-to-node=\"22,2,0\"><b data-path-to-node=\"22,2,0\" data-index-in-node=\"0\">Pre\u010du veikali:<\/b> Augstas v\u0113rt\u012bbas prece grup\u0101m vai sporta komand\u0101m.<\/p>\n<\/li>\n<li>\n<p data-path-to-node=\"22,3,0\"><b data-path-to-node=\"22,3,0\" data-index-in-node=\"0\">\u0100ra akcijas:<\/b> Ide\u0101li piem\u0113rots dz\u0113rienu vai dz\u012bvesstila z\u012bmoliem.<\/p>\n<\/li>\n<\/ul>","protected":false},"excerpt":{"rendered":"<ul>\n<li>\n<p data-path-to-node=\"9,0,0\"><b data-path-to-node=\"9,0,0\" data-index-in-node=\"0\">Divas vari\u0101cijas:<\/b> Izv\u0113lieties starp m\u012bkstu fl\u012bsu (vieglu) vai augst\u0101k\u0101s kvalit\u0101tes \u016bdensnecaurlaid\u012bgu (polster\u0113tu ar rokturi).<\/p>\n<\/li>\n<li>\n<p data-path-to-node=\"9,1,0\"><b data-path-to-node=\"9,1,0\" data-index-in-node=\"0\">Piln\u012bga piel\u0101go\u0161ana:<\/b> Augstas iz\u0161\u0137irtsp\u0113jas digit\u0101l\u0101 druka p\u0101rkl\u0101j visu aug\u0161\u0113jo virsmu.<\/p>\n<\/li>\n<li>\n<p data-path-to-node=\"9,2,0\"><b data-path-to-node=\"9,2,0\" data-index-in-node=\"0\">Daudzpus\u012bgi izm\u0113ri:<\/b> Standarta 120 x 150 cm vai liel\u0101ks 130 x 170 cm (tikai fl\u012bss).<\/p>\n<\/li>\n<li>\n<p data-path-to-node=\"9,3,0\"><b data-path-to-node=\"9,3,0\" data-index-in-node=\"0\">Gatavs pas\u0101kumam:<\/b> Lieliski piem\u0113rots br\u012bvdabas festiv\u0101liem, uz\u0146\u0113mumu piknikiem un vasaras kampa\u0146\u0101m.<\/p>\n<\/li>\n<\/ul>","protected":false},"featured_media":6315,"comment_status":"closed","ping_status":"closed","template":"","meta":[],"product_brand":[],"product_cat":[68,121],"product_tag":[],"class_list":{"0":"post-6144","1":"product","2":"type-product","3":"status-publish","4":"has-post-thumbnail","6":"product_cat-event-supplies","7":"product_cat-promotional-merchandise","9":"first","10":"instock","11":"shipping-taxable","12":"purchasable","13":"product-type-simple"},"_links":{"self":[{"href":"https:\/\/displayproducts.eu\/lv\/wp-json\/wp\/v2\/product\/6144","targetHints":{"allow":["GET"]}}],"collection":[{"href":"https:\/\/displayproducts.eu\/lv\/wp-json\/wp\/v2\/product"}],"about":[{"href":"https:\/\/displayproducts.eu\/lv\/wp-json\/wp\/v2\/types\/product"}],"replies":[{"embeddable":true,"href":"https:\/\/displayproducts.eu\/lv\/wp-json\/wp\/v2\/comments?post=6144"}],"wp:featuredmedia":[{"embeddable":true,"href":"https:\/\/displayproducts.eu\/lv\/wp-json\/wp\/v2\/media\/6315"}],"wp:attachment":[{"href":"https:\/\/displayproducts.eu\/lv\/wp-json\/wp\/v2\/media?parent=6144"}],"wp:term":[{"taxonomy":"product_brand","embeddable":true,"href":"https:\/\/displayproducts.eu\/lv\/wp-json\/wp\/v2\/product_brand?post=6144"},{"taxonomy":"product_cat","embeddable":true,"href":"https:\/\/displayproducts.eu\/lv\/wp-json\/wp\/v2\/product_cat?post=6144"},{"taxonomy":"product_tag","embeddable":true,"href":"https:\/\/displayproducts.eu\/lv\/wp-json\/wp\/v2\/product_tag?post=6144"}],"curies":[{"name":"wp","href":"https:\/\/api.w.org\/{rel}","templated":true}]}}