{"id":6135,"date":"2025-12-19T15:54:46","date_gmt":"2025-12-19T12:54:46","guid":{"rendered":"https:\/\/wristbandfactory.eu\/?post_type=product&#038;p=6135"},"modified":"2026-04-01T21:52:34","modified_gmt":"2026-04-01T18:52:34","slug":"custom-printed-wooden-deck-chairs-patio-stools-made-in-eu","status":"publish","type":"product","link":"https:\/\/displayproducts.eu\/lv\/p\/custom-printed-wooden-deck-chairs-patio-stools-made-in-eu\/","title":{"rendered":"Koka atp\u016btas kr\u0113sli ar apdruku"},"content":{"rendered":"<p data-path-to-node=\"10\">Radiet relaks\u0113jo\u0161u z\u012bmola pieredzi ar m\u016bsu augst\u0101k\u0101s kvalit\u0101tes produktu kl\u0101stu <b data-path-to-node=\"10\" data-index-in-node=\"86\">P\u0113c pas\u016bt\u012bjuma apdruk\u0101ti koka terases kr\u0113sli un kr\u0113sli<\/b>. Neatkar\u012bgi no t\u0101, vai tas ir pludmales klubs, m\u016bzikas festiv\u0101ls, korporat\u012bv\u0101 vasaras terase vai ziemas sl\u0113po\u0161anas k\u016brorts, \u0161ie kr\u0113sli pied\u0101v\u0101 perfektu komforta un redzam\u012bbas apvienojumu.<\/p>\n<p data-path-to-node=\"11\">M\u016bsu r\u0101mji ir ra\u017eoti tie\u0161i ES, un tie ir izgatavoti no iztur\u012bga di\u017esk\u0101bar\u017ea koka (dab\u012bga apdare), kas nodro\u0161ina iztur\u012bbu un augstas klases saj\u016btu, sal\u012bdzinot ar vieglajiem import\u0113tajiem izstr\u0101d\u0101jumiem. S\u0113dek\u013ca audums ir druk\u0101ts digit\u0101li pilnkr\u0101su re\u017e\u012bm\u0101, \u013caujot rad\u012bt fotore\u0101listiskus dizainus, kas p\u0101rkl\u0101j visu virsmu.<\/p>\n<h3 data-path-to-node=\"12\">Pieejamie mode\u013ci<\/h3>\n<p data-path-to-node=\"13\">Pied\u0101v\u0101jam \u010detras da\u017e\u0101das konfigur\u0101cijas, kas atbilst j\u016bsu pas\u0101kuma vajadz\u012bb\u0101m:<\/p>\n<ol start=\"1\" data-path-to-node=\"14\">\n<li>\n<p data-path-to-node=\"14,0,0\"><b data-path-to-node=\"14,0,0\" data-index-in-node=\"0\">Klasisks atp\u016btas kr\u0113sls:<\/b> M\u016b\u017e\u012bgs dizains bez roku balstiem. Minim\u0101listisks un p\u0101rn\u0113s\u0101jams.<\/p>\n<\/li>\n<li>\n<p data-path-to-node=\"14,1,0\"><b data-path-to-node=\"14,1,0\" data-index-in-node=\"0\">Komforta atp\u016btas kr\u0113sls:<\/b> Apr\u012bkots ar ergonomiskiem roku balstiem papildu relaks\u0101cijai.<\/p>\n<\/li>\n<li>\n<p data-path-to-node=\"14,2,0\"><b data-path-to-node=\"14,2,0\" data-index-in-node=\"0\">Premium klases terases kr\u0113sls:<\/b> Iek\u013cauti roku balsti un ieb\u016bv\u0113ts kr\u016bz\u012b\u0161u tur\u0113t\u0101js \u2013 lab\u0101k\u0101 izv\u0113le festiv\u0101liem.<\/p>\n<\/li>\n<li>\n<p data-path-to-node=\"14,3,0\"><b data-path-to-node=\"14,3,0\" data-index-in-node=\"0\">Terases kr\u0113sls:<\/b> Kompakts, salok\u0101ms k\u0101ju balsts vai papildu s\u0113deklis, kas lieliski papildina kr\u0113slus.<\/p>\n<\/li>\n<\/ol>\n<h2 data-path-to-node=\"15\">Galven\u0101s iez\u012bmes<\/h2>\n<ul data-path-to-node=\"16\">\n<li>\n<p data-path-to-node=\"16,0,0\"><b data-path-to-node=\"16,0,0\" data-index-in-node=\"0\">Regul\u0113jams komforts:<\/b> Visiem kr\u0113slu mode\u013ciem ir 3 pak\u0101pju atzveltnes augstuma regul\u0113\u0161ana personaliz\u0113tai atp\u016btai (standarta: 28\/60 mm diapazons; roku balstu mode\u013ci: 28\/57 mm vai 32\/61 mm diapazons).<\/p>\n<\/li>\n<li>\n<p data-path-to-node=\"16,1,0\"><b data-path-to-node=\"16,1,0\" data-index-in-node=\"0\">Spilgts z\u012bmols:<\/b> 215 g\/m\u00b2 poliestera audums atbalsta augstas iz\u0161\u0137irtsp\u0113jas CMYK druku. <i data-path-to-node=\"16,1,0\" data-index-in-node=\"83\">Piez\u012bme: Tekstila absorbcijas d\u0113\u013c gal\u012bg\u0101s kr\u0101sas var at\u0161\u0137irties no digit\u0101l\u0101 faila l\u012bdz pat 15%.<\/i><\/p>\n<\/li>\n<li>\n<p data-path-to-node=\"16,2,0\"><b data-path-to-node=\"16,2,0\" data-index-in-node=\"0\">Viedais dizains:<\/b> Kr\u0113slu p\u0101rvalki ir no\u0146emami un main\u0101mi, \u013caujot atjaunin\u0101t kampa\u0146as, nep\u0113rkot jaunus r\u0101mjus. (Piez\u012bme: Kr\u0113slu audums ir fiks\u0113ts\/nav no\u0146emams).<\/p>\n<\/li>\n<li>\n<p data-path-to-node=\"16,3,0\"><b data-path-to-node=\"16,3,0\" data-index-in-node=\"0\">Dro\u0161\u012bba un slodze:<\/b> Stingra konstrukcija nodro\u0161ina svaru l\u012bdz 110 kg uz vienu s\u0113dekli.<\/p>\n<\/li>\n<\/ul>\n<h2 data-path-to-node=\"17\">Specifik\u0101cijas<\/h2>\n<table data-path-to-node=\"18\">\n<thead>\n<tr>\n<td><strong>Funkcija<\/strong><\/td>\n<td><strong>Klasiskais kr\u0113sls<\/strong><\/td>\n<td><strong>Roku balstu kr\u0113sls<\/strong><\/td>\n<td><strong>Kr\u016bzes tur\u0113t\u0101ja kr\u0113sls<\/strong><\/td>\n<td><strong>Terases kr\u0113sls<\/strong><\/td>\n<\/tr>\n<\/thead>\n<tbody>\n<tr>\n<td><span data-path-to-node=\"18,1,0,0\"><b data-path-to-node=\"18,1,0,0\" data-index-in-node=\"0\">R\u0101mja materi\u0101ls<\/b><\/span><\/td>\n<td><span data-path-to-node=\"18,1,1,0\">Di\u017esk\u0101bar\u017ea koksne<\/span><\/td>\n<td><span data-path-to-node=\"18,1,2,0\">Di\u017esk\u0101bar\u017ea koksne<\/span><\/td>\n<td><span data-path-to-node=\"18,1,3,0\">Di\u017esk\u0101bar\u017ea koksne<\/span><\/td>\n<td><span data-path-to-node=\"18,1,4,0\">Di\u017esk\u0101bar\u017ea koksne<\/span><\/td>\n<\/tr>\n<tr>\n<td><span data-path-to-node=\"18,2,0,0\"><b data-path-to-node=\"18,2,0,0\" data-index-in-node=\"0\">Izm\u0113ri (saloc\u012bt\u0101 veid\u0101)<\/b><\/span><\/td>\n<td><span data-path-to-node=\"18,2,1,0\">1250 x 560 mm<\/span><\/td>\n<td><span data-path-to-node=\"18,2,2,0\">1510 x 580 mm<\/span><\/td>\n<td><span data-path-to-node=\"18,2,3,0\">1510 x 580 mm<\/span><\/td>\n<td><span data-path-to-node=\"18,2,4,0\">500 x 320 mm<\/span><\/td>\n<\/tr>\n<tr>\n<td><span data-path-to-node=\"18,3,0,0\"><b data-path-to-node=\"18,3,0,0\" data-index-in-node=\"0\">Augstuma l\u012bme\u0146i<\/b><\/span><\/td>\n<td><span data-path-to-node=\"18,3,1,0\">3 so\u013cu<\/span><\/td>\n<td><span data-path-to-node=\"18,3,2,0\">3 so\u013cu<\/span><\/td>\n<td><span data-path-to-node=\"18,3,3,0\">3 so\u013cu<\/span><\/td>\n<td><span data-path-to-node=\"18,3,4,0\">Fiks\u0113ts (70 mm)<\/span><\/td>\n<\/tr>\n<tr>\n<td><span data-path-to-node=\"18,4,0,0\"><b data-path-to-node=\"18,4,0,0\" data-index-in-node=\"0\">Svars<\/b><\/span><\/td>\n<td><span data-path-to-node=\"18,4,1,0\">3,9 kg (7,8 kg\/kaste)<\/span><\/td>\n<td><span data-path-to-node=\"18,4,2,0\">4,4 kg (8,8 kg\/kaste)<\/span><\/td>\n<td><span data-path-to-node=\"18,4,3,0\">4,7 kg (9,4 kg\/kaste)<\/span><\/td>\n<td><span data-path-to-node=\"18,4,4,0\">1,6 kg (3,2 kg\/kaste)<\/span><\/td>\n<\/tr>\n<tr>\n<td><span data-path-to-node=\"18,5,0,0\"><b data-path-to-node=\"18,5,0,0\" data-index-in-node=\"0\">Audums<\/b><\/span><\/td>\n<td><span data-path-to-node=\"18,5,1,0\">215 g\/m\u00b2 poliesters<\/span><\/td>\n<td><span data-path-to-node=\"18,5,2,0\">215 g\/m\u00b2 poliesters<\/span><\/td>\n<td><span data-path-to-node=\"18,5,3,0\">215 g\/m\u00b2 poliesters<\/span><\/td>\n<td><span data-path-to-node=\"18,5,4,0\">215 g\/m\u00b2 poliesters<\/span><\/td>\n<\/tr>\n<tr>\n<td><span data-path-to-node=\"18,6,0,0\"><b data-path-to-node=\"18,6,0,0\" data-index-in-node=\"0\">Iepakojums<\/b><\/span><\/td>\n<td><span data-path-to-node=\"18,6,1,0\">2 gab. \/ kartona kast\u012bt\u0113<\/span><\/td>\n<td><span data-path-to-node=\"18,6,2,0\">2 gab. \/ kartona kast\u012bt\u0113<\/span><\/td>\n<td><span data-path-to-node=\"18,6,3,0\">2 gab. \/ kartona kast\u012bt\u0113<\/span><\/td>\n<td><span data-path-to-node=\"18,6,4,0\">2 gab. \/ kartona kast\u012bt\u0113<\/span><\/td>\n<\/tr>\n<\/tbody>\n<\/table>\n<h2 data-path-to-node=\"19\">Lieto\u0161anas gad\u012bjumi<\/h2>\n<ul data-path-to-node=\"20\">\n<li>\n<p data-path-to-node=\"20,0,0\"><b data-path-to-node=\"20,0,0\" data-index-in-node=\"0\">Vasaras festiv\u0101li un pludmales b\u0101ri:<\/b> Izveidojiet z\u012bmola atp\u016btas zonu.<\/p>\n<\/li>\n<li>\n<p data-path-to-node=\"20,1,0\"><b data-path-to-node=\"20,1,0\" data-index-in-node=\"0\">Sl\u0113po\u0161anas k\u016brorti:<\/b> Iztur\u012bgs koks un poliesters labi iederas ar\u012b ziemas sau\u013co\u0161an\u0101s teras\u0113s.<\/p>\n<\/li>\n<li>\n<p data-path-to-node=\"20,2,0\"><b data-path-to-node=\"20,2,0\" data-index-in-node=\"0\">Korporat\u012bv\u0101s d\u0101vanas:<\/b> Augstas v\u0113rt\u012bbas d\u0101vana partneriem, ko izmantot savos d\u0101rzos vai balkonos.<\/p>\n<\/li>\n<li>\n<p data-path-to-node=\"20,3,0\"><b data-path-to-node=\"20,3,0\" data-index-in-node=\"0\">\u0100ra pas\u0101kumi:<\/b> P\u0101rvietojams s\u0113deklis, kas kalpo ar\u012b k\u0101 rekl\u0101mas stends.<\/p>\n<\/li>\n<\/ul>","protected":false},"excerpt":{"rendered":"<ul>\n<li>\n<p data-path-to-node=\"9,0,0\"><b data-path-to-node=\"9,0,0\" data-index-in-node=\"0\">Ra\u017eots ES:<\/b> Roku darbs no augstas kvalit\u0101tes dab\u012bg\u0101 di\u017esk\u0101bar\u017ea koka.<\/p>\n<\/li>\n<li>\n<p data-path-to-node=\"9,1,0\"><b data-path-to-node=\"9,1,0\" data-index-in-node=\"0\">Piln\u012bga piel\u0101go\u0161ana:<\/b> CMYK druka no malas l\u012bdz malai uz iztur\u012bga 215 g\/m\u00b2 poliestera.<\/p>\n<\/li>\n<li>\n<p data-path-to-node=\"9,2,0\"><b data-path-to-node=\"9,2,0\" data-index-in-node=\"0\">4 pieejamie mode\u013ci:<\/b> Standarta, roku balsti, roku balsti + kr\u016bz\u012b\u0161u tur\u0113t\u0101js un saliekams kr\u0113sls.<\/p>\n<\/li>\n<li>\n<p data-path-to-node=\"9,3,0\"><b data-path-to-node=\"9,3,0\" data-index-in-node=\"0\">Nomain\u0101ms audums:<\/b> Viegli mainiet dizainu visiem kr\u0113slu mode\u013ciem (taburete ir fiks\u0113ta).<\/p>\n<\/li>\n<\/ul>","protected":false},"featured_media":6320,"comment_status":"closed","ping_status":"closed","template":"","meta":[],"product_brand":[],"product_cat":[68],"product_tag":[],"class_list":{"0":"post-6135","1":"product","2":"type-product","3":"status-publish","4":"has-post-thumbnail","6":"product_cat-event-supplies","8":"first","9":"instock","10":"shipping-taxable","11":"purchasable","12":"product-type-simple"},"_links":{"self":[{"href":"https:\/\/displayproducts.eu\/lv\/wp-json\/wp\/v2\/product\/6135","targetHints":{"allow":["GET"]}}],"collection":[{"href":"https:\/\/displayproducts.eu\/lv\/wp-json\/wp\/v2\/product"}],"about":[{"href":"https:\/\/displayproducts.eu\/lv\/wp-json\/wp\/v2\/types\/product"}],"replies":[{"embeddable":true,"href":"https:\/\/displayproducts.eu\/lv\/wp-json\/wp\/v2\/comments?post=6135"}],"wp:featuredmedia":[{"embeddable":true,"href":"https:\/\/displayproducts.eu\/lv\/wp-json\/wp\/v2\/media\/6320"}],"wp:attachment":[{"href":"https:\/\/displayproducts.eu\/lv\/wp-json\/wp\/v2\/media?parent=6135"}],"wp:term":[{"taxonomy":"product_brand","embeddable":true,"href":"https:\/\/displayproducts.eu\/lv\/wp-json\/wp\/v2\/product_brand?post=6135"},{"taxonomy":"product_cat","embeddable":true,"href":"https:\/\/displayproducts.eu\/lv\/wp-json\/wp\/v2\/product_cat?post=6135"},{"taxonomy":"product_tag","embeddable":true,"href":"https:\/\/displayproducts.eu\/lv\/wp-json\/wp\/v2\/product_tag?post=6135"}],"curies":[{"name":"wp","href":"https:\/\/api.w.org\/{rel}","templated":true}]}}