{"id":6133,"date":"2025-12-19T15:34:23","date_gmt":"2025-12-19T12:34:23","guid":{"rendered":"https:\/\/wristbandfactory.eu\/?post_type=product&#038;p=6133"},"modified":"2026-04-01T21:52:34","modified_gmt":"2026-04-01T18:52:34","slug":"custom-led-acrylic-invitations-business-cards","status":"publish","type":"product","link":"https:\/\/displayproducts.eu\/lv\/p\/custom-led-acrylic-invitations-business-cards\/","title":{"rendered":"Mirdzo\u0161as viz\u012btkartes un iel\u016bgumi ar LED gaismu"},"content":{"rendered":"<p data-path-to-node=\"9\">Paaugstiniet sava z\u012bmola vai pas\u0101kuma atpaz\u012bstam\u012bbu ar m\u016bsu pal\u012bdz\u012bbu <b data-path-to-node=\"9\" data-index-in-node=\"65\">Piel\u0101goti LED akrila iel\u016bgumi un viz\u012btkartes<\/b>. At\u0161\u0137ir\u012bb\u0101 no standarta pap\u012bra variantiem, \u0161\u012bs fut\u016bristisk\u0101s kart\u012btes ir izgatavotas no stingra, krist\u0101ldzidra akrila un taj\u0101s ir iestr\u0101d\u0101ta LED tehnolo\u0123ija. Aktiviz\u0113jot ar neuzkr\u012bto\u0161u sk\u0101rienpogu, j\u016bsu dizaina l\u0101zergrebt\u0101s deta\u013cas izgaismojas, radot satrieco\u0161u vizu\u0101lo efektu, kas garant\u0113, ka j\u016bsu v\u0113st\u012bjums tiks atcer\u0113ts.<\/p>\n<p data-path-to-node=\"10\">T\u0101s nav tikai kart\u012btes; t\u0101s ir piemi\u0146as lietas. Neatkar\u012bgi no t\u0101, vai t\u0101s tiek izmantotas k\u0101 augstas klases viz\u012btkarte, kas rada t\u016bl\u012bt\u0113ju saikni, mirdzo\u0161a VIP caurlaide nakts pas\u0101kumam vai romantisks k\u0101zu iel\u016bgums, LED akrila karte rada unik\u0101lu lietot\u0101ja pieredzi.<\/p>\n<h2 data-path-to-node=\"11\">Galven\u0101s iez\u012bmes<\/h2>\n<ul data-path-to-node=\"12\">\n<li>\n<p data-path-to-node=\"12,0,0\"><b data-path-to-node=\"12,0,0\" data-index-in-node=\"0\">L\u0101zergrav\u0113\u0161anas tehnolo\u0123ija:<\/b> M\u0113s iegrav\u0113jam j\u016bsu tekstu, logotipu vai m\u0101kslas darbu tie\u0161i akrila virsm\u0101. LED gaisma iet cauri materi\u0101lam un uztver grav\u0113jumu, liekot tam spilgti sp\u012bd\u0113t uz skaidra fona.<\/p>\n<\/li>\n<li>\n<p data-path-to-node=\"12,1,0\"><b data-path-to-node=\"12,1,0\" data-index-in-node=\"0\">Piesk\u0101riena aktiviz\u0113\u0161ana:<\/b> M\u016bsdienu kapacitat\u012bvie sk\u0101riensensori \u013cauj sa\u0146\u0113m\u0113jiem neman\u0101mi iesl\u0113gt un izsl\u0113gt gaismu.<\/p>\n<\/li>\n<li>\n<p data-path-to-node=\"12,2,0\"><b data-path-to-node=\"12,2,0\" data-index-in-node=\"0\">Piln\u012bga piel\u0101go\u0161ana:<\/b> Pieejams da\u017e\u0101d\u0101s form\u0101s (taisnst\u016brveida, kvadr\u0101tveida vai piel\u0101got\u0101 griezum\u0101) un izm\u0113ros, lai atbilstu standarta maci\u0146iem vai liel\u0101kiem aplok\u0161\u0146u form\u0101tiem.<\/p>\n<\/li>\n<li>\n<p data-path-to-node=\"12,3,0\"><b data-path-to-node=\"12,3,0\" data-index-in-node=\"0\">Iztur\u012bba:<\/b> Izgatavots no iztur\u012bga akrila (PMMA), kas ir iztur\u012bgs pret loc\u012b\u0161anu un skr\u0101p\u0113jumiem lab\u0101k nek\u0101 tradicion\u0101l\u0101s plastmasas kartes.<\/p>\n<\/li>\n<\/ul>\n<h2 data-path-to-node=\"13\">Specifik\u0101cijas<\/h2>\n<ul data-path-to-node=\"14\">\n<li>\n<p data-path-to-node=\"14,0,0\"><b data-path-to-node=\"14,0,0\" data-index-in-node=\"0\">Materi\u0101ls:<\/b> Caursp\u012bd\u012bgs akrils (PMMA).<\/p>\n<\/li>\n<li>\n<p data-path-to-node=\"14,1,0\"><b data-path-to-node=\"14,1,0\" data-index-in-node=\"0\">Biezums:<\/b> 2 mm - 3 mm iesp\u0113jas.<\/p>\n<\/li>\n<li>\n<p data-path-to-node=\"14,2,0\"><b data-path-to-node=\"14,2,0\" data-index-in-node=\"0\">Apgaismojuma avots:<\/b> Integr\u0113tas LED gaismas (baltas vai daudzkr\u0101su).<\/p>\n<\/li>\n<li>\n<p data-path-to-node=\"14,3,0\"><b data-path-to-node=\"14,3,0\" data-index-in-node=\"0\">Jauda:<\/b> Pogas formas baterijas (nomain\u0101mas\/neuzl\u0101d\u0113jamas opcijas) vai uzl\u0101d\u0113jamas, izmantojot USB (atlas\u012btiem mode\u013ciem).<\/p>\n<\/li>\n<li>\n<p data-path-to-node=\"14,4,0\"><b data-path-to-node=\"14,4,0\" data-index-in-node=\"0\">Sl\u0113d\u017ea tips:<\/b> Sk\u0101rienpaliktnis vai pogas sl\u0113dzis.<\/p>\n<\/li>\n<li>\n<p data-path-to-node=\"14,5,0\"><b data-path-to-node=\"14,5,0\" data-index-in-node=\"0\">Ra\u017eo\u0161anas laiks:<\/b> 5\u201310 darba dienas.<\/p>\n<\/li>\n<li>\n<p data-path-to-node=\"14,6,0\"><b data-path-to-node=\"14,6,0\" data-index-in-node=\"0\">Druk\u0101\u0161ana:<\/b> L\u0101zergrebums (standarta variants) + sietspiede vai augstspiedes tehnika.<\/p>\n<\/li>\n<\/ul>\n<h2 data-path-to-node=\"15\">Lieto\u0161anas gad\u012bjumi<\/h2>\n<ul data-path-to-node=\"16\">\n<li>\n<p data-path-to-node=\"16,0,0\"><b data-path-to-node=\"16,0,0\" data-index-in-node=\"0\">VIP viz\u012btkartes:<\/b> Izcelies t\u012bklo\u0161an\u0101s pas\u0101kumos ar karti, kas burtiski izgaismo telpu.<\/p>\n<\/li>\n<li>\n<p data-path-to-node=\"16,1,0\"><b data-path-to-node=\"16,1,0\" data-index-in-node=\"0\">Luksusa k\u0101zu iel\u016bgumi:<\/b> Radi noska\u0146u ekskluz\u012bvam k\u0101zu vakaram ar mirdzo\u0161iem iel\u016bgumiem.<\/p>\n<\/li>\n<li>\n<p data-path-to-node=\"16,2,0\"><b data-path-to-node=\"16,2,0\" data-index-in-node=\"0\">Pas\u0101kumu suven\u012bri:<\/b> Lieliski piem\u0113rots fanu suven\u012briem, piemi\u0146as bi\u013cet\u0113m vai \u201cSave the Date\u201d magn\u0113tiem.<\/p>\n<\/li>\n<li>\n<p data-path-to-node=\"16,3,0\"><b data-path-to-node=\"16,3,0\" data-index-in-node=\"0\">Naktsdz\u012bve un svin\u012bbas:<\/b> Izmantojiet k\u0101 labi redzamus dz\u0113rienu id kartess vai VIP zonas caurlaides v\u0101ji apgaismot\u0101s viet\u0101s.<\/p>\n<\/li>\n<\/ul>","protected":false},"excerpt":{"rendered":"<ul>\n<li>\n<p data-path-to-node=\"8,0,0\"><b data-path-to-node=\"8,0,0\" data-index-in-node=\"0\">Apgaismots trieciens:<\/b> Ieb\u016bv\u0113t\u0101s LED gaismas liek j\u016bsu ar l\u0101zeru iegrav\u0113tajam dizainam spo\u017ei mirdz\u0113t.<\/p>\n<\/li>\n<li>\n<p data-path-to-node=\"8,1,0\"><b data-path-to-node=\"8,1,0\" data-index-in-node=\"0\">Augst\u0101k\u0101s kvalit\u0101tes materi\u0101ls:<\/b> Augstas kvalit\u0101tes 2 mm vai 3 mm krist\u0101ldzidrs akrils.<\/p>\n<\/li>\n<li>\n<p data-path-to-node=\"8,2,0\"><b data-path-to-node=\"8,2,0\" data-index-in-node=\"0\">Piel\u0101gota tehnolo\u0123ija:<\/b> Pieejams ar sk\u0101rienpalikt\u0146a sl\u0113d\u017eiem un uzl\u0101d\u0113jam\u0101m vai vienreiz lietojam\u0101m baterij\u0101m.<\/p>\n<\/li>\n<li>\n<p data-path-to-node=\"8,3,0\"><b data-path-to-node=\"8,3,0\" data-index-in-node=\"0\">Daudzpus\u012bga lieto\u0161ana:<\/b> Ide\u0101li piem\u0113rots luksusa k\u0101zu iel\u016bgumiem, augstas klases viz\u012btkart\u0113m vai suven\u012bru bi\u013cet\u0113m.<\/p>\n<\/li>\n<\/ul>","protected":false},"featured_media":6134,"comment_status":"closed","ping_status":"closed","template":"","meta":[],"product_brand":[],"product_cat":[76],"product_tag":[],"class_list":{"0":"post-6133","1":"product","2":"type-product","3":"status-publish","4":"has-post-thumbnail","6":"product_cat-glow-led-products","8":"first","9":"instock","10":"shipping-taxable","11":"product-type-simple"},"_links":{"self":[{"href":"https:\/\/displayproducts.eu\/lv\/wp-json\/wp\/v2\/product\/6133","targetHints":{"allow":["GET"]}}],"collection":[{"href":"https:\/\/displayproducts.eu\/lv\/wp-json\/wp\/v2\/product"}],"about":[{"href":"https:\/\/displayproducts.eu\/lv\/wp-json\/wp\/v2\/types\/product"}],"replies":[{"embeddable":true,"href":"https:\/\/displayproducts.eu\/lv\/wp-json\/wp\/v2\/comments?post=6133"}],"wp:featuredmedia":[{"embeddable":true,"href":"https:\/\/displayproducts.eu\/lv\/wp-json\/wp\/v2\/media\/6134"}],"wp:attachment":[{"href":"https:\/\/displayproducts.eu\/lv\/wp-json\/wp\/v2\/media?parent=6133"}],"wp:term":[{"taxonomy":"product_brand","embeddable":true,"href":"https:\/\/displayproducts.eu\/lv\/wp-json\/wp\/v2\/product_brand?post=6133"},{"taxonomy":"product_cat","embeddable":true,"href":"https:\/\/displayproducts.eu\/lv\/wp-json\/wp\/v2\/product_cat?post=6133"},{"taxonomy":"product_tag","embeddable":true,"href":"https:\/\/displayproducts.eu\/lv\/wp-json\/wp\/v2\/product_tag?post=6133"}],"curies":[{"name":"wp","href":"https:\/\/api.w.org\/{rel}","templated":true}]}}