{"id":6125,"date":"2025-12-18T23:14:53","date_gmt":"2025-12-18T20:14:53","guid":{"rendered":"https:\/\/wristbandfactory.eu\/?post_type=product&#038;p=6125"},"modified":"2026-04-01T21:52:03","modified_gmt":"2026-04-01T18:52:03","slug":"custom-pvc-playing-cards-100-plastic-waterproof","status":"publish","type":"product","link":"https:\/\/displayproducts.eu\/lv\/p\/custom-pvc-playing-cards-100-plastic-waterproof\/","title":{"rendered":"Piel\u0101gotas PVC sp\u0113\u013cu k\u0101rtis"},"content":{"rendered":"<p data-path-to-node=\"12\">Palieliniet sava z\u012bmola atpaz\u012bstam\u012bbu ar m\u016bsu premium pakalpojumiem <b data-path-to-node=\"12\" data-index-in-node=\"72\">Piel\u0101gotas PVC sp\u0113\u013cu k\u0101rtis<\/b>. At\u0161\u0137ir\u012bb\u0101 no standarta pap\u012bra k\u0101r\u0161u komplektiem, \u0161\u012bs 100% plastmasas kart\u012btes pied\u0101v\u0101 izcilu iztur\u012bbu, profesion\u0101lu \u201ckazino saj\u016btu\u201d un piln\u012bgu \u016bdensiztur\u012bbu. T\u0101s ir ide\u0101li piem\u0113rotas rekl\u0101mas prec\u0113m alus dar\u012btav\u0101m, \u0101ra pas\u0101kumiem, ce\u013cojumu z\u012bmoliem un augstas klases korporat\u012bvaj\u0101m d\u0101van\u0101m.<\/p>\n<p data-path-to-node=\"13\">T\u0101 k\u0101 t\u0101s ir mazg\u0101jamas un iztur\u012bgas pret loc\u012b\u0161anos, j\u016bsu firmas k\u0101r\u0161u komplekts ilg\u0101k saglab\u0101 savu formu, nodro\u0161inot ilgsto\u0161u j\u016bsu logotipa izcel\u0161anu. Neatkar\u012bgi no t\u0101, vai tas ir pokera turn\u012brs vai d\u0101vana dz\u012bvesveidam, PVC sp\u0113\u013cu k\u0101rtis simboliz\u0113 kvalit\u0101ti un iztur\u012bbu.<\/p>\n<h2 data-path-to-node=\"14\">Galven\u0101s iez\u012bmes<\/h2>\n<ul data-path-to-node=\"15\">\n<li>\n<p data-path-to-node=\"15,0,0\"><b data-path-to-node=\"15,0,0\" data-index-in-node=\"0\">100% \u016adensiztur\u012bgs:<\/b> Lieliski piem\u0113rots pludmales pas\u0101kumiem, b\u0101riem un lieto\u0161anai \u0101rpus telp\u0101m; izliju\u0161os dz\u0113rienus var vienk\u0101r\u0161i noslauc\u012bt.<\/p>\n<\/li>\n<li>\n<p data-path-to-node=\"15,1,0\"><b data-path-to-node=\"15,1,0\" data-index-in-node=\"0\">Izcila iztur\u012bba:<\/b> PVC materi\u0101ls ir daudz iztur\u012bg\u0101ks pret burz\u012b\u0161anos, pl\u012bsumiem un st\u016bru nodilumu nek\u0101 pap\u012brs.<\/p>\n<\/li>\n<li>\n<p data-path-to-node=\"15,2,0\"><b data-path-to-node=\"15,2,0\" data-index-in-node=\"0\">Augstas iz\u0161\u0137irtsp\u0113jas druk\u0101\u0161ana:<\/b> Krauk\u0161\u0137\u012bga, spilgta CMYK druka sare\u017e\u0123\u012btiem logotipiem un piel\u0101gotiem m\u0101kslas darbiem uz kar\u0161u aizmugur\u0113m.<\/p>\n<\/li>\n<li>\n<p data-path-to-node=\"15,3,0\"><b data-path-to-node=\"15,3,0\" data-index-in-node=\"0\">Vienm\u0113r\u012bga apstr\u0101de:<\/b> Profesion\u0101lai jauk\u0161anai un r\u012bko\u0161anai pieejamas tekstur\u0113tas apdares iesp\u0113jas.<\/p>\n<\/li>\n<\/ul>\n<h2 data-path-to-node=\"16\">Specifik\u0101cijas<\/h2>\n<ul data-path-to-node=\"17\">\n<li>\n<p data-path-to-node=\"17,0,0\"><b data-path-to-node=\"17,0,0\" data-index-in-node=\"0\">Materi\u0101ls:<\/b> 100% Balta PVC vai caursp\u012bd\u012bga PVC opcijas.<\/p>\n<\/li>\n<li>\n<p data-path-to-node=\"17,1,0\"><b data-path-to-node=\"17,1,0\" data-index-in-node=\"0\">Izm\u0113ri:<\/b> Standarta pokera izm\u0113rs (63 mm x 88 mm) vai tilti\u0146a izm\u0113rs (57 mm x 87 mm).<\/p>\n<\/li>\n<li>\n<p data-path-to-node=\"17,2,0\"><b data-path-to-node=\"17,2,0\" data-index-in-node=\"0\">Biezums:<\/b> Standarta 0,3 mm (aptuveni 300 mikroni).<\/p>\n<\/li>\n<li>\n<p data-path-to-node=\"17,3,0\"><b data-path-to-node=\"17,3,0\" data-index-in-node=\"0\">Iepakojums:<\/b> Standarta balta ielikt\u0146a kaste, piel\u0101gota apdruk\u0101ta kaste vai caursp\u012bd\u012bgs plastmasas korpuss.<\/p>\n<\/li>\n<li>\n<p data-path-to-node=\"17,4,0\"><b data-path-to-node=\"17,4,0\" data-index-in-node=\"0\">K\u0101r\u0161u skaits:<\/b> Standarta 54 k\u0101rtis (52 masti + 2 d\u017eokeri).<\/p>\n<\/li>\n<\/ul>\n<h2 data-path-to-node=\"18\">Lieto\u0161anas gad\u012bjumi<\/h2>\n<ul data-path-to-node=\"19\">\n<li>\n<p data-path-to-node=\"19,0,0\"><b data-path-to-node=\"19,0,0\" data-index-in-node=\"0\">Dz\u0113rienu un alkohola z\u012bmoli:<\/b> \u016adensnecaurlaid\u012bgas kartes ir b\u016btiskas b\u0101riem un krogiem.<\/p>\n<\/li>\n<li>\n<p data-path-to-node=\"19,1,0\"><b data-path-to-node=\"19,1,0\" data-index-in-node=\"0\">Ce\u013cojumi un t\u016brisms:<\/b> Iztur\u012bgas ce\u013cojumu sp\u0113les viesn\u012bc\u0101m, k\u016brortiem un t\u016brisma operatoriem.<\/p>\n<\/li>\n<li>\n<p data-path-to-node=\"19,2,0\"><b data-path-to-node=\"19,2,0\" data-index-in-node=\"0\">Korporat\u012bv\u0101s d\u0101vanas:<\/b> Augstas v\u0113rt\u012bbas, interakt\u012bva d\u0101vana, ko klienti glab\u0101 uz saviem kafijas galdi\u0146iem.<\/p>\n<\/li>\n<li>\n<p data-path-to-node=\"19,3,0\"><b data-path-to-node=\"19,3,0\" data-index-in-node=\"0\">Kazino un sp\u0113\u013cu klubi:<\/b> Turn\u012bra kvalit\u0101tes k\u0101r\u0161u komplekti ar piel\u0101gotu z\u012bmolu.<\/p>\n<\/li>\n<\/ul>","protected":false},"excerpt":{"rendered":"<ul>\n<li>\n<p data-path-to-node=\"11,0,0\">Materi\u0101ls: 100% PVC plastmasa (0,3 mm vai 0,32 mm biezums)<\/p>\n<\/li>\n<li>\n<p data-path-to-node=\"11,1,0\">\u012apa\u0161\u012bbas: Piln\u012bb\u0101 \u016bdensiztur\u012bgs, mazg\u0101jams un iztur\u012bgs pret pl\u012bsumiem<\/p>\n<\/li>\n<li>\n<p data-path-to-node=\"11,2,0\">Piel\u0101go\u0161ana: Pilnkr\u0101su apdruka aizmugur\u0113, piel\u0101gotas sejas opcijas un piel\u0101gota ielikt\u0146a kaste<\/p>\n<\/li>\n<li>\n<p data-path-to-node=\"11,3,0\">Iztur\u012bba: Kazino l\u012bme\u0146a fiks\u0101cija un notur\u012bba ilgsto\u0161ai lieto\u0161anai<\/p>\n<\/li>\n<\/ul>","protected":false},"featured_media":6126,"comment_status":"closed","ping_status":"closed","template":"","meta":[],"product_brand":[],"product_cat":[121],"product_tag":[],"class_list":{"0":"post-6125","1":"product","2":"type-product","3":"status-publish","4":"has-post-thumbnail","6":"product_cat-promotional-merchandise","8":"first","9":"instock","10":"shipping-taxable","11":"purchasable","12":"product-type-simple"},"_links":{"self":[{"href":"https:\/\/displayproducts.eu\/lv\/wp-json\/wp\/v2\/product\/6125","targetHints":{"allow":["GET"]}}],"collection":[{"href":"https:\/\/displayproducts.eu\/lv\/wp-json\/wp\/v2\/product"}],"about":[{"href":"https:\/\/displayproducts.eu\/lv\/wp-json\/wp\/v2\/types\/product"}],"replies":[{"embeddable":true,"href":"https:\/\/displayproducts.eu\/lv\/wp-json\/wp\/v2\/comments?post=6125"}],"wp:featuredmedia":[{"embeddable":true,"href":"https:\/\/displayproducts.eu\/lv\/wp-json\/wp\/v2\/media\/6126"}],"wp:attachment":[{"href":"https:\/\/displayproducts.eu\/lv\/wp-json\/wp\/v2\/media?parent=6125"}],"wp:term":[{"taxonomy":"product_brand","embeddable":true,"href":"https:\/\/displayproducts.eu\/lv\/wp-json\/wp\/v2\/product_brand?post=6125"},{"taxonomy":"product_cat","embeddable":true,"href":"https:\/\/displayproducts.eu\/lv\/wp-json\/wp\/v2\/product_cat?post=6125"},{"taxonomy":"product_tag","embeddable":true,"href":"https:\/\/displayproducts.eu\/lv\/wp-json\/wp\/v2\/product_tag?post=6125"}],"curies":[{"name":"wp","href":"https:\/\/api.w.org\/{rel}","templated":true}]}}