{"id":6109,"date":"2025-12-18T12:35:53","date_gmt":"2025-12-18T09:35:53","guid":{"rendered":"https:\/\/wristbandfactory.eu\/?post_type=product&#038;p=6109"},"modified":"2026-04-01T21:52:34","modified_gmt":"2026-04-01T18:52:34","slug":"full-color-tyvek-wristbands-cmyk-photo-print","status":"publish","type":"product","link":"https:\/\/displayproducts.eu\/lv\/p\/full-color-tyvek-wristbands-cmyk-photo-print\/","title":{"rendered":"Pilkr\u0101su Tyvek aproces (CMYK)"},"content":{"rendered":"<p data-path-to-node=\"12\">Uzlabojiet sava pas\u0101kuma z\u012bmolu ar m\u016bsu pal\u012bdz\u012bbu <b data-path-to-node=\"12\" data-index-in-node=\"62\">Pilnkr\u0101su Tyvek aproces<\/b>. At\u0161\u0137ir\u012bb\u0101 no standarta vienkr\u0101sas opcij\u0101m, \u0161\u012b augst\u0101k\u0101s kvalit\u0101tes drukas metode nov\u0113r\u0161 visus dizaina ierobe\u017eojumus, \u013caujot vienk\u0101r\u0161u dro\u0161\u012bbas caurlaidi p\u0101rv\u0113rst par sp\u0113c\u012bgu m\u0101rketinga r\u012bku.<\/p>\n<p data-path-to-node=\"13\">Izmantojot modernu digit\u0101lo CMYK drukas tehnolo\u0123iju, m\u0113s varam reproduc\u0113t <b data-path-to-node=\"13\" data-index-in-node=\"66\">augstas iz\u0161\u0137irtsp\u0113jas fotoatt\u0113li, vienm\u0113r\u012bgas kr\u0101su p\u0101rejas un daudzkr\u0101saini sponsoru logotipi<\/b> ar izcilu skaidr\u012bbu. Apdruka tiek uzkl\u0101ta no malas l\u012bdz malai, nodro\u0161inot piln\u012bb\u0101 piel\u0101gotu audeklu, uz kura demonstr\u0113t sava z\u012bmola identit\u0101ti vai festiv\u0101la t\u0113mu.<\/p>\n<h2 data-path-to-node=\"14\">Galven\u0101s iez\u012bmes<\/h2>\n<ul data-path-to-node=\"15\">\n<li>\n<p data-path-to-node=\"15,0,0\"><b data-path-to-node=\"15,0,0\" data-index-in-node=\"0\">CMYK foto kvalit\u0101te:<\/b> Druk\u0101jiet miljoniem kr\u0101su ar precizit\u0101ti. Lieliski piem\u0113rots sare\u017e\u0123\u012btiem m\u0101kslas darbiem, kuriem nepiecie\u0161amas \u0113nojuma izdrukas vai s\u012bkas deta\u013cas.<\/p>\n<\/li>\n<li>\n<p data-path-to-node=\"15,1,0\"><b data-path-to-node=\"15,1,0\" data-index-in-node=\"0\">Maksim\u0101la z\u012bmola atpaz\u012bstam\u012bba:<\/b> Ide\u0101li piem\u0113rots festiv\u0101liem un korporat\u012bvajiem pas\u0101kumiem, kur sponsoru logotipiem j\u0101b\u016bt att\u0113lotiem to ori\u0123in\u0101laj\u0101s kr\u0101s\u0101s.<\/p>\n<\/li>\n<li>\n<p data-path-to-node=\"15,2,0\"><b data-path-to-node=\"15,2,0\" data-index-in-node=\"0\">Dro\u0161\u012bba pret viltojumiem:<\/b> Apr\u012bkots ar dro\u0161u, izgrieztu l\u012bmlenti, kas no\u0146em\u0161anas laik\u0101 sapl\u012bst, lai nov\u0113rstu bi\u013ce\u0161u p\u0101rs\u016bt\u012b\u0161anu.<\/p>\n<\/li>\n<li>\n<p data-path-to-node=\"15,3,0\"><b data-path-to-node=\"15,3,0\" data-index-in-node=\"0\">Sec\u012bg\u0101 numer\u0101cija:<\/b> Katrai joslai ir unik\u0101ls s\u0113rijas numurs ietilp\u012bbas izseko\u0161anai un dro\u0161\u012bbas auditam.<\/p>\n<\/li>\n<li>\n<p data-path-to-node=\"15,4,0\"><b data-path-to-node=\"15,4,0\" data-index-in-node=\"0\">\u012asts DuPont\u2122 Tyvek\u00ae:<\/b> M\u0113s izmantojam autentisku Tyvek\u00ae materi\u0101lu, kas ir \u016bdensnecaurlaid\u012bgs, iztur\u012bgs un \u0113rts vair\u0101ku dienu pas\u0101kumiem.<\/p>\n<\/li>\n<li>\n<p data-path-to-node=\"15,5,0\"><b data-path-to-node=\"15,5,0\" data-index-in-node=\"0\">Papildus nopl\u0113\u0161ams stienis:<\/b> Var izgatavot ar perfor\u0113tu stubl\u0101ju, kas ir ide\u0101li piem\u0113rots dz\u0113rienu kuponiem, garderobes birk\u0101m vai loterij\u0101m.<\/p>\n<\/li>\n<\/ul>\n<h2 data-path-to-node=\"16\">Specifik\u0101cijas<\/h2>\n<ul data-path-to-node=\"17\">\n<li>\n<p data-path-to-node=\"17,0,0\"><b data-path-to-node=\"17,0,0\" data-index-in-node=\"0\">Materi\u0101ls:<\/b> DuPont\u2122 Tyvek\u00ae (p\u0101rstr\u0101d\u0101jams augsta bl\u012bvuma polietil\u0113ns).<\/p>\n<\/li>\n<li>\n<p data-path-to-node=\"17,1,0\"><b data-path-to-node=\"17,1,0\" data-index-in-node=\"0\">Drukas veids:<\/b> Pilnkr\u0101su digit\u0101l\u0101 druka (CMYK).<\/p>\n<\/li>\n<li>\n<p data-path-to-node=\"17,2,0\"><b data-path-to-node=\"17,2,0\" data-index-in-node=\"0\">Drukas laukums:<\/b> No malas l\u012bdz malai (izvirze at\u013cauta).<\/p>\n<\/li>\n<li>\n<p data-path-to-node=\"17,3,0\"><b data-path-to-node=\"17,3,0\" data-index-in-node=\"0\">Izm\u0113rs:<\/b> Standarta platums 19 mm vai 25 mm.<\/p>\n<\/li>\n<li>\n<p data-path-to-node=\"17,4,0\"><b data-path-to-node=\"17,4,0\" data-index-in-node=\"0\">Sl\u0113g\u0161ana:<\/b> Vienreizlietojama, pret atv\u0113r\u0161anu dro\u0161a l\u012bmlente.<\/p>\n<\/li>\n<li>\n<p data-path-to-node=\"17,5,0\"><b data-path-to-node=\"17,5,0\" data-index-in-node=\"0\">Iztur\u012bba:<\/b> \u016adensiztur\u012bgs, pl\u012bsumiztur\u012bgs, piem\u0113rots 1\u20135 dien\u0101m.<\/p>\n<\/li>\n<\/ul>\n<h2 data-path-to-node=\"18\">Lieto\u0161anas gad\u012bjumi<\/h2>\n<ul data-path-to-node=\"19\">\n<li>\n<p data-path-to-node=\"19,0,0\"><b data-path-to-node=\"19,0,0\" data-index-in-node=\"0\">M\u016bzikas festiv\u0101li:<\/b> Spilgti dizaini, kas atbilst festiv\u0101la vizu\u0101lajai identit\u0101tei.<\/p>\n<\/li>\n<li>\n<p data-path-to-node=\"19,1,0\"><b data-path-to-node=\"19,1,0\" data-index-in-node=\"0\">VIP piek\u013cuve:<\/b> Izceliet VIP viesus ar augst\u0101k\u0101s kvalit\u0101tes, kr\u0101sainu izskatu, sal\u012bdzinot ar standarta siksni\u0146\u0101m.<\/p>\n<\/li>\n<li>\n<p data-path-to-node=\"19,2,0\"><b data-path-to-node=\"19,2,0\" data-index-in-node=\"0\">Sponsor\u0113\u0161ana:<\/b> Skaidri att\u0113lojiet vair\u0101ku sponsoru logotipus to ofici\u0101laj\u0101s korporat\u012bvaj\u0101s kr\u0101s\u0101s.<\/p>\n<\/li>\n<li>\n<p data-path-to-node=\"19,3,0\"><b data-path-to-node=\"19,3,0\" data-index-in-node=\"0\">M\u0101rketinga kampa\u0146as:<\/b> Izmantojiet QR kodus un iespaid\u012bgus vizu\u0101los materi\u0101lus, lai veicin\u0101tu iesaisti.<\/p>\n<\/li>\n<\/ul>","protected":false},"excerpt":{"rendered":"<ul>\n<li>\n<p data-path-to-node=\"11,0,0\"><b data-path-to-node=\"11,0,0\" data-index-in-node=\"0\">Neierobe\u017eota rado\u0161ums:<\/b> Pilnkr\u0101su CMYK druka \u013cauj druk\u0101t fotoatt\u0113lus, gradientus un sare\u017e\u0123\u012btus sponsoru logotipus.<\/p>\n<\/li>\n<li>\n<p data-path-to-node=\"11,1,0\"><b data-path-to-node=\"11,1,0\" data-index-in-node=\"0\">Dizains no malas l\u012bdz malai:<\/b> Maksim\u0101li palieliniet z\u012bmola ietekmi ar m\u0101kslas darbiem, kas nosedz visu aproces garumu.<\/p>\n<\/li>\n<li>\n<p data-path-to-node=\"11,2,0\"><b data-path-to-node=\"11,2,0\" data-index-in-node=\"0\">Augsta iz\u0161\u0137irtsp\u0113ja:<\/b> Asa, fotore\u0101listiska drukas kvalit\u0101te nav pieejama ar standarta sietspiedi.<\/p>\n<\/li>\n<li>\n<p data-path-to-node=\"11,3,0\"><b data-path-to-node=\"11,3,0\" data-index-in-node=\"0\">Dro\u0161s un iztur\u012bgs:<\/b> Apr\u012bkots ar sec\u012bgu numer\u0101ciju un \u012bstu, pl\u012bsumam iztur\u012bgu DuPont\u2122 Tyvek\u00ae materi\u0101lu.<\/p>\n<\/li>\n<\/ul>","protected":false},"featured_media":6110,"comment_status":"closed","ping_status":"closed","template":"","meta":[],"product_brand":[],"product_cat":[41],"product_tag":[],"class_list":{"0":"post-6109","1":"product","2":"type-product","3":"status-publish","4":"has-post-thumbnail","6":"product_cat-tyvek","8":"first","9":"instock","10":"shipping-taxable","11":"purchasable","12":"product-type-simple"},"_links":{"self":[{"href":"https:\/\/displayproducts.eu\/lv\/wp-json\/wp\/v2\/product\/6109","targetHints":{"allow":["GET"]}}],"collection":[{"href":"https:\/\/displayproducts.eu\/lv\/wp-json\/wp\/v2\/product"}],"about":[{"href":"https:\/\/displayproducts.eu\/lv\/wp-json\/wp\/v2\/types\/product"}],"replies":[{"embeddable":true,"href":"https:\/\/displayproducts.eu\/lv\/wp-json\/wp\/v2\/comments?post=6109"}],"wp:featuredmedia":[{"embeddable":true,"href":"https:\/\/displayproducts.eu\/lv\/wp-json\/wp\/v2\/media\/6110"}],"wp:attachment":[{"href":"https:\/\/displayproducts.eu\/lv\/wp-json\/wp\/v2\/media?parent=6109"}],"wp:term":[{"taxonomy":"product_brand","embeddable":true,"href":"https:\/\/displayproducts.eu\/lv\/wp-json\/wp\/v2\/product_brand?post=6109"},{"taxonomy":"product_cat","embeddable":true,"href":"https:\/\/displayproducts.eu\/lv\/wp-json\/wp\/v2\/product_cat?post=6109"},{"taxonomy":"product_tag","embeddable":true,"href":"https:\/\/displayproducts.eu\/lv\/wp-json\/wp\/v2\/product_tag?post=6109"}],"curies":[{"name":"wp","href":"https:\/\/api.w.org\/{rel}","templated":true}]}}