{"id":6103,"date":"2025-12-17T16:17:31","date_gmt":"2025-12-17T13:17:31","guid":{"rendered":"https:\/\/wristbandfactory.eu\/?post_type=product&#038;p=6103"},"modified":"2026-04-01T21:52:34","modified_gmt":"2026-04-01T18:52:34","slug":"custom-tyvek-running-bibs-race-numbers","status":"publish","type":"product","link":"https:\/\/displayproducts.eu\/lv\/p\/custom-tyvek-running-bibs-race-numbers\/","title":{"rendered":"Sacens\u012bbu numuri (Tyvek)"},"content":{"rendered":"<p data-path-to-node=\"10\">Apr\u012bkojiet savus sportistus ar profesion\u0101lu apr\u012bkojumu <b>Piel\u0101goti Tyvek skrie\u0161anas priek\u0161auti<\/b>. Neatkar\u012bgi no t\u0101, vai organiz\u0113jat pils\u0113tas maratonu, labdar\u012bbas skr\u0113jienu vai skolas vieglatl\u0113tikas dienu, sacens\u012bbu numura kvalit\u0101te atspogu\u013co pas\u0101kuma kvalit\u0101ti.<\/p>\n<p data-path-to-node=\"11\">M\u0113s izmantojam <b>Tyvek\u00ae materi\u0101ls<\/b>, kas ir nozares standarts sacens\u012bbu numuriem. Tas izskat\u0101s un druk\u0101 k\u0101 pap\u012brs, bet tam piem\u012bt plastmasas iztur\u012bba. To praktiski nav iesp\u0113jams sapl\u0113st ar rok\u0101m, tas nesadal\u0101s liet\u016b vai sviedros un saglab\u0101 vieglu svaru (\u012bpa\u0161i m\u016bsu ieteiktais <b>43 g\/m\u00b2<\/b> opcija), t\u0101p\u0113c konkurenti to tikpat k\u0101 nej\u016bt.<\/p>\n<h2 data-path-to-node=\"12\">Galven\u0101s iez\u012bmes<\/h2>\n<ul data-path-to-node=\"13\">\n<li>\n<p data-path-to-node=\"13,0,0\"><b>Neizn\u012bcin\u0101ma iztur\u012bba:<\/b> Tyvek iztur garo distan\u010du skr\u0113jienu, dub\u013cu skr\u0113jienu un sliktu laikapst\u0101k\u013cu slodzi, nepl\u012bstot un neizbal\u0113jot.<\/p>\n<\/li>\n<li>\n<p data-path-to-node=\"13,1,0\"><b>Main\u012bgo datu druk\u0101\u0161ana:<\/b> M\u0113s varam uzdruk\u0101t sec\u012bgu numer\u0101ciju, sv\u012btrkodus, QR kodus un atsevi\u0161\u0137u dal\u012bbnieku v\u0101rdus tie\u0161i uz numuru numuriem.<\/p>\n<\/li>\n<li>\n<p data-path-to-node=\"13,2,0\"><b>Sponsora redzam\u012bba:<\/b> Liel\u0101 virsmas plat\u012bba pied\u0101v\u0101 lielisku vietu sponsoru logotipiem, nodro\u0161inot, ka tie ir redzami katr\u0101 pas\u0101kuma fotoatt\u0113l\u0101.<\/p>\n<\/li>\n<li>\n<p data-path-to-node=\"13,3,0\"><b>Dro\u0161a piestiprin\u0101\u0161ana:<\/b> Paredz\u0113tas, lai t\u0101s var\u0113tu viegli piespraust pie ap\u0123\u0113rba (dro\u0161\u012bbas adatas parasti tiek p\u0101rdotas atsevi\u0161\u0137i vai komplekt\u0101).<\/p>\n<\/li>\n<\/ul>\n<h2 data-path-to-node=\"14\">Specifik\u0101cijas<\/h2>\n<ul data-path-to-node=\"15\">\n<li>\n<p data-path-to-node=\"15,0,0\"><b>Materi\u0101ls:<\/b> Tyvek\u00ae (sint\u0113tiskais pap\u012brs).<\/p>\n<\/li>\n<li>\n<p data-path-to-node=\"15,1,0\"><b>Biezums:<\/b> 43 g\/m\u00b2 (viegls un m\u012bksts), 55 g\/m\u00b2, 75 g\/m\u00b2 (stingrs).<\/p>\n<\/li>\n<li>\n<p data-path-to-node=\"15,2,0\"><b>Standarta izm\u0113ri:<\/b><\/p>\n<ul data-path-to-node=\"15,2,1\">\n<li>\n<p data-path-to-node=\"15,2,1,0,0\">21 x 22 cm (liels)<\/p>\n<\/li>\n<li>\n<p data-path-to-node=\"15,2,1,1,0\">21 x 15 cm (standarta A5)<\/p>\n<\/li>\n<li>\n<p data-path-to-node=\"15,2,1,2,0\">20 x 20 cm \/ 18 x 18 cm (kvadr\u0101tveida)<\/p>\n<\/li>\n<li>\n<p data-path-to-node=\"15,2,1,3,0\">21 x 11 cm \/ 10 x 11 cm (Mazs)<\/p>\n<\/li>\n<\/ul>\n<\/li>\n<li>\n<p data-path-to-node=\"15,3,0\"><b>Druk\u0101t:<\/b> Pilnkr\u0101su digit\u0101l\u0101 versija (CMYK).<\/p>\n<\/li>\n<li>\n<p data-path-to-node=\"15,4,0\"><b>Labo\u0161ana:<\/b> 4 st\u016bra caurumi (p\u0113c izv\u0113les).<\/p>\n<\/li>\n<li>\n<p data-path-to-node=\"15,5,0\"><b>Minim\u0101lais pas\u016bt\u012bjuma daudzums:<\/b> 100 vien\u012bbas.<\/p>\n<\/li>\n<\/ul>\n<h2 data-path-to-node=\"16\">Lieto\u0161anas gad\u012bjumi<\/h2>\n<ul data-path-to-node=\"17\">\n<li>\n<p data-path-to-node=\"17,0,0\"><b>Maratoni un triatloni:<\/b> Nepiecie\u0161ams personu apliecino\u0161s dokuments sacens\u012bb\u0101m ar laika ierobe\u017eojumu.<\/p>\n<\/li>\n<li>\n<p data-path-to-node=\"17,1,0\"><b>Labdar\u012bbas pastaigas:<\/b> Sponsoru un m\u0113r\u0137u z\u012bmola veido\u0161anas iesp\u0113ja.<\/p>\n<\/li>\n<li>\n<p data-path-to-node=\"17,2,0\"><b>Sl\u0113po\u0161ana un rite\u0146brauk\u0161ana:<\/b> Iztur\u012bgi numuri, kas iztur v\u0113ju un mitrumu.<\/p>\n<\/li>\n<li>\n<p data-path-to-node=\"17,3,0\"><b>Noklaus\u012b\u0161an\u0101s:<\/b> Izmanto k\u0101 ID numurus deju vai atlases noklaus\u012b\u0161an\u0101s reiz\u0113m.<\/p>\n<\/li>\n<\/ul>","protected":false},"excerpt":{"rendered":"<ul>\n<li>\n<p data-path-to-node=\"9,0,0\"><b>Materi\u0101ls:<\/b> \u012asts <b>Tyvek\u00ae<\/b> \u2013 pl\u012bsumiztur\u012bgs, \u016bdensnecaurlaid\u012bgs un elpojo\u0161s.<\/p>\n<\/li>\n<li>\n<p data-path-to-node=\"9,1,0\"><b>Svara opcijas:<\/b> Pieejams 43 g\/m\u00b2 (ieteicamais vieglais svars), 55 g\/m\u00b2 vai 75 g\/m\u00b2 biezum\u0101.<\/p>\n<\/li>\n<li>\n<p data-path-to-node=\"9,2,0\"><b>Piel\u0101go\u0161ana:<\/b> Pilnkr\u0101su digit\u0101l\u0101 druka logotipiem, numuriem un sponsoru datiem.<\/p>\n<\/li>\n<li>\n<p data-path-to-node=\"9,3,0\"><b>Izm\u0113ri:<\/b> Pla\u0161s standarta izm\u0113ru kl\u0101sts (piem\u0113ram, A5, A4, 21x22 cm), lai atbilstu jebkura veida pas\u0101kumiem.<\/p>\n<\/li>\n<\/ul>","protected":false},"featured_media":6132,"comment_status":"closed","ping_status":"closed","template":"","meta":[],"product_brand":[],"product_cat":[68,118],"product_tag":[],"class_list":{"0":"post-6103","1":"product","2":"type-product","3":"status-publish","4":"has-post-thumbnail","6":"product_cat-event-supplies","7":"product_cat-sports-fitness","9":"first","10":"instock","11":"shipping-taxable","12":"purchasable","13":"product-type-simple"},"_links":{"self":[{"href":"https:\/\/displayproducts.eu\/lv\/wp-json\/wp\/v2\/product\/6103","targetHints":{"allow":["GET"]}}],"collection":[{"href":"https:\/\/displayproducts.eu\/lv\/wp-json\/wp\/v2\/product"}],"about":[{"href":"https:\/\/displayproducts.eu\/lv\/wp-json\/wp\/v2\/types\/product"}],"replies":[{"embeddable":true,"href":"https:\/\/displayproducts.eu\/lv\/wp-json\/wp\/v2\/comments?post=6103"}],"wp:featuredmedia":[{"embeddable":true,"href":"https:\/\/displayproducts.eu\/lv\/wp-json\/wp\/v2\/media\/6132"}],"wp:attachment":[{"href":"https:\/\/displayproducts.eu\/lv\/wp-json\/wp\/v2\/media?parent=6103"}],"wp:term":[{"taxonomy":"product_brand","embeddable":true,"href":"https:\/\/displayproducts.eu\/lv\/wp-json\/wp\/v2\/product_brand?post=6103"},{"taxonomy":"product_cat","embeddable":true,"href":"https:\/\/displayproducts.eu\/lv\/wp-json\/wp\/v2\/product_cat?post=6103"},{"taxonomy":"product_tag","embeddable":true,"href":"https:\/\/displayproducts.eu\/lv\/wp-json\/wp\/v2\/product_tag?post=6103"}],"curies":[{"name":"wp","href":"https:\/\/api.w.org\/{rel}","templated":true}]}}