{"id":6101,"date":"2025-12-17T16:12:54","date_gmt":"2025-12-17T13:12:54","guid":{"rendered":"https:\/\/wristbandfactory.eu\/?post_type=product&#038;p=6101"},"modified":"2026-04-01T21:52:34","modified_gmt":"2026-04-01T18:52:34","slug":"custom-printed-helmet-covers-lycra-spandex","status":"publish","type":"product","link":"https:\/\/displayproducts.eu\/lv\/p\/custom-printed-helmet-covers-lycra-spandex\/","title":{"rendered":"\u0136iveres p\u0101rvalki ar logo"},"content":{"rendered":"<p data-path-to-node=\"11\">Izcelieties uz nog\u0101z\u0113m, skrejce\u013c\u0101 vai uz ielas ar m\u016bsu <b>P\u0113c pas\u016bt\u012bjuma apdruk\u0101ti \u0137iveru p\u0101rvalki<\/b>. \u0160ie p\u0101rvalki, kas paredz\u0113ti sporta komand\u0101m, sl\u0113po\u0161anas skol\u0101m un korporat\u012bvajiem sponsoriem, p\u0101rveido standarta dro\u0161\u012bbas ekip\u0113jumu par spilgtu j\u016bsu formas t\u0113rpa vai m\u0101rketinga kampa\u0146as da\u013cu.<\/p>\n<p data-path-to-node=\"12\">Izgatavots no augstas kvalit\u0101tes <b>100% Likra (spandekss)<\/b>, Materi\u0101ls pied\u0101v\u0101 izcilu elast\u012bbu. Tas nodro\u0161ina cie\u0161u, aerodinamisku piegul\u0161anu gandr\u012bz jebkuras formas \u0137iverei \u2014 neatkar\u012bgi no t\u0101, vai t\u0101 paredz\u0113ta sl\u0113po\u0161anai, rite\u0146brauk\u0161anai vai slido\u0161anai \u2014, neapdraudot dro\u0161\u012bbu vai komfortu.<\/p>\n<h2 data-path-to-node=\"13\">Galven\u0101s iez\u012bmes<\/h2>\n<ul data-path-to-node=\"14\">\n<li>\n<p data-path-to-node=\"14,0,0\"><b>Viens izm\u0113rs der liel\u0101kajai da\u013cai:<\/b> Pateicoties likras izcilajai elast\u012bbai, viens izm\u0113rs piel\u0101gojas, lai dro\u0161i piegul\u0113tu gan b\u0113rnu, gan pieaugu\u0161o \u0137iver\u0113m.<\/p>\n<\/li>\n<li>\n<p data-path-to-node=\"14,1,0\"><b>360\u00b0 z\u012bmola veido\u0161ana:<\/b> M\u0113s izmantojam <b>Piln\u012bga kr\u0101su sublim\u0101cija<\/b> druka. Tas noz\u012bm\u0113, ka j\u016bs neaprobe\u017eojaties tikai ar nelielu logotipu s\u0101nos; j\u016bs varat druk\u0101t rakstus, talismanus vai z\u012bmola kr\u0101sas pa visu v\u0101ka virsmu.<\/p>\n<\/li>\n<li>\n<p data-path-to-node=\"14,2,0\"><b>Iztur\u012bba:<\/b> Audums ir iztur\u012bgs pret aukstumu, mitrumu un UV stariem, nodro\u0161inot, ka j\u016bsu dizains saglab\u0101jas spilgts sezonu p\u0113c sezonas.<\/p>\n<\/li>\n<li>\n<p data-path-to-node=\"14,3,0\"><b>Vienk\u0101r\u0161a identifik\u0101cija:<\/b> B\u016btiski sl\u0113po\u0161anas skol\u0101m un t\u016bristu grup\u0101m, lai sekotu l\u012bdzi dal\u012bbnieku gait\u0101m p\u0101rpild\u012bt\u0101s vid\u0113s.<\/p>\n<\/li>\n<\/ul>\n<h2 data-path-to-node=\"15\">Specifik\u0101cijas<\/h2>\n<ul data-path-to-node=\"16\">\n<li>\n<p data-path-to-node=\"16,0,0\"><b>Materi\u0101ls:<\/b> 100% poliestera likra (spandekss).<\/p>\n<\/li>\n<li>\n<p data-path-to-node=\"16,1,0\"><b>Drukas tehnika:<\/b> Pilnkr\u0101su sublim\u0101cija (CMYK).<\/p>\n<\/li>\n<li>\n<p data-path-to-node=\"16,2,0\"><b>Izm\u0113rs:<\/b> Univers\u0101la, elast\u012bga piegriezuma forma.<\/p>\n<\/li>\n<li>\n<p data-path-to-node=\"16,3,0\"><b>Dizains:<\/b> Piln\u012bb\u0101 piel\u0101gots (p\u0113c piepras\u012bjuma var iek\u013caut ausu atlokus vai \u0123erboni).<\/p>\n<\/li>\n<li>\n<p data-path-to-node=\"16,4,0\"><b>Apr\u016bpe:<\/b> Mazg\u0101jams ve\u013cas ma\u0161\u012bn\u0101 (zem\u0101 temperat\u016br\u0101).<\/p>\n<\/li>\n<li>\n<p data-path-to-node=\"16,5,0\"><b>Minim\u0101lais pas\u016bt\u012bjuma daudzums:<\/b> 50 vien\u012bbas.<\/p>\n<\/li>\n<\/ul>\n<h2 data-path-to-node=\"17\">Lieto\u0161anas gad\u012bjumi<\/h2>\n<ul data-path-to-node=\"18\">\n<li>\n<p data-path-to-node=\"18,0,0\"><b>Sl\u0113po\u0161anas un snovborda skolas:<\/b> Skaidri identific\u0113jiet instruktorus un studentu grupas kaln\u0101.<\/p>\n<\/li>\n<li>\n<p data-path-to-node=\"18,1,0\"><b>Rite\u0146brauk\u0161anas klubi:<\/b> Komandas vienot\u012bba \u0161osejas sac\u012bkst\u0113m vai neform\u0101liem grupu braucieniem.<\/p>\n<\/li>\n<li>\n<p data-path-to-node=\"18,2,0\"><b>Korporat\u012bvie ziemas pas\u0101kumi:<\/b> Z\u012bmola apr\u012bkojums uz\u0146\u0113mumu sl\u0113po\u0161anas atp\u016bt\u0113m.<\/p>\n<\/li>\n<li>\n<p data-path-to-node=\"18,3,0\"><b>Dro\u0161\u012bbas kampa\u0146as:<\/b> Labi redzamas kr\u0101sas b\u0113rniem satiksm\u0113.<\/p>\n<\/li>\n<\/ul>","protected":false},"excerpt":{"rendered":"<ul>\n<li>\n<p data-path-to-node=\"10,0,0\"><b>Materi\u0101ls:<\/b> 100% Likra (spandekss) \u2013 \u013coti elast\u012bga un iztur\u012bga.<\/p>\n<\/li>\n<li>\n<p data-path-to-node=\"10,1,0\"><b>Univers\u0101ls piegulums:<\/b> Elast\u012bga, lai der\u0113tu liel\u0101kajai da\u013cai standarta sl\u0113po\u0161anas, snovborda, velosip\u0113da un slido\u0161anas \u0137iveru.<\/p>\n<\/li>\n<li>\n<p data-path-to-node=\"10,2,0\"><b>Piln\u012bga piel\u0101go\u0161ana:<\/b> Visaptvero\u0161a sublim\u0101cijas druka nodro\u0161ina neierobe\u017eotu kr\u0101su un dizainu kl\u0101stu.<\/p>\n<\/li>\n<li>\n<p data-path-to-node=\"10,3,0\"><b>Funkcionalit\u0101te:<\/b> Aizsarg\u0101 \u0137iveri no skr\u0101p\u0113jumiem, vienlaikus nodro\u0161inot labi redzamu z\u012bmola logotipu<\/p>\n<\/li>\n<\/ul>","protected":false},"featured_media":6326,"comment_status":"closed","ping_status":"closed","template":"","meta":[],"product_brand":[],"product_cat":[130,118],"product_tag":[],"class_list":{"0":"post-6101","1":"product","2":"type-product","3":"status-publish","4":"has-post-thumbnail","6":"product_cat-custom-headwear","7":"product_cat-sports-fitness","9":"first","10":"instock","11":"shipping-taxable","12":"product-type-simple"},"_links":{"self":[{"href":"https:\/\/displayproducts.eu\/lv\/wp-json\/wp\/v2\/product\/6101","targetHints":{"allow":["GET"]}}],"collection":[{"href":"https:\/\/displayproducts.eu\/lv\/wp-json\/wp\/v2\/product"}],"about":[{"href":"https:\/\/displayproducts.eu\/lv\/wp-json\/wp\/v2\/types\/product"}],"replies":[{"embeddable":true,"href":"https:\/\/displayproducts.eu\/lv\/wp-json\/wp\/v2\/comments?post=6101"}],"wp:featuredmedia":[{"embeddable":true,"href":"https:\/\/displayproducts.eu\/lv\/wp-json\/wp\/v2\/media\/6326"}],"wp:attachment":[{"href":"https:\/\/displayproducts.eu\/lv\/wp-json\/wp\/v2\/media?parent=6101"}],"wp:term":[{"taxonomy":"product_brand","embeddable":true,"href":"https:\/\/displayproducts.eu\/lv\/wp-json\/wp\/v2\/product_brand?post=6101"},{"taxonomy":"product_cat","embeddable":true,"href":"https:\/\/displayproducts.eu\/lv\/wp-json\/wp\/v2\/product_cat?post=6101"},{"taxonomy":"product_tag","embeddable":true,"href":"https:\/\/displayproducts.eu\/lv\/wp-json\/wp\/v2\/product_tag?post=6101"}],"curies":[{"name":"wp","href":"https:\/\/api.w.org\/{rel}","templated":true}]}}