{"id":6096,"date":"2025-12-17T16:05:07","date_gmt":"2025-12-17T13:05:07","guid":{"rendered":"https:\/\/wristbandfactory.eu\/?post_type=product&#038;p=6096"},"modified":"2026-04-01T21:52:34","modified_gmt":"2026-04-01T18:52:34","slug":"custom-full-print-boxer-shorts-sublimation","status":"publish","type":"product","link":"https:\/\/displayproducts.eu\/lv\/p\/custom-full-print-boxer-shorts-sublimation\/","title":{"rendered":"Bokser\u0161orti ar pilnkr\u0101su apdruku"},"content":{"rendered":"<p data-path-to-node=\"11\">P\u0101rveidojiet ikdienas svar\u012bgo lietu par drosm\u012bgu pazi\u0146ojumu ar m\u016bsu <b>Piel\u0101goti pilna apdrukas bokser\u0161orti<\/b>. Neatkar\u012bgi no t\u0101, vai t\u0101 ir sporta komanda, kas mekl\u0113 vienotu ap\u0123\u0113rba komplektu (l\u012bdz pat apak\u0161k\u0101rtai), grupa, kas p\u0101rdod unik\u0101las preces, vai uz\u0146\u0113mums, kas rada jautru, neaizmirstamu d\u0101vanu, \u0161\u012bs bokser\u0161orti pied\u0101v\u0101 nep\u0101rsp\u0113jamu rado\u0161o br\u012bv\u012bbu.<\/p>\n<p data-path-to-node=\"12\">At\u0161\u0137ir\u012bb\u0101 no standarta apdruk\u0101t\u0101s apak\u0161ve\u013cas, kur logotips tiek uzspiests ar termopreses metodi uz gatav\u0101 ap\u0123\u0113rba gabala, m\u0113s to ra\u017eojam no nulles. M\u0113s uzdruk\u0101jam j\u016bsu dizainu uz augstas kvalit\u0101tes likras auduma ru\u013c\u013ciem pirms grie\u0161anas un \u0161\u016b\u0161anas. Tas noz\u012bm\u0113, ka j\u016bsu dizains \u2014 neatkar\u012bgi no t\u0101, vai tas ir atk\u0101rtots logotipa raksts, fotogr\u0101fija vai noteikta z\u012bmola kr\u0101sa \u2014 nosedz <b>100% no produkta<\/b>, ieskaitot jostasvietu.<\/p>\n<h2 data-path-to-node=\"13\">Galven\u0101s iez\u012bmes<\/h2>\n<ul data-path-to-node=\"14\">\n<li>\n<p data-path-to-node=\"14,0,0\"><b>Augst\u0101k\u0101s kvalit\u0101tes likras konstrukcija:<\/b> Izgatavots no gluda materi\u0101la <b>130 g\/m\u00b2 likra<\/b>, audums ir m\u012bksts pret \u0101du, elpojo\u0161s un saglab\u0101 savu formu.<\/p>\n<\/li>\n<li>\n<p data-path-to-node=\"14,1,0\"><b>Spilgta sublim\u0101cija:<\/b> M\u0113s izmantojam progres\u012bvu <b>1400 dpi druk\u0101\u0161ana<\/b> tehnolo\u0123ija. Tinte tiek iestr\u0101d\u0101ta auduma \u0161\u0137iedr\u0101s, nodro\u0161inot, ka dizains nekad neplais\u0101, nelob\u0101s un neizbal\u0113 pat p\u0113c vair\u0101kk\u0101rt\u0113jas mazg\u0101\u0161anas.<\/p>\n<\/li>\n<li>\n<p data-path-to-node=\"14,2,0\"><b>Tehnisk\u0101 veiktsp\u0113ja:<\/b> Audums ir \u016bdensiztur\u012bgs un notur <b>M1\/B1 ugunsdro\u0161\u012bbas sertifik\u0101ts<\/b>, padarot to dro\u0161u un iztur\u012bgu.<\/p>\n<\/li>\n<li>\n<p data-path-to-node=\"14,3,0\"><b>Personaliz\u0101cija:<\/b> Lieliski piem\u0113rots individu\u0101liem v\u0101rdiem. Varat pas\u016bt\u012bt partiju, kur katram p\u0101rim ir at\u0161\u0137ir\u012bgs v\u0101rds uzdruk\u0101ts uz jostasvietas vai bik\u0161u staras.<\/p>\n<\/li>\n<\/ul>\n<h2 data-path-to-node=\"15\">Specifik\u0101cijas<\/h2>\n<ul data-path-to-node=\"16\">\n<li>\n<p data-path-to-node=\"16,0,0\"><b>Materi\u0101ls:<\/b> 130 g\/m\u00b2 likra (poliestera\/elast\u0101na mais\u012bjums).<\/p>\n<\/li>\n<li>\n<p data-path-to-node=\"16,1,0\"><b>Drukas tehnika:<\/b> Piln\u012bga kr\u0101su sublim\u0101cija (CMYK).<\/p>\n<\/li>\n<li>\n<p data-path-to-node=\"16,2,0\"><b>Iz\u0161\u0137irtsp\u0113ja:<\/b> 1400 dpi (foto kvalit\u0101te).<\/p>\n<\/li>\n<li>\n<p data-path-to-node=\"16,3,0\"><b>Dro\u0161\u012bba:<\/b> Ugunsdro\u0161\u012bbas klase M1\/B1.<\/p>\n<\/li>\n<li>\n<p data-path-to-node=\"16,4,0\"><b>Stili:<\/b> V\u012brie\u0161u bokser\u0161orti, sievie\u0161u biks\u012btes\/\u0161orti.<\/p>\n<\/li>\n<li>\n<p data-path-to-node=\"16,5,0\"><b>Izm\u0113ri:<\/b> XS\u2013XXL.<\/p>\n<\/li>\n<li>\n<p data-path-to-node=\"16,6,0\"><b>Minim\u0101lais pas\u016bt\u012bjuma daudzums:<\/b> 50 vien\u012bbas.<\/p>\n<\/li>\n<\/ul>\n<h2 data-path-to-node=\"17\">Lieto\u0161anas gad\u012bjumi<\/h2>\n<ul data-path-to-node=\"18\">\n<li>\n<p data-path-to-node=\"18,0,0\"><b>Sporta komandas:<\/b> Vienotas apak\u0161sl\u0101\u0146as futbola, basketbola vai regbija komand\u0101m.<\/p>\n<\/li>\n<li>\n<p data-path-to-node=\"18,1,0\"><b>Preces:<\/b> Jautri, augstas pe\u013c\u0146as priek\u0161meti grup\u0101m, festiv\u0101liem un influenceriem.<\/p>\n<\/li>\n<li>\n<p data-path-to-node=\"18,2,0\"><b>Vecpui\u0161u\/vecmeitu ball\u012btes:<\/b> Smiekl\u012bgas, personaliz\u0113tas d\u0101vanas ar fotogr\u0101fij\u0101m vai iek\u0161\u0113jiem jokiem.<\/p>\n<\/li>\n<li>\n<p data-path-to-node=\"18,3,0\"><b>Korporat\u012bv\u0101s rekl\u0101mas:<\/b> Smiekl\u012bga un negaid\u012bta d\u0101vana, kas noteikti piesaista uzman\u012bbu.<\/p>\n<\/li>\n<\/ul>","protected":false},"excerpt":{"rendered":"<ul>\n<li>\n<p data-path-to-node=\"10,0,0\"><b>Vispus\u012bga apdruka:<\/b> 100% piel\u0101gojama virsma (ieskaitot jostasvietu), izmantojot sublim\u0101ciju.<\/p>\n<\/li>\n<li>\n<p data-path-to-node=\"10,1,0\"><b>Materi\u0101ls:<\/b> Gluds 130 g\/m\u00b2 likras audums (\u016bdensiztur\u012bgs un M1\/B1 ugunsdro\u0161s).<\/p>\n<\/li>\n<li>\n<p data-path-to-node=\"10,2,0\"><b>Drukas kvalit\u0101te:<\/b> Augsta iz\u0161\u0137irtsp\u0113ja <b>1400 dpi<\/b> as\u0101m fotogr\u0101fij\u0101m un logotipiem.<\/p>\n<\/li>\n<li>\n<p data-path-to-node=\"10,3,0\"><b>Stili:<\/b> Pieejami griezumi gan v\u012brie\u0161iem, gan sieviet\u0113m.<\/p>\n<\/li>\n<\/ul>","protected":false},"featured_media":6097,"comment_status":"closed","ping_status":"closed","template":"","meta":[],"product_brand":[],"product_cat":[118,45],"product_tag":[],"class_list":{"0":"post-6096","1":"product","2":"type-product","3":"status-publish","4":"has-post-thumbnail","6":"product_cat-sports-fitness","7":"product_cat-other","9":"first","10":"instock","11":"shipping-taxable","12":"product-type-simple"},"_links":{"self":[{"href":"https:\/\/displayproducts.eu\/lv\/wp-json\/wp\/v2\/product\/6096","targetHints":{"allow":["GET"]}}],"collection":[{"href":"https:\/\/displayproducts.eu\/lv\/wp-json\/wp\/v2\/product"}],"about":[{"href":"https:\/\/displayproducts.eu\/lv\/wp-json\/wp\/v2\/types\/product"}],"replies":[{"embeddable":true,"href":"https:\/\/displayproducts.eu\/lv\/wp-json\/wp\/v2\/comments?post=6096"}],"wp:featuredmedia":[{"embeddable":true,"href":"https:\/\/displayproducts.eu\/lv\/wp-json\/wp\/v2\/media\/6097"}],"wp:attachment":[{"href":"https:\/\/displayproducts.eu\/lv\/wp-json\/wp\/v2\/media?parent=6096"}],"wp:term":[{"taxonomy":"product_brand","embeddable":true,"href":"https:\/\/displayproducts.eu\/lv\/wp-json\/wp\/v2\/product_brand?post=6096"},{"taxonomy":"product_cat","embeddable":true,"href":"https:\/\/displayproducts.eu\/lv\/wp-json\/wp\/v2\/product_cat?post=6096"},{"taxonomy":"product_tag","embeddable":true,"href":"https:\/\/displayproducts.eu\/lv\/wp-json\/wp\/v2\/product_tag?post=6096"}],"curies":[{"name":"wp","href":"https:\/\/api.w.org\/{rel}","templated":true}]}}