{"id":6094,"date":"2025-12-17T16:00:09","date_gmt":"2025-12-17T13:00:09","guid":{"rendered":"https:\/\/wristbandfactory.eu\/?post_type=product&#038;p=6094"},"modified":"2026-04-01T21:52:03","modified_gmt":"2026-04-01T18:52:03","slug":"custom-full-color-drawstring-bags-gym-sacks","status":"publish","type":"product","link":"https:\/\/displayproducts.eu\/lv\/p\/custom-full-color-drawstring-bags-gym-sacks\/","title":{"rendered":"Auklu mugursomas ar logo (Pilnkr\u0101su druka)"},"content":{"rendered":"<p data-path-to-node=\"11\">P\u0101rv\u0113rtiet katru lietot\u0101ju par staig\u0101jo\u0161u rekl\u0101mas stendu ar m\u016bsu <b>Piel\u0101gotas pilnkr\u0101su aukli\u0146as somas<\/b>. At\u0161\u0137ir\u012bb\u0101 no standarta rekl\u0101mas som\u0101m, kur logotips ir izvietots neliel\u0101 centr\u0101laj\u0101 da\u013c\u0101, \u0161aj\u0101 produkt\u0101 visa soma tiek uztverta k\u0101 audekls.<\/p>\n<p data-path-to-node=\"12\">Izmantojot papildu <b>kr\u0101su sublim\u0101cijas tehnolo\u0123ija<\/b>, M\u0113s iespie\u017eam j\u016bsu dizainu \u2014 neatkar\u012bgi no t\u0101, vai tas ir sare\u017e\u0123\u012bts raksts, fotogr\u0101fija vai ko\u0161a korporat\u012bv\u0101 kr\u0101sa \u2014 tie\u0161i auduma \u0161\u0137iedr\u0101s pa visu somas virsmu. Tas rada spilgtas, notur\u012bgas kr\u0101sas, kas neplais\u0101s un neizbal\u0113s.<\/p>\n<p data-path-to-node=\"13\">Izgatavots no <b>210D poliesters<\/b>, \u0160ie sporta maisi pied\u0101v\u0101 perfektu l\u012bdzsvaru starp vieglu p\u0101rnesam\u012bbu un iztur\u012bbu. Tie ir pietiekami iztur\u012bgi, lai p\u0101rn\u0113s\u0101tu sporta invent\u0101ru, skolas gr\u0101matas vai festiv\u0101la piederumiem, padarot tos par \u013coti v\u0113rt\u012bgu atk\u0101rtoti lietojamu priek\u0161metu.<\/p>\n<h2 data-path-to-node=\"14\">Galven\u0101s iez\u012bmes<\/h2>\n<ul data-path-to-node=\"15\">\n<li>\n<p data-path-to-node=\"15,0,0\"><b>Neierobe\u017eota rado\u0161ums:<\/b> Izdruk\u0101jiet savu logotipu, saukli vai m\u0101kslas darbu pilnkr\u0101su re\u017e\u012bm\u0101 (CMYK) pa visu somas priek\u0161pusi un aizmuguri.<\/p>\n<\/li>\n<li>\n<p data-path-to-node=\"15,1,0\"><b>Iztur\u012bga konstrukcija:<\/b> Pastiprin\u0101ti st\u016bri ar met\u0101la cilpi\u0146\u0101m nov\u0113r\u0161 pl\u012bsumus, nodro\u0161inot, ka soma iztur ikdienas lietu svaru.<\/p>\n<\/li>\n<li>\n<p data-path-to-node=\"15,2,0\"><b>Univers\u0101ls piegulums:<\/b> 34 \u00d7 45 cm izm\u0113rs ir ide\u0101li piem\u0113rots gan b\u0113rniem, gan pieaugu\u0161ajiem, padarot to par univers\u0101lu risin\u0101jumu masu pas\u0101kumiem.<\/p>\n<\/li>\n<li>\n<p data-path-to-node=\"15,3,0\"><b>Iztur\u012bgs pret laikapst\u0101k\u013ciem:<\/b> 210D poliestera audums nodro\u0161ina pamata \u016bdensiztur\u012bbu, saglab\u0101jot saturu sausu neliel\u0101 liet\u016b.<\/p>\n<\/li>\n<\/ul>\n<h2 data-path-to-node=\"16\">Specifik\u0101cijas<\/h2>\n<ul data-path-to-node=\"17\">\n<li>\n<p data-path-to-node=\"17,0,0\"><b>Izm\u0113ri:<\/b> 34 cm (platums) x 45 cm (augstums).<\/p>\n<\/li>\n<li>\n<p data-path-to-node=\"17,1,0\"><b>Materi\u0101ls:<\/b> 210D poliesters.<\/p>\n<\/li>\n<li>\n<p data-path-to-node=\"17,2,0\"><b>Drukas tehnika:<\/b> Pilnkr\u0101su sublim\u0101cija (visaptvero\u0161a druka).<\/p>\n<\/li>\n<li>\n<p data-path-to-node=\"17,3,0\"><b>Auklas:<\/b> Melnas dubult\u0101s au\u0161anas aukli\u0146as (standarta).<\/p>\n<\/li>\n<li>\n<p data-path-to-node=\"17,4,0\"><b>Minim\u0101lais pas\u016bt\u012bjuma daudzums:<\/b> 100 vien\u012bbas.<\/p>\n<\/li>\n<li>\n<p data-path-to-node=\"17,5,0\"><b>Svara ierobe\u017eojums:<\/b> Aptuveni 3\u20135 kg.<\/p>\n<\/li>\n<\/ul>\n<h2 data-path-to-node=\"18\">Lieto\u0161anas gad\u012bjumi<\/h2>\n<ul data-path-to-node=\"19\">\n<li>\n<p data-path-to-node=\"19,0,0\"><b>Sports un sporta z\u0101les:<\/b> Firmas apavu somas fitnesa klubiem un maratoniem.<\/p>\n<\/li>\n<li>\n<p data-path-to-node=\"19,1,0\"><b>Skolas un universit\u0101tes:<\/b> Orient\u0101cijas ned\u0113\u013cas s\u0101kuma komplekti.<\/p>\n<\/li>\n<li>\n<p data-path-to-node=\"19,2,0\"><b>Festiv\u0101li:<\/b> Vieglas mugursomas \u016bdens un pre\u010du p\u0101rn\u0113s\u0101\u0161anai.<\/p>\n<\/li>\n<li>\n<p data-path-to-node=\"19,3,0\"><b>Korporat\u012bvie pas\u0101kumi:<\/b> Labi redzamas d\u0101vanu maisi\u0146as, kuras dal\u012bbnieki faktiski izmantos p\u0113c pas\u0101kuma.<\/p>\n<\/li>\n<\/ul>","protected":false},"excerpt":{"rendered":"<ul>\n<li>\n<p data-path-to-node=\"10,0,0\"><b>Pilnas virsmas apdruka:<\/b> Sublim\u0101cijas druka no malas l\u012bdz malai nodro\u0161ina neierobe\u017eotu kr\u0101su izv\u0113li un fotore\u0101listiskus dizainus.<\/p>\n<\/li>\n<li>\n<p data-path-to-node=\"10,1,0\"><b>Materi\u0101ls:<\/b> Iztur\u012bgs <b>210D poliesters<\/b> \u2013 \u016bdensiztur\u012bgs un pietiekami iztur\u012bgs ikdienas lieto\u0161anai.<\/p>\n<\/li>\n<li>\n<p data-path-to-node=\"10,2,0\"><b>Izm\u0113rs:<\/b> Standarta <b>34 \u00d7 45 cm<\/b> (Pieder ked\u0101m, sporta ap\u0123\u0113rbam vai A4 form\u0101ta map\u0113m).<\/p>\n<\/li>\n<li>\n<p data-path-to-node=\"10,3,0\"><b>Daudzpus\u012bgs:<\/b> Lieliski piem\u0113rots skol\u0101m, sporta komand\u0101m, festiv\u0101liem un korporat\u012bvajiem pas\u0101kumiem.<\/p>\n<\/li>\n<\/ul>","protected":false},"featured_media":6095,"comment_status":"closed","ping_status":"closed","template":"","meta":[],"product_brand":[],"product_cat":[131],"product_tag":[],"class_list":{"0":"post-6094","1":"product","2":"type-product","3":"status-publish","4":"has-post-thumbnail","6":"product_cat-custom-bags-totes","8":"first","9":"instock","10":"shipping-taxable","11":"purchasable","12":"product-type-simple"},"_links":{"self":[{"href":"https:\/\/displayproducts.eu\/lv\/wp-json\/wp\/v2\/product\/6094","targetHints":{"allow":["GET"]}}],"collection":[{"href":"https:\/\/displayproducts.eu\/lv\/wp-json\/wp\/v2\/product"}],"about":[{"href":"https:\/\/displayproducts.eu\/lv\/wp-json\/wp\/v2\/types\/product"}],"replies":[{"embeddable":true,"href":"https:\/\/displayproducts.eu\/lv\/wp-json\/wp\/v2\/comments?post=6094"}],"wp:featuredmedia":[{"embeddable":true,"href":"https:\/\/displayproducts.eu\/lv\/wp-json\/wp\/v2\/media\/6095"}],"wp:attachment":[{"href":"https:\/\/displayproducts.eu\/lv\/wp-json\/wp\/v2\/media?parent=6094"}],"wp:term":[{"taxonomy":"product_brand","embeddable":true,"href":"https:\/\/displayproducts.eu\/lv\/wp-json\/wp\/v2\/product_brand?post=6094"},{"taxonomy":"product_cat","embeddable":true,"href":"https:\/\/displayproducts.eu\/lv\/wp-json\/wp\/v2\/product_cat?post=6094"},{"taxonomy":"product_tag","embeddable":true,"href":"https:\/\/displayproducts.eu\/lv\/wp-json\/wp\/v2\/product_tag?post=6094"}],"curies":[{"name":"wp","href":"https:\/\/api.w.org\/{rel}","templated":true}]}}