{"id":6091,"date":"2025-12-17T15:53:41","date_gmt":"2025-12-17T12:53:41","guid":{"rendered":"https:\/\/wristbandfactory.eu\/?post_type=product&#038;p=6091"},"modified":"2026-04-01T21:52:34","modified_gmt":"2026-04-01T18:52:34","slug":"custom-embroidered-hotel-bathrobes-dual-layer","status":"publish","type":"product","link":"https:\/\/displayproducts.eu\/lv\/p\/custom-embroidered-hotel-bathrobes-dual-layer\/","title":{"rendered":"Peldm\u0113te\u013ci ar logo"},"content":{"rendered":"<p data-path-to-node=\"11\">Uzlabojiet savu viesu pieredzi ar m\u016bsu <b>P\u0113c pas\u016bt\u012bjuma iz\u0161\u016bti viesn\u012bcas hal\u0101ti<\/b>. \u0160ie hal\u0101ti, kas paredz\u0113ti iest\u0101d\u0113m, kur\u0101s nepiecie\u0161ama gan grezn\u012bba, gan ilgm\u016b\u017e\u012bba, pied\u0101v\u0101 perfektu l\u012bdzsvaru starp \u0101dai draudz\u012bgu komfortu un iztur\u012bbu.<\/p>\n<p data-path-to-node=\"12\">At\u0161\u0137ir\u012bb\u0101 no standarta frot\u0113 hal\u0101tiem, kas laika gait\u0101 var k\u013c\u016bt raupji vai zaud\u0113t formu, m\u016bsu divsl\u0101\u0146u tehnolo\u0123ija nodro\u0161ina augst\u0101k\u0101s kvalit\u0101tes saj\u016btu gadiem ilgi. Lielisks \u0161\u012bs kvalit\u0101tes piem\u0113rs ir m\u016bsu sadarb\u012bba ar <b>Kalevi panor\u0101ma<\/b> dz\u012bvojamo kompleksu. Vi\u0146i izv\u0113l\u0113j\u0101s \u0161os hal\u0101tus k\u0101 ekskluz\u012bvas sagaid\u012b\u0161anas d\u0101vanas jaunajiem dz\u012bvok\u013cu \u012bpa\u0161niekiem, izmantojot hal\u0101ta augsto uztveramo v\u0113rt\u012bbu, lai atst\u0101tu palieko\u0161u pozit\u012bvu iespaidu.<\/p>\n<h2 data-path-to-node=\"13\">Galven\u0101s iez\u012bmes<\/h2>\n<ul data-path-to-node=\"14\">\n<li>\n<p data-path-to-node=\"14,0,0\"><b>Divsl\u0101\u0146u tehnolo\u0123ija:<\/b><\/p>\n<ul data-path-to-node=\"14,0,1\">\n<li>\n<p data-path-to-node=\"14,0,1,0,0\"><b>Iek\u0161\u0113jais sl\u0101nis (100% kokvilna):<\/b> Piegu\u013c \u0101dai, nodro\u0161inot lielisku mitruma absorbciju un elpojam\u012bbu p\u0113c du\u0161as vai saunas.<\/p>\n<\/li>\n<li>\n<p data-path-to-node=\"14,0,1,1,0\"><b>\u0100r\u0113jais sl\u0101nis (100% poliesters):<\/b> Nodro\u0161ina samtainu, elegantu apdari, kas ir iztur\u012bga pret grumbu veido\u0161anos, sarau\u0161anos un l\u012bp\u0161anu.<\/p>\n<\/li>\n<\/ul>\n<\/li>\n<li>\n<p data-path-to-node=\"14,1,0\"><b>Elegants dizains:<\/b> Pied\u0101v\u0101 modernu piegriezumu ar graf\u012bta\/baltas kr\u0101su paletes iesp\u0113ju (k\u0101 redzams Kalevi Panorama projekt\u0101), platas aproces, dzi\u013cas kabatas un iztur\u012bga jostasvieta.<\/p>\n<\/li>\n<li>\n<p data-path-to-node=\"14,2,0\"><b>Augst\u0101k\u0101s kvalit\u0101tes z\u012bmols:<\/b> M\u0113s iesak\u0101m <b>Iz\u0161\u016b\u0161ana<\/b> z\u012bmola veido\u0161anai. \u0160\u016bts logotips rada reljefa efektu, kas liecina par kvalit\u0101ti un iztur mazg\u0101\u0161anu augst\u0101 temperat\u016br\u0101 lab\u0101k nek\u0101 jebkura apdruka.<\/p>\n<\/li>\n<li>\n<p data-path-to-node=\"14,3,0\"><b>Izmaksu zi\u0146\u0101 efekt\u012bva grezn\u012bba:<\/b> Poliestera apvalka iztur\u012bba noz\u012bm\u0113, ka \u0161ie hal\u0101ti ir j\u0101maina ret\u0101k nek\u0101 100% kokvilnas alternat\u012bvas, t\u0101d\u0113j\u0101di nodro\u0161inot lab\u0101ku ieguld\u012bjumu atdevi viesn\u012bc\u0101m.<\/p>\n<\/li>\n<\/ul>\n<h2 data-path-to-node=\"15\">Specifik\u0101cijas<\/h2>\n<ul data-path-to-node=\"16\">\n<li>\n<p data-path-to-node=\"16,0,0\"><b>Materi\u0101ls:<\/b> Divsl\u0101\u0146u mais\u012bjums (iek\u0161\u0113jais sl\u0101nis: 100% kokvilna \/ \u0101r\u0113jais sl\u0101nis: 100% poliesters).<\/p>\n<\/li>\n<li>\n<p data-path-to-node=\"16,1,0\"><b>Svars:<\/b> Aptuveni 300\u2013350 g\/m\u00b2 (viegls, bet silts).<\/p>\n<\/li>\n<li>\n<p data-path-to-node=\"16,2,0\"><b>Stils:<\/b> Kimono vai \u0161alles apkakle.<\/p>\n<\/li>\n<li>\n<p data-path-to-node=\"16,3,0\"><b>Kr\u0101sas:<\/b> Klasiski balta, graf\u012bta pel\u0113ka, tum\u0161i zila vai piel\u0101gota.<\/p>\n<\/li>\n<li>\n<p data-path-to-node=\"16,4,0\"><b>Z\u012bmola veido\u0161ana:<\/b> Ma\u0161\u012bn\u0161uvums (kr\u016b\u0161u, muguras vai piedurk\u0146u).<\/p>\n<\/li>\n<li>\n<p data-path-to-node=\"16,5,0\"><b>Izm\u0113ri:<\/b> S\/M, L\/XL, XXL (unisex).<\/p>\n<\/li>\n<li>\n<p data-path-to-node=\"16,6,0\"><b>Apr\u016bpe:<\/b> Dro\u0161i mazg\u0101jams r\u016bpniecisk\u0101 mazg\u0101\u0161an\u0101 (l\u012bdz 60\u00b0C).<\/p>\n<\/li>\n<\/ul>\n<h2 data-path-to-node=\"17\">Lieto\u0161anas gad\u012bjumi<\/h2>\n<ul data-path-to-node=\"18\">\n<li>\n<p data-path-to-node=\"18,0,0\"><b>Viesn\u012bcas un SPA:<\/b> Numuru \u0113rt\u012bbas apartamentos un spa centros.<\/p>\n<\/li>\n<li>\n<p data-path-to-node=\"18,1,0\"><b>Nekustam\u0101 \u012bpa\u0161uma att\u012bst\u012bba:<\/b> Grezna nodo\u0161anas d\u0101vana jaunajiem \u012bpa\u0161niekiem.<\/p>\n<\/li>\n<li>\n<p data-path-to-node=\"18,2,0\"><b>Korporat\u012bv\u0101s VIP d\u0101vanas:<\/b> Augstas klases d\u0101vana, kas pied\u0101v\u0101 patiesu lietder\u012bbu un komfortu.<\/p>\n<\/li>\n<li>\n<p data-path-to-node=\"18,3,0\"><b>Labsaj\u016btas centri:<\/b> Firmas hal\u0101ti viesiem proced\u016bru laik\u0101.<\/p>\n<\/li>\n<\/ul>","protected":false},"excerpt":{"rendered":"<ul data-path-to-node=\"10\">\n<li>\n<p data-path-to-node=\"10,0,0\"><b>Viedais audums:<\/b> Divsl\u0101\u0146u konstrukcija ar 100% kokvilnas iek\u0161pusi absorbcijas nodro\u0161in\u0101\u0161anai un 100% poliestera \u0101r\u0113jo sl\u0101ni iztur\u012bbai.<\/p>\n<\/li>\n<li>\n<p data-path-to-node=\"10,1,0\"><b>Iztur\u012bgs pret grumbu veido\u0161anos:<\/b> \u0100r\u0113jais sl\u0101nis saglab\u0101jas gluds un elegants pat p\u0113c bie\u017eas r\u016bpniecisk\u0101s mazg\u0101\u0161anas.<\/p>\n<\/li>\n<li>\n<p data-path-to-node=\"10,2,0\"><b>Augst\u0101k\u0101s kvalit\u0101tes z\u012bmols:<\/b> Augstas iz\u0161\u0137irtsp\u0113jas logotipa iz\u0161uvums uz kr\u016bt\u012bm vai muguras pie\u0161\u0137ir grezn\u012bbu.<\/p>\n<\/li>\n<li>\n<p data-path-to-node=\"10,3,0\"><b>Daudzpus\u012bgs:<\/b> Lieliski piem\u0113rots viesn\u012bc\u0101m, spa un augstas klases nekustam\u0101 \u012bpa\u0161uma d\u0101van\u0101m (piem\u0113ram, Kalevi Panorama).<\/p>\n<\/li>\n<\/ul>","protected":false},"featured_media":6092,"comment_status":"closed","ping_status":"closed","template":"","meta":[],"product_brand":[],"product_cat":[132],"product_tag":[],"class_list":{"0":"post-6091","1":"product","2":"type-product","3":"status-publish","4":"has-post-thumbnail","6":"product_cat-hotel-spa-amenities","8":"first","9":"instock","10":"shipping-taxable","11":"purchasable","12":"product-type-simple"},"_links":{"self":[{"href":"https:\/\/displayproducts.eu\/lv\/wp-json\/wp\/v2\/product\/6091","targetHints":{"allow":["GET"]}}],"collection":[{"href":"https:\/\/displayproducts.eu\/lv\/wp-json\/wp\/v2\/product"}],"about":[{"href":"https:\/\/displayproducts.eu\/lv\/wp-json\/wp\/v2\/types\/product"}],"replies":[{"embeddable":true,"href":"https:\/\/displayproducts.eu\/lv\/wp-json\/wp\/v2\/comments?post=6091"}],"wp:featuredmedia":[{"embeddable":true,"href":"https:\/\/displayproducts.eu\/lv\/wp-json\/wp\/v2\/media\/6092"}],"wp:attachment":[{"href":"https:\/\/displayproducts.eu\/lv\/wp-json\/wp\/v2\/media?parent=6091"}],"wp:term":[{"taxonomy":"product_brand","embeddable":true,"href":"https:\/\/displayproducts.eu\/lv\/wp-json\/wp\/v2\/product_brand?post=6091"},{"taxonomy":"product_cat","embeddable":true,"href":"https:\/\/displayproducts.eu\/lv\/wp-json\/wp\/v2\/product_cat?post=6091"},{"taxonomy":"product_tag","embeddable":true,"href":"https:\/\/displayproducts.eu\/lv\/wp-json\/wp\/v2\/product_tag?post=6091"}],"curies":[{"name":"wp","href":"https:\/\/api.w.org\/{rel}","templated":true}]}}