{"id":6086,"date":"2025-12-17T15:46:12","date_gmt":"2025-12-17T12:46:12","guid":{"rendered":"https:\/\/wristbandfactory.eu\/?post_type=product&#038;p=6086"},"modified":"2026-04-01T21:52:34","modified_gmt":"2026-04-01T18:52:34","slug":"custom-pvc-parking-discs-made-in-estonia","status":"publish","type":"product","link":"https:\/\/displayproducts.eu\/lv\/p\/custom-pvc-parking-discs-made-in-estonia\/","title":{"rendered":"St\u0101vvietas pulkste\u0146i ar logo"},"content":{"rendered":"<p data-path-to-node=\"11\">P\u0101rveidojiet oblig\u0101tu automa\u0161\u012bnas aksesu\u0101ru par mobilo rekl\u0101mas laukumu ar m\u016bsu pal\u012bdz\u012bbu <b>Piel\u0101goti PVC st\u0101vvietu diski<\/b>. At\u0161\u0137ir\u012bb\u0101 no l\u0113t\u0101m, trausl\u0101m plastmasas alternat\u012bv\u0101m, m\u016bsu st\u0101vvietu pulkste\u0146i ir <b>ra\u017eots Igaunij\u0101<\/b> izmantojot augstas kvalit\u0101tes materi\u0101lus, kas paredz\u0113ti, lai iztur\u0113tu Zieme\u013cvalstu klimata sv\u0101rst\u012bg\u0101s temperat\u016bras.<\/p>\n<p data-path-to-node=\"12\">M\u0113s pied\u0101v\u0101jam piln\u012bgu dizaina br\u012bv\u012bbu. Neatkar\u012bgi no t\u0101, vai jums ir nepiecie\u0161ams m\u0101ksliniecisks produkts \u2014 piem\u0113ram, skaist\u0101 s\u0113rija, ko rad\u012bj\u0101m m\u0101ksliniekiem <b>Eva-Kaisa Plaka<\/b>\u2014vai sp\u0113c\u012bgs korporat\u012bvs r\u012bks, piem\u0113ram, <b>JAPS AS<\/b> Piel\u0101goti diski, m\u0113s nodro\u0161in\u0101m precizit\u0101ti.<\/p>\n<h2 data-path-to-node=\"13\">Galven\u0101s iez\u012bmes<\/h2>\n<ul data-path-to-node=\"14\">\n<li>\n<p data-path-to-node=\"14,0,0\"><b>Augst\u0101k\u0101s kvalit\u0101tes konstrukcija:<\/b> Izgatavots no <b>1 mm bieza PVC plastmasa<\/b>, pie\u0161\u0137irot diskam stabilu, kred\u012btkartes cien\u012bgu saj\u016btu, kas viegli neliecas.<\/p>\n<\/li>\n<li>\n<p data-path-to-node=\"14,1,0\"><b>Spilgts z\u012bmols:<\/b> M\u0113s izmantojam progres\u012bvu <b>UV drukas tehnolo\u0123ija<\/b> ab\u0101s pulkste\u0146a pus\u0113s. Tas noz\u012bm\u0113, ka j\u016bsu logotips, m\u0101kslas darbs vai kampa\u0146as v\u0113st\u012bjums saglab\u0101jas ass un neizbal\u0113 pat tie\u0161os saules staros.<\/p>\n<\/li>\n<li>\n<p data-path-to-node=\"14,2,0\"><b>Piel\u0101gotas deta\u013cas:<\/b> Pat pulkste\u0146a r\u0101d\u012bt\u0101jus var piel\u0101got! Izcelieties no standarta zili baltajiem dizainiem, izv\u0113loties kontrast\u0113jo\u0161as kr\u0101sas (piem\u0113ram, spilgt\u0101s sarkan\u0101s r\u0101d\u012bt\u0101jus, kas tika izmantoti m\u016bsu nesenajos projektos).<\/p>\n<\/li>\n<li>\n<p data-path-to-node=\"14,3,0\"><b>Aizsargsl\u0101nis:<\/b> Intens\u012bvai lieto\u0161anai m\u0113s pied\u0101v\u0101jam <b>Lasernex materi\u0101ls<\/b> iesp\u0113jas ar 250 mikronu aizsargsl\u0101ni (k\u0101 redzams JAPS AS projekt\u0101), nodro\u0161inot, ka izdruka gadiem ilgi saglab\u0101jas neskr\u0101p\u0113ta.<\/p>\n<\/li>\n<\/ul>\n<h2 data-path-to-node=\"15\">Specifik\u0101cijas<\/h2>\n<ul data-path-to-node=\"16\">\n<li>\n<p data-path-to-node=\"16,0,0\"><b>Izm\u0113ri:<\/b> Standarta ES st\u0101vvietas diska izm\u0113rs (aptuveni 110 x 150 mm) vai piel\u0101gots.<\/p>\n<\/li>\n<li>\n<p data-path-to-node=\"16,1,0\"><b>Materi\u0101ls:<\/b> 1 mm PVC (standarta) vai Lasernex kompoz\u012btmateri\u0101ls.<\/p>\n<\/li>\n<li>\n<p data-path-to-node=\"16,2,0\"><b>Druk\u0101t:<\/b> Digit\u0101l\u0101 UV druka (CMYK).<\/p>\n<\/li>\n<li>\n<p data-path-to-node=\"16,3,0\"><b>Pulkste\u0146a r\u0101d\u012bt\u0101ji:<\/b> Plastmasa (knied\u0113ta), pieejama sarkan\u0101, zil\u0101, meln\u0101 un balt\u0101 kr\u0101s\u0101.<\/p>\n<\/li>\n<li>\n<p data-path-to-node=\"16,4,0\"><b>Izcelsme:<\/b> Ra\u017eots Igaunij\u0101.<\/p>\n<\/li>\n<li>\n<p data-path-to-node=\"16,5,0\"><b>Minim\u0101lais pas\u016bt\u012bjuma daudzums:<\/b> 50 vien\u012bbas.<\/p>\n<\/li>\n<\/ul>\n<h2 data-path-to-node=\"17\">Lieto\u0161anas gad\u012bjumi<\/h2>\n<ul data-path-to-node=\"18\">\n<li>\n<p data-path-to-node=\"18,0,0\"><b>Korporat\u012bv\u0101s autoparkas:<\/b> Standartiz\u0113jiet sava uz\u0146\u0113muma automa\u0161\u012bnas ar firmas st\u0101vvietu diskiem.<\/p>\n<\/li>\n<li>\n<p data-path-to-node=\"18,1,0\"><b>Preces:<\/b> M\u0101kslinieciski veidoti diski (muzeji, m\u0101kslinieki, grupas), kas tiek p\u0101rdoti k\u0101 praktiski suven\u012bri.<\/p>\n<\/li>\n<li>\n<p data-path-to-node=\"18,2,0\"><b>Tirdzniec\u012bbas centri un viesn\u012bcas:<\/b> Praktiska d\u0101vana viesiem, kas nodro\u0161ina j\u016bsu z\u012bmola redzam\u012bbu katru reizi, kad vi\u0146i novieto automa\u0161\u012bnu.<\/p>\n<\/li>\n<li>\n<p data-path-to-node=\"18,3,0\"><b>Auto d\u012bleri:<\/b> Lieliska d\u0101vana, ieg\u0101d\u0101joties jaunu automa\u0161\u012bnu.<\/p>\n<\/li>\n<\/ul>","protected":false},"excerpt":{"rendered":"<ul>\n<li>\n<p data-path-to-node=\"10,0,0\"><b>Ra\u017eots Igaunij\u0101:<\/b> Augstas kvalit\u0101tes viet\u0113j\u0101 ra\u017eo\u0161ana, kas nodro\u0161ina iztur\u012bbu un \u0101tru pieg\u0101di.<\/p>\n<\/li>\n<li>\n<p data-path-to-node=\"10,1,0\"><b>Materi\u0101lu opcijas:<\/b> Stingrs 1 mm PVC vai augst\u0101k\u0101s kvalit\u0101tes Lasernex ar aizsargp\u0101rkl\u0101jumu (250 mikroni).<\/p>\n<\/li>\n<li>\n<p data-path-to-node=\"10,2,0\"><b>Piln\u012bga piel\u0101go\u0161ana:<\/b> Divpus\u0113ja UV druka, kas \u013cauj rad\u012bt unik\u0101lus dizainus (piem\u0113ram, Ewa-Kaisa Plakk m\u0101kslas s\u0113riju).<\/p>\n<\/li>\n<li>\n<p data-path-to-node=\"10,3,0\"><b>Iztur\u012bba:<\/b> Temperat\u016bras un UV starojuma iztur\u012bgi materi\u0101li, kas nedeform\u0113sies uz instrumentu pane\u013ca.<\/p>\n<\/li>\n<\/ul>","protected":false},"featured_media":6087,"comment_status":"closed","ping_status":"closed","template":"","meta":[],"product_brand":[],"product_cat":[121],"product_tag":[],"class_list":{"0":"post-6086","1":"product","2":"type-product","3":"status-publish","4":"has-post-thumbnail","6":"product_cat-promotional-merchandise","8":"first","9":"instock","10":"shipping-taxable","11":"purchasable","12":"product-type-simple"},"_links":{"self":[{"href":"https:\/\/displayproducts.eu\/lv\/wp-json\/wp\/v2\/product\/6086","targetHints":{"allow":["GET"]}}],"collection":[{"href":"https:\/\/displayproducts.eu\/lv\/wp-json\/wp\/v2\/product"}],"about":[{"href":"https:\/\/displayproducts.eu\/lv\/wp-json\/wp\/v2\/types\/product"}],"replies":[{"embeddable":true,"href":"https:\/\/displayproducts.eu\/lv\/wp-json\/wp\/v2\/comments?post=6086"}],"wp:featuredmedia":[{"embeddable":true,"href":"https:\/\/displayproducts.eu\/lv\/wp-json\/wp\/v2\/media\/6087"}],"wp:attachment":[{"href":"https:\/\/displayproducts.eu\/lv\/wp-json\/wp\/v2\/media?parent=6086"}],"wp:term":[{"taxonomy":"product_brand","embeddable":true,"href":"https:\/\/displayproducts.eu\/lv\/wp-json\/wp\/v2\/product_brand?post=6086"},{"taxonomy":"product_cat","embeddable":true,"href":"https:\/\/displayproducts.eu\/lv\/wp-json\/wp\/v2\/product_cat?post=6086"},{"taxonomy":"product_tag","embeddable":true,"href":"https:\/\/displayproducts.eu\/lv\/wp-json\/wp\/v2\/product_tag?post=6086"}],"curies":[{"name":"wp","href":"https:\/\/api.w.org\/{rel}","templated":true}]}}