{"id":6082,"date":"2025-12-17T15:35:18","date_gmt":"2025-12-17T12:35:18","guid":{"rendered":"https:\/\/wristbandfactory.eu\/?post_type=product&#038;p=6082"},"modified":"2026-04-01T21:52:34","modified_gmt":"2026-04-01T18:52:34","slug":"custom-cord-bracelets-with-metal-charm-bespoke-design","status":"publish","type":"product","link":"https:\/\/displayproducts.eu\/lv\/p\/custom-cord-bracelets-with-metal-charm-bespoke-design\/","title":{"rendered":"P\u012btas aproces ar met\u0101la kulonu"},"content":{"rendered":"<p data-path-to-node=\"11\">Izveidojiet patiesi unik\u0101lu z\u012bmola saikni ar m\u016bsu <b>Piel\u0101gotas auklas aproces ar met\u0101la piekari\u0146iem<\/b>. At\u0161\u0137ir\u012bb\u0101 no standarta apdruk\u0101taj\u0101m aproc\u0113m, \u0161\u012bs ir iev\u0113rojami, rotaslietas kvalit\u0101tes aksesu\u0101ri, kas paredz\u0113ti valk\u0101\u0161anai ilgi p\u0113c pas\u0101kuma beig\u0101m. \u0160is produkts ir piln\u012bb\u0101 piel\u0101gots ra\u017eo\u0161anas process, kur katrs elements \u2014 s\u0101kot no auklas kr\u0101sas l\u012bdz met\u0101la veidnei \u2014 tiek rad\u012bts tie\u0161i jums.<\/p>\n<h3 data-path-to-node=\"12\">Gad\u012bjuma izp\u0113te: Tallink<\/h3>\n<p data-path-to-node=\"13\">Mums bija gods ra\u017eot <b>5000 personaliz\u0113tas aproces<\/b> priek\u0161 <b>Tallink<\/b>, vado\u0161\u0101 ku\u0123niec\u012bbas komp\u0101nija Baltijas j\u016br\u0101. M\u0113r\u0137is bija rad\u012bt neaizmirstamu suven\u012bru, kas atspogu\u013cotu vi\u0146u z\u012bmola \u0113tosu.<\/p>\n<ul data-path-to-node=\"14\">\n<li>\n<p data-path-to-node=\"14,0,0\"><b>\u0160arms:<\/b> M\u0113s izgatavoj\u0101m vi\u0146u iem\u012b\u013cot\u0101 talismana veidni no cinka sakaus\u0113juma, <b>\u201c&quot;Harijs&quot;\u201d<\/b>, apstr\u0101d\u0101ts ar augstas kvalit\u0101tes sudraba p\u0101rkl\u0101jumu.<\/p>\n<\/li>\n<li>\n<p data-path-to-node=\"14,1,0\"><b>Vads:<\/b> Lai atbilstu vi\u0146u z\u012bmola paletei, tika izv\u0113l\u0113ts \u012bpa\u0161s vaskotas auklas \u201cSunset\u201d tonis.<\/p>\n<\/li>\n<li>\n<p data-path-to-node=\"14,2,0\"><b>Pieredze:<\/b> Katra rokasspr\u0101dze bija piestiprin\u0101ta pie <b>75 \u00d7 160 mm pilnkr\u0101su pamatkartons<\/b>, p\u0101rv\u0113r\u0161ot vienk\u0101r\u0161u preci par mazumtirdzniec\u012bbai gatavu d\u0101vanu.<\/p>\n<\/li>\n<\/ul>\n<h2 data-path-to-node=\"15\">Galven\u0101s iez\u012bmes<\/h2>\n<ul data-path-to-node=\"16\">\n<li>\n<p data-path-to-node=\"16,0,0\"><b>Met\u0101la lie\u0161ana p\u0113c pas\u016bt\u012bjuma:<\/b> M\u0113s izgatavojam unik\u0101lu veidni j\u016bsu logotipam, talismanam vai simbolam. Materi\u0101lu iesp\u0113jas ietver iztur\u012bgu cinka sakaus\u0113jumu ar sudraba, zelta vai ant\u012bka p\u0101rkl\u0101juma p\u0101rkl\u0101jumu.<\/p>\n<\/li>\n<li>\n<p data-path-to-node=\"16,1,0\"><b>Piel\u0101gotas auklas opcijas:<\/b> Izv\u0113lieties vaskotu kokvilnas, neilona vai p\u012bto stilu. M\u0113s varam pieska\u0146ot auklas kr\u0101su j\u016bsu konkr\u0113tajam Pantone kodam.<\/p>\n<\/li>\n<li>\n<p data-path-to-node=\"16,2,0\"><b>Mazumtirdzniec\u012bbas iepakojums:<\/b> Produkts ietver piel\u0101goti apdruk\u0101tu pamatkarti (galvenes karti vai pilnu pamatkarti), kas nodro\u0161ina v\u0113rt\u012bgu vietu j\u016bsu m\u0101rketinga zi\u0146ojumam vai QR kodiem.<\/p>\n<\/li>\n<li>\n<p data-path-to-node=\"16,3,0\"><b>Liela apjoma iesp\u0113jas:<\/b> K\u0101 pier\u0101d\u012bj\u0101m Tallink projekt\u0101, m\u0113s specializ\u0113jamies lielu pas\u016bt\u012bjumu (vair\u0101k nek\u0101 5000 vien\u012bbu) apstr\u0101d\u0113, nepiek\u0101pjoties met\u0101la konstrukciju sare\u017e\u0123\u012btaj\u0101m deta\u013c\u0101m.<\/p>\n<\/li>\n<\/ul>\n<h2 data-path-to-node=\"17\">Specifik\u0101cijas<\/h2>\n<ul data-path-to-node=\"18\">\n<li>\n<p data-path-to-node=\"18,0,0\"><b>\u0160armu materi\u0101ls:<\/b> Cinka sakaus\u0113jums (bez svina\/ni\u0137e\u013ca).<\/p>\n<\/li>\n<li>\n<p data-path-to-node=\"18,1,0\"><b>Ap\u0161uvums:<\/b> Sudrabs, zelts, var\u0161, melnais ni\u0137elis utt.<\/p>\n<\/li>\n<li>\n<p data-path-to-node=\"18,2,0\"><b>Vada materi\u0101ls:<\/b> Vaks\u0113ta kokvilna vai poliestera\/neilona mais\u012bjums.<\/p>\n<\/li>\n<li>\n<p data-path-to-node=\"18,3,0\"><b>Vada kr\u0101sa:<\/b> Piel\u0101gots Pantone.<\/p>\n<\/li>\n<li>\n<p data-path-to-node=\"18,4,0\"><b>Kartes izm\u0113rs:<\/b> Standarta izm\u0113rs 75 \u00d7 160 mm (vai piel\u0101gots izm\u0113rs).<\/p>\n<\/li>\n<li>\n<p data-path-to-node=\"18,5,0\"><b>Labo\u0161ana:<\/b> Regul\u0113jams mezgls vai met\u0101la aizdare.<\/p>\n<\/li>\n<li>\n<p data-path-to-node=\"18,6,0\"><b>Minim\u0101lais pas\u016bt\u012bjuma daudzums:<\/b> 500 vien\u012bbas (veidnes izveides d\u0113\u013c).<\/p>\n<\/li>\n<\/ul>","protected":false},"excerpt":{"rendered":"<ul>\n<li>\n<p data-path-to-node=\"10,0,0\"><b>Piel\u0101gots piekari\u0146\u0161:<\/b> Cinka sakaus\u0113juma talismans vai logotips, kas izveidots tie\u0161i p\u0113c j\u016bsu formas (piem\u0113ram, Tallink \u201cHarri\u201d).<\/p>\n<\/li>\n<li>\n<p data-path-to-node=\"10,1,0\"><b>Premium klases vads:<\/b> Vaks\u0113ta aukla pieejama piel\u0101got\u0101s Pantone kr\u0101s\u0101s (piem\u0113ram, \u201cSunset\u201d oran\u017e\u0101 kr\u0101s\u0101).<\/p>\n<\/li>\n<li>\n<p data-path-to-node=\"10,2,0\"><b>Pilns iepakojums:<\/b> Iek\u013cauta liela 75 \u00d7 160 mm piel\u0101gota apdruk\u0101ta pamatkartes pamatne.<\/p>\n<\/li>\n<li>\n<p data-path-to-node=\"10,3,0\"><b>Hipoaler\u0123isks:<\/b> Dro\u0161i materi\u0101li ar sudraba, zelta vai melnas p\u0101rkl\u0101juma iesp\u0113j\u0101m.<\/p>\n<\/li>\n<\/ul>","protected":false},"featured_media":6083,"comment_status":"closed","ping_status":"closed","template":"","meta":[],"product_brand":[],"product_cat":[66,122],"product_tag":[],"class_list":{"0":"post-6082","1":"product","2":"type-product","3":"status-publish","4":"has-post-thumbnail","6":"product_cat-wristbands","7":"product_cat-promotional-accessories","9":"first","10":"instock","11":"shipping-taxable","12":"purchasable","13":"product-type-simple"},"_links":{"self":[{"href":"https:\/\/displayproducts.eu\/lv\/wp-json\/wp\/v2\/product\/6082","targetHints":{"allow":["GET"]}}],"collection":[{"href":"https:\/\/displayproducts.eu\/lv\/wp-json\/wp\/v2\/product"}],"about":[{"href":"https:\/\/displayproducts.eu\/lv\/wp-json\/wp\/v2\/types\/product"}],"replies":[{"embeddable":true,"href":"https:\/\/displayproducts.eu\/lv\/wp-json\/wp\/v2\/comments?post=6082"}],"wp:featuredmedia":[{"embeddable":true,"href":"https:\/\/displayproducts.eu\/lv\/wp-json\/wp\/v2\/media\/6083"}],"wp:attachment":[{"href":"https:\/\/displayproducts.eu\/lv\/wp-json\/wp\/v2\/media?parent=6082"}],"wp:term":[{"taxonomy":"product_brand","embeddable":true,"href":"https:\/\/displayproducts.eu\/lv\/wp-json\/wp\/v2\/product_brand?post=6082"},{"taxonomy":"product_cat","embeddable":true,"href":"https:\/\/displayproducts.eu\/lv\/wp-json\/wp\/v2\/product_cat?post=6082"},{"taxonomy":"product_tag","embeddable":true,"href":"https:\/\/displayproducts.eu\/lv\/wp-json\/wp\/v2\/product_tag?post=6082"}],"curies":[{"name":"wp","href":"https:\/\/api.w.org\/{rel}","templated":true}]}}