{"id":6077,"date":"2025-12-17T15:18:17","date_gmt":"2025-12-17T12:18:17","guid":{"rendered":"https:\/\/wristbandfactory.eu\/?post_type=product&#038;p=6077"},"modified":"2026-04-01T21:52:03","modified_gmt":"2026-04-01T18:52:03","slug":"custom-high-visibility-reflective-shopping-bags","status":"publish","type":"product","link":"https:\/\/displayproducts.eu\/lv\/p\/custom-high-visibility-reflective-shopping-bags\/","title":{"rendered":"Atstarojo\u0161as iepirkumu somas ar logo"},"content":{"rendered":"<p data-path-to-node=\"11\">Apvienojiet praktisku lietder\u012bbu ar b\u016btisku dro\u0161\u012bbu uz ce\u013ca, izmantojot m\u016bsu <b>Atstarojo\u0161as iepirkumu somas ar logo<\/b>. Tum\u0161ajos rudens un ziemas m\u0113ne\u0161os redzam\u012bba ir \u013coti svar\u012bga. \u0160\u012b inovat\u012bv\u0101 soma p\u0101rveido standarta rekl\u0101mas priek\u0161metu par dz\u012bv\u012bbu gl\u0101bjo\u0161u aksesu\u0101ru, atstarojot automa\u0161\u012bnu lukturus no visiem le\u0146\u0137iem, lai nodro\u0161in\u0101tu, ka valk\u0101t\u0101js ir redzams.<\/p>\n<p data-path-to-node=\"12\">\u0160\u012b soma ir lieliski piem\u0113rota skol\u0101m, satiksmes dro\u0161\u012bbas kampa\u0146\u0101m un korporat\u012bv\u0101m \u201cEsi dro\u0161\u012bb\u0101\u201d iniciat\u012bv\u0101m, pied\u0101v\u0101jot lielu virsmas laukumu j\u016bsu logotipam, vienlaikus sniedzot iev\u0113rojamu v\u0113rt\u012bbu sa\u0146\u0113m\u0113jam. At\u0161\u0137ir\u012bb\u0101 no maziem atstarot\u0101jiem, kurus var pasl\u0113pt, piln\u012bb\u0101 atstarojo\u0161u iepirkumu somu ir neiesp\u0113jami nepaman\u012bt.<\/p>\n<h2 data-path-to-node=\"13\">Galven\u0101s iez\u012bmes<\/h2>\n<ul data-path-to-node=\"14\">\n<li>\n<p data-path-to-node=\"14,0,1\"><span data-path-to-node=\"14,0,1,0\"><b><span class=\"citation-84\">360\u00b0 atstaro\u0161anas sp\u0113ja:<\/span><\/b><span class=\"citation-84\"> Soma ir piln\u012bb\u0101 izgatavota no \u201caugst\u0101kas\/zem\u0101kas redzam\u012bbas atstarojo\u0161a\u201d auduma, p\u0101rv\u0113r\u0161ot visu priek\u0161metu par dro\u0161\u012bbas sign\u0101lu.<\/span><\/span><span data-path-to-node=\"14,0,1,2\">.<\/span><\/p>\n<\/li>\n<li>\n<p data-path-to-node=\"14,1,1\"><span data-path-to-node=\"14,1,1,0\"><b><span class=\"citation-83\">Iztur\u012bga konstrukcija:<\/span><\/b><span class=\"citation-83\"> Izgatavots no iztur\u012bga poliestera ar struktur\u0113tu apak\u0161\u0113jo ieliktni (8 cm), kas \u013cauj dro\u0161i uzglab\u0101t p\u0101rtikas preces, gr\u0101matas vai pas\u0101kumu materi\u0101lus.<\/span><\/span><span data-path-to-node=\"14,1,1,2\">.<\/span><\/p>\n<\/li>\n<li>\n<p data-path-to-node=\"14,2,1\"><span data-path-to-node=\"14,2,1,0\"><b><span class=\"citation-82\">Atbilst dro\u0161\u012bbas pras\u012bb\u0101m:<\/span><\/b><span class=\"citation-82\"> Ra\u017eots atbilsto\u0161i augstiem standartiem, izturot stingras p\u0101rbaudes <\/span><b><span class=\"citation-82\">Ftal\u0101ti<\/span><\/b><span class=\"citation-82\"> un <\/span><b><span class=\"citation-82\">Svins<\/span><\/b><span class=\"citation-82\">, nodro\u0161inot, ka materi\u0101ls nav toksisks un dro\u0161s visu vecumu cilv\u0113kiem<\/span><\/span><span data-path-to-node=\"14,2,1,2\">.<\/span><\/p>\n<\/li>\n<li>\n<p data-path-to-node=\"14,3,0\"><b>Piel\u0101gots z\u012bmols:<\/b> J\u016bsu logotips tiek druk\u0101ts tie\u0161i uz atstarojo\u0161\u0101s virsmas, nodro\u0161inot, ka j\u016bsu z\u012bmols tiek saist\u012bts ar dro\u0161\u012bbu un r\u016bp\u0113m.<\/p>\n<\/li>\n<\/ul>\n<h2 data-path-to-node=\"15\">Specifik\u0101cijas<\/h2>\n<ul data-path-to-node=\"16\">\n<li>\n<p data-path-to-node=\"16,0,1\"><span data-path-to-node=\"16,0,1,0\"><b><span class=\"citation-81\">Izm\u0113ri:<\/span><\/b><span class=\"citation-81\"> 38 cm (platums) x 42 cm (augstums) x 8 cm (dzi\u013cums)<\/span><\/span><span data-path-to-node=\"16,0,1,2\">.<\/span><\/p>\n<\/li>\n<li>\n<p data-path-to-node=\"16,1,1\"><span data-path-to-node=\"16,1,1,0\"><b><span class=\"citation-80\">Materi\u0101ls:<\/span><\/b><span class=\"citation-80\"> Poliesters ar atstarojo\u0161u p\u0101rkl\u0101jumu<\/span><\/span><span data-path-to-node=\"16,1,1,2\">.<\/span><\/p>\n<\/li>\n<li>\n<p data-path-to-node=\"16,2,1\"><span data-path-to-node=\"16,2,1,0\"><b><span class=\"citation-79\">Stils:<\/span><\/b><span class=\"citation-79\"> Iepirkumu soma ar rokturi\/iepirkumu soma<\/span><\/span><span data-path-to-node=\"16,2,1,2\">.<\/span><\/p>\n<\/li>\n<li>\n<p data-path-to-node=\"16,3,0\"><span data-path-to-node=\"16,3,0,0\"><b>Svars:<\/b> Aptuveni. <\/span><span data-path-to-node=\"16,3,0,2\"><span class=\"citation-78\">0,250 kg uz vien\u012bbu<\/span><\/span><span data-path-to-node=\"16,3,0,4\">.<\/span><\/p>\n<\/li>\n<li>\n<p data-path-to-node=\"16,4,1\"><span data-path-to-node=\"16,4,1,0\"><b><span class=\"citation-77\">Iepakojums:<\/span><\/b><span class=\"citation-77\"> Lielapjoma iepakojums (100 gab.\/iepakojums)<\/span><\/span><span data-path-to-node=\"16,4,1,2\">.<\/span><\/p>\n<\/li>\n<li>\n<p data-path-to-node=\"16,4,1\"><span data-path-to-node=\"16,5,1,0\"><b><span class=\"citation-76\">Atbilst\u012bba:<\/span><\/b><span class=\"citation-76\"> Iztur\u0113ts ftal\u0101tu tests, svina tests un A20 tests neausto\/PP standartiem<\/span><\/span><\/p>\n<\/li>\n<\/ul>\n<h2 data-path-to-node=\"17\">Lieto\u0161anas gad\u012bjumi<\/h2>\n<ul data-path-to-node=\"18\">\n<li>\n<p data-path-to-node=\"18,0,0\"><b>Satiksmes dro\u0161\u012bbas kampa\u0146as:<\/b> Ide\u0101ls izplat\u012b\u0161anas l\u012bdzeklis g\u0101j\u0113jiem un velosip\u0113distiem tum\u0161ajos m\u0113ne\u0161os.<\/p>\n<\/li>\n<li>\n<p data-path-to-node=\"18,1,0\"><b>Skolu un jaunie\u0161u grupas:<\/b> Dro\u0161as gr\u0101matu somas skol\u0113niem, kas p\u0113cpusdien\u0101 dodas m\u0101j\u0101s.<\/p>\n<\/li>\n<li>\n<p data-path-to-node=\"18,2,0\"><b>Pas\u0101kuma suven\u012brs:<\/b> Augstas kvalit\u0101tes konferen\u010du soma, ko dal\u012bbnieki izmantos atk\u0101rtoti t\u0101s dro\u0161\u012bbas funkciju d\u0113\u013c.<\/p>\n<\/li>\n<\/ul>","protected":false},"excerpt":{"rendered":"<ul>\n<li data-path-to-node=\"10,0,0\"><b>Augsta redzam\u012bba:<\/b> Visa somas virsma ir izgatavota no atstarojo\u0161a materi\u0101la, kas nodro\u0161ina maksim\u0101lu dro\u0161\u012bbu v\u0101j\u0101 apgaismojum\u0101.<\/li>\n<li>\n<p data-path-to-node=\"10,0,0\"><span style=\"font-family: -apple-system, BlinkMacSystemFont, 'Segoe UI', Roboto, 'Helvetica Neue', Arial, 'Noto Sans', sans-serif, 'Apple Color Emoji', 'Segoe UI Emoji', 'Segoe UI Symbol', 'Noto Color Emoji';\" data-path-to-node=\"10,1,1,0\"><b><span class=\"citation-87\">Iztur\u012bgs materi\u0101ls:<\/span><\/b><span class=\"citation-87\"> Izgatavots no iztur\u012bga poliestera ar atstarojo\u0161u p\u0101rkl\u0101jumu<\/span><\/span><span style=\"font-family: -apple-system, BlinkMacSystemFont, 'Segoe UI', Roboto, 'Helvetica Neue', Arial, 'Noto Sans', sans-serif, 'Apple Color Emoji', 'Segoe UI Emoji', 'Segoe UI Symbol', 'Noto Color Emoji';\" data-path-to-node=\"10,1,1,2\">.<\/span><\/p>\n<\/li>\n<li>\n<p data-path-to-node=\"10,2,1\"><span data-path-to-node=\"10,2,1,0\"><b><span class=\"citation-86\">Sertific\u0113ta dro\u0161\u012bba:<\/span><\/b><span class=\"citation-86\"> P\u0101rbaud\u012bts attiec\u012bb\u0101 uz ftal\u0101tiem un svinu, padarot to dro\u0161u ikdienas lieto\u0161anai<\/span><\/span><span data-path-to-node=\"10,2,1,2\">.<\/span><\/p>\n<\/li>\n<li>\n<p data-path-to-node=\"10,3,1\"><span data-path-to-node=\"10,3,1,0\"><b><span class=\"citation-85\">Praktiskais izm\u0113rs:<\/span><\/b><span class=\"citation-85\"> Vid\u0113ja izm\u0113ra iepirkumu soma (38 x 42 x 8 cm) ar \u0113rtiem rokturiem<\/span><\/span><span data-path-to-node=\"10,3,1,2\">.<\/span><\/p>\n<\/li>\n<\/ul>","protected":false},"featured_media":6329,"comment_status":"closed","ping_status":"closed","template":"","meta":[],"product_brand":[],"product_cat":[131],"product_tag":[],"class_list":{"0":"post-6077","1":"product","2":"type-product","3":"status-publish","4":"has-post-thumbnail","6":"product_cat-custom-bags-totes","8":"first","9":"instock","10":"shipping-taxable","11":"purchasable","12":"product-type-simple"},"_links":{"self":[{"href":"https:\/\/displayproducts.eu\/lv\/wp-json\/wp\/v2\/product\/6077","targetHints":{"allow":["GET"]}}],"collection":[{"href":"https:\/\/displayproducts.eu\/lv\/wp-json\/wp\/v2\/product"}],"about":[{"href":"https:\/\/displayproducts.eu\/lv\/wp-json\/wp\/v2\/types\/product"}],"replies":[{"embeddable":true,"href":"https:\/\/displayproducts.eu\/lv\/wp-json\/wp\/v2\/comments?post=6077"}],"wp:featuredmedia":[{"embeddable":true,"href":"https:\/\/displayproducts.eu\/lv\/wp-json\/wp\/v2\/media\/6329"}],"wp:attachment":[{"href":"https:\/\/displayproducts.eu\/lv\/wp-json\/wp\/v2\/media?parent=6077"}],"wp:term":[{"taxonomy":"product_brand","embeddable":true,"href":"https:\/\/displayproducts.eu\/lv\/wp-json\/wp\/v2\/product_brand?post=6077"},{"taxonomy":"product_cat","embeddable":true,"href":"https:\/\/displayproducts.eu\/lv\/wp-json\/wp\/v2\/product_cat?post=6077"},{"taxonomy":"product_tag","embeddable":true,"href":"https:\/\/displayproducts.eu\/lv\/wp-json\/wp\/v2\/product_tag?post=6077"}],"curies":[{"name":"wp","href":"https:\/\/api.w.org\/{rel}","templated":true}]}}