{"id":6073,"date":"2025-12-17T15:08:59","date_gmt":"2025-12-17T12:08:59","guid":{"rendered":"https:\/\/wristbandfactory.eu\/?post_type=product&#038;p=6073"},"modified":"2026-04-01T21:52:03","modified_gmt":"2026-04-01T18:52:03","slug":"custom-charity-bracelets-with-printed-backing-cards","status":"publish","type":"product","link":"https:\/\/displayproducts.eu\/lv\/p\/custom-charity-bracelets-with-printed-backing-cards\/","title":{"rendered":"Labdar\u012bbas aproces ar logo"},"content":{"rendered":"<p data-path-to-node=\"8\">P\u0101rv\u0113rtiet vienk\u0101r\u0161u aksesu\u0101ru sp\u0113c\u012bg\u0101 kust\u012bb\u0101 ar m\u016bsu piel\u0101gotaj\u0101m labdar\u012bbas aproc\u0113m. \u0160\u012bs aproces, kas \u012bpa\u0161i izstr\u0101d\u0101tas nevalstiskaj\u0101m organiz\u0101cij\u0101m un soci\u0101laj\u0101m kampa\u0146\u0101m, ir vair\u0101k nek\u0101 tikai standarta rekl\u0101mas priek\u0161meti, k\u013c\u016bstot par valk\u0101jamu pateic\u012bbas apliecin\u0101jumu ziedot\u0101jiem un br\u012bvpr\u0101t\u012bgajiem. \u0112rtas rokas lentas un piel\u0101gotas formas centr\u0101lais elements padara to par augstv\u0113rt\u012bgu priek\u0161metu jebkuram c\u0113lam m\u0113r\u0137im.<\/p>\n<p data-path-to-node=\"9\">Komplekt\u0101 ietilpst profesion\u0101li apdruk\u0101ta pamatkart\u012bte, kas p\u0101rv\u0113r\u0161 rokasspr\u0101dzi par pilnv\u0113rt\u012bgu komunik\u0101cijas r\u012bku. \u0160\u012b \u201cmazumtirdzniec\u012bbai gatav\u0101\u201d pieeja nodro\u0161ina, ka j\u016bsu v\u0113st\u012bjums tiek nodots skaidri neatkar\u012bgi no t\u0101, vai tas tiek izplat\u012bts pas\u0101kumos, ar tie\u0161\u0101 pasta s\u016bt\u012bjumu vai tirdzniec\u012bbas viet\u0101s.<\/p>\n<h2 data-path-to-node=\"10\">Galven\u0101s iez\u012bmes<\/h2>\n<ul data-path-to-node=\"11\">\n<li>\n<p data-path-to-node=\"11,0,0\"><b data-path-to-node=\"11,0,0\" data-index-in-node=\"0\">Augst\u0101k\u0101s kvalit\u0101tes est\u0113tika:<\/b> At\u0161\u0137ir\u012bb\u0101 no pagaidu festiv\u0101la josl\u0101m, \u0161aj\u0101s rokasspr\u0101dz\u0113s ir izmantoti m\u012bksti materi\u0101li un met\u0101liski akcenti, radot rotaslietas saj\u016btu.<\/p>\n<\/li>\n<li>\n<p data-path-to-node=\"11,1,1\"><span data-path-to-node=\"11,1,1,0\"><b data-path-to-node=\"11,1,1,0\" data-index-in-node=\"0\"><span class=\"citation-11394\">P\u0113c pas\u016bt\u012bjuma izgatavoti akrila kuloni:<\/span><\/b><span class=\"citation-11394\"> M\u0113s izmantojam prec\u012bzu l\u0101zergrie\u0161anu, lai rad\u012btu piekari\u0146us, kas atbilst j\u016bsu kampa\u0146as identit\u0101tei, s\u0101kot no asins pilieniem l\u012bdz korporat\u012bvajiem logotipiem.<\/span><\/span><span data-path-to-node=\"11,1,1,2\">.<\/span><\/p>\n<\/li>\n<li>\n<p data-path-to-node=\"11,2,0\"><b data-path-to-node=\"11,2,0\" data-index-in-node=\"0\">Daudzpus\u012bgs zi\u0146ojumapmai\u0146as audekls:<\/b> Lielform\u0101ta pamatkartes pamatne (75 \u00d7 160 mm) ir apdruk\u0101ta ab\u0101s pus\u0113s piln\u0101 CMYK kr\u0101s\u0101, kas ir ide\u0101li piem\u0113rota izgl\u012btojo\u0161am saturam.<\/p>\n<\/li>\n<li>\n<p data-path-to-node=\"11,3,0\"><b data-path-to-node=\"11,3,0\" data-index-in-node=\"0\">Univers\u0101la regul\u0113\u0161ana:<\/b> B\u012bd\u0101mo mezglu sist\u0113ma nodro\u0161ina perfektu piegul\u0161anu visiem atbalst\u012bt\u0101jiem, s\u0101kot no b\u0113rniem l\u012bdz pieaugu\u0161ajiem.<\/p>\n<\/li>\n<\/ul>\n<h2 data-path-to-node=\"12\">Specifik\u0101cijas<\/h2>\n<ul data-path-to-node=\"13\">\n<li>\n<p data-path-to-node=\"13,0,1\"><span data-path-to-node=\"13,0,1,0\"><b data-path-to-node=\"13,0,1,0\" data-index-in-node=\"0\"><span class=\"citation-11393\">Rokasspr\u0101dzes materi\u0101ls:<\/span><\/b><span class=\"citation-11393\"> M\u012bksta neilona\/kokvilnas aukla ar sudraba to\u0146a p\u0113rl\u012bt\u0113m<\/span><\/span><span data-path-to-node=\"13,0,1,2\">.<\/span><\/p>\n<\/li>\n<li>\n<p data-path-to-node=\"13,1,0\"><b data-path-to-node=\"13,1,0\" data-index-in-node=\"0\">\u0160armu materi\u0101ls:<\/b> Kr\u0101sains akrils p\u0113c pas\u016bt\u012bjuma izgatavot\u0101s form\u0101s.<\/p>\n<\/li>\n<li>\n<p data-path-to-node=\"13,2,0\"><b data-path-to-node=\"13,2,0\" data-index-in-node=\"0\">Kartes izm\u0113ri:<\/b> 75 mm \u00d7 160 mm (piln\u012bb\u0101 piel\u0101gojams).<\/p>\n<\/li>\n<li>\n<p data-path-to-node=\"13,3,0\"><b data-path-to-node=\"13,3,0\" data-index-in-node=\"0\">Kartes druk\u0101\u0161ana:<\/b> Pilnkr\u0101su (CMYK) ab\u0101s pus\u0113s.<\/p>\n<\/li>\n<li>\n<p data-path-to-node=\"13,4,0\"><b data-path-to-node=\"13,4,0\" data-index-in-node=\"0\">Minim\u0101lais pas\u016bt\u012bjuma daudzums (MOQ):<\/b> 500 vien\u012bbas.<\/p>\n<\/li>\n<\/ul>\n<h2 data-path-to-node=\"14\">Lieto\u0161anas gad\u012bjumi<\/h2>\n<ul data-path-to-node=\"15\">\n<li>\n<p data-path-to-node=\"15,0,0\"><b data-path-to-node=\"15,0,0\" data-index-in-node=\"0\">Vesel\u012bbas apr\u016bpes izpratne:<\/b> Ide\u0101li piem\u0113rots asins ziedo\u0161anas centriem, v\u0113\u017ea p\u0113tniec\u012bbas fondiem un gar\u012bg\u0101s vesel\u012bbas iniciat\u012bv\u0101m.<\/p>\n<\/li>\n<li>\n<p data-path-to-node=\"15,1,0\"><b data-path-to-node=\"15,1,0\" data-index-in-node=\"0\">L\u012bdzek\u013cu v\u0101k\u0161anas preces:<\/b> Iztur\u012bgs un pievilc\u012bgs produkts labdar\u012bbas organiz\u0101cij\u0101m, ko p\u0101rdot k\u0101 augstas pe\u013c\u0146as l\u012bdzek\u013cu piesaistes r\u012bku.<\/p>\n<\/li>\n<li>\n<p data-path-to-node=\"15,2,0\"><b data-path-to-node=\"15,2,0\" data-index-in-node=\"0\">Uz\u0146\u0113muma korporat\u012bv\u0101 korporat\u012bv\u0101 atbild\u012bba:<\/b> Noz\u012bm\u012bgas d\u0101vanas darbiniekiem, kas piedal\u0101s sabiedriskaj\u0101 darb\u0101 vai soci\u0101l\u0101s ietekmes projektos.<\/p>\n<\/li>\n<li>\n<p data-path-to-node=\"15,3,1\"><span data-path-to-node=\"15,3,1,0\"><b data-path-to-node=\"15,3,1,0\" data-index-in-node=\"0\"><span class=\"citation-11392\">Neaizmirstamas piemi\u0146as lietas no notikumiem:<\/span><\/b><span class=\"citation-11392\"> Ilgtsp\u0113j\u012bgi suven\u012bri svin\u012bg\u0101m vakari\u0146\u0101m, labdar\u012bbas skr\u0113jieniem vai intere\u0161u aizst\u0101v\u012bbas samitiem<\/span><\/span><span data-path-to-node=\"15,3,1,2\">.<\/span><\/p>\n<\/li>\n<\/ul>","protected":false},"excerpt":{"rendered":"<ul>\n<li>\n<p data-path-to-node=\"7,0,0\"><b data-path-to-node=\"7,0,0\" data-index-in-node=\"0\">Mazumtirdzniec\u012bbai gatava prezent\u0101cija:<\/b> Katra aproce ir iepriek\u0161 uzmont\u0113ta uz 75 \u00d7 160 mm pilnkr\u0101su pamatkartes, nodro\u0161inot pietiekami daudz vietas kampa\u0146as st\u0101stiem vai QR kodiem.<\/p>\n<\/li>\n<li>\n<p data-path-to-node=\"7,1,1\"><span data-path-to-node=\"7,1,1,0\"><b data-path-to-node=\"7,1,1,0\" data-index-in-node=\"0\"><span class=\"citation-11395\">Piln\u012bb\u0101 piel\u0101gojami piekari\u0146i:<\/span><\/b><span class=\"citation-11395\"> Iek\u013cauts l\u0101zergriezts akrila kulons, kas pieejams jebkur\u0101 form\u0101 vai kr\u0101s\u0101, piem\u0113ram, k\u0101 lentes vai logotipi.<\/span><\/span><span data-path-to-node=\"7,1,1,2\">.<\/span><\/p>\n<\/li>\n<li>\n<p data-path-to-node=\"7,2,0\"><b data-path-to-node=\"7,2,0\" data-index-in-node=\"0\">Rotaslietu l\u012bme\u0146a apdare:<\/b> Izgatavots no m\u012bksta neilona vai kokvilnas aukli\u0146as un izsmalcin\u0101t\u0101m sudraba to\u0146a p\u0113rl\u012bt\u0113m, paredz\u0113ts ilgsto\u0161ai ikdienas valk\u0101\u0161anai.<\/p>\n<\/li>\n<li>\n<p data-path-to-node=\"7,3,0\"><b data-path-to-node=\"7,3,0\" data-index-in-node=\"0\">Augstas ietekmes B2B r\u012bks:<\/b> Ide\u0101li piem\u0113rots vesel\u012bbas apr\u016bpes organiz\u0101cij\u0101m, NVO un korporat\u012bv\u0101m KSA iniciat\u012bv\u0101m, ja minim\u0101lais pas\u016bt\u012bjums ir 500 vien\u012bbas.<\/p>\n<\/li>\n<\/ul>","protected":false},"featured_media":6074,"comment_status":"closed","ping_status":"closed","template":"","meta":[],"product_brand":[],"product_cat":[122,45],"product_tag":[],"class_list":{"0":"post-6073","1":"product","2":"type-product","3":"status-publish","4":"has-post-thumbnail","6":"product_cat-promotional-accessories","7":"product_cat-other","9":"first","10":"instock","11":"shipping-taxable","12":"purchasable","13":"product-type-simple"},"_links":{"self":[{"href":"https:\/\/displayproducts.eu\/lv\/wp-json\/wp\/v2\/product\/6073","targetHints":{"allow":["GET"]}}],"collection":[{"href":"https:\/\/displayproducts.eu\/lv\/wp-json\/wp\/v2\/product"}],"about":[{"href":"https:\/\/displayproducts.eu\/lv\/wp-json\/wp\/v2\/types\/product"}],"replies":[{"embeddable":true,"href":"https:\/\/displayproducts.eu\/lv\/wp-json\/wp\/v2\/comments?post=6073"}],"wp:featuredmedia":[{"embeddable":true,"href":"https:\/\/displayproducts.eu\/lv\/wp-json\/wp\/v2\/media\/6074"}],"wp:attachment":[{"href":"https:\/\/displayproducts.eu\/lv\/wp-json\/wp\/v2\/media?parent=6073"}],"wp:term":[{"taxonomy":"product_brand","embeddable":true,"href":"https:\/\/displayproducts.eu\/lv\/wp-json\/wp\/v2\/product_brand?post=6073"},{"taxonomy":"product_cat","embeddable":true,"href":"https:\/\/displayproducts.eu\/lv\/wp-json\/wp\/v2\/product_cat?post=6073"},{"taxonomy":"product_tag","embeddable":true,"href":"https:\/\/displayproducts.eu\/lv\/wp-json\/wp\/v2\/product_tag?post=6073"}],"curies":[{"name":"wp","href":"https:\/\/api.w.org\/{rel}","templated":true}]}}