{"id":6068,"date":"2025-12-17T14:59:31","date_gmt":"2025-12-17T11:59:31","guid":{"rendered":"https:\/\/wristbandfactory.eu\/?post_type=product&#038;p=6068"},"modified":"2026-04-01T21:52:35","modified_gmt":"2026-04-01T18:52:35","slug":"custom-embroidered-sleeve-patches-with-velcro","status":"publish","type":"product","link":"https:\/\/displayproducts.eu\/lv\/p\/custom-embroidered-sleeve-patches-with-velcro\/","title":{"rendered":"Iz\u0161\u016btas embl\u0113mas ar lipekli"},"content":{"rendered":"<p data-path-to-node=\"11\">Apr\u012bkojiet savu komandu, vien\u012bbu vai klubu ar <b>Piel\u0101goti iz\u0161\u016bti piedurk\u0146u iel\u0101pi<\/b>. \u0160\u012bs uz\u0161uves, kas paredz\u0113tas iztur\u012bbai un presti\u017eam, ir standarta izv\u0113le milit\u0101raj\u0101m vien\u012bb\u0101m, apsardzes firm\u0101m un airsofta komand\u0101m, kur\u0101m nepiecie\u0161ama profesion\u0101la identifik\u0101cija, ko var viegli piestiprin\u0101t vai no\u0146emt.<\/p>\n<p data-path-to-node=\"12\">Lielisks m\u016bsu meistar\u012bbas piem\u0113rs ir embl\u0113ma, kas rad\u012bta <b>Lo\u0123istikas bataljona rezervisti<\/b>. Uz \u0161\u012b 80\u00a0\u00d7\u00a090\u00a0mm uz\u0161uves ir att\u0113lots majest\u0101tisks zelta p\u016b\u0137is, kas iz\u0161\u016bts uz tum\u0161i violeta fona. M\u0113s izmantoj\u0101m augstas kvalit\u0101tes <b>met\u0101liska zelta diega<\/b> lai izceltu p\u016b\u0137a sare\u017e\u0123\u012bt\u0101s deta\u013cas, kas simboliz\u0113 sp\u0113ku un izcil\u012bbu.<\/p>\n<h2 data-path-to-node=\"13\">Galven\u0101s iez\u012bmes<\/h2>\n<ul data-path-to-node=\"14\">\n<li>\n<p data-path-to-node=\"14,0,0\"><b>Velcro pamatne:<\/b> Pl\u0101ksteri ir apr\u012bkoti ar iztur\u012bgu Velcro (\u0101\u0137a pus\u0113) aizmuguri, kas pie\u0161\u016bta aizmugur\u0113, \u013caujot tos nekav\u0113joties piestiprin\u0101t pie formas t\u0113rpiem, taktiskaj\u0101m vest\u0113m vai mugursom\u0101m.<\/p>\n<\/li>\n<li>\n<p data-path-to-node=\"14,1,0\"><b>Premium pavedieni:<\/b> M\u0113s pied\u0101v\u0101jam pla\u0161u diegu kr\u0101su kl\u0101stu, tostarp met\u0101liskas opcijas (zelta, sudraba), lai konkr\u0113ti dizaina elementi izceltos uz fona.<\/p>\n<\/li>\n<li>\n<p data-path-to-node=\"14,2,0\"><b>Pastiprin\u0101tas malas:<\/b> Apdarin\u0101ts ar iztur\u012bgu melnu kr\u0101su <b>sapludin\u0101ta robe\u017ea<\/b> (overloka d\u016briens), kas nov\u0113r\u0161 nodilumu un perfekti ier\u0101m\u0113 rakstu.<\/p>\n<\/li>\n<li>\n<p data-path-to-node=\"14,3,0\"><b>Daudzpus\u012bgs pielietojums:<\/b> Ide\u0101li piem\u0113rots pak\u0101pes, vien\u012bbas vai departamenta at\u0161\u0137ir\u0161anai, neatgriezeniski nemainot ap\u0123\u0113rba gabalu.<\/p>\n<\/li>\n<\/ul>\n<h2 data-path-to-node=\"15\">Specifik\u0101cijas<\/h2>\n<ul data-path-to-node=\"16\">\n<li>\n<p data-path-to-node=\"16,0,0\"><b>Standarta izm\u0113rs:<\/b> Piel\u0101gots (piem\u0113ram, 80 \u00d7 90 mm).<\/p>\n<\/li>\n<li>\n<p data-path-to-node=\"16,1,0\"><b>Materi\u0101ls:<\/b> Twill auduma pamatne ar poliestera\/viskozes iz\u0161\u016b\u0161anas diegiem.<\/p>\n<\/li>\n<li>\n<p data-path-to-node=\"16,2,0\"><b>Atbalsts:<\/b> Velcro (\u0101\u0137\u012b\u0161a un cilpi\u0146as) vai uzgludin\u0101ma\/pie\u0161ujama.<\/p>\n<\/li>\n<li>\n<p data-path-to-node=\"16,3,0\"><b>Robe\u017ea:<\/b> Sapludin\u0101ta apmale (standarta) vai l\u0101zergrie\u0161ana (sare\u017e\u0123\u012bt\u0101m form\u0101m).<\/p>\n<\/li>\n<li>\n<p data-path-to-node=\"16,4,0\"><b>P\u0101rkl\u0101jums:<\/b> Pieejams iz\u0161\u016b\u0161anas p\u0101rkl\u0101jums l\u012bdz 100%.<\/p>\n<\/li>\n<li>\n<p data-path-to-node=\"16,5,0\"><b>Minim\u0101lais pas\u016bt\u012bjuma daudzums:<\/b> 50 vien\u012bbas.<\/p>\n<\/li>\n<\/ul>\n<h2 data-path-to-node=\"17\">Lieto\u0161anas gad\u012bjumi<\/h2>\n<ul data-path-to-node=\"18\">\n<li>\n<p data-path-to-node=\"18,0,0\"><b>Milit\u0101rais un aizsardz\u012bbas sektors:<\/b> Vien\u012bbu z\u012bmotnes un pak\u0101pju uz\u0161uves (piem\u0113ram, Lo\u0123istikas bataljona piem\u0113r\u0101).<\/p>\n<\/li>\n<li>\n<p data-path-to-node=\"18,1,0\"><b>Apsardzes uz\u0146\u0113mumi:<\/b> Vienots z\u012bmols, ko var main\u012bt starp jak\u0101m un krekliem.<\/p>\n<\/li>\n<li>\n<p data-path-to-node=\"18,2,0\"><b>Airsoft un peintbols:<\/b> Komandas iel\u0101pi un mor\u0101les iel\u0101pi.<\/p>\n<\/li>\n<li>\n<p data-path-to-node=\"18,3,0\"><b>Darba ap\u0123\u0113rbs:<\/b> Iztur\u012bgs z\u012bmols meh\u0101ni\u0137iem, celtniec\u012bbas un lo\u0123istikas darbiniekiem.<\/p>\n<\/li>\n<\/ul>","protected":false},"excerpt":{"rendered":"<ul>\n<li>\n<p data-path-to-node=\"10,0,0\"><b>Pielikums:<\/b> Iztur\u012bga Velcro (\u0101\u0137a un cilpas) pamatne \u0113rtai no\u0146em\u0161anai un nomai\u0146ai.<\/p>\n<\/li>\n<li>\n<p data-path-to-node=\"10,1,0\"><b>Detaliz\u0101cija:<\/b> Augsta bl\u012bvuma iz\u0161uvumi, izmantojot standarta vai met\u0101liskus diegus (piem\u0113ram, zelta).<\/p>\n<\/li>\n<li>\n<p data-path-to-node=\"10,2,0\"><b>Malu apdare:<\/b> Ap\u0161\u016btas (overlok\u0113tas) apmales iztur\u012bbai un profesion\u0101lam izskatam.<\/p>\n<\/li>\n<li>\n<p data-path-to-node=\"10,3,0\"><b>Piel\u0101go\u0161ana:<\/b> Piln\u012bb\u0101 piel\u0101gotas formas un izm\u0113ri (piem\u0113ram, 80x90 mm).<\/p>\n<\/li>\n<\/ul>","protected":false},"featured_media":6331,"comment_status":"closed","ping_status":"closed","template":"","meta":[],"product_brand":[],"product_cat":[124,122],"product_tag":[],"class_list":{"0":"post-6068","1":"product","2":"type-product","3":"status-publish","4":"has-post-thumbnail","6":"product_cat-id-solutions","7":"product_cat-promotional-accessories","9":"first","10":"instock","11":"shipping-taxable","12":"purchasable","13":"product-type-simple"},"_links":{"self":[{"href":"https:\/\/displayproducts.eu\/lv\/wp-json\/wp\/v2\/product\/6068","targetHints":{"allow":["GET"]}}],"collection":[{"href":"https:\/\/displayproducts.eu\/lv\/wp-json\/wp\/v2\/product"}],"about":[{"href":"https:\/\/displayproducts.eu\/lv\/wp-json\/wp\/v2\/types\/product"}],"replies":[{"embeddable":true,"href":"https:\/\/displayproducts.eu\/lv\/wp-json\/wp\/v2\/comments?post=6068"}],"wp:featuredmedia":[{"embeddable":true,"href":"https:\/\/displayproducts.eu\/lv\/wp-json\/wp\/v2\/media\/6331"}],"wp:attachment":[{"href":"https:\/\/displayproducts.eu\/lv\/wp-json\/wp\/v2\/media?parent=6068"}],"wp:term":[{"taxonomy":"product_brand","embeddable":true,"href":"https:\/\/displayproducts.eu\/lv\/wp-json\/wp\/v2\/product_brand?post=6068"},{"taxonomy":"product_cat","embeddable":true,"href":"https:\/\/displayproducts.eu\/lv\/wp-json\/wp\/v2\/product_cat?post=6068"},{"taxonomy":"product_tag","embeddable":true,"href":"https:\/\/displayproducts.eu\/lv\/wp-json\/wp\/v2\/product_tag?post=6068"}],"curies":[{"name":"wp","href":"https:\/\/api.w.org\/{rel}","templated":true}]}}