{"id":6061,"date":"2025-12-17T14:51:16","date_gmt":"2025-12-17T11:51:16","guid":{"rendered":"https:\/\/wristbandfactory.eu\/?post_type=product&#038;p=6061"},"modified":"2026-04-01T21:52:35","modified_gmt":"2026-04-01T18:52:35","slug":"custom-soft-fabric-reflectors","status":"publish","type":"product","link":"https:\/\/displayproducts.eu\/lv\/p\/custom-soft-fabric-reflectors\/","title":{"rendered":"M\u012bkstie auduma atstarot\u0101ji ar logo"},"content":{"rendered":"<p data-path-to-node=\"11\">Nodro\u0161iniet, lai j\u016bsu z\u012bmols b\u016btu redzams tums\u0101 ar m\u016bsu pal\u012bdz\u012bbu <b>M\u012bkstie auduma atstarot\u0101ji ar logo<\/b>. At\u0161\u0137ir\u012bb\u0101 no tradicion\u0101lajiem cietajiem plastmasas atstarot\u0101jiem, kas, atsitoties pret somu, var saplais\u0101t vai rad\u012bt troksni, \u0161ie m\u012bkstie pakaramie ir iztur\u012bgi, klusi un pat\u012bkami piesk\u0101rienam.<\/p>\n<p data-path-to-node=\"12\">Unik\u0101l\u0101 \u201csendvi\u010da\u201d konstrukcija ietver m\u012bksta fl\u012bsa vai filca sl\u0101ni starp div\u0101m augstas kvalit\u0101tes atstarojo\u0161a auduma loksn\u0113m. Tas pie\u0161\u0137ir produktam augst\u0101k\u0101s kvalit\u0101tes, nedaudz uzp\u016bstu izskatu un saj\u016btu.<\/p>\n<p data-path-to-node=\"13\">Neatkar\u012bgi no t\u0101, vai jums nepiecie\u0161ama vienk\u0101r\u0161a \u0123eometriska forma (aplis, kvadr\u0101ts, tr\u012bsst\u016bris) vai piln\u012bb\u0101 <b>piel\u0101gota izgriezta forma<\/b> att\u0113lojot j\u016bsu logotipu vai talismanu, m\u0113s varam to izgatavot. Tie ir svar\u012bgi dro\u0161\u012bbas priek\u0161meti Zieme\u013cvalstu klimatam, padarot tos par \u013coti v\u0113rt\u012bg\u0101m d\u0101van\u0101m skol\u0101m, sporta klubiem un korporat\u012bvajiem partneriem.<\/p>\n<h2 data-path-to-node=\"14\">Galven\u0101s iez\u012bmes<\/h2>\n<ul data-path-to-node=\"15\">\n<li>\n<p data-path-to-node=\"15,0,0\"><b>Divpus\u0113ja redzam\u012bba:<\/b> Gan priek\u0161pus\u0113, gan aizmugur\u0113 ir uzkl\u0101ts atstarojo\u0161s materi\u0101ls, kas nodro\u0161ina 360 gr\u0101du redzam\u012bbu.<\/p>\n<\/li>\n<li>\n<p data-path-to-node=\"15,1,0\"><b>M\u012bksts un kluss:<\/b> Tekstila\/fl\u012bsa serde noz\u012bm\u0113, ka atstarot\u0101js pastaigas laik\u0101 nesaskr\u0101p\u0113s d\u0101rgas rokassomi\u0146as un neklik\u0161\u0137\u0113s pret r\u0101v\u0113jsl\u0113dz\u0113jiem.<\/p>\n<\/li>\n<li>\n<p data-path-to-node=\"15,2,0\"><b>Piln\u012bga piel\u0101go\u0161ana:<\/b><\/p>\n<ul data-path-to-node=\"15,2,1\">\n<li>\n<p data-path-to-node=\"15,2,1,0,0\"><b>Forma:<\/b> Izveidojiet jebkuru v\u0113lamo kont\u016bru.<\/p>\n<\/li>\n<li>\n<p data-path-to-node=\"15,2,1,1,0\"><b>Druk\u0101t:<\/b> J\u016bsu logotips ir iespiests <i>zem<\/i> atstarojo\u0161\u0101 lamin\u0101ta (iztur\u012bbai) vai virspus\u0113, atkar\u012bb\u0101 no dizaina.<\/p>\n<\/li>\n<\/ul>\n<\/li>\n<li>\n<p data-path-to-node=\"15,3,0\"><b>Pielikumu opcijas:<\/b> N\u0101k komplekt\u0101 ar standarta \u0137\u0113d\u012bti vai auklu ar dro\u0161\u012bbas adatu, lai to var\u0113tu viegli piestiprin\u0101t pie jak\u0101m, mugursom\u0101m vai grozsem.<\/p>\n<\/li>\n<\/ul>\n<h2 data-path-to-node=\"16\">Specifik\u0101cijas<\/h2>\n<ul data-path-to-node=\"17\">\n<li>\n<p data-path-to-node=\"17,0,0\"><b>Materi\u0101ls:<\/b> Prizmu atstarojo\u0161s PVC vai videi draudz\u012bgs TPU + m\u012bksts fl\u012bsa\/filca kodols.<\/p>\n<\/li>\n<li>\n<p data-path-to-node=\"17,1,0\"><b>Kodols:<\/b> Balts vai pel\u0113ks m\u012bksts filcs (padara biez\u0101ku).<\/p>\n<\/li>\n<li>\n<p data-path-to-node=\"17,2,0\"><b>Izm\u0113rs:<\/b> Standarta aptuveni 50\u201370 mm (iesp\u0113jami piel\u0101goti izm\u0113ri).<\/p>\n<\/li>\n<li>\n<p data-path-to-node=\"17,3,0\"><b>Druk\u0101\u0161ana:<\/b> CMYK ofseta vai sietspiede.<\/p>\n<\/li>\n<li>\n<p data-path-to-node=\"17,4,0\"><b>Atbilst\u012bba:<\/b> Materi\u0101ls atbilst EN13356 redzam\u012bbas standartiem.<\/p>\n<\/li>\n<li>\n<p data-path-to-node=\"17,5,0\"><b>Labo\u0161ana:<\/b> \u0136\u0113de ar lod\u012bti (met\u0101la) vai aukla + dro\u0161\u012bbas adata.<\/p>\n<\/li>\n<\/ul>\n<h2 data-path-to-node=\"18\">Lieto\u0161anas gad\u012bjumi<\/h2>\n<ul data-path-to-node=\"19\">\n<li>\n<p data-path-to-node=\"19,0,0\"><b>Skolas un b\u0113rnud\u0101rzi:<\/b> Oblig\u0101ts dro\u0161\u012bbas elements b\u0113rniem ziem\u0101.<\/p>\n<\/li>\n<li>\n<p data-path-to-node=\"19,1,0\"><b>Uz\u0146\u0113mumu dro\u0161\u012bbas kampa\u0146as:<\/b> \u201cEsi dro\u0161\u012bb\u0101, esi redzams\u201d z\u012bmola veido\u0161ana darbiniekiem.<\/p>\n<\/li>\n<li>\n<p data-path-to-node=\"19,2,0\"><b>Pas\u0101kuma preces:<\/b> Viegli un \u0113rti s\u016bt\u0101ms aploksn\u0113s.<\/p>\n<\/li>\n<li>\n<p data-path-to-node=\"19,3,0\"><b>Sporta un \u0101ra pre\u010du z\u012bmoli:<\/b> Lieliska d\u0101vana skr\u0113j\u0113jiem un p\u0101rg\u0101jienu cien\u012bt\u0101jiem.<\/p>\n<\/li>\n<\/ul>","protected":false},"excerpt":{"rendered":"<ul>\n<li>\n<p data-path-to-node=\"10,0,0\"><b>B\u016bvniec\u012bba:<\/b> Tr\u012bs sl\u0101\u0146u \u201csendvi\u010da\u201d dizains (atstarojo\u0161s audums + m\u012bksts fl\u012bsa kodols + atstarojo\u0161s audums).<\/p>\n<\/li>\n<li>\n<p data-path-to-node=\"10,1,0\"><b>Piel\u0101gotas formas:<\/b> Pieejams standarta (apa\u013c\u0161, kvadr\u0101tveida, sirdsveida) vai piln\u012bb\u0101 piel\u0101got\u0101s izgriezt\u0101s form\u0101s.<\/p>\n<\/li>\n<li>\n<p data-path-to-node=\"10,2,0\"><b>Dro\u0161\u012bba:<\/b> Augstas redzam\u012bbas atstarojo\u0161s materi\u0101ls (pieejams EN13356 atbilsto\u0161s materi\u0101ls).<\/p>\n<\/li>\n<li>\n<p data-path-to-node=\"10,3,0\"><b>Lietot\u0101jam draudz\u012bgs:<\/b> M\u012bksts, kluss un nepl\u012bsto\u0161s \u2013 ide\u0101li piem\u0113rots som\u0101m un r\u0101v\u0113jsl\u0113dz\u0113jiem.<\/p>\n<\/li>\n<\/ul>","protected":false},"featured_media":6332,"comment_status":"closed","ping_status":"closed","template":"","meta":[],"product_brand":[],"product_cat":[122,94],"product_tag":[],"class_list":{"0":"post-6061","1":"product","2":"type-product","3":"status-publish","4":"has-post-thumbnail","6":"product_cat-promotional-accessories","7":"product_cat-keychains","9":"first","10":"instock","11":"shipping-taxable","12":"purchasable","13":"product-type-simple"},"_links":{"self":[{"href":"https:\/\/displayproducts.eu\/lv\/wp-json\/wp\/v2\/product\/6061","targetHints":{"allow":["GET"]}}],"collection":[{"href":"https:\/\/displayproducts.eu\/lv\/wp-json\/wp\/v2\/product"}],"about":[{"href":"https:\/\/displayproducts.eu\/lv\/wp-json\/wp\/v2\/types\/product"}],"replies":[{"embeddable":true,"href":"https:\/\/displayproducts.eu\/lv\/wp-json\/wp\/v2\/comments?post=6061"}],"wp:featuredmedia":[{"embeddable":true,"href":"https:\/\/displayproducts.eu\/lv\/wp-json\/wp\/v2\/media\/6332"}],"wp:attachment":[{"href":"https:\/\/displayproducts.eu\/lv\/wp-json\/wp\/v2\/media?parent=6061"}],"wp:term":[{"taxonomy":"product_brand","embeddable":true,"href":"https:\/\/displayproducts.eu\/lv\/wp-json\/wp\/v2\/product_brand?post=6061"},{"taxonomy":"product_cat","embeddable":true,"href":"https:\/\/displayproducts.eu\/lv\/wp-json\/wp\/v2\/product_cat?post=6061"},{"taxonomy":"product_tag","embeddable":true,"href":"https:\/\/displayproducts.eu\/lv\/wp-json\/wp\/v2\/product_tag?post=6061"}],"curies":[{"name":"wp","href":"https:\/\/api.w.org\/{rel}","templated":true}]}}