{"id":6058,"date":"2025-12-17T14:37:45","date_gmt":"2025-12-17T11:37:45","guid":{"rendered":"https:\/\/wristbandfactory.eu\/?post_type=product&#038;p=6058"},"modified":"2026-04-01T21:52:35","modified_gmt":"2026-04-01T18:52:35","slug":"custom-hotel-slippers-with-logo-premium-standard","status":"publish","type":"product","link":"https:\/\/displayproducts.eu\/lv\/p\/custom-hotel-slippers-with-logo-premium-standard\/","title":{"rendered":"Viesn\u012bcu \u010d\u012bbas ar logo"},"content":{"rendered":"<p data-path-to-node=\"12\">Nodro\u0161iniet viesiem t\u016bl\u012bt\u0113ju komfortu un izsmalcin\u0101t\u012bbu ar m\u016bsu <b>Piel\u0101gotas viesn\u012bcas \u010d\u012bbas<\/b>. Neatkar\u012bgi no t\u0101, vai vad\u0101t luksusa k\u016brortu, butikveida spa vai vienk\u0101r\u0161i v\u0113laties pied\u0101v\u0101t z\u012bmola komfortu korporat\u012bvaj\u0101 biroj\u0101, personaliz\u0113tas \u010d\u012bbas ir vislab\u0101kais sagaid\u012b\u0161anas \u017eests.<\/p>\n<p data-path-to-node=\"13\">M\u0113s pied\u0101v\u0101jam elast\u012bgu ra\u017eo\u0161anas pakalpojumu, kas atbilst visiem bud\u017eeta l\u012bme\u0146iem. Izv\u0113lieties <b>Premium mode\u013ci<\/b> (Vel\u016brs, kora\u013c\u013cu fl\u012bss) m\u012bkstai, atk\u0101rtoti lietojamai pieredzei, ko viesi v\u0113l\u0113sies \u0146emt l\u012bdzi m\u0101j\u0101s vai izv\u0113l\u0113ties <b>Standarta\/bud\u017eeta mode\u013ci<\/b> (Poliestera frot\u0113, neausts) izmaksu zi\u0146\u0101 efekt\u012bv\u0101m, liela apjoma vajadz\u012bb\u0101m.<\/p>\n<p data-path-to-node=\"14\">Uzticas t\u0101di vado\u0161ie Igaunijas viesm\u012bl\u012bbas z\u012bmoli k\u0101 <b>VSPA, AQVA SPA, GOSPA, Vihulas mui\u017ea un viesn\u012bca Antonius<\/b>, m\u016bsu \u010d\u012bbas apvieno iztur\u012bbu ar elegantu z\u012bmolu.<\/p>\n<h2 data-path-to-node=\"15\">Galven\u0101s iez\u012bmes<\/h2>\n<ul data-path-to-node=\"16\">\n<li>\n<p data-path-to-node=\"16,0,0\"><b>Materi\u0101lu da\u017e\u0101d\u012bba:<\/b><\/p>\n<ul data-path-to-node=\"16,0,1\">\n<li>\n<p data-path-to-node=\"16,0,1,0,0\"><i>Grezn\u012bba:<\/i> M\u012bksts vel\u016brs, pl\u012b\u0161a kora\u013c\u013cu fl\u012bss vai tekstur\u0113ts vafe\u013cu audums.<\/p>\n<\/li>\n<li>\n<p data-path-to-node=\"16,0,1,1,0\"><i>Standarts:<\/i> Klasisks frot\u0113 audums (poliestera\/kokvilnas mais\u012bjums).<\/p>\n<\/li>\n<li>\n<p data-path-to-node=\"16,0,1,2,0\"><i>Bud\u017eets:<\/i> Neaustas vai putuplasta iesp\u0113jas \u012bslaic\u012bgai lieto\u0161anai.<\/p>\n<\/li>\n<\/ul>\n<\/li>\n<li>\n<p data-path-to-node=\"16,1,0\"><b>Piln\u012bga piel\u0101go\u0161ana:<\/b> M\u0113s pied\u0101v\u0101jam 100% personaliz\u0101ciju. Piel\u0101gojiet \u010d\u012bbu kr\u0101su sava z\u012bmola identit\u0101tei un izv\u0113lieties starp <b>Iz\u0161\u016b\u0161ana<\/b> (lai ieg\u016btu augst\u0101k\u0101s kvalit\u0101tes 3D izskatu) vai <b>P\u0101rneses druka<\/b> (detaliz\u0113tiem logotipiem).<\/p>\n<\/li>\n<li>\n<p data-path-to-node=\"16,2,0\"><b>Dro\u0161\u012bba un iztur\u012bba:<\/b> Visiem mode\u013ciem ir iztur\u012bgas zoles ar lielisku sa\u0137eri, kas padara tos dro\u0161us fl\u012b\u017eu vannas istabu gr\u012bd\u0101m, spa zon\u0101m un parketam.<\/p>\n<\/li>\n<li>\n<p data-path-to-node=\"16,3,0\"><b>R\u016bpn\u012bcas tie\u0161\u0101 pieg\u0101de:<\/b> Piel\u0101gota ra\u017eo\u0161ana s\u0101kas no <b>5000 p\u0101ru<\/b>, nodro\u0161inot vislab\u0101ko cenu par vien\u012bbu un piln\u012bgu kontroli p\u0101r dizaina deta\u013c\u0101m.<\/p>\n<\/li>\n<\/ul>\n<h2 data-path-to-node=\"17\">Specifik\u0101cijas<\/h2>\n<ul data-path-to-node=\"18\">\n<li>\n<p data-path-to-node=\"18,0,0\"><b>Materi\u0101li:<\/b> Vel\u016brs, kora\u013c\u013cu fl\u012bss, vafele, frot\u0113, neausts audums.<\/p>\n<\/li>\n<li>\n<p data-path-to-node=\"18,1,0\"><b>Zole:<\/b> EVA (nesl\u012bdo\u0161s) ar main\u0101mu biezumu (3\u20136 mm).<\/p>\n<\/li>\n<li>\n<p data-path-to-node=\"18,2,0\"><b>Izm\u0113rs:<\/b> Univers\u0101ls pieaugu\u0161o izm\u0113rs (aptuveni 28\u201329 cm). Pieejami ar\u012b piel\u0101goti izm\u0113ri.<\/p>\n<\/li>\n<li>\n<p data-path-to-node=\"18,3,0\"><b>Z\u012bmola veido\u0161ana:<\/b> Iz\u0161\u016b\u0161ana vai sietspiede\/p\u0101rneses druka.<\/p>\n<\/li>\n<li>\n<p data-path-to-node=\"18,4,0\"><b>Kr\u0101sas:<\/b> Audumam pieejama piel\u0101gota Pantone kr\u0101su saska\u0146o\u0161ana.<\/p>\n<\/li>\n<li>\n<p data-path-to-node=\"18,5,0\"><b>Minim\u0101lais pas\u016bt\u012bjuma daudzums:<\/b> 5000 p\u0101ri (piln\u012bb\u0101 piel\u0101gota ra\u017eo\u0161ana).<\/p>\n<\/li>\n<\/ul>\n<h2 data-path-to-node=\"19\">Lieto\u0161anas gad\u012bjumi<\/h2>\n<ul data-path-to-node=\"20\">\n<li>\n<p data-path-to-node=\"20,0,0\"><b>Viesn\u012bcas un k\u016brorti:<\/b> Numura \u0113rt\u012bbas, kas paaugstina viesu v\u0113rt\u0113jumu.<\/p>\n<\/li>\n<li>\n<p data-path-to-node=\"20,1,0\"><b>Spa un labsaj\u016btas centri:<\/b> Svar\u012bgi nesl\u012bdo\u0161i apavi mitr\u0101m viet\u0101m.<\/p>\n<\/li>\n<li>\n<p data-path-to-node=\"20,2,0\"><b>Korporat\u012bv\u0101s d\u0101vanas:<\/b> Augst\u0101k\u0101s kvalit\u0101tes vel\u016bra \u010d\u012bbas m\u0101jas birojam vai ce\u013cojumu komplektiem.<\/p>\n<\/li>\n<li>\n<p data-path-to-node=\"20,3,0\"><b>Medic\u012bna un skaistumkop\u0161ana:<\/b> Higi\u0113nas, vienreizlietojamas iesp\u0113jas kl\u012bnik\u0101m.<\/p>\n<\/li>\n<\/ul>","protected":false},"excerpt":{"rendered":"<ul>\n<li>\n<p data-path-to-node=\"11,0,0\"><b>Kvalit\u0101tes diapazons:<\/b> Pieejams augst\u0101k\u0101s kvalit\u0101tes vel\u016bra, kora\u013c\u013cu fl\u012bsa, vafe\u013cu auduma vai bud\u017eeta frot\u0113\/putu auduma versij\u0101s.<\/p>\n<\/li>\n<li>\n<p data-path-to-node=\"11,1,0\"><b>Piel\u0101go\u0161ana:<\/b> Augstas kvalit\u0101tes iz\u0161uvums greznam izskatam vai sietspiede izmaksu zi\u0146\u0101 efekt\u012bvai z\u012bmola veido\u0161anai.<\/p>\n<\/li>\n<li>\n<p data-path-to-node=\"11,2,0\"><b>Dro\u0161\u012bba pirmaj\u0101 viet\u0101:<\/b> Iztur\u012bgas nesl\u012bdo\u0161as zoles, kas piem\u0113rotas mitr\u0101m spa gr\u012bd\u0101m un viesn\u012bcu numuriem.<\/p>\n<\/li>\n<li>\n<p data-path-to-node=\"11,3,0\"><b>P\u0101rbaud\u012bta kvalit\u0101te:<\/b> Uzticas t\u0101das vado\u0161\u0101s iest\u0101des k\u0101 VSPA, GOSPA un AQVA Spa.<\/p>\n<\/li>\n<\/ul>","protected":false},"featured_media":6059,"comment_status":"closed","ping_status":"closed","template":"","meta":[],"product_brand":[],"product_cat":[132],"product_tag":[],"class_list":{"0":"post-6058","1":"product","2":"type-product","3":"status-publish","4":"has-post-thumbnail","6":"product_cat-hotel-spa-amenities","8":"first","9":"instock","10":"shipping-taxable","11":"purchasable","12":"product-type-simple"},"_links":{"self":[{"href":"https:\/\/displayproducts.eu\/lv\/wp-json\/wp\/v2\/product\/6058","targetHints":{"allow":["GET"]}}],"collection":[{"href":"https:\/\/displayproducts.eu\/lv\/wp-json\/wp\/v2\/product"}],"about":[{"href":"https:\/\/displayproducts.eu\/lv\/wp-json\/wp\/v2\/types\/product"}],"replies":[{"embeddable":true,"href":"https:\/\/displayproducts.eu\/lv\/wp-json\/wp\/v2\/comments?post=6058"}],"wp:featuredmedia":[{"embeddable":true,"href":"https:\/\/displayproducts.eu\/lv\/wp-json\/wp\/v2\/media\/6059"}],"wp:attachment":[{"href":"https:\/\/displayproducts.eu\/lv\/wp-json\/wp\/v2\/media?parent=6058"}],"wp:term":[{"taxonomy":"product_brand","embeddable":true,"href":"https:\/\/displayproducts.eu\/lv\/wp-json\/wp\/v2\/product_brand?post=6058"},{"taxonomy":"product_cat","embeddable":true,"href":"https:\/\/displayproducts.eu\/lv\/wp-json\/wp\/v2\/product_cat?post=6058"},{"taxonomy":"product_tag","embeddable":true,"href":"https:\/\/displayproducts.eu\/lv\/wp-json\/wp\/v2\/product_tag?post=6058"}],"curies":[{"name":"wp","href":"https:\/\/api.w.org\/{rel}","templated":true}]}}