{"id":6048,"date":"2025-12-17T14:08:31","date_gmt":"2025-12-17T11:08:31","guid":{"rendered":"https:\/\/wristbandfactory.eu\/?post_type=product&#038;p=6048"},"modified":"2026-04-01T21:52:03","modified_gmt":"2026-04-01T18:52:03","slug":"custom-embroidered-captain-hats-with-logo","status":"publish","type":"product","link":"https:\/\/displayproducts.eu\/lv\/p\/custom-embroidered-captain-hats-with-logo\/","title":{"rendered":"Kaptei\u0146a cepures ar logo (Rekl\u0101mas preces)"},"content":{"rendered":"<p data-path-to-node=\"12\">Paaugstiniet sava z\u012bmola vai pas\u0101kuma pre\u010du popularit\u0101ti ar m\u016bsu augstas kvalit\u0101tes prec\u0113m <b>Piel\u0101gotas kaptei\u0146a cepures<\/b>. \u0160\u012bs cepures ir veidotas p\u0113c klasisko j\u016bras sp\u0113ku virsnieku galvassegas parauga, un t\u0101m ir m\u016b\u017e\u012bgs un izsmalcin\u0101ts izskats, kas nekav\u0113joties piesaista uzman\u012bbu. Neatkar\u012bgi no t\u0101, vai t\u0101s paredz\u0113tas j\u016bras uz\u0146\u0113mumam, tematiskai korporat\u012bvai ball\u012btei vai suven\u012bru veikala kolekcijai, \u0161\u012bs cepures nodro\u0161ina augst\u0101k\u0101s kvalit\u0101tes pamatni j\u016bsu logotipam.<\/p>\n<p data-path-to-node=\"13\">K\u0101 redzams m\u016bsu sadarb\u012bb\u0101 ar <b>Tallink Silja Line<\/b>, M\u0113s specializ\u0113jamies mazumtirdzniec\u012bbas kvalit\u0101tes galvassegu rad\u012b\u0161an\u0101, kas kalpo k\u0101 lolots suven\u012brs, nevis vienreizlietojams priek\u0161mets. Iztur\u012bgas konstrukcijas un detaliz\u0113tas apdares apvienojums nodro\u0161ina, ka j\u016bsu z\u012bmols tiek saist\u012bts ar kvalit\u0101ti un j\u016brniec\u012bbas trad\u012bcij\u0101m.<\/p>\n<h2 data-path-to-node=\"14\">Galven\u0101s iez\u012bmes<\/h2>\n<ul data-path-to-node=\"15\">\n<li>\n<p data-path-to-node=\"15,0,0\"><b>Augst\u0101k\u0101s kvalit\u0101tes konstrukcija:<\/b> Izgatavota no 100% kokvilnas, kas nodro\u0161ina, ka cepure ir elpojo\u0161a un \u0113rta valk\u0101\u0161anai pat siltos vasaras pas\u0101kumos vai ball\u012bt\u0113s telp\u0101s.<\/p>\n<\/li>\n<li>\n<p data-path-to-node=\"15,1,0\"><b>Autentiskas deta\u013cas:<\/b> Klasisk\u0101 tum\u0161i zil\u0101 un balt\u0101 kr\u0101su gamm\u0101, ko papildina zelta kr\u0101sas j\u016bras tematikas iz\u0161uvumi un ar rok\u0101m p\u012bta dekorat\u012bva aukla p\u0101ri vizierim, radot \u012bsta kaptei\u0146a izskatu.<\/p>\n<\/li>\n<li>\n<p data-path-to-node=\"15,2,0\"><b>Pastiprin\u0101ta konstrukcija:<\/b> Iek\u0161\u0113j\u0101 odere un pastiprin\u0101t\u0101 mala saglab\u0101 cepures ikonisko formu, nodro\u0161inot iztur\u012bbu un profesion\u0101lu izskatu.<\/p>\n<\/li>\n<li>\n<p data-path-to-node=\"15,3,0\"><b>Piln\u012bga piel\u0101go\u0161ana:<\/b> M\u0113s pied\u0101v\u0101jam pla\u0161as z\u012bmola veido\u0161anas iesp\u0113jas, tostarp augstas kvalit\u0101tes iz\u0161uvumus vai apdruku uz priek\u0161\u0113j\u0101 pane\u013ca (piem\u0113ram, teksts \u201cCaptain\u201d vai j\u016bsu uz\u0146\u0113muma logotips), piel\u0101gotas kr\u0101su kombin\u0101cijas un austas eti\u0137etes.<\/p>\n<\/li>\n<\/ul>\n<h2 data-path-to-node=\"16\">Specifik\u0101cijas<\/h2>\n<ul data-path-to-node=\"17\">\n<li>\n<p data-path-to-node=\"17,0,0\"><b>Materi\u0101ls:<\/b> 100% Kokvilnas audums ar poliestera oderes elementiem.<\/p>\n<\/li>\n<li>\n<p data-path-to-node=\"17,1,0\"><b>Svars:<\/b> Aptuveni 76 g (viegls un \u0113rts).<\/p>\n<\/li>\n<li>\n<p data-path-to-node=\"17,2,0\"><b>Standarta izm\u0113rs:<\/b> 54 cm (univers\u0101ls piegriezums pieaugu\u0161ajiem\/jaunie\u0161iem) \u2013 p\u0113c piepras\u012bjuma pieejams individu\u0101ls izm\u0113rs.<\/p>\n<\/li>\n<li>\n<p data-path-to-node=\"17,3,0\"><b>Kr\u0101sas:<\/b> Klasiski tum\u0161i zili\/balti (vairuma pas\u016bt\u012bjumiem pieejama piel\u0101gota Pantone saska\u0146o\u0161ana).<\/p>\n<\/li>\n<li>\n<p data-path-to-node=\"17,4,0\"><b>Z\u012bmola veido\u0161anas metode:<\/b> Iz\u0161\u016b\u0161ana (ieteicams, lai ieg\u016btu augst\u0101k\u0101s kvalit\u0101tes saj\u016btu) vai p\u0101rneses druka.<\/p>\n<\/li>\n<li>\n<p data-path-to-node=\"17,5,0\"><b>Apr\u016bpe:<\/b> Mazg\u0101t ar rok\u0101m, izmantojot aukstu \u016bdeni un maigu mazg\u0101\u0161anas l\u012bdzekli.<\/p>\n<\/li>\n<\/ul>\n<h2 data-path-to-node=\"18\">Lieto\u0161anas gad\u012bjumi<\/h2>\n<ul data-path-to-node=\"19\">\n<li>\n<p data-path-to-node=\"19,0,0\"><b>Ce\u013cojumu un pr\u0101mju l\u012bnijas:<\/b> Lieliski piem\u0113rots k\u0101 ekskluz\u012bvas preces veikaliem uz kl\u0101ja (beznodok\u013cu preces).<\/p>\n<\/li>\n<li>\n<p data-path-to-node=\"19,1,0\"><b>Korporat\u012bvie pas\u0101kumi:<\/b> Tematiskas vasaras dienas, produktu prezent\u0101cijas vai komandas salied\u0113\u0161anas pas\u0101kumi.<\/p>\n<\/li>\n<li>\n<p data-path-to-node=\"19,2,0\"><b>Festiv\u0101li un ball\u012btes:<\/b> \u013boti piepras\u012bts aksesu\u0101rs j\u016bras festiv\u0101liem vai kost\u012bmu ball\u012bt\u0113m.<\/p>\n<\/li>\n<li>\n<p data-path-to-node=\"19,3,0\"><b>Rekl\u0101mas d\u0101vanas:<\/b> Unik\u0101la, valk\u0101jama d\u0101vana VIP partneriem lo\u0123istikas vai ku\u0123niec\u012bbas nozar\u0113.<\/p>\n<\/li>\n<\/ul>","protected":false},"excerpt":{"rendered":"<ul>\n<li>\n<p data-path-to-node=\"11,0,0\"><b>Materi\u0101ls:<\/b> 100% kokvilna elpojam\u012bbai un komfortam.<\/p>\n<\/li>\n<li>\n<p data-path-to-node=\"11,1,0\"><b>Dizains:<\/b> Klasisks tum\u0161i zils\/balts stils ar zelta iz\u0161uvumiem un p\u012bt\u0101m aukli\u0146\u0101m.<\/p>\n<\/li>\n<li>\n<p data-path-to-node=\"11,2,0\"><b>Piel\u0101go\u0161ana:<\/b> Piln\u012bb\u0101 z\u012bmol\u0113jams ar j\u016bsu logotipu priek\u0161\u0113j\u0101 panel\u012b.<\/p>\n<\/li>\n<li>\n<p data-path-to-node=\"11,3,0\"><b>Pielietojums:<\/b> Ide\u0101li piem\u0113rota j\u016bras pas\u0101kumiem, pr\u0101mju l\u012bnij\u0101m un suven\u012bru veikaliem.<\/p>\n<\/li>\n<\/ul>","protected":false},"featured_media":6049,"comment_status":"closed","ping_status":"closed","template":"","meta":[],"product_brand":[],"product_cat":[130],"product_tag":[],"class_list":{"0":"post-6048","1":"product","2":"type-product","3":"status-publish","4":"has-post-thumbnail","6":"product_cat-custom-headwear","8":"first","9":"instock","10":"downloadable","11":"shipping-taxable","12":"purchasable","13":"product-type-simple"},"_links":{"self":[{"href":"https:\/\/displayproducts.eu\/lv\/wp-json\/wp\/v2\/product\/6048","targetHints":{"allow":["GET"]}}],"collection":[{"href":"https:\/\/displayproducts.eu\/lv\/wp-json\/wp\/v2\/product"}],"about":[{"href":"https:\/\/displayproducts.eu\/lv\/wp-json\/wp\/v2\/types\/product"}],"replies":[{"embeddable":true,"href":"https:\/\/displayproducts.eu\/lv\/wp-json\/wp\/v2\/comments?post=6048"}],"wp:featuredmedia":[{"embeddable":true,"href":"https:\/\/displayproducts.eu\/lv\/wp-json\/wp\/v2\/media\/6049"}],"wp:attachment":[{"href":"https:\/\/displayproducts.eu\/lv\/wp-json\/wp\/v2\/media?parent=6048"}],"wp:term":[{"taxonomy":"product_brand","embeddable":true,"href":"https:\/\/displayproducts.eu\/lv\/wp-json\/wp\/v2\/product_brand?post=6048"},{"taxonomy":"product_cat","embeddable":true,"href":"https:\/\/displayproducts.eu\/lv\/wp-json\/wp\/v2\/product_cat?post=6048"},{"taxonomy":"product_tag","embeddable":true,"href":"https:\/\/displayproducts.eu\/lv\/wp-json\/wp\/v2\/product_tag?post=6048"}],"curies":[{"name":"wp","href":"https:\/\/api.w.org\/{rel}","templated":true}]}}