{"id":5995,"date":"2025-12-16T16:28:57","date_gmt":"2025-12-16T13:28:57","guid":{"rendered":"https:\/\/wristbandfactory.eu\/?post_type=product&#038;p=5995"},"modified":"2026-04-01T21:52:03","modified_gmt":"2026-04-01T18:52:03","slug":"custom-printed-microfiber-cleaning-cloths-screens-glasses","status":"publish","type":"product","link":"https:\/\/displayproducts.eu\/lv\/p\/custom-printed-microfiber-cleaning-cloths-screens-glasses\/","title":{"rendered":"Mikro\u0161\u0137iedras lupati\u0146as ar logo"},"content":{"rendered":"<p data-path-to-node=\"9\">Nodro\u0161iniet, lai j\u016bsu z\u012bmols b\u016btu redzams katru reizi, kad klients t\u012bra brilles vai viedt\u0101lru\u0146a ekr\u0101nu. M\u016bsu <b>Piel\u0101gotas mikro\u0161\u0137iedras t\u012br\u012b\u0161anas lupati\u0146as<\/b> ir \u013coti praktiski, viegli un bud\u017eetam draudz\u012bgi rekl\u0101mas priek\u0161meti. At\u0161\u0137ir\u012bb\u0101 no pap\u012bra salvet\u0113m, \u0161\u012bs iztur\u012bg\u0101s salvetes tiek izmantotas atk\u0101rtoti, nodro\u0161inot ilgtermi\u0146a z\u012bmola atpaz\u012bstam\u012bbu.<\/p>\n<p data-path-to-node=\"10\">M\u0113s pied\u0101v\u0101jam pla\u0161u materi\u0101lu un izm\u0113ru kl\u0101stu, lai atbilstu j\u016bsu bud\u017eetam un ilgtsp\u0113j\u012bbas m\u0113r\u0137iem, s\u0101kot no izmaksu zi\u0146\u0101 efekt\u012bv\u0101m d\u0101van\u0101m l\u012bdz pat augst\u0101k\u0101s kvalit\u0101tes, biez\u0101m t\u012br\u012b\u0161anas dr\u0101n\u0101m, kas ra\u017eotas Eirop\u0101.<\/p>\n<h2 data-path-to-node=\"11\">Materi\u0101lu un ekolo\u0123iskas iesp\u0113jas<\/h2>\n<p data-path-to-node=\"12\">Izv\u0113lieties auduma biezumu, kas atbilst j\u016bsu vajadz\u012bb\u0101m:<\/p>\n<ul data-path-to-node=\"13\">\n<li>\n<p data-path-to-node=\"13,0,0\"><b>Standarta mikro\u0161\u0137iedra (170 g\/m\u00b2):<\/b> Viegls un izmaksu zi\u0146\u0101 efekt\u012bvs. Ide\u0101li piem\u0113rots liela m\u0113roga pasta kampa\u0146\u0101m un izdales materi\u0101liem tirdzniec\u012bbas izst\u0101d\u0113s.<\/p>\n<\/li>\n<li>\n<p data-path-to-node=\"13,1,0\"><b>Augst\u0101k\u0101s kvalit\u0101tes mikro\u0161\u0137iedra (200 g\/m\u00b2):<\/b> Biez\u0101ks, m\u012bkst\u0101ks un iztur\u012bg\u0101ks. Rok\u0101 j\u016btas iztur\u012bg\u0101ks \u2013 ide\u0101li piem\u0113rots augst\u0101k\u0101s kvalit\u0101tes korporat\u012bvaj\u0101m d\u0101van\u0101m.<\/p>\n<\/li>\n<li>\n<p data-path-to-node=\"13,2,0\"><b>Videi draudz\u012bgs rPET (170 g\/m\u00b2\/200 g\/m\u00b2):<\/b> Izgatavots no p\u0101rstr\u0101d\u0101t\u0101m plastmasas pudel\u0113m. Ilgtsp\u0113j\u012bga izv\u0113le, kas darbojas tikpat labi k\u0101 standarta mikro\u0161\u0137iedra, bet samazina ietekmi uz vidi.<\/p>\n<\/li>\n<\/ul>\n<h2 data-path-to-node=\"14\">Z\u012bmola veido\u0161anas metodes<\/h2>\n<ul data-path-to-node=\"15\">\n<li>\n<p data-path-to-node=\"15,0,0\"><b>Pilnkr\u0101su sublim\u0101cija:<\/b> M\u0113s druk\u0101jam j\u016bsu augstas iz\u0161\u0137irtsp\u0113jas fotoatt\u0113lu, logotipu vai rakstu pa visu auduma virsmu (no malas l\u012bdz malai).<\/p>\n<\/li>\n<li>\n<p data-path-to-node=\"15,1,0\"><b>Iespiests z\u012bmols:<\/b> J\u016bsu logotips tiek termiski iespiests audum\u0101, radot smalku, notur\u012bgu tekst\u016bru bez tintes. Izsmalcin\u0101ts izskats 200 g\/m\u00b2 un rPET audumiem.<\/p>\n<\/li>\n<\/ul>\n<h2 data-path-to-node=\"16\">Pieejamie izm\u0113ri<\/h2>\n<p data-path-to-node=\"17\">M\u0113s pied\u0101v\u0101jam da\u017e\u0101dus standarta izm\u0113rus, kas piem\u0113roti da\u017e\u0101d\u0101m ier\u012bc\u0113m:<\/p>\n<ul data-path-to-node=\"18\">\n<li>\n<p data-path-to-node=\"18,0,0\"><b>Kabatas izm\u0113rs:<\/b> 12 \u00d7 12 cm (ide\u0101li piem\u0113rots brill\u0113m)<\/p>\n<\/li>\n<li>\n<p data-path-to-node=\"18,1,0\"><b>Standarts:<\/b> 15 \u00d7 15 cm \/ 17 \u00d7 12 cm (lieliski piem\u0113rots t\u0101lru\u0146iem)<\/p>\n<\/li>\n<li>\n<p data-path-to-node=\"18,2,0\"><b>Liels:<\/b> 17 \u00d7 15 cm \/ 17 \u00d7 18 cm (ide\u0101li piem\u0113rots plan\u0161etdatoriem un kl\u0113pjdatoriem)<\/p>\n<\/li>\n<\/ul>\n<h2 data-path-to-node=\"19\">Specifik\u0101cijas<\/h2>\n<ul data-path-to-node=\"20\">\n<li>\n<p data-path-to-node=\"20,0,0\"><b>Minim\u0101lais pas\u016bt\u012bjuma daudzums (MOQ):<\/b><\/p>\n<ul data-path-to-node=\"20,0,1\">\n<li>\n<p data-path-to-node=\"20,0,1,0,0\">Standarta imports: <b>250 gab.<\/b><\/p>\n<\/li>\n<li>\n<p data-path-to-node=\"20,0,1,1,0\">Ra\u017eots ES: <b>100 gab.<\/b><\/p>\n<\/li>\n<\/ul>\n<\/li>\n<li>\n<p data-path-to-node=\"20,1,0\"><b>Iepakojums:<\/b> Iepakots vairum\u0101 vai atsevi\u0161\u0137i iepakots polietil\u0113na maisos (p\u0113c izv\u0113les).<\/p>\n<\/li>\n<li>\n<p data-path-to-node=\"20,2,0\"><b>Izcelsme:<\/b> Iesp\u0113ja import\u0113t no \u0100zijas (vislab\u0101k\u0101 cena) vai ra\u017eot no Eiropas (\u0101tr\u0101k\u0101 pieg\u0101de).<\/p>\n<\/li>\n<li>\n<p data-path-to-node=\"20,3,0\"><b>Lieto\u0161ana:<\/b> Bezpl\u016bksnu, neabraz\u012bvs t\u012br\u012b\u0161anas l\u012bdzeklis delik\u0101t\u0101m optiskaj\u0101m virsm\u0101m.<\/p>\n<\/li>\n<\/ul>\n<h2 data-path-to-node=\"21\">Lieto\u0161anas gad\u012bjumi<\/h2>\n<ul data-path-to-node=\"22\">\n<li>\n<p data-path-to-node=\"22,0,0\"><b>Tehnolo\u0123iju un IT uz\u0146\u0113mumi:<\/b> Nepiecie\u0161ams aksesu\u0101rs kl\u0113pjdatoriem un monitoriem.<\/p>\n<\/li>\n<li>\n<p data-path-to-node=\"22,1,0\"><b>Opti\u0137i un brilles:<\/b> Klasiska firmas d\u0101vana, kas pievienota katr\u0101m brill\u0113m.<\/p>\n<\/li>\n<li>\n<p data-path-to-node=\"22,2,0\"><b>Tie\u0161\u0101 pasta kampa\u0146as:<\/b> \u012apa\u0161i viegli un plakani, t\u0101p\u0113c tos ir l\u0113ti nos\u016bt\u012bt pa pastu vis\u0101 pasaul\u0113.<\/p>\n<\/li>\n<li>\n<p data-path-to-node=\"22,3,0\"><b>Pas\u0101kuma d\u0101vanu maisi\u0146i:<\/b> Noder\u012bga lieta, ko dal\u012bbnieki neizmet\u012bs.<\/p>\n<\/li>\n<\/ul>\n<p data-path-to-node=\"23\">","protected":false},"excerpt":{"rendered":"<ul>\n<li>\n<p data-path-to-node=\"8,0,0\"><b>Krist\u0101ldzidra t\u012br\u012b\u0161ana:<\/b> Lieliski piem\u0113rots viedt\u0101lru\u0146iem, plan\u0161etdatoriem, kl\u0113pjdatoriem un brill\u0113m.<\/p>\n<\/li>\n<li>\n<p data-path-to-node=\"8,1,0\"><b>Materi\u0101lu izv\u0113les:<\/b> Standarta 170 g\/m\u00b2\/200 g\/m\u00b2 vai videi draudz\u012bgs <b>rPET<\/b> (P\u0101rstr\u0101d\u0101tas pudeles).<\/p>\n<\/li>\n<li>\n<p data-path-to-node=\"8,2,0\"><b>Druk\u0101\u0161anas opcijas:<\/b> Spilgts <b>Pilnkr\u0101su<\/b> sublim\u0101cija vai smalka <b>Iespiests<\/b> z\u012bmola veido\u0161ana.<\/p>\n<\/li>\n<li>\n<p data-path-to-node=\"8,3,0\"><b>Eiropas produkcija:<\/b> Pieejamas \u0101tras pieg\u0101des iesp\u0113jas ar zemu minim\u0101lo pas\u016bt\u012bjumu (no 100 gab.).<\/p>\n<\/li>\n<\/ul>","protected":false},"featured_media":6333,"comment_status":"closed","ping_status":"closed","template":"","meta":[],"product_brand":[],"product_cat":[128],"product_tag":[],"class_list":{"0":"post-5995","1":"product","2":"type-product","3":"status-publish","4":"has-post-thumbnail","6":"product_cat-mobile-tech-accessories","8":"first","9":"instock","10":"shipping-taxable","11":"purchasable","12":"product-type-simple"},"_links":{"self":[{"href":"https:\/\/displayproducts.eu\/lv\/wp-json\/wp\/v2\/product\/5995","targetHints":{"allow":["GET"]}}],"collection":[{"href":"https:\/\/displayproducts.eu\/lv\/wp-json\/wp\/v2\/product"}],"about":[{"href":"https:\/\/displayproducts.eu\/lv\/wp-json\/wp\/v2\/types\/product"}],"replies":[{"embeddable":true,"href":"https:\/\/displayproducts.eu\/lv\/wp-json\/wp\/v2\/comments?post=5995"}],"wp:featuredmedia":[{"embeddable":true,"href":"https:\/\/displayproducts.eu\/lv\/wp-json\/wp\/v2\/media\/6333"}],"wp:attachment":[{"href":"https:\/\/displayproducts.eu\/lv\/wp-json\/wp\/v2\/media?parent=5995"}],"wp:term":[{"taxonomy":"product_brand","embeddable":true,"href":"https:\/\/displayproducts.eu\/lv\/wp-json\/wp\/v2\/product_brand?post=5995"},{"taxonomy":"product_cat","embeddable":true,"href":"https:\/\/displayproducts.eu\/lv\/wp-json\/wp\/v2\/product_cat?post=5995"},{"taxonomy":"product_tag","embeddable":true,"href":"https:\/\/displayproducts.eu\/lv\/wp-json\/wp\/v2\/product_tag?post=5995"}],"curies":[{"name":"wp","href":"https:\/\/api.w.org\/{rel}","templated":true}]}}