{"id":5985,"date":"2025-12-16T16:19:40","date_gmt":"2025-12-16T13:19:40","guid":{"rendered":"https:\/\/wristbandfactory.eu\/?post_type=product&#038;p=5985"},"modified":"2026-04-01T21:52:35","modified_gmt":"2026-04-01T18:52:35","slug":"custom-knitted-socks-with-logo-cotton-bamboo-merino-sports","status":"publish","type":"product","link":"https:\/\/displayproducts.eu\/lv\/p\/custom-knitted-socks-with-logo-cotton-bamboo-merino-sports\/","title":{"rendered":"Ad\u012btas ze\u0137es ar logo"},"content":{"rendered":"<p data-path-to-node=\"10\">P\u0101rv\u0113rtiet ikdienas nepiecie\u0161am\u0101s lietas par sava z\u012bmola popul\u0101r\u0101ko preci. M\u016bsu <b>Piel\u0101gotas ad\u012btas ze\u0137es<\/b> netiek vienk\u0101r\u0161i apdruk\u0101ti; tie tiek rad\u012bti no nulles, izmantojot \u017eakarda au\u0161anas tehnolo\u0123iju. Tas noz\u012bm\u0113, ka j\u016bsu logotips un dizains tiek iead\u012bti tie\u0161i audum\u0101, izmantojot l\u012bdz pat 5 da\u017e\u0101du kr\u0101su dzijas, nodro\u0161inot, ka dizains nekad nelob\u0101s un neizbal\u0113.<\/p>\n<p data-path-to-node=\"11\">Neatkar\u012bgi no t\u0101, vai jums nepiecie\u0161amas profesion\u0101las korporat\u012bv\u0101s d\u0101vanas, augstas veiktsp\u0113jas sporta invent\u0101rs vai videi draudz\u012bgas preces, m\u016bsu ra\u017eo\u0161anas iesp\u0113jas apmierina visas vajadz\u012bbas ar zemu minim\u0101lo daudzumu.<\/p>\n<h2 data-path-to-node=\"12\">Materi\u0101lu opcijas<\/h2>\n<p data-path-to-node=\"13\">M\u0113s pied\u0101v\u0101jam da\u017e\u0101dus materi\u0101lu mais\u012bjumus, kas piem\u0113roti j\u016bsu konkr\u0113tajam m\u0113r\u0137im:<\/p>\n<ul data-path-to-node=\"14\">\n<li>\n<p data-path-to-node=\"14,0,0\"><b>Klasisks kokvilnas mais\u012bjums:<\/b> Nozares standarts komfortam un iztur\u012bbai. Ide\u0101li piem\u0113rots ikdienas valk\u0101\u0161anai un d\u0101vanu izsnieg\u0161anai.<\/p>\n<ul data-path-to-node=\"14,0,1\">\n<li>\n<p data-path-to-node=\"14,0,1,0,0\"><i>Sast\u0101vs:<\/i> 68% kokvilna, 29% poliesters, 3% spandekss (standarta) vai 80% kokvilnas mais\u012bjumi ES ra\u017eo\u0161anai.<\/p>\n<\/li>\n<\/ul>\n<\/li>\n<li>\n<p data-path-to-node=\"14,1,0\"><b>Augst\u0101k\u0101s kvalit\u0101tes bambuss:<\/b> Ilgtsp\u0113j\u012bga, m\u012bkst\u0101ka izv\u0113le, kas ir dabiski hipoaler\u0123iska.<\/p>\n<ul data-path-to-node=\"14,1,1\">\n<li>\n<p data-path-to-node=\"14,1,1,0,0\"><i>Sast\u0101vs:<\/i> 65% bambuss, 25% kokvilna, 8% poliesters, 2% elast\u0101ns.<\/p>\n<\/li>\n<\/ul>\n<\/li>\n<li>\n<p data-path-to-node=\"14,2,0\"><b>Merino vilna (ziemai un p\u0101rg\u0101jieniem):<\/b> M\u012bksts, elpojo\u0161s un absorb\u0113 smakas. Lieliski piem\u0113rots gan \u0101ra aktivit\u0101t\u0113m, gan ziemas d\u0101van\u0101m.<\/p>\n<ul data-path-to-node=\"14,2,1\">\n<li>\n<p data-path-to-node=\"14,2,1,0,0\"><i>Sast\u0101vs:<\/i> 43% merino vilna, 25% poliam\u012bds, 29% akrils, 3% elast\u0101ns.<\/p>\n<\/li>\n<\/ul>\n<\/li>\n<li>\n<p data-path-to-node=\"14,3,0\"><b>Veiktsp\u0113jas sporta mais\u012bjums:<\/b> Augstas iztur\u012bbas mais\u012bjumi, kas paredz\u0113ti skrie\u0161anai un futbolam.<\/p>\n<ul data-path-to-node=\"14,3,1\">\n<li>\n<p data-path-to-node=\"14,3,1,0,0\"><i>Sast\u0101vs:<\/i> Poliam\u012bda\/kokvilnas\/elast\u0101na mais\u012bjumi ar sieta ventil\u0101ciju.<\/p>\n<\/li>\n<\/ul>\n<\/li>\n<\/ul>\n<h2 data-path-to-node=\"15\">Pieejamie stili un piegriezumi<\/h2>\n<p data-path-to-node=\"16\">J\u016bs varat pielietot savu dizainu jebkuram no \u0161iem griezumiem:<\/p>\n<ul data-path-to-node=\"17\">\n<li>\n<p data-path-to-node=\"17,0,0\"><b>Apkalpes ze\u0137es:<\/b> Klasisks garums l\u012bdz ikru vidum. Pieejams no visiem materi\u0101liem.<\/p>\n<\/li>\n<li>\n<p data-path-to-node=\"17,1,0\"><b>Pot\u012b\u0161u un neredzamas ze\u0137es:<\/b> Diskr\u0113ti un moderni piegriezumi, ide\u0101li piem\u0113roti vasarai vai sporta apaviem.<\/p>\n<\/li>\n<li>\n<p data-path-to-node=\"17,2,0\"><b>Sporta un tenisa ze\u0137es:<\/b> Funkcijas <b>360\u00b0 p\u0113das velves atbalsts<\/b> un papildu polster\u0113tas (pusfrot\u0113) zoles triecienu absorb\u0113\u0161anai.<\/p>\n<\/li>\n<li>\n<p data-path-to-node=\"17,3,0\"><b>Skrie\u0161anas ze\u0137es:<\/b> Uzlabots ad\u012bjums ar elpojo\u0161u sietu p\u0113das priek\u0161pus\u0113 un pik\u0113 ad\u012bjumu star\u0101.<\/p>\n<\/li>\n<li>\n<p data-path-to-node=\"17,4,0\"><b>Futbola ze\u0137es:<\/b> Garums p\u0101ri ikriem ar sietveida pane\u013ciem uz ikru un aug\u0161\u0113j\u0101s zoles.<\/p>\n<\/li>\n<li>\n<p data-path-to-node=\"17,5,0\"><b>Joga un pretsl\u012bdes p\u0101rkl\u0101jums:<\/b> Zolei ir silikona pretsl\u012bdes p\u0101rkl\u0101jums p\u0113c j\u016bsu izv\u0113l\u0113t\u0101 raksta. Pieejams ar pilnu vai bez purngalu mal\u0101m.<\/p>\n<\/li>\n<\/ul>\n<h2 data-path-to-node=\"18\">Specifik\u0101cijas<\/h2>\n<ul data-path-to-node=\"19\">\n<li>\n<p data-path-to-node=\"19,0,0\"><b>Ad\u012b\u0161anas tehnolo\u0123ija:<\/b> \u017dakards (audum\u0101 ieausts dizains).<\/p>\n<\/li>\n<li>\n<p data-path-to-node=\"19,1,0\"><b>Kr\u0101sas:<\/b> L\u012bdz 5 kr\u0101s\u0101m katr\u0101 dizain\u0101.<\/p>\n<\/li>\n<li>\n<p data-path-to-node=\"19,2,0\"><b>Minim\u0101lais pas\u016bt\u012bjuma daudzums (MOQ):<\/b> S\u0101kas no <b>25 p\u0101ri<\/b> atsevi\u0161\u0137iem sporta mode\u013ciem un <b>50 p\u0101ri<\/b> standarta dizainiem.<\/p>\n<\/li>\n<li>\n<p data-path-to-node=\"19,3,0\"><b>Izm\u0113ri:<\/b> Pieejami viena izm\u0113ra vai noteikti izm\u0113ru diapazoni.<\/p>\n<\/li>\n<li>\n<p data-path-to-node=\"19,4,0\"><b>Iepakojums:<\/b> Papildus pieejamas piel\u0101gotas pilnkr\u0101su pap\u012bra birkas. <i>Piez\u012bme: Vair\u0101kiem izm\u0113riem ar vien\u0101du birkas dizainu izmaksu samazin\u0101\u0161anai tiek izmantotas izm\u0113ru uzl\u012bmes.<\/i><\/p>\n<\/li>\n<li>\n<p data-path-to-node=\"19,5,0\"><b>Dizaina piez\u012bme:<\/b> Kreis\u0101s un lab\u0101s ze\u0137es var b\u016bt ar at\u0161\u0137ir\u012bgu dizainu (tiek piem\u0113rota papildu maksa). Logotipi abu k\u0101ju \u0101rpus\u0113 orient\u0101cijas d\u0113\u013c tiek uzskat\u012bti par atsevi\u0161\u0137iem dizainiem.<\/p>\n<\/li>\n<\/ul>\n<h2 data-path-to-node=\"20\">Lieto\u0161anas gad\u012bjumi<\/h2>\n<ul data-path-to-node=\"21\">\n<li>\n<p data-path-to-node=\"21,0,0\"><b>Korporat\u012bv\u0101s rekl\u0101mas:<\/b> Jautras un praktiskas biroja d\u0101vanas, ko darbinieki patie\u0161\u0101m valk\u0101.<\/p>\n<\/li>\n<li>\n<p data-path-to-node=\"21,1,0\"><b>Sporta komandas:<\/b> Piel\u0101gotas futbola, basketbola un skrie\u0161anas ze\u0137es komandu kr\u0101s\u0101s.<\/p>\n<\/li>\n<li>\n<p data-path-to-node=\"21,2,0\"><b>Mazumtirdzniec\u012bba un preces:<\/b> Augstas kvalit\u0101tes t\u0101l\u0101kp\u0101rdo\u0161anas preces grup\u0101m, influenceriem un ap\u0123\u0113rbu z\u012bmoliem.<\/p>\n<\/li>\n<li>\n<p data-path-to-node=\"21,3,0\"><b>Labsaj\u016btas studijas:<\/b> Firmas nesl\u012bdo\u0161as ze\u0137es jogas un pilates nodarb\u012bb\u0101m.<\/p>\n<\/li>\n<\/ul>\n<p data-path-to-node=\"22\">","protected":false},"excerpt":{"rendered":"<ul>\n<li>\n<p data-path-to-node=\"9,0,0\"><b>\u017dakarda ad\u012b\u0161ana:<\/b> J\u016bsu dizains tiek ieausts tie\u0161i audum\u0101 (l\u012bdz 5 kr\u0101s\u0101m), lai nodro\u0161in\u0101tu iztur\u012bbu un izcilu izskatu.<\/p>\n<\/li>\n<li>\n<p data-path-to-node=\"9,1,0\"><b>Materi\u0101la izv\u0113le:<\/b> Pieejams standarta kokvilnas, videi draudz\u012bgas bambusa vai siltas merino vilnas audum\u0101.<\/p>\n<\/li>\n<li>\n<p data-path-to-node=\"9,2,0\"><b>Daudzpus\u012bgi stili:<\/b> Apkalpes, pot\u012btes, neiera\u0161an\u0101s, sporta (p\u0113das velves atbalsts) un pretsl\u012bdes jogas iesp\u0113jas.<\/p>\n<\/li>\n<li>\n<p data-path-to-node=\"9,3,0\"><b>Piel\u0101gotas atz\u012bmes:<\/b> Papildus pieejamas pilnkr\u0101su pap\u012bra birkas vai uzl\u012bmes mazumtirdzniec\u012bbai gatavam iepakojumam.<\/p>\n<\/li>\n<\/ul>","protected":false},"featured_media":6670,"comment_status":"closed","ping_status":"closed","template":"","meta":[],"product_brand":[],"product_cat":[129],"product_tag":[],"class_list":{"0":"post-5985","1":"product","2":"type-product","3":"status-publish","4":"has-post-thumbnail","6":"product_cat-leisure-lifestyle","8":"first","9":"instock","10":"shipping-taxable","11":"product-type-simple"},"_links":{"self":[{"href":"https:\/\/displayproducts.eu\/lv\/wp-json\/wp\/v2\/product\/5985","targetHints":{"allow":["GET"]}}],"collection":[{"href":"https:\/\/displayproducts.eu\/lv\/wp-json\/wp\/v2\/product"}],"about":[{"href":"https:\/\/displayproducts.eu\/lv\/wp-json\/wp\/v2\/types\/product"}],"replies":[{"embeddable":true,"href":"https:\/\/displayproducts.eu\/lv\/wp-json\/wp\/v2\/comments?post=5985"}],"wp:featuredmedia":[{"embeddable":true,"href":"https:\/\/displayproducts.eu\/lv\/wp-json\/wp\/v2\/media\/6670"}],"wp:attachment":[{"href":"https:\/\/displayproducts.eu\/lv\/wp-json\/wp\/v2\/media?parent=5985"}],"wp:term":[{"taxonomy":"product_brand","embeddable":true,"href":"https:\/\/displayproducts.eu\/lv\/wp-json\/wp\/v2\/product_brand?post=5985"},{"taxonomy":"product_cat","embeddable":true,"href":"https:\/\/displayproducts.eu\/lv\/wp-json\/wp\/v2\/product_cat?post=5985"},{"taxonomy":"product_tag","embeddable":true,"href":"https:\/\/displayproducts.eu\/lv\/wp-json\/wp\/v2\/product_tag?post=5985"}],"curies":[{"name":"wp","href":"https:\/\/api.w.org\/{rel}","templated":true}]}}