{"id":5968,"date":"2025-12-16T15:35:54","date_gmt":"2025-12-16T12:35:54","guid":{"rendered":"https:\/\/wristbandfactory.eu\/?post_type=product&#038;p=5968"},"modified":"2026-04-01T21:52:03","modified_gmt":"2026-04-01T18:52:03","slug":"custom-knitted-beanies-winter-hats-acrylic-rpet-jacquard","status":"publish","type":"product","link":"https:\/\/displayproducts.eu\/lv\/p\/custom-knitted-beanies-winter-hats-acrylic-rpet-jacquard\/","title":{"rendered":"P\u0113c pas\u016bt\u012bjuma ad\u012btas cepures un ziemas cepures (akrils, rPET, \u017eakards)"},"content":{"rendered":"<p data-path-to-node=\"11\">Sasildiet savu z\u012bmolu ar m\u016bsu premium klases produktiem <b>Piel\u0101gotas ad\u012btas cepures<\/b>. \u0160ie ir vislab\u0101kie aukst\u0101 laika rekl\u0101mas priek\u0161meti, kas ir ide\u0101li piem\u0113roti korporat\u012bvaj\u0101m d\u0101van\u0101m, sporta komand\u0101m un mazumtirdzniec\u012bbas prec\u0113m. At\u0161\u0137ir\u012bb\u0101 no standarta druk\u0101tiem izstr\u0101d\u0101jumiem, m\u016bsu ziemas cepures pied\u0101v\u0101 augstu uztveramo v\u0113rt\u012bbu, pateicoties tekst\u016brai un siltumam. Neatkar\u012bgi no t\u0101, vai jums ir nepiecie\u0161ama klasiska cepure ar aproci un iz\u0161\u016btu logotipu vai piln\u012bb\u0101 piel\u0101gota \u201c\u017eakarda\u201d ad\u012bjuma cepure, kur j\u016bsu dizains ir ieausts tie\u0161i audum\u0101, m\u0113s pied\u0101v\u0101jam mazumtirdzniec\u012bbas kvalit\u0101tes galvassegas, kuras cilv\u0113ki patie\u0161\u0101m v\u0113las valk\u0101t.<\/p>\n<h2 data-path-to-node=\"12\">Galven\u0101s iez\u012bmes<\/h2>\n<ul data-path-to-node=\"13\">\n<li>\n<p data-path-to-node=\"13,0,0\"><b>Milz\u012bga da\u017e\u0101d\u012bba:<\/b> Izv\u0113lieties klasiskas cepures ar aproc\u0113m, modernas zvejnieka stila cepures (zema profila), piegu\u013co\u0161as piegriezuma cepures vai augst\u0101k\u0101s kvalit\u0101tes ad\u012bjumus ar kabe\u013ctelev\u012bziju.<\/p>\n<\/li>\n<li>\n<p data-path-to-node=\"13,1,0\"><b>Videi draudz\u012bgas iesp\u0113jas:<\/b> Piel\u0101gojieties ilgtsp\u0113j\u012bbas m\u0113r\u0137iem, izv\u0113loties sertific\u0113tu rPET (p\u0101rstr\u0101d\u0101tas plastmasas) materi\u0101lu standarta akrila viet\u0101.<\/p>\n<\/li>\n<li>\n<p data-path-to-node=\"13,2,0\"><b>\u017dakarda au\u0161anas tehnolo\u0123ija:<\/b> Sare\u017e\u0123\u012btiem rakstiem vai lieliem z\u012bmola att\u0113liem m\u0113s iead\u0101m j\u016bsu dizainu tie\u0161i cepures strukt\u016br\u0101, izmantojot l\u012bdz pat 4 kr\u0101s\u0101m (viengabalains izskats).<\/p>\n<\/li>\n<li>\n<p data-path-to-node=\"13,3,0\"><b>Augst\u0101k\u0101s kvalit\u0101tes apdare:<\/b> Pieejams ar \u201cShu velveteen\u201d vai fl\u012bsa oderi papildu izol\u0101cijai ekstrem\u0101l\u0101 aukstum\u0101.<\/p>\n<\/li>\n<li>\n<p data-path-to-node=\"13,4,0\"><b>Dro\u0161\u012bbas iesp\u0113jas:<\/b> Var ieaust ar atstarojo\u0161iem diegiem vai sv\u012btr\u0101m, lai nodro\u0161in\u0101tu labu redzam\u012bbu ziemas nakt\u012bs.<\/p>\n<\/li>\n<\/ul>\n<h2 data-path-to-node=\"14\">Specifik\u0101cijas<\/h2>\n<ul data-path-to-node=\"15\">\n<li>\n<p data-path-to-node=\"15,0,0\"><b>Materi\u0101ls:<\/b> 100% akrils, 100% rPET vai Polylana\u00ae mais\u012bjumi.<\/p>\n<\/li>\n<li>\n<p data-path-to-node=\"15,1,0\"><b>Izm\u0113rs:<\/b> Viens izm\u0113rs der liel\u0101kajai da\u013cai (elast\u012bgs ad\u012bjums).<\/p>\n<\/li>\n<li>\n<p data-path-to-node=\"15,2,0\"><b>Z\u012bmola veido\u0161anas metodes:<\/b><\/p>\n<ul data-path-to-node=\"15,2,1\">\n<li>\n<p data-path-to-node=\"15,2,1,0,0\"><b>Iz\u0161\u016b\u0161ana:<\/b> Plakans vai 3D uzp\u016bsts (vislab\u0101k piem\u0113rots vienkr\u0101sainiem logotipiem uz cepur\u0113m ar aproc\u0113m).<\/p>\n<\/li>\n<li>\n<p data-path-to-node=\"15,2,1,1,0\"><b>\u017dakards:<\/b> Dizains, kas iead\u012bts audum\u0101 (vislab\u0101k piem\u0113rots rakstiem\/lielam tekstam).<\/p>\n<\/li>\n<li>\n<p data-path-to-node=\"15,2,1,2,0\"><b>Austs iel\u0101ps:<\/b> Retro stils, pie\u0161\u016bts uz aproces.<\/p>\n<\/li>\n<\/ul>\n<\/li>\n<li>\n<p data-path-to-node=\"15,3,0\"><b>Sl\u0101\u0146i:<\/b> Viensl\u0101\u0146ains (viegls), divsl\u0101\u0146u (standarta) vai ar fl\u012bsa oderi (iztur\u012bgs).<\/p>\n<\/li>\n<li>\n<p data-path-to-node=\"15,4,0\"><b>Minim\u0101lais pas\u016bt\u012bjuma daudzums (MOQ):<\/b> 100 vien\u012bbas.<\/p>\n<\/li>\n<\/ul>\n<h2 data-path-to-node=\"16\">Lieto\u0161anas gad\u012bjumi<\/h2>\n<ul data-path-to-node=\"17\">\n<li>\n<p data-path-to-node=\"17,0,0\"><b>Korporat\u012bv\u0101s d\u0101vanas:<\/b> Augstas kvalit\u0101tes ziemas d\u0101vanas darbiniekiem un galvenajiem klientiem.<\/p>\n<\/li>\n<li>\n<p data-path-to-node=\"17,1,0\"><b>Sporta klubi:<\/b> Nepiecie\u0161ams komandas ap\u0123\u0113rbs faniem un sp\u0113l\u0113t\u0101jiem ziemas treni\u0146u laik\u0101.<\/p>\n<\/li>\n<li>\n<p data-path-to-node=\"17,2,0\"><b>\u0100ra pas\u0101kumi:<\/b> Turiet pas\u0101kuma darbiniekus un festiv\u0101la apmekl\u0113t\u0101jus siltus un redzamus.<\/p>\n<\/li>\n<li>\n<p data-path-to-node=\"17,3,0\"><b>Mazumtirdzniec\u012bbas preces:<\/b> Augstas pe\u013c\u0146as z\u012bmolu preces grup\u0101m, alus dar\u012btav\u0101m un modes z\u012bmoliem.<\/p>\n<\/li>\n<\/ul>","protected":false},"excerpt":{"rendered":"<ul data-path-to-node=\"9\">\n<li>\n<p data-path-to-node=\"9,0,0\"><b>Milz\u012bga da\u017e\u0101d\u012bba:<\/b> No klasisk\u0101m cepur\u0113m ar aproc\u0113m un moderniem zvejnieku mode\u013ciem l\u012bdz augst\u0101k\u0101s kvalit\u0101tes ad\u012bjumiem ar kabeli.<\/p>\n<\/li>\n<li>\n<p data-path-to-node=\"9,1,0\"><b>Videi draudz\u012bgas iesp\u0113jas:<\/b> Daudzi mode\u013ci pieejami no sertific\u0113ta rPET (p\u0101rstr\u0101d\u0101tas plastmasas) materi\u0101la.<\/p>\n<\/li>\n<li>\n<p data-path-to-node=\"9,2,0\"><b>Piel\u0101gots z\u012bmols:<\/b> Izv\u0113lieties starp iz\u0161\u016btiem logotipiem vai piln\u012bb\u0101 austiem \u201c\u017eakarda\u201d rakstiem (2\u20134 kr\u0101sas).<\/p>\n<\/li>\n<li>\n<p data-path-to-node=\"9,3,0\"><b>Gatavs ziemai:<\/b> Iesp\u0113jas ietver fl\u012bsa oderi, atstarojo\u0161us diegus un termiskus divsl\u0101\u0146u ad\u012bjumus.<\/p>\n<\/li>\n<\/ul>","protected":false},"featured_media":6355,"comment_status":"closed","ping_status":"closed","template":"","meta":[],"product_brand":[],"product_cat":[45],"product_tag":[],"class_list":{"0":"post-5968","1":"product","2":"type-product","3":"status-publish","4":"has-post-thumbnail","6":"product_cat-other","8":"first","9":"instock","10":"shipping-taxable","11":"purchasable","12":"product-type-simple"},"_links":{"self":[{"href":"https:\/\/displayproducts.eu\/lv\/wp-json\/wp\/v2\/product\/5968","targetHints":{"allow":["GET"]}}],"collection":[{"href":"https:\/\/displayproducts.eu\/lv\/wp-json\/wp\/v2\/product"}],"about":[{"href":"https:\/\/displayproducts.eu\/lv\/wp-json\/wp\/v2\/types\/product"}],"replies":[{"embeddable":true,"href":"https:\/\/displayproducts.eu\/lv\/wp-json\/wp\/v2\/comments?post=5968"}],"wp:featuredmedia":[{"embeddable":true,"href":"https:\/\/displayproducts.eu\/lv\/wp-json\/wp\/v2\/media\/6355"}],"wp:attachment":[{"href":"https:\/\/displayproducts.eu\/lv\/wp-json\/wp\/v2\/media?parent=5968"}],"wp:term":[{"taxonomy":"product_brand","embeddable":true,"href":"https:\/\/displayproducts.eu\/lv\/wp-json\/wp\/v2\/product_brand?post=5968"},{"taxonomy":"product_cat","embeddable":true,"href":"https:\/\/displayproducts.eu\/lv\/wp-json\/wp\/v2\/product_cat?post=5968"},{"taxonomy":"product_tag","embeddable":true,"href":"https:\/\/displayproducts.eu\/lv\/wp-json\/wp\/v2\/product_tag?post=5968"}],"curies":[{"name":"wp","href":"https:\/\/api.w.org\/{rel}","templated":true}]}}