{"id":5963,"date":"2025-12-16T15:28:54","date_gmt":"2025-12-16T12:28:54","guid":{"rendered":"https:\/\/wristbandfactory.eu\/?post_type=product&#038;p=5963"},"modified":"2026-04-01T21:52:35","modified_gmt":"2026-04-01T18:52:35","slug":"custom-printed-bucket-hats-polyester-reversible-corduroy","status":"publish","type":"product","link":"https:\/\/displayproducts.eu\/lv\/p\/custom-printed-bucket-hats-polyester-reversible-corduroy\/","title":{"rendered":"Apdruk\u0101tas zvejnieku cepures"},"content":{"rendered":"<p data-path-to-node=\"11\"><b>Ikoniskas galvassegas maksim\u0101lai z\u012bmola atpaz\u012bstam\u012bbai<\/b> M\u016bsu <b>Piel\u0101gotas druk\u0101tas kausu cepures<\/b> ir lab\u0101kais vasaras aksesu\u0101rs festiv\u0101liem, pas\u0101kumiem br\u012bv\u0101 dab\u0101 un korporat\u012bvo pre\u010du kolekcij\u0101m. Neatkar\u012bgi no t\u0101, vai jums nepiecie\u0161ama izdev\u012bga d\u0101vana vai augstas kvalit\u0101tes mazumtirdzniec\u012bbas prece, m\u016bsu kl\u0101sts aptver visas vajadz\u012bbas ar spilgtu pilnkr\u0101su apdruku un augst\u0101k\u0101s kvalit\u0101tes auduma iesp\u0113j\u0101m.<\/p>\n<p data-path-to-node=\"12\"><b>Pieejamie mode\u013ci un stili<\/b><\/p>\n<ul data-path-to-node=\"13\">\n<li>\n<p data-path-to-node=\"13,0,0\"><b>Standarta pilnkr\u0101su (poliesters)<\/b><\/p>\n<ul data-path-to-node=\"13,0,1\">\n<li>\n<p data-path-to-node=\"13,0,1,0,0\"><b>Viegls svars:<\/b> 150 g\/m\u00b2 poliesters. Lieliski piem\u0113rots karst\u0101m vasaras dien\u0101m un masveida akcij\u0101m.<\/p>\n<\/li>\n<li>\n<p data-path-to-node=\"13,0,1,1,0\"><b>Smagsvars:<\/b>\u00a0260 g\/m\u00b2 poliesters. Iztur\u012bg\u0101ka, struktur\u0113t\u0101ka saj\u016bta augst\u0101kai uztvertajai v\u0113rt\u012bbai.<\/p>\n<\/li>\n<li>\n<p data-path-to-node=\"13,0,1,2,0\"><b>S\u012bk\u0101ka inform\u0101cija:<\/b> Apdruk\u0101ts \u0101rpus\u0113 un iek\u0161\u0113j\u0101 mal\u0101. Komplekt\u0101 iek\u013cauta melna sviedru lente.<\/p>\n<\/li>\n<\/ul>\n<\/li>\n<li>\n<p data-path-to-node=\"13,1,0\"><b>Apgrie\u017eamas \u201c2 vien\u0101\u201d cepures<\/b><\/p>\n<ul data-path-to-node=\"13,1,1\">\n<li>\n<p data-path-to-node=\"13,1,1,0,0\"><b>(150 g\/m\u00b2) un (260 g\/m\u00b2):<\/b> Divk\u0101r\u0161ojiet z\u012bmola ietekmi! \u0160\u012bs cepures ir piln\u012bb\u0101 apgrie\u017eamas, \u013caujot izveidot divus piln\u012bgi at\u0161\u0137ir\u012bgus dizainus iek\u0161pus\u0113 un \u0101rpus\u0113. Vienk\u0101r\u0161i apgrieziet cepuri uz otru pusi, lai atkl\u0101tu jaunu izskatu.<\/p>\n<\/li>\n<\/ul>\n<\/li>\n<li>\n<p data-path-to-node=\"13,2,0\"><b>Augst\u0101k\u0101s kvalit\u0101tes tekst\u016bra (velvets)<\/b><\/p>\n<ul data-path-to-node=\"13,2,1\">\n<li>\n<p data-path-to-node=\"13,2,1,0,0\"><b>Klasiskais kordurojs:<\/b> 210 g\/m\u00b2 audums ar izteiktu rievotu tekst\u016bru. Vid\u0113js profils.<\/p>\n<\/li>\n<li>\n<p data-path-to-node=\"13,2,1,1,0\"><b>Kokvilnas velvets:<\/b> 200 g\/m\u00b2 kokvilnas mais\u012bjums m\u012bkst\u0101kam, dabisk\u0101kam saj\u016btam.<\/p>\n<\/li>\n<li>\n<p data-path-to-node=\"13,2,1,2,0\"><b>Stils:<\/b> Retro iedvesmots izskats, kas lieliski piem\u0113rots moderniem z\u012bmoliem un ielas stilam.<\/p>\n<\/li>\n<\/ul>\n<\/li>\n<li>\n<p data-path-to-node=\"13,3,0\"><b>Specializ\u0113t\u0101s iesp\u0113jas<\/b><\/p>\n<ul data-path-to-node=\"13,3,1\">\n<li>\n<p data-path-to-node=\"13,3,1,0,0\"><b>Liela mala:<\/b> 200 g\/m\u00b2 poliesters ar pagarin\u0101tu malu papildu aizsardz\u012bbai pret sauli.<\/p>\n<\/li>\n<li>\n<p data-path-to-node=\"13,3,1,1,0\"><b>Iz\u0161\u016bta opcija:<\/b> 170 g\/m\u00b2 poliesters, \u012bpa\u0161i paredz\u0113ts iz\u0161\u016b\u0161anai vai punktdrukai.<\/p>\n<\/li>\n<\/ul>\n<\/li>\n<\/ul>\n<p data-path-to-node=\"14\"><b>Specifik\u0101cijas un izm\u0113ri<\/b><\/p>\n<ul data-path-to-node=\"15\">\n<li>\n<p data-path-to-node=\"15,0,0\"><b>Druk\u0101\u0161ana:<\/b> Pilnas virsmas CMYK sublim\u0101cija (poliestera mode\u013ci). \u013bauj veidot fotore\u0101listiskus dizainus un rakstus viscaur.<\/p>\n<\/li>\n<li>\n<p data-path-to-node=\"15,1,0\"><b>Izm\u0113ri:<\/b><\/p>\n<ul data-path-to-node=\"15,1,1\">\n<li>\n<p data-path-to-node=\"15,1,1,0,0\"><b>B\u0113rni:<\/b> 55 cm<\/p>\n<\/li>\n<li>\n<p data-path-to-node=\"15,1,1,1,0\"><b>Standarta pieaugu\u0161ais:<\/b> 58 cm (piem\u0113rots liel\u0101kajai da\u013cai sievie\u0161u un v\u012brie\u0161u)<\/p>\n<\/li>\n<li>\n<p data-path-to-node=\"15,1,1,2,0\"><b>Liels pieaugu\u0161ais:<\/b> 60 cm (br\u012bva piegriezuma)<\/p>\n<\/li>\n<\/ul>\n<\/li>\n<li>\n<p data-path-to-node=\"15,2,0\"><b>Ventil\u0101cija:<\/b> Pie\u0161\u016bt\u0101s, pieska\u0146ot\u0101s cilpi\u0146as (standarta poliestera mode\u013ciem) nodro\u0161ina elpojam\u012bbu siltos pas\u0101kumos.<\/p>\n<\/li>\n<li>\n<p data-path-to-node=\"15,3,0\"><b>Malas platums:<\/b> Standarta 5,5 cm vai 7,5 cm opcijas (atkar\u012bb\u0101 no mode\u013ca).<\/p>\n<\/li>\n<\/ul>\n<p data-path-to-node=\"16\"><b>Lieto\u0161anas gad\u012bjumi<\/b><\/p>\n<ul data-path-to-node=\"17\">\n<li>\n<p data-path-to-node=\"17,0,0\"><b>Festiv\u0101li un koncerti:<\/b> Augstas redzam\u012bbas preces, kuras faniem pat\u012bk valk\u0101t.<\/p>\n<\/li>\n<li>\n<p data-path-to-node=\"17,1,0\"><b>Sporta komandas:<\/b> Vienots atbalst\u012bt\u0101ju un kluba biedru mekl\u0113jums.<\/p>\n<\/li>\n<li>\n<p data-path-to-node=\"17,2,0\"><b>Studentu pas\u0101kumi:<\/b> Orient\u0101cijas dienas un universit\u0101tes suven\u012bri.<\/p>\n<\/li>\n<\/ul>","protected":false},"excerpt":{"rendered":"<ul>\n<li>\n<p data-path-to-node=\"9,0,0\"><b>Pla\u0161a izv\u0113le:<\/b> Izv\u0113lieties vieglu (150 g\/m\u00b2) vai smagu (260 g\/m\u00b2) poliesteru, divpus\u0113ju stilu vai modernu korduroju.<\/p>\n<\/li>\n<li>\n<p data-path-to-node=\"9,1,0\"><b>Piln\u012bga piel\u0101go\u0161ana:<\/b> CMYK sublim\u0101cijas druka no malas l\u012bdz malai neierobe\u017eotam kr\u0101su un rakstu skaitam.<\/p>\n<\/li>\n<li>\n<p data-path-to-node=\"9,2,0\"><b>Ide\u0101la piegul\u0113\u0161ana:<\/b> Pieejams izm\u0113ros b\u0113rniem (55 cm), pieaugu\u0161ajiem (58 cm) un lieliem (60 cm).<\/p>\n<\/li>\n<li>\n<p data-path-to-node=\"9,3,0\"><b>Daudzpus\u012bgs:<\/b> Ide\u0101li piem\u0113rots vasaras festiv\u0101liem, sporta prec\u0113m un ielu ap\u0123\u0113rbu z\u012bmoliem.<\/p>\n<\/li>\n<\/ul>","protected":false},"featured_media":6365,"comment_status":"closed","ping_status":"closed","template":"","meta":[],"product_brand":[],"product_cat":[130],"product_tag":[],"class_list":{"0":"post-5963","1":"product","2":"type-product","3":"status-publish","4":"has-post-thumbnail","6":"product_cat-custom-headwear","8":"first","9":"instock","10":"shipping-taxable","11":"purchasable","12":"product-type-simple"},"_links":{"self":[{"href":"https:\/\/displayproducts.eu\/lv\/wp-json\/wp\/v2\/product\/5963","targetHints":{"allow":["GET"]}}],"collection":[{"href":"https:\/\/displayproducts.eu\/lv\/wp-json\/wp\/v2\/product"}],"about":[{"href":"https:\/\/displayproducts.eu\/lv\/wp-json\/wp\/v2\/types\/product"}],"replies":[{"embeddable":true,"href":"https:\/\/displayproducts.eu\/lv\/wp-json\/wp\/v2\/comments?post=5963"}],"wp:featuredmedia":[{"embeddable":true,"href":"https:\/\/displayproducts.eu\/lv\/wp-json\/wp\/v2\/media\/6365"}],"wp:attachment":[{"href":"https:\/\/displayproducts.eu\/lv\/wp-json\/wp\/v2\/media?parent=5963"}],"wp:term":[{"taxonomy":"product_brand","embeddable":true,"href":"https:\/\/displayproducts.eu\/lv\/wp-json\/wp\/v2\/product_brand?post=5963"},{"taxonomy":"product_cat","embeddable":true,"href":"https:\/\/displayproducts.eu\/lv\/wp-json\/wp\/v2\/product_cat?post=5963"},{"taxonomy":"product_tag","embeddable":true,"href":"https:\/\/displayproducts.eu\/lv\/wp-json\/wp\/v2\/product_tag?post=5963"}],"curies":[{"name":"wp","href":"https:\/\/api.w.org\/{rel}","templated":true}]}}