{"id":5938,"date":"2025-12-16T15:04:12","date_gmt":"2025-12-16T12:04:12","guid":{"rendered":"https:\/\/wristbandfactory.eu\/?post_type=product&#038;p=5938"},"modified":"2026-04-01T21:52:35","modified_gmt":"2026-04-01T18:52:35","slug":"custom-printed-multifunctional-multiscarfs-tubular-bandanas","status":"publish","type":"product","link":"https:\/\/displayproducts.eu\/lv\/p\/custom-printed-multifunctional-multiscarfs-tubular-bandanas\/","title":{"rendered":"Multifunkcion\u0101l\u0101s kakla lentes"},"content":{"rendered":"<p data-path-to-node=\"7\">Atkl\u0101jiet maksim\u0101lu z\u012bmola atpaz\u012bstam\u012bbu ar m\u016bsu piel\u0101gotajiem apdruk\u0101tajiem daudzpus\u012bgajiem \u0161all\u0113m \u2014 vislab\u0101ko daudzfunkcion\u0101lo aksesu\u0101ru akt\u012bvam dz\u012bvesveidam. \u0160\u012bs bez\u0161uvju \u0161alles, kas paz\u012bstamas ar\u012b k\u0101 cauru\u013cveida bandanas vai kakla aizsargi, ir paredz\u0113tas komfortam un praktiskumam jebkuros laikapst\u0101k\u013cos. Neatkar\u012bgi no t\u0101, vai tas ir maratons, sl\u0113po\u0161anas k\u016brorts vai korporat\u012bva vasaras izbrauciens, j\u016bsu z\u012bmols vienm\u0113r b\u016bs uzman\u012bbas centr\u0101.<\/p>\n<p data-path-to-node=\"8\">M\u016bsu daudzfunkcion\u0101l\u0101s \u0161alles ir izgatavotas no augstas kvalit\u0101tes audumiem, kas piel\u0101goti j\u016bsu konkr\u0113tajai videi. S\u0101kot ar viegl\u0101m, elpojo\u0161\u0101m mikro\u0161\u0137iedr\u0101m un beidzot ar specializ\u0113tu mitruma novad\u012b\u0161anas tehnolo\u0123iju, m\u0113s nodro\u0161in\u0101m perfektu pamatu j\u016bsu organiz\u0101cijas identit\u0101tei.<\/p>\n<h2 data-path-to-node=\"9\">Galven\u0101s iez\u012bmes<\/h2>\n<ul data-path-to-node=\"10\">\n<li>\n<p data-path-to-node=\"10,0,0\"><b data-path-to-node=\"10,0,0\" data-index-in-node=\"0\">Augstas iz\u0161\u0137irtsp\u0113jas sublim\u0101cija:<\/b> M\u0113s izmantojam CMYK pilnkr\u0101su druku, kur tinte tiek iestr\u0101d\u0101ta tie\u0161i auduma \u0161\u0137iedr\u0101s, nodro\u0161inot, ka dizains neplais\u0101s, nelob\u012bsies un neizbal\u0113s.<\/p>\n<\/li>\n<li>\n<p data-path-to-node=\"10,1,0\"><b data-path-to-node=\"10,1,0\" data-index-in-node=\"0\">Bez\u0161uvju konstrukcija:<\/b> Cauru\u013cveida dizains ir izgatavots bez kairino\u0161\u0101m \u0161uv\u0113m, nodro\u0161inot maksim\u0101lu komfortu ikdienas valk\u0101\u0161anai un intens\u012bv\u0101m fizisk\u0101m aktivit\u0101t\u0113m.<\/p>\n<\/li>\n<li>\n<p data-path-to-node=\"10,2,0\"><b data-path-to-node=\"10,2,0\" data-index-in-node=\"0\">Izcila iztur\u012bba:<\/b> Piln\u012bb\u0101 mazg\u0101jams un atk\u0101rtoti lietojams, saglab\u0101jot formu un kr\u0101sas spilgtumu pat p\u0113c atk\u0101rtotas intens\u012bvas lieto\u0161anas.<\/p>\n<\/li>\n<li>\n<p data-path-to-node=\"10,3,0\"><b data-path-to-node=\"10,3,0\" data-index-in-node=\"0\">Aizsardz\u012bba visu sezonu:<\/b> Nodro\u0161ina aizsardz\u012bbu pret v\u0113ju, putek\u013ciem, aukstumu un UV stariem atkar\u012bb\u0101 no izv\u0113l\u0113t\u0101s materi\u0101la konfigur\u0101cijas.<\/p>\n<\/li>\n<\/ul>\n<h2 data-path-to-node=\"11\">Specifik\u0101cijas<\/h2>\n<ul data-path-to-node=\"12\">\n<li>\n<p data-path-to-node=\"12,0,0\"><b data-path-to-node=\"12,0,0\" data-index-in-node=\"0\">Materi\u0101li:<\/b> Standarta poliesters, p\u0101rstr\u0101d\u0101ts RPET audums, ziemas fl\u012bss, COOLMAX\u00ae (mitrumu novado\u0161s) vai likra (UPF50+).<\/p>\n<\/li>\n<li>\n<p data-path-to-node=\"12,1,0\"><b data-path-to-node=\"12,1,0\" data-index-in-node=\"0\">Izm\u0113rs:<\/b> Standarta pieaugu\u0161o izm\u0113rs (p\u0113c piepras\u012bjuma pieejami piel\u0101goti izm\u0113ri).<\/p>\n<\/li>\n<li>\n<p data-path-to-node=\"12,2,0\"><b data-path-to-node=\"12,2,0\" data-index-in-node=\"0\">Druk\u0101\u0161ana:<\/b> Pilnkr\u0101su sublim\u0101cija no malas l\u012bdz malai.<\/p>\n<\/li>\n<li>\n<p data-path-to-node=\"12,3,0\"><b data-path-to-node=\"12,3,0\" data-index-in-node=\"0\">Minim\u0101lais pas\u016bt\u012bjuma daudzums:<\/b> 100 vien\u012bbas.<\/p>\n<\/li>\n<li>\n<p data-path-to-node=\"12,4,0\"><b data-path-to-node=\"12,4,0\" data-index-in-node=\"0\">Apkope:<\/b> Mazg\u0101jams ve\u013cas ma\u0161\u012bn\u0101, \u0101tri \u017e\u016bsto\u0161s.<\/p>\n<\/li>\n<\/ul>\n<h2 data-path-to-node=\"13\">Lieto\u0161anas gad\u012bjumi<\/h2>\n<ul data-path-to-node=\"14\">\n<li>\n<p data-path-to-node=\"14,0,0\"><b data-path-to-node=\"14,0,0\" data-index-in-node=\"0\">Sports un fitness:<\/b> Nepiecie\u0161ams apr\u012bkojums skrie\u0161anas klubiem, rite\u0146brauk\u0161anas komand\u0101m un sporta z\u0101les prec\u0113m.<\/p>\n<\/li>\n<li>\n<p data-path-to-node=\"14,1,0\"><b data-path-to-node=\"14,1,0\" data-index-in-node=\"0\">\u0100ra pas\u0101kumi un festiv\u0101li:<\/b> Praktiskas un stil\u012bgas d\u0101vanas koncertiem, p\u0101rg\u0101jienu grup\u0101m un br\u012bvdabas festiv\u0101liem.<\/p>\n<\/li>\n<li>\n<p data-path-to-node=\"14,2,0\"><b data-path-to-node=\"14,2,0\" data-index-in-node=\"0\">Korporat\u012bv\u0101 soci\u0101l\u0101 atbild\u012bba:<\/b> Izv\u0113lieties m\u016bsu RPET materi\u0101la variantu ilgtsp\u0113j\u012bg\u0101m korporat\u012bvaj\u0101m d\u0101van\u0101m, kas atbilst videi draudz\u012bg\u0101m v\u0113rt\u012bb\u0101m.<\/p>\n<\/li>\n<li>\n<p data-path-to-node=\"14,3,0\"><b data-path-to-node=\"14,3,0\" data-index-in-node=\"0\">Ziemas t\u016brisms:<\/b> Lieliski piem\u0113rots sl\u0113po\u0161anas skol\u0101m, k\u016brortiem un ziemas sporta veidu m\u0101rketingam.<\/p>\n<\/li>\n<\/ul>","protected":false},"excerpt":{"rendered":"<ul>\n<li>\n<p data-path-to-node=\"6,0,0\"><b data-path-to-node=\"6,0,0\" data-index-in-node=\"0\">10+ valk\u0101\u0161anas veidi:<\/b> \u012apa\u0161i daudzpus\u012bgs dizains, kas kalpo k\u0101 kakla sild\u012bt\u0101js, galvas saite, sejas maska, cepure vai aproce.<\/p>\n<\/li>\n<li>\n<p data-path-to-node=\"6,1,0\"><b data-path-to-node=\"6,1,0\" data-index-in-node=\"0\">Augst\u0101k\u0101s kvalit\u0101tes materi\u0101lu izv\u0113le:<\/b> Izv\u0113lieties standarta mikro\u0161\u0137iedras, videi draudz\u012bgas RPET (p\u0101rstr\u0101d\u0101tas plastmasas), ziemas fl\u012bsa vai augstas veiktsp\u0113jas Coolmax\u00ae audumu.<\/p>\n<\/li>\n<li>\n<p data-path-to-node=\"6,2,0\"><b data-path-to-node=\"6,2,0\" data-index-in-node=\"0\">Pilnas virsmas piel\u0101go\u0161ana:<\/b> Sublim\u0101cijas druka no malas l\u012bdz malai nodro\u0161ina neierobe\u017eotas kr\u0101sas, gradientus un foto deta\u013cas, kas nekad neizbal\u0113.<\/p>\n<\/li>\n<li>\n<p data-path-to-node=\"6,3,0\"><b data-path-to-node=\"6,3,0\" data-index-in-node=\"0\">Profesion\u0101la B2B izv\u0113le:<\/b> Ide\u0101li piem\u0113rots sporta komand\u0101m, pas\u0101kumiem br\u012bv\u0101 dab\u0101 un korporat\u012bvaj\u0101m d\u0101van\u0101m ar zemu minim\u0101lo pas\u016bt\u012bjuma daudzumu \u2013 100 vien\u012bbas.<\/p>\n<\/li>\n<\/ul>","protected":false},"featured_media":6373,"comment_status":"closed","ping_status":"closed","template":"","meta":[],"product_brand":[],"product_cat":[123,118],"product_tag":[],"class_list":{"0":"post-5938","1":"product","2":"type-product","3":"status-publish","4":"has-post-thumbnail","6":"product_cat-fan-cheering-items","7":"product_cat-sports-fitness","9":"first","10":"instock","11":"shipping-taxable","12":"purchasable","13":"product-type-simple"},"_links":{"self":[{"href":"https:\/\/displayproducts.eu\/lv\/wp-json\/wp\/v2\/product\/5938","targetHints":{"allow":["GET"]}}],"collection":[{"href":"https:\/\/displayproducts.eu\/lv\/wp-json\/wp\/v2\/product"}],"about":[{"href":"https:\/\/displayproducts.eu\/lv\/wp-json\/wp\/v2\/types\/product"}],"replies":[{"embeddable":true,"href":"https:\/\/displayproducts.eu\/lv\/wp-json\/wp\/v2\/comments?post=5938"}],"wp:featuredmedia":[{"embeddable":true,"href":"https:\/\/displayproducts.eu\/lv\/wp-json\/wp\/v2\/media\/6373"}],"wp:attachment":[{"href":"https:\/\/displayproducts.eu\/lv\/wp-json\/wp\/v2\/media?parent=5938"}],"wp:term":[{"taxonomy":"product_brand","embeddable":true,"href":"https:\/\/displayproducts.eu\/lv\/wp-json\/wp\/v2\/product_brand?post=5938"},{"taxonomy":"product_cat","embeddable":true,"href":"https:\/\/displayproducts.eu\/lv\/wp-json\/wp\/v2\/product_cat?post=5938"},{"taxonomy":"product_tag","embeddable":true,"href":"https:\/\/displayproducts.eu\/lv\/wp-json\/wp\/v2\/product_tag?post=5938"}],"curies":[{"name":"wp","href":"https:\/\/api.w.org\/{rel}","templated":true}]}}