{"id":5935,"date":"2025-12-16T13:44:25","date_gmt":"2025-12-16T10:44:25","guid":{"rendered":"https:\/\/wristbandfactory.eu\/?post_type=product&#038;p=5935"},"modified":"2026-04-01T21:52:03","modified_gmt":"2026-04-01T18:52:03","slug":"soft-pvc-nfc-keychains-custom-shape-full-color","status":"publish","type":"product","link":"https:\/\/displayproducts.eu\/lv\/p\/soft-pvc-nfc-keychains-custom-shape-full-color\/","title":{"rendered":"M\u012bkst\u0101 PVC NFC atsl\u0113gu piekari\u0146i \u2013 P\u0113c pas\u016bt\u012bjuma"},"content":{"rendered":"<p data-path-to-node=\"17\">P\u0101rveidojiet klasisku rekl\u0101mas priek\u0161metu par sp\u0113c\u012bgu digit\u0101l\u0101 m\u0101rketinga r\u012bku. M\u016bsu piel\u0101gotie m\u012bkstie PVC NFC atsl\u0113gu piekari\u0146i apvieno iztur\u012bga, piel\u0101gotas formas gumijas atsl\u0113gu piekari\u0146a taustes pievilc\u012bbu ar modernu bezkontakta tehnolo\u0123iju. \u0160ie atsl\u0113gu piekari\u0146i ir ide\u0101li piem\u0113roti m\u016bsdien\u012bg\u0101m m\u0101rketinga kampa\u0146\u0101m, \u013caujot lietot\u0101jiem pieskarties savam viedt\u0101lrunim, lai nekav\u0113joties piek\u013c\u016btu j\u016bsu t\u012bmek\u013ca vietnei, lietotnei vai lojalit\u0101tes programmai.<\/p>\n<p data-path-to-node=\"18\"><b>Piln\u012bb\u0101 piel\u0101gota forma un dizains<\/b> Neapmierinieties ar standarta \u0123eometrisk\u0101m form\u0101m. M\u0113s veidojam \u0161os atsl\u0113gu piekari\u0146us <b>j\u016bsu konkr\u0113tais logotips vai produkta forma<\/b> (l\u012bdz 5 \u00d7 5 cm). Izgatavots no augstas kvalit\u0101tes m\u012bksta PVC, materi\u0101ls ir iztur\u012bgs, elast\u012bgs un m\u012bksts piesk\u0101rienam. J\u016bsu dizains tiek atveidots ko\u0161\u0101s, pilnkr\u0101s\u0101s ab\u0101s pus\u0113s, nodro\u0161inot maksim\u0101lu z\u012bmola redzam\u012bbu no jebkura le\u0146\u0137a.<\/p>\n<p data-path-to-node=\"19\"><b>Vied\u0101 NFC integr\u0101cija<\/b> PVC sl\u0101\u0146os ir pasl\u0113pta programm\u0113jama NFC mikrosh\u0113ma ar 2,5 x 2,5 cm antenu. Tas nodro\u0161ina \u201cPieskarties un doties\u201d pieredzi bez baterij\u0101m vai uzl\u0101des.<\/p>\n<ul data-path-to-node=\"20\">\n<li>\n<p data-path-to-node=\"20,0,0\"><b>M\u0101rketings:<\/b> Novirziet trafiku uz savu galveno lapu vai soci\u0101lajiem t\u012bkliem.<\/p>\n<\/li>\n<li>\n<p data-path-to-node=\"20,1,0\"><b>Notikumi:<\/b> Izmantojiet digit\u0101l\u0101m re\u0123istr\u0101cij\u0101m vai konkursa pieteikumiem.<\/p>\n<\/li>\n<li>\n<p data-path-to-node=\"20,2,0\"><b>Lojalit\u0101te:<\/b> Iesp\u0113jojiet t\u016bl\u012bt\u0113ju klientu atl\u012bdz\u012bbas sken\u0113\u0161anu.<\/p>\n<\/li>\n<\/ul>\n<p data-path-to-node=\"21\"><b>Iepakojuma iesp\u0113jas<\/b><\/p>\n<ul data-path-to-node=\"22\">\n<li>\n<p data-path-to-node=\"22,0,0\"><b>Standarts:<\/b> Individu\u0101li iesai\u0146ots aizsargpap\u012br\u0101, lai nov\u0113rstu pielip\u0161anu.<\/p>\n<\/li>\n<li>\n<p data-path-to-node=\"22,1,0\"><b>Gatavs mazumtirdzniec\u012bbai:<\/b> Papildus pieejama pilnkr\u0101su abpus\u0113ja pap\u012bra karte ar polietil\u0113na maisi\u0146u augst\u0101k\u0101s kvalit\u0101tes izpako\u0161anas pieredzei.<\/p>\n<\/li>\n<\/ul>\n<p data-path-to-node=\"23\"><b>Galven\u0101s iez\u012bmes:<\/b><\/p>\n<ul data-path-to-node=\"24\">\n<li>\n<p data-path-to-node=\"24,0,0\"><b>Materi\u0101ls:<\/b> M\u012bksts PVC bez ftal\u0101tiem.<\/p>\n<\/li>\n<li>\n<p data-path-to-node=\"24,1,0\"><b>Tehnolo\u0123ija:<\/b> Ieb\u016bv\u0113ta NFC mikrosh\u0113ma (sader\u012bga ar liel\u0101ko da\u013cu m\u016bsdienu viedt\u0101lru\u0146u).<\/p>\n<\/li>\n<li>\n<p data-path-to-node=\"24,2,0\"><b>Piel\u0101go\u0161ana:<\/b> 100% piel\u0101gota \u0101r\u0113j\u0101 forma.<\/p>\n<\/li>\n<li>\n<p data-path-to-node=\"24,3,0\"><b>Iztur\u012bba:<\/b> \u016adensiztur\u012bga un pret skr\u0101p\u0113jumiem iztur\u012bga virsma.<\/p>\n<\/li>\n<li>\n<p data-path-to-node=\"24,4,0\"><b>Vairumtirdzniec\u012bba:<\/b> Lielapjoma iepakojums \u0113rtai izplat\u012b\u0161anai.<\/p>\n<\/li>\n<\/ul>","protected":false},"excerpt":{"rendered":"<ul data-path-to-node=\"13\">\n<li>\n<p data-path-to-node=\"13,0,0\"><b>Materi\u0101ls:<\/b> M\u012bksta, elast\u012bga PVC gumija j\u016bsu izv\u0113l\u0113t\u0101 form\u0101 (maksimums 5 \u00d7 5 cm).<\/p>\n<\/li>\n<li>\n<p data-path-to-node=\"13,1,0\"><b>Tehnolo\u0123ija:<\/b> Integr\u0113ta NFC mikrosh\u0113ma (2,5 \u00d7 2,5 cm antena) digit\u0101lai sazi\u0146ai.<\/p>\n<\/li>\n<li>\n<p data-path-to-node=\"13,2,0\"><b>Dizains:<\/b> Pilnkr\u0101su apdruka ab\u0101s pus\u0113s (viens un tas pats dizains).<\/p>\n<\/li>\n<li>\n<p data-path-to-node=\"13,3,0\"><b>Lieto\u0161anas gad\u012bjums:<\/b> Lietot\u0146u palai\u0161ana, lojalit\u0101tes programmas un saites uz soci\u0101lajiem t\u012bkliem.<\/p>\n<\/li>\n<\/ul>","protected":false},"featured_media":6380,"comment_status":"closed","ping_status":"closed","template":"","meta":[],"product_brand":[],"product_cat":[94],"product_tag":[],"class_list":{"0":"post-5935","1":"product","2":"type-product","3":"status-publish","4":"has-post-thumbnail","6":"product_cat-keychains","8":"first","9":"instock","10":"shipping-taxable","11":"purchasable","12":"product-type-simple"},"_links":{"self":[{"href":"https:\/\/displayproducts.eu\/lv\/wp-json\/wp\/v2\/product\/5935","targetHints":{"allow":["GET"]}}],"collection":[{"href":"https:\/\/displayproducts.eu\/lv\/wp-json\/wp\/v2\/product"}],"about":[{"href":"https:\/\/displayproducts.eu\/lv\/wp-json\/wp\/v2\/types\/product"}],"replies":[{"embeddable":true,"href":"https:\/\/displayproducts.eu\/lv\/wp-json\/wp\/v2\/comments?post=5935"}],"wp:featuredmedia":[{"embeddable":true,"href":"https:\/\/displayproducts.eu\/lv\/wp-json\/wp\/v2\/media\/6380"}],"wp:attachment":[{"href":"https:\/\/displayproducts.eu\/lv\/wp-json\/wp\/v2\/media?parent=5935"}],"wp:term":[{"taxonomy":"product_brand","embeddable":true,"href":"https:\/\/displayproducts.eu\/lv\/wp-json\/wp\/v2\/product_brand?post=5935"},{"taxonomy":"product_cat","embeddable":true,"href":"https:\/\/displayproducts.eu\/lv\/wp-json\/wp\/v2\/product_cat?post=5935"},{"taxonomy":"product_tag","embeddable":true,"href":"https:\/\/displayproducts.eu\/lv\/wp-json\/wp\/v2\/product_tag?post=5935"}],"curies":[{"name":"wp","href":"https:\/\/api.w.org\/{rel}","templated":true}]}}