{"id":5824,"date":"2025-12-11T12:42:06","date_gmt":"2025-12-11T09:42:06","guid":{"rendered":"https:\/\/wristbandfactory.eu\/?post_type=product&#038;p=5824"},"modified":"2026-04-01T21:52:35","modified_gmt":"2026-04-01T18:52:35","slug":"embossed-silicone-wristbands-raised-3d-effect","status":"publish","type":"product","link":"https:\/\/displayproducts.eu\/lv\/p\/embossed-silicone-wristbands-raised-3d-effect\/","title":{"rendered":"Silikona aproces \u2013 Ar reljefu \/ 3D"},"content":{"rendered":"<p data-path-to-node=\"10\"><b>Izcelies ar 3D apdari<\/b><\/p>\n<p data-path-to-node=\"11\"><b>Reljefas silikona aproces<\/b> pied\u0101v\u0101 unik\u0101lu klasisk\u0101s labdar\u012bbas gredzena variantu. T\u0101 viet\u0101, lai tekstu iegrav\u0113tu uz iek\u0161u, m\u0113s izmantojam piel\u0101gotu veidni, lai paceltu j\u016bsu dizainu uz aug\u0161u no gredzena virsmas. Tas rada p\u0101rsteidzo\u0161u efektu. <b>3D reljefa efekts<\/b> kas ir gan vizu\u0101li at\u0161\u0137ir\u012bga, gan taust\u0101ma.<\/p>\n<p data-path-to-node=\"12\"><b>K\u0101 tas ir izgatavots<\/b> M\u0113s ra\u017eojam \u0161\u012bs lentes, izmantojot specializ\u0113tu form\u0113\u0161anas procesu, kur\u0101 silikons tiek pres\u0113ts form\u0101, kas rada reljefus burtus. T\u0101 k\u0101 logotips ir izgatavots no t\u0101 pa\u0161a silikona materi\u0101la k\u0101 pati lente, tas ir <b>fiziski past\u0101v\u012bgs<\/b> un nevar saplais\u0101t, lob\u012bties vai izbal\u0113t.<\/p>\n<p data-path-to-node=\"13\"><b>Dizaina stils<\/b> Reljef\u0101s joslas parasti tiek izgatavotas vien\u0101 kr\u0101s\u0101 (monoton\u0101), kur reljefais teksts rada nelielu \u0113nas efektu. Tas rada <b>t\u012brs, moderns un neuzb\u0101z\u012bgs izskats<\/b> kas ir popul\u0101rs korporat\u012bvajiem pas\u0101kumiem, sporta z\u0101les abonementiem un premium z\u012bmolu aktiviz\u0113\u0161anai.<\/p>\n<p data-path-to-node=\"14\"><b>Piel\u0101go\u0161ana<\/b><\/p>\n<ul data-path-to-node=\"15\">\n<li>\n<p data-path-to-node=\"15,0,0\"><b>Kr\u0101sa:<\/b> Piel\u0101gojiet joslu jebkurai Pantone (PMS) atsaucei.<\/p>\n<\/li>\n<li>\n<p data-path-to-node=\"15,1,0\"><b>Teksts:<\/b> Vispiem\u0113rot\u0101kais trekniem fontiem un vienk\u0101r\u0161iem logotipiem (smalkas deta\u013cas ir gr\u016bt\u0101k izcelt).<\/p>\n<\/li>\n<\/ul>\n<p data-path-to-node=\"16\"><b>Galven\u0101s iez\u012bmes:<\/b><\/p>\n<ul data-path-to-node=\"17\">\n<li>\n<p data-path-to-node=\"17,0,0\"><b>Stils:<\/b> Reljefs (3D reljefs).<\/p>\n<\/li>\n<li>\n<p data-path-to-node=\"17,1,0\"><b>Materi\u0101ls:<\/b> 100% medic\u012bnisk\u0101s kvalit\u0101tes silikons.<\/p>\n<\/li>\n<li>\n<p data-path-to-node=\"17,2,0\"><b>Iztur\u012bba:<\/b> Ekstr\u0113ms (nav j\u0101nober\u017e tinte).<\/p>\n<\/li>\n<li>\n<p data-path-to-node=\"17,3,0\"><b>Efekts:<\/b> Augstas klases, neuzkr\u012bto\u0161s z\u012bmols.<\/p>\n<\/li>\n<\/ul>","protected":false},"excerpt":{"rendered":"<ul>\n<li>\n<p data-path-to-node=\"8,0,0\"><b>Pacelts 3D efekts:<\/b> J\u016bsu logotips un teksts fiziski izce\u013cas uz aproces virsmas.<\/p>\n<\/li>\n<li>\n<p data-path-to-node=\"8,1,0\"><b>Taktil\u0101 pieredze:<\/b> Pied\u0101v\u0101 unik\u0101lu, \u201cnel\u012bdzenu\u201d tekst\u016bru, ko lietot\u0101ji var sajust.<\/p>\n<\/li>\n<li>\n<p data-path-to-node=\"8,2,0\"><b>Past\u0101v\u012bgs z\u012bmols:<\/b> Dizains ir iestr\u0101d\u0101ts josl\u0101, t\u0101p\u0113c tas nekad neizbal\u0113s un nenodils.<\/p>\n<\/li>\n<li>\n<p data-path-to-node=\"8,3,0\"><b>Smalks un augst\u0101k\u0101s kvalit\u0101tes:<\/b> Ide\u0101li piem\u0113rots z\u012bmoliem, kas v\u0113las izsmalcin\u0101tu, vienkr\u0101sainu izskatu bez tintes<\/p>\n<\/li>\n<\/ul>","protected":false},"featured_media":5825,"comment_status":"closed","ping_status":"closed","template":"","meta":[],"product_brand":[],"product_cat":[49],"product_tag":[],"class_list":{"0":"post-5824","1":"product","2":"type-product","3":"status-publish","4":"has-post-thumbnail","6":"product_cat-silicone","8":"first","9":"instock","10":"shipping-taxable","11":"purchasable","12":"product-type-simple"},"_links":{"self":[{"href":"https:\/\/displayproducts.eu\/lv\/wp-json\/wp\/v2\/product\/5824","targetHints":{"allow":["GET"]}}],"collection":[{"href":"https:\/\/displayproducts.eu\/lv\/wp-json\/wp\/v2\/product"}],"about":[{"href":"https:\/\/displayproducts.eu\/lv\/wp-json\/wp\/v2\/types\/product"}],"replies":[{"embeddable":true,"href":"https:\/\/displayproducts.eu\/lv\/wp-json\/wp\/v2\/comments?post=5824"}],"wp:featuredmedia":[{"embeddable":true,"href":"https:\/\/displayproducts.eu\/lv\/wp-json\/wp\/v2\/media\/5825"}],"wp:attachment":[{"href":"https:\/\/displayproducts.eu\/lv\/wp-json\/wp\/v2\/media?parent=5824"}],"wp:term":[{"taxonomy":"product_brand","embeddable":true,"href":"https:\/\/displayproducts.eu\/lv\/wp-json\/wp\/v2\/product_brand?post=5824"},{"taxonomy":"product_cat","embeddable":true,"href":"https:\/\/displayproducts.eu\/lv\/wp-json\/wp\/v2\/product_cat?post=5824"},{"taxonomy":"product_tag","embeddable":true,"href":"https:\/\/displayproducts.eu\/lv\/wp-json\/wp\/v2\/product_tag?post=5824"}],"curies":[{"name":"wp","href":"https:\/\/api.w.org\/{rel}","templated":true}]}}