{"id":5822,"date":"2025-12-11T12:39:16","date_gmt":"2025-12-11T09:39:16","guid":{"rendered":"https:\/\/wristbandfactory.eu\/?post_type=product&#038;p=5822"},"modified":"2026-04-01T21:52:35","modified_gmt":"2026-04-01T18:52:35","slug":"debossed-silicone-wristbands-colour-filled-engraved","status":"publish","type":"product","link":"https:\/\/displayproducts.eu\/lv\/p\/debossed-silicone-wristbands-colour-filled-engraved\/","title":{"rendered":"Silikona aproces \u2013 Iespiedtr\u00fck\u0101 \/ Ar kr\u0101su"},"content":{"rendered":"<p data-path-to-node=\"10\"><b>Ilgm\u016b\u017e\u012bbas nozares standarts<\/b><\/p>\n<p data-path-to-node=\"11\"><b>Iespiestas, kr\u0101sainas aproces<\/b> ir augst\u0101k\u0101s klases izv\u0113le z\u012bmoliem un organiz\u0101cij\u0101m, kur\u0101m nepiecie\u0161ama iztur\u012bga aproce. At\u0161\u0137ir\u012bb\u0101 no standarta druk\u0101taj\u0101m aproc\u0113m, kur tinte atrodas uz virsmas, \u0161\u012bs aproces tiek ra\u017eotas divpak\u0101pju proces\u0101, lai nodro\u0161in\u0101tu, ka j\u016bsu zi\u0146ojums saglab\u0101jas tikpat ilgi k\u0101 pati aproce.<\/p>\n<p data-path-to-node=\"12\"><b>K\u0101 tas ir izgatavots<\/b><\/p>\n<ol start=\"1\" data-path-to-node=\"13\">\n<li>\n<p data-path-to-node=\"13,0,0\"><b>Grav\u0113\u0161ana (debos\u0113\u0161ana):<\/b> M\u0113s izgatavojam piel\u0101gotu veidni, lai iegrav\u0113tu j\u016bsu logotipu un tekstu dzi\u013ci silikona josl\u0101.<\/p>\n<\/li>\n<li>\n<p data-path-to-node=\"13,1,0\"><b>Kr\u0101su pild\u012bjums:<\/b> P\u0113c tam padzi\u013cin\u0101jumi tiek manu\u0101li aizpild\u012bti ar specializ\u0113tu, iztur\u012bgu silikona tinti kontrast\u0113jo\u0161\u0101 kr\u0101s\u0101.<\/p>\n<\/li>\n<\/ol>\n<p data-path-to-node=\"14\"><b>K\u0101p\u0113c izv\u0113l\u0113ties Debossed?<\/b> T\u0101 k\u0101 konstrukcija ir iegremd\u0113ta zem virsmas, t\u0101 ir fiziski aizsarg\u0101ta pret berzi un nodilumu. Tas padara to par vien\u012bgo dz\u012bvotsp\u0113j\u012bgo variantu <b>ilgtermi\u0146a izpratnes veicin\u0101\u0161anas kampa\u0146as, skolas gara d\u0101vanas un l\u012bdzek\u013cu v\u0101k\u0161anas akcijas<\/b> kur aproce tiek n\u0113s\u0101ta katru dienu m\u0113ne\u0161iem vai pat gadiem ilgi.<\/p>\n<p data-path-to-node=\"15\"><b>Piel\u0101go\u0161ana<\/b> M\u0113s varam pieska\u0146ot silikona joslu jebkuram <b>Pantone (PMS)<\/b> iekr\u0101sojiet un aizpildiet iegrav\u0113to tekstu ar jebkuru kontrast\u0113jo\u0161u Pantone toni, lai tas perfekti atbilstu j\u016bsu z\u012bmola identit\u0101tei.<\/p>\n<p data-path-to-node=\"16\"><b>Galven\u0101s iez\u012bmes:<\/b><\/p>\n<ul data-path-to-node=\"17\">\n<li>\n<p data-path-to-node=\"17,0,0\"><b>Stils:<\/b> Ar iespiedumu (padzi\u013cin\u0101jumu) un tinti pild\u012btu.<\/p>\n<\/li>\n<li>\n<p data-path-to-node=\"17,1,0\"><b>Materi\u0101ls:<\/b> 100% medic\u012bnisk\u0101s kvalit\u0101tes silikons.<\/p>\n<\/li>\n<li>\n<p data-path-to-node=\"17,2,0\"><b>Iztur\u012bba:<\/b> Extreme (nodilumiztur\u012bgs dizains).<\/p>\n<\/li>\n<li>\n<p data-path-to-node=\"17,3,0\"><b>Izm\u0113ri:<\/b> Pieaugu\u0161ajiem (202 mm) un jaunie\u0161iem (180 mm).<\/p>\n<\/li>\n<\/ul>","protected":false},"excerpt":{"rendered":"<ul>\n<li>\n<p data-path-to-node=\"8,0,0\"><b>Maksim\u0101la iztur\u012bba:<\/b> J\u016bsu logotips ir dzi\u013ci iegrav\u0113ts (iespiests) silikon\u0101, t\u0101p\u0113c to nav iesp\u0113jams noberzt.<\/p>\n<\/li>\n<li>\n<p data-path-to-node=\"8,1,0\"><b>Kr\u0101sa piepild\u012bta:<\/b> Iegrav\u0113tais teksts ir piepild\u012bts ar kontrast\u0113jo\u0161u silikona tinti, lai rad\u012btu spilgtu un iespaid\u012bgu izskatu.<\/p>\n<\/li>\n<li>\n<p data-path-to-node=\"8,2,0\"><b>Augst\u0101k\u0101s kvalit\u0101tes saj\u016bta:<\/b> Pied\u0101v\u0101 taust\u0101mu, 3D apdari, kas bie\u017ei tiek saist\u012bta ar augstas klases labdar\u012bbas kampa\u0146\u0101m (piem\u0113ram, Livestrong).<\/p>\n<\/li>\n<li>\n<p data-path-to-node=\"8,3,0\"><b>Past\u0101v\u012bgs z\u012bmols:<\/b> Ide\u0101li piem\u0113rots ilgsto\u0161ai valk\u0101\u0161anai (m\u0113ne\u0161us vai gadus) bez kr\u0101sas izbal\u0113\u0161anas.<\/p>\n<\/li>\n<\/ul>","protected":false},"featured_media":5823,"comment_status":"closed","ping_status":"closed","template":"","meta":[],"product_brand":[],"product_cat":[49],"product_tag":[],"class_list":{"0":"post-5822","1":"product","2":"type-product","3":"status-publish","4":"has-post-thumbnail","6":"product_cat-silicone","8":"first","9":"instock","10":"shipping-taxable","11":"purchasable","12":"product-type-simple"},"_links":{"self":[{"href":"https:\/\/displayproducts.eu\/lv\/wp-json\/wp\/v2\/product\/5822","targetHints":{"allow":["GET"]}}],"collection":[{"href":"https:\/\/displayproducts.eu\/lv\/wp-json\/wp\/v2\/product"}],"about":[{"href":"https:\/\/displayproducts.eu\/lv\/wp-json\/wp\/v2\/types\/product"}],"replies":[{"embeddable":true,"href":"https:\/\/displayproducts.eu\/lv\/wp-json\/wp\/v2\/comments?post=5822"}],"wp:featuredmedia":[{"embeddable":true,"href":"https:\/\/displayproducts.eu\/lv\/wp-json\/wp\/v2\/media\/5823"}],"wp:attachment":[{"href":"https:\/\/displayproducts.eu\/lv\/wp-json\/wp\/v2\/media?parent=5822"}],"wp:term":[{"taxonomy":"product_brand","embeddable":true,"href":"https:\/\/displayproducts.eu\/lv\/wp-json\/wp\/v2\/product_brand?post=5822"},{"taxonomy":"product_cat","embeddable":true,"href":"https:\/\/displayproducts.eu\/lv\/wp-json\/wp\/v2\/product_cat?post=5822"},{"taxonomy":"product_tag","embeddable":true,"href":"https:\/\/displayproducts.eu\/lv\/wp-json\/wp\/v2\/product_tag?post=5822"}],"curies":[{"name":"wp","href":"https:\/\/api.w.org\/{rel}","templated":true}]}}