{"id":5820,"date":"2025-12-11T12:35:46","date_gmt":"2025-12-11T09:35:46","guid":{"rendered":"https:\/\/wristbandfactory.eu\/?post_type=product&#038;p=5820"},"modified":"2026-04-01T21:52:03","modified_gmt":"2026-04-01T18:52:03","slug":"printed-silicone-wristbands-custom-screen-print","status":"publish","type":"product","link":"https:\/\/displayproducts.eu\/lv\/p\/printed-silicone-wristbands-custom-screen-print\/","title":{"rendered":"Silikona aproces \u2013 Apdruk\u0101tas"},"content":{"rendered":"<p data-path-to-node=\"12\"><b>Klasiska izv\u0113le rekl\u0101mas z\u012bmola veido\u0161anai<\/b><\/p>\n<p data-path-to-node=\"13\"><b>Apdruk\u0101tas silikona aproces<\/b> ir vispopul\u0101r\u0101k\u0101 izv\u0113le m\u0101rketinga kampa\u0146\u0101m, tirdzniec\u012bbas izst\u0101d\u0113m un pas\u0101kumiem, kuros redzam\u012bba un bud\u017eets ir galven\u0101s priorit\u0101tes. At\u0161\u0137ir\u012bb\u0101 no grav\u0113t\u0101m lent\u0113m, t\u0101m ir j\u016bsu dizains. <b>sietspiede tie\u0161i uz gludas virsmas<\/b> no silikona, pied\u0101v\u0101jot asu, t\u012bru apdari, kas piesaista uzman\u012bbu.<\/p>\n<p data-path-to-node=\"14\"><b>Neierobe\u017eotas kr\u0101su izv\u0113les iesp\u0113jas<\/b> M\u0113s pied\u0101v\u0101jam piln\u012bgu piel\u0101go\u0161anas elast\u012bbu. J\u016bs varat izv\u0113l\u0113ties jebkuru <b>Pantone (PMS) kr\u0101sa<\/b> pa\u0161ai silikona lentei un izv\u0113lieties kontrast\u0113jo\u0161u tintes kr\u0101su savam logotipam un tekstam. Tas nodro\u0161ina 100% atbilst\u012bbu j\u016bsu korporat\u012bvajai identit\u0101tei.<\/p>\n<p data-path-to-node=\"15\"><b>Materi\u0101ls un komforts<\/b> Izgatavots no <b>100% augstas kvalit\u0101tes silikons bez lateksa<\/b>, \u0160\u012bs aproces ir \u016bdensiztur\u012bgas, karstumiztur\u012bgas un pietiekami \u0113rtas valk\u0101\u0161anai visas dienas garum\u0101. T\u0101s ir pietiekami iztur\u012bgas vair\u0101ku dienu pas\u0101kumiem, ta\u010du galvenok\u0101rt ir paredz\u0113tas k\u0101 izmaksu zi\u0146\u0101 efekt\u012bvas rekl\u0101mas preces.<\/p>\n<p data-path-to-node=\"16\"><i>Piez\u012bme: Ilgsto\u0161ai ikdienas valk\u0101\u0161anai (m\u0113ne\u0161iem\/gadiem) iesak\u0101m m\u016bsu aproces ar reljefu, jo virsmas apdruka sp\u0113c\u012bgas berzes ietekm\u0113 var nodilt.<\/i><\/p>\n<p data-path-to-node=\"17\"><b>Galven\u0101s iez\u012bmes:<\/b><\/p>\n<ul data-path-to-node=\"18\">\n<li>\n<p data-path-to-node=\"18,0,0\"><b>Metode:<\/b> Augstas precizit\u0101tes sietspiede.<\/p>\n<\/li>\n<li>\n<p data-path-to-node=\"18,1,0\"><b>Materi\u0101ls:<\/b> 100% m\u012bksts silikons (netoksisks).<\/p>\n<\/li>\n<li>\n<p data-path-to-node=\"18,2,0\"><b>Izm\u0113rs:<\/b> Standarta pieaugu\u0161o (202 x 12 x 2 mm) un jaunie\u0161u (180 x 12 x 2 mm) izm\u0113rs.<\/p>\n<\/li>\n<li>\n<p data-path-to-node=\"18,3,0\"><b>Lieto\u0161anas gad\u012bjums:<\/b> D\u0101vanas, informat\u012bvas kampa\u0146as, festiv\u0101li.<\/p>\n<\/li>\n<\/ul>","protected":false},"excerpt":{"rendered":"<ul data-path-to-node=\"10\">\n<li>\n<p data-path-to-node=\"10,0,0\"><b>Augsta redzam\u012bba:<\/b> Krauk\u0161\u0137\u012bga sietspiede \u013cauj j\u016bsu logotipam skaidri izcelties uz virsmas.<\/p>\n<\/li>\n<li>\n<p data-path-to-node=\"10,1,0\"><b>Pantone saska\u0146o\u0161ana:<\/b> M\u0113s piel\u0101gojam gan silikona joslu, gan tintes kr\u0101su j\u016bsu z\u012bmola vadl\u012bnij\u0101m.<\/p>\n<\/li>\n<li>\n<p data-path-to-node=\"10,2,0\"><b>Izmaksu zi\u0146\u0101 efekt\u012bvs:<\/b> Visizdev\u012bg\u0101kais variants liela m\u0113roga akcij\u0101m un d\u0101vanu izloz\u0113m.<\/p>\n<\/li>\n<li>\n<p data-path-to-node=\"10,3,0\"><b>\u0100tra apgroz\u012bjuma:<\/b> \u0100tr\u0101ks ra\u017eo\u0161anas laiks sal\u012bdzin\u0101jum\u0101 ar reljef\u0101m vai iespiedform\u0101m.<\/p>\n<\/li>\n<\/ul>","protected":false},"featured_media":5821,"comment_status":"closed","ping_status":"closed","template":"","meta":[],"product_brand":[],"product_cat":[49],"product_tag":[],"class_list":{"0":"post-5820","1":"product","2":"type-product","3":"status-publish","4":"has-post-thumbnail","6":"product_cat-silicone","8":"first","9":"instock","10":"shipping-taxable","11":"purchasable","12":"product-type-simple"},"_links":{"self":[{"href":"https:\/\/displayproducts.eu\/lv\/wp-json\/wp\/v2\/product\/5820","targetHints":{"allow":["GET"]}}],"collection":[{"href":"https:\/\/displayproducts.eu\/lv\/wp-json\/wp\/v2\/product"}],"about":[{"href":"https:\/\/displayproducts.eu\/lv\/wp-json\/wp\/v2\/types\/product"}],"replies":[{"embeddable":true,"href":"https:\/\/displayproducts.eu\/lv\/wp-json\/wp\/v2\/comments?post=5820"}],"wp:featuredmedia":[{"embeddable":true,"href":"https:\/\/displayproducts.eu\/lv\/wp-json\/wp\/v2\/media\/5821"}],"wp:attachment":[{"href":"https:\/\/displayproducts.eu\/lv\/wp-json\/wp\/v2\/media?parent=5820"}],"wp:term":[{"taxonomy":"product_brand","embeddable":true,"href":"https:\/\/displayproducts.eu\/lv\/wp-json\/wp\/v2\/product_brand?post=5820"},{"taxonomy":"product_cat","embeddable":true,"href":"https:\/\/displayproducts.eu\/lv\/wp-json\/wp\/v2\/product_cat?post=5820"},{"taxonomy":"product_tag","embeddable":true,"href":"https:\/\/displayproducts.eu\/lv\/wp-json\/wp\/v2\/product_tag?post=5820"}],"curies":[{"name":"wp","href":"https:\/\/api.w.org\/{rel}","templated":true}]}}