{"id":5818,"date":"2025-12-11T12:18:31","date_gmt":"2025-12-11T09:18:31","guid":{"rendered":"https:\/\/wristbandfactory.eu\/?post_type=product&#038;p=5818"},"modified":"2026-04-01T21:52:35","modified_gmt":"2026-04-01T18:52:35","slug":"hemp-fabric-wristbands-custom-woven-printed","status":"publish","type":"product","link":"https:\/\/displayproducts.eu\/lv\/p\/hemp-fabric-wristbands-custom-woven-printed\/","title":{"rendered":"Auduma aproces (Ka\u0146epes) \u2013 Ar logo"},"content":{"rendered":"<p data-path-to-node=\"11\"><b>Sp\u0113c\u012bg\u0101k\u0101 dabisk\u0101 izv\u0113le<\/b><\/p>\n<p data-path-to-node=\"12\">Izsakiet drosm\u012bgu pazi\u0146ojumu ar <b>Ka\u0146epju auduma aproces<\/b>, visiztur\u012bg\u0101k\u0101 izv\u0113le m\u016bsu videi draudz\u012bgaj\u0101 kl\u0101st\u0101. Ka\u0146epju \u0161\u0137iedras ir paz\u012bstamas ar savu stiepes iztur\u012bbu, padarot \u0161\u012bs lentes ide\u0101li piem\u0113rotas \u0101ra festiv\u0101liem, piedz\u012bvojumu pas\u0101kumiem vai vair\u0101ku ned\u0113\u013cu lieto\u0161anai, kur nolietojums ir svar\u012bgs.<\/p>\n<p data-path-to-node=\"13\"><b>Rakstur\u012bgs \u201czemisks\u201d izskats<\/b> At\u0161\u0137ir\u012bb\u0101 no rPET glud\u0101s apdares vai bambusa maiguma, ka\u0146epes pied\u0101v\u0101 <b>struktur\u0113ta, granul\u0113ta tekst\u016bra<\/b>. Tas pie\u0161\u0137ir aprocei augst\u0101k\u0101s kvalit\u0101tes \u201croku darba\u201d saj\u016btu, kas viesiem acumirkl\u012b nor\u0101da uz ilgtsp\u0113j\u012bbu un autentiskumu.<\/p>\n<p data-path-to-node=\"14\"><b>Z\u012bmola ieteikumi<\/b> Ka\u0146epju \u0161\u0137iedru rupj\u0101k\u0101s tekst\u016bras d\u0113\u013c:<\/p>\n<ul data-path-to-node=\"15\">\n<li>\n<p data-path-to-node=\"15,0,0\"><b>Sietspiede:<\/b> M\u0113s iesak\u0101m drosm\u012bgas, vienkr\u0101sainas apdrukas (piem\u0113ram, melnu vai tum\u0161i za\u013cu), kas skaisti kontrast\u0113 ar \u0161\u0137iedras dabisko b\u0113\u0161o\/br\u016bno fonu.<\/p>\n<\/li>\n<li>\n<p data-path-to-node=\"15,1,0\"><b>Austs (iz\u0161uvums):<\/b> Vienk\u0101r\u0161u tekstu un logotipus var ieaust tie\u0161i josl\u0101, lai ieg\u016btu past\u0101v\u012bgu apdari.<\/p>\n<\/li>\n<\/ul>\n<p data-path-to-node=\"16\"><b>Videi draudz\u012bga aparat\u016bra<\/b> Pabeidziet izskatu ar m\u016bsu <b>Bambusa eko-sl\u0113dzene<\/b> vai atk\u0101rtoti lietojams <b>Koka p\u0113rl\u012bte<\/b>. Ja nepiecie\u0161ama stingra piek\u013cuves kontrole, ir pieejami ar\u012b standarta dro\u0161ie plastmasas sl\u012bd\u0146i.<\/p>\n<p data-path-to-node=\"17\"><b>Galven\u0101s iez\u012bmes:<\/b><\/p>\n<ul data-path-to-node=\"18\">\n<li>\n<p data-path-to-node=\"18,0,0\"><b>Materi\u0101ls:<\/b> 100% dab\u012bg\u0101 ka\u0146epju \u0161\u0137iedra.<\/p>\n<\/li>\n<li>\n<p data-path-to-node=\"18,1,0\"><b>Tekst\u016bra:<\/b> Rupja, dabiska un taust\u0101ma.<\/p>\n<\/li>\n<li>\n<p data-path-to-node=\"18,2,0\"><b>Iztur\u012bba:<\/b> Augsta iztur\u012bba pret stiep\u0161anos un \u016bdeni.<\/p>\n<\/li>\n<li>\n<p data-path-to-node=\"18,3,0\"><b>Eko v\u0113rt\u0113jums:<\/b> Oglek\u013ca negat\u012bvs aug\u0161anas cikls, biolo\u0123iski no\u0101rd\u0101ms.<\/p>\n<\/li>\n<\/ul>","protected":false},"excerpt":{"rendered":"<ul data-path-to-node=\"9\">\n<li>\n<p data-path-to-node=\"9,0,0\"><b>\u012apa\u0161i iztur\u012bgs:<\/b> Ka\u0146epes ir viena no sp\u0113c\u012bg\u0101kaj\u0101m dabiskaj\u0101m \u0161\u0137iedr\u0101m, kas ir ide\u0101li piem\u0113rota nel\u012bdzeniem vai ilgsto\u0161iem pas\u0101kumiem.<\/p>\n<\/li>\n<li>\n<p data-path-to-node=\"9,1,0\"><b>Zemnieciska est\u0113tika:<\/b> Pied\u0101v\u0101 at\u0161\u0137ir\u012bgu tekstur\u0113tu, zemes izskatu, kas izce\u013cas uz gludas sint\u0113tikas fona.<\/p>\n<\/li>\n<li>\n<p data-path-to-node=\"9,2,0\"><b>100% Ilgtsp\u0113j\u012bgs:<\/b> Audz\u0113ts bez pestic\u012bdiem un piln\u012bb\u0101 biolo\u0123iski no\u0101rd\u0101ms.<\/p>\n<\/li>\n<li>\n<p data-path-to-node=\"9,3,0\"><b>Piel\u0101gots z\u012bmols:<\/b> Vislab\u0101k piem\u0113rots treknrakst\u0101 sietspiedei vai vienk\u0101r\u0161iem austiem dizainiem.<\/p>\n<\/li>\n<\/ul>","protected":false},"featured_media":5827,"comment_status":"closed","ping_status":"closed","template":"","meta":[],"product_brand":[],"product_cat":[133,47],"product_tag":[],"class_list":{"0":"post-5818","1":"product","2":"type-product","3":"status-publish","4":"has-post-thumbnail","6":"product_cat-eco-friendly-wristbands","7":"product_cat-fabric-wristbands","9":"first","10":"instock","11":"shipping-taxable","12":"purchasable","13":"product-type-simple"},"_links":{"self":[{"href":"https:\/\/displayproducts.eu\/lv\/wp-json\/wp\/v2\/product\/5818","targetHints":{"allow":["GET"]}}],"collection":[{"href":"https:\/\/displayproducts.eu\/lv\/wp-json\/wp\/v2\/product"}],"about":[{"href":"https:\/\/displayproducts.eu\/lv\/wp-json\/wp\/v2\/types\/product"}],"replies":[{"embeddable":true,"href":"https:\/\/displayproducts.eu\/lv\/wp-json\/wp\/v2\/comments?post=5818"}],"wp:featuredmedia":[{"embeddable":true,"href":"https:\/\/displayproducts.eu\/lv\/wp-json\/wp\/v2\/media\/5827"}],"wp:attachment":[{"href":"https:\/\/displayproducts.eu\/lv\/wp-json\/wp\/v2\/media?parent=5818"}],"wp:term":[{"taxonomy":"product_brand","embeddable":true,"href":"https:\/\/displayproducts.eu\/lv\/wp-json\/wp\/v2\/product_brand?post=5818"},{"taxonomy":"product_cat","embeddable":true,"href":"https:\/\/displayproducts.eu\/lv\/wp-json\/wp\/v2\/product_cat?post=5818"},{"taxonomy":"product_tag","embeddable":true,"href":"https:\/\/displayproducts.eu\/lv\/wp-json\/wp\/v2\/product_tag?post=5818"}],"curies":[{"name":"wp","href":"https:\/\/api.w.org\/{rel}","templated":true}]}}