{"id":5816,"date":"2025-12-11T12:14:13","date_gmt":"2025-12-11T09:14:13","guid":{"rendered":"https:\/\/wristbandfactory.eu\/?post_type=product&#038;p=5816"},"modified":"2026-04-01T21:52:35","modified_gmt":"2026-04-01T18:52:35","slug":"bamboo-fabric-wristbands-custom-woven-printed","status":"publish","type":"product","link":"https:\/\/displayproducts.eu\/lv\/p\/bamboo-fabric-wristbands-custom-woven-printed\/","title":{"rendered":"Auduma aproces (Bambuss) \u2013 Ar logo"},"content":{"rendered":"<p data-path-to-node=\"10\"><b>M\u012bkst\u0101k\u0101 izv\u0113le ilgtsp\u0113j\u012bgiem pas\u0101kumiem<\/b><\/p>\n<p data-path-to-node=\"11\">Pied\u0101v\u0101jiet saviem VIP viesiem un videi draudz\u012bgiem apmekl\u0113t\u0101jiem maksim\u0101lu komfortu ar m\u016bsu <b>Bambusa auduma aproces<\/b>. \u0160\u012bs lentes ir ieg\u016btas no viena no pasaul\u0113 visstrauj\u0101k augo\u0161ajiem atjaunojamajiem resursiem, un t\u0101s apvieno ilgtsp\u0113j\u012bbu ar augst\u0101k\u0101s kvalit\u0101tes, z\u012bdaini gludu tekst\u016bru, kas ir p\u0101r\u0101ka par sint\u0113tiskaj\u0101m alternat\u012bv\u0101m.<\/p>\n<p data-path-to-node=\"12\"><b>K\u0101p\u0113c izv\u0113l\u0113ties bambusu?<\/b> Bambusa \u0161\u0137iedra ir dabiski <b>antibakteri\u0101ls, hipoaler\u0123isks un mitrumu atgr\u016bdo\u0161s<\/b>. Tas padara to par ide\u0101lu izv\u0113li vair\u0101ku dienu festiv\u0101liem karst\u0101 klimat\u0101 vai viesiem ar jut\u012bgu \u0101du. At\u0161\u0137ir\u012bb\u0101 no plastmasas, t\u0101 dabiski elpo un dz\u012bves cikla beig\u0101s ir piln\u012bb\u0101 biolo\u0123iski no\u0101rd\u0101ma.<\/p>\n<p data-path-to-node=\"13\"><b>Z\u012bmola veido\u0161ana un piel\u0101go\u0161ana<\/b> Bambusa dabisk\u0101s mat\u0113t\u0101s tekst\u016bras d\u0113\u013c m\u0113s iesak\u0101m:<\/p>\n<ul data-path-to-node=\"14\">\n<li>\n<p data-path-to-node=\"14,0,0\"><b>Austs (iz\u0161uvums):<\/b> Ieau\u017eot logotipu tie\u0161i audum\u0101 (l\u012bdz 8 kr\u0101s\u0101m), tiek rad\u012bts klasisks, augstas klases izskats.<\/p>\n<\/li>\n<li>\n<p data-path-to-node=\"14,1,0\"><b>Sietspiede:<\/b> Vislab\u0101k piem\u0113rots dizainiem, kuriem nepiecie\u0161ams ass teksts vai noteiktas kr\u0101sas uz virsmas.<\/p>\n<\/li>\n<\/ul>\n<p data-path-to-node=\"15\"><b>Dro\u0161s un videi draudz\u012bgs<\/b> Maksim\u0101li palieliniet savu za\u013co reput\u0101ciju, apvienojot \u0161\u012bs aproces ar m\u016bsu <b>Bambusa eko-sl\u0113dzene<\/b> (50% maz\u0101k plastmasas). Pied\u0101v\u0101jam ar\u012b standarta augstas dro\u0161\u012bbas sl\u012bd\u0146us un atk\u0101rtoti lietojamas koka p\u0113rl\u012btes.<\/p>\n<p data-path-to-node=\"16\"><b>Galven\u0101s iez\u012bmes:<\/b><\/p>\n<ul data-path-to-node=\"17\">\n<li>\n<p data-path-to-node=\"17,0,0\"><b>Materi\u0101ls:<\/b> 100% bambusa \u0161\u0137iedra.<\/p>\n<\/li>\n<li>\n<p data-path-to-node=\"17,1,0\"><b>Saj\u016bta:<\/b> Grezns, m\u012bksts un l\u012bdz\u012bgs sat\u012bnam.<\/p>\n<\/li>\n<li>\n<p data-path-to-node=\"17,2,0\"><b>Eko v\u0113rt\u0113jums:<\/b> Augsti atjaunojams un biolo\u0123iski no\u0101rd\u0101ms.<\/p>\n<\/li>\n<li>\n<p data-path-to-node=\"17,3,0\"><b>Lietojums:<\/b> Lieliski piem\u0113rots VIP piek\u013cuvei, ekosamitiem un luksusa atp\u016bt\u0101m.<\/p>\n<\/li>\n<\/ul>","protected":false},"excerpt":{"rendered":"<ul>\n<li>\n<p data-path-to-node=\"8,0,0\"><b>Augst\u0101k\u0101s kvalit\u0101tes materi\u0101ls:<\/b> Izgatavots no \u0101tri augo\u0161as, biolo\u0123iski no\u0101rd\u0101mas 100% bambusa \u0161\u0137iedras.<\/p>\n<\/li>\n<li>\n<p data-path-to-node=\"8,1,0\"><b>Z\u012bdains komforts:<\/b> M\u012bkst\u0101k\u0101 pieejam\u0101 aproces iesp\u0113ja; dabiski antibakteri\u0101la un hipoaler\u0123iska.<\/p>\n<\/li>\n<li>\n<p data-path-to-node=\"8,2,0\"><b>Piel\u0101gots z\u012bmols:<\/b> Pieejams k\u0101 austs (iz\u0161uvums) vai sietspiedes veid\u0101 (atbilst Pantone kr\u0101su to\u0146iem).<\/p>\n<\/li>\n<li>\n<p data-path-to-node=\"8,3,0\"><b>Ilgtsp\u0113j\u012bgs:<\/b> Atjaunojams resurss, kura audz\u0113\u0161anai nav nepiecie\u0161ami pestic\u012bdi.<\/p>\n<\/li>\n<\/ul>","protected":false},"featured_media":5828,"comment_status":"closed","ping_status":"closed","template":"","meta":[],"product_brand":[],"product_cat":[133,47],"product_tag":[],"class_list":{"0":"post-5816","1":"product","2":"type-product","3":"status-publish","4":"has-post-thumbnail","6":"product_cat-eco-friendly-wristbands","7":"product_cat-fabric-wristbands","9":"first","10":"instock","11":"shipping-taxable","12":"purchasable","13":"product-type-simple"},"_links":{"self":[{"href":"https:\/\/displayproducts.eu\/lv\/wp-json\/wp\/v2\/product\/5816","targetHints":{"allow":["GET"]}}],"collection":[{"href":"https:\/\/displayproducts.eu\/lv\/wp-json\/wp\/v2\/product"}],"about":[{"href":"https:\/\/displayproducts.eu\/lv\/wp-json\/wp\/v2\/types\/product"}],"replies":[{"embeddable":true,"href":"https:\/\/displayproducts.eu\/lv\/wp-json\/wp\/v2\/comments?post=5816"}],"wp:featuredmedia":[{"embeddable":true,"href":"https:\/\/displayproducts.eu\/lv\/wp-json\/wp\/v2\/media\/5828"}],"wp:attachment":[{"href":"https:\/\/displayproducts.eu\/lv\/wp-json\/wp\/v2\/media?parent=5816"}],"wp:term":[{"taxonomy":"product_brand","embeddable":true,"href":"https:\/\/displayproducts.eu\/lv\/wp-json\/wp\/v2\/product_brand?post=5816"},{"taxonomy":"product_cat","embeddable":true,"href":"https:\/\/displayproducts.eu\/lv\/wp-json\/wp\/v2\/product_cat?post=5816"},{"taxonomy":"product_tag","embeddable":true,"href":"https:\/\/displayproducts.eu\/lv\/wp-json\/wp\/v2\/product_tag?post=5816"}],"curies":[{"name":"wp","href":"https:\/\/api.w.org\/{rel}","templated":true}]}}