{"id":5814,"date":"2025-12-11T12:06:41","date_gmt":"2025-12-11T09:06:41","guid":{"rendered":"https:\/\/wristbandfactory.eu\/?post_type=product&#038;p=5814"},"modified":"2026-04-01T21:52:35","modified_gmt":"2026-04-01T18:52:35","slug":"organic-cotton-wristbands-custom-woven-printed","status":"publish","type":"product","link":"https:\/\/displayproducts.eu\/lv\/p\/organic-cotton-wristbands-custom-woven-printed\/","title":{"rendered":"Auduma aproces (Kokvilna) \u2013 Ar logo"},"content":{"rendered":"<p data-path-to-node=\"11\"><b>Dabiska izv\u0113le ilgtsp\u0113j\u012bgiem pas\u0101kumiem<\/b><\/p>\n<p data-path-to-node=\"12\">Paaugstiniet sava z\u012bmola ekolo\u0123isko reput\u0101ciju ar m\u016bsu pal\u012bdz\u012bbu <b>Organisk\u0101s kokvilnas aproces<\/b>. At\u0161\u0137ir\u012bb\u0101 no sint\u0113tiskiem materi\u0101liem, \u0161\u012bs lentas ir izgatavotas no 100% dab\u012bgaj\u0101m \u0161\u0137iedr\u0101m, kas rada mat\u0113tu, rustik\u0101lu izskatu un \u0101rk\u0101rt\u012bgi maigu saj\u016btu pret \u0101du. T\u0101s ir ide\u0101ls risin\u0101jums vair\u0101ku dienu festiv\u0101liem, VIP pas\u0101kumiem un z\u012bmoliem, kas v\u0113las rad\u012bt t\u0113lu, kur\u0101 netiek izmantota plastmasa.<\/p>\n<p data-path-to-node=\"13\"><b>Komforts un iztur\u012bba<\/b> Kokvilna ir dabiski elpojo\u0161a un hipoaler\u0123iska, padarot to par \u0113rt\u0101ko variantu ilgsto\u0161ai valk\u0101\u0161anai. T\u0101 neizraisa kairin\u0101jumu vai sv\u012b\u0161anu, nodro\u0161inot j\u016bsu viesiem augst\u0101k\u0101s kvalit\u0101tes pieredzi.<\/p>\n<p data-path-to-node=\"14\"><b>Z\u012bmola iesp\u0113jas<\/b> Dabisk\u0101s \u0161\u0137iedras tekst\u016bras d\u0113\u013c m\u0113s iesak\u0101m divas at\u0161\u0137ir\u012bgas piel\u0101go\u0161anas metodes:<\/p>\n<ul data-path-to-node=\"15\">\n<li>\n<p data-path-to-node=\"15,0,0\"><b>Austs (iz\u0161uvums):<\/b> J\u016bsu logotips tiek pie\u0161\u016bts tie\u0161i audum\u0101, izmantojot l\u012bdz pat 8 diegu kr\u0101sas. Tas rada iztur\u012bgu, augstas klases apdari, kas neizbal\u0113s.<\/p>\n<\/li>\n<li>\n<p data-path-to-node=\"15,1,0\"><b>Sietspiede:<\/b> Lieliski piem\u0113rots konkr\u0113tai Pantone kr\u0101su saska\u0146o\u0161anai uz aproces virsmas.<\/p>\n<\/li>\n<\/ul>\n<p data-path-to-node=\"16\"><b>Dro\u0161a un ilgtsp\u0113j\u012bga aparat\u016bra<\/b> Savienojiet \u0161\u012bs dabisk\u0101s lentas ar m\u016bsu <b>Bambusa eko-sl\u0113dzene<\/b> (50% bambusa kompoz\u012bts), lai izveidotu piln\u012bgi videi draudz\u012bgu aproces risin\u0101jumu. Pieejami ar\u012b standarta augstas dro\u0161\u012bbas sl\u012bd\u0146i un atk\u0101rtoti lietojamas koka p\u0113rl\u012btes.<\/p>\n<p data-path-to-node=\"17\"><b>Galven\u0101s iez\u012bmes:<\/b><\/p>\n<ul data-path-to-node=\"18\">\n<li>\n<p data-path-to-node=\"18,0,0\"><b>Materi\u0101ls:<\/b> 100% Organisk\u0101 kokvilna.<\/p>\n<\/li>\n<li>\n<p data-path-to-node=\"18,1,0\"><b>Eko v\u0113rt\u0113jums:<\/b> Biolo\u0123iski no\u0101rd\u0101ms un atjaunojams.<\/p>\n<\/li>\n<li>\n<p data-path-to-node=\"18,2,0\"><b>Tekst\u016bra:<\/b> M\u012bksta, mat\u0113ta apdare (nesp\u012bd\u012bga).<\/p>\n<\/li>\n<li>\n<p data-path-to-node=\"18,3,0\"><b>Izm\u0113ri:<\/b> Standarta izm\u0113rs 340 mm x 15 mm.<\/p>\n<\/li>\n<\/ul>","protected":false},"excerpt":{"rendered":"<ul>\n<li>\n<p data-path-to-node=\"9,0,0\"><b>Dab\u012bgs materi\u0101ls:<\/b> Izgatavots no 100% biolo\u0123iski no\u0101rd\u0101m\u0101m organisk\u0101s kokvilnas \u0161\u0137iedr\u0101m.<\/p>\n<\/li>\n<li>\n<p data-path-to-node=\"9,1,0\"><b>Augst\u0101k\u0101s klases komforts:<\/b> M\u012bksts, elpojo\u0161s un hipoaler\u0123isks (ide\u0101li piem\u0113rots jut\u012bgai \u0101dai).<\/p>\n<\/li>\n<li>\n<p data-path-to-node=\"9,2,0\"><b>Piel\u0101gots z\u012bmols:<\/b> Izv\u0113lieties starp augstas kvalit\u0101tes iz\u0161uvumu (austu) vai sietspiedi.<\/p>\n<\/li>\n<li>\n<p data-path-to-node=\"9,3,0\"><b>Bez plastmasas:<\/b> Piln\u012bb\u0101 ilgtsp\u0113j\u012bga izv\u0113le, kas ir sader\u012bga ar Bamboo Eco-Locks.<\/p>\n<\/li>\n<\/ul>","protected":false},"featured_media":5829,"comment_status":"closed","ping_status":"closed","template":"","meta":[],"product_brand":[],"product_cat":[133,47],"product_tag":[],"class_list":{"0":"post-5814","1":"product","2":"type-product","3":"status-publish","4":"has-post-thumbnail","6":"product_cat-eco-friendly-wristbands","7":"product_cat-fabric-wristbands","9":"first","10":"instock","11":"shipping-taxable","12":"purchasable","13":"product-type-simple"},"_links":{"self":[{"href":"https:\/\/displayproducts.eu\/lv\/wp-json\/wp\/v2\/product\/5814","targetHints":{"allow":["GET"]}}],"collection":[{"href":"https:\/\/displayproducts.eu\/lv\/wp-json\/wp\/v2\/product"}],"about":[{"href":"https:\/\/displayproducts.eu\/lv\/wp-json\/wp\/v2\/types\/product"}],"replies":[{"embeddable":true,"href":"https:\/\/displayproducts.eu\/lv\/wp-json\/wp\/v2\/comments?post=5814"}],"wp:featuredmedia":[{"embeddable":true,"href":"https:\/\/displayproducts.eu\/lv\/wp-json\/wp\/v2\/media\/5829"}],"wp:attachment":[{"href":"https:\/\/displayproducts.eu\/lv\/wp-json\/wp\/v2\/media?parent=5814"}],"wp:term":[{"taxonomy":"product_brand","embeddable":true,"href":"https:\/\/displayproducts.eu\/lv\/wp-json\/wp\/v2\/product_brand?post=5814"},{"taxonomy":"product_cat","embeddable":true,"href":"https:\/\/displayproducts.eu\/lv\/wp-json\/wp\/v2\/product_cat?post=5814"},{"taxonomy":"product_tag","embeddable":true,"href":"https:\/\/displayproducts.eu\/lv\/wp-json\/wp\/v2\/product_tag?post=5814"}],"curies":[{"name":"wp","href":"https:\/\/api.w.org\/{rel}","templated":true}]}}